{"id":955,"date":"2022-09-09T07:48:37","date_gmt":"2022-09-09T07:48:37","guid":{"rendered":"https:\/\/intuitivewisdom.ch\/?page_id=955"},"modified":"2025-01-16T09:26:43","modified_gmt":"2025-01-16T09:26:43","slug":"franca-chiara","status":"publish","type":"page","link":"https:\/\/intuitivewisdom.ch\/de\/franca-chiara\/","title":{"rendered":"Franca Chiara"},"content":{"rendered":"<figure class=\"wp-block-image size-large\"><img loading=\"lazy\" decoding=\"async\" width=\"768\" height=\"1024\" src=\"https:\/\/intuitivewisdom.ch\/wp-content\/uploads\/2022\/09\/photo_2022-09-09-09.51.05-768x1024.jpeg\" alt=\"\" class=\"wp-image-966\" srcset=\"https:\/\/intuitivewisdom.ch\/wp-content\/uploads\/2022\/09\/photo_2022-09-09-09.51.05-768x1024.jpeg 768w, https:\/\/intuitivewisdom.ch\/wp-content\/uploads\/2022\/09\/photo_2022-09-09-09.51.05-225x300.jpeg 225w, https:\/\/intuitivewisdom.ch\/wp-content\/uploads\/2022\/09\/photo_2022-09-09-09.51.05-9x12.jpeg 9w, https:\/\/intuitivewisdom.ch\/wp-content\/uploads\/2022\/09\/photo_2022-09-09-09.51.05.jpeg 960w\" sizes=\"auto, (max-width: 768px) 100vw, 768px\" \/><\/figure>\n\n\n\n<p class=\"has-text-align-center\"><em>\u201cThere is much more curiosity within us than we show.\u201d&nbsp;<\/em><\/p>\n\n\n\n<div class=\"wp-block-columns is-layout-flex wp-container-core-columns-is-layout-9d6595d7 wp-block-columns-is-layout-flex\">\n<div class=\"wp-block-column is-layout-flow wp-block-column-is-layout-flow\" style=\"flex-basis:33.33%\">\n<p><a href=\"https:\/\/intuitivewisdom.ch\/de\/sacred-sexuality\/\" data-type=\"URL\" data-id=\"https:\/\/intuitivewisdom.ch\/sacred-sexuality\/\">Sacred Sexuality Guide<\/a><\/p>\n<\/div>\n\n\n\n<div class=\"wp-block-column is-layout-flow wp-block-column-is-layout-flow\" style=\"flex-basis:66.66%\">\n<p>Ich leite seit l\u00e4ngerem R\u00e4um, in welcher wir \u00fcber unsere wirklichen Bed\u00fcrfnisse rede und uns authenthisch versuchen zu begegnen.<\/p>\n<\/div>\n<\/div>\n\n\n\n<div class=\"wp-block-columns is-layout-flex wp-container-core-columns-is-layout-9d6595d7 wp-block-columns-is-layout-flex\">\n<div class=\"wp-block-column is-layout-flow wp-block-column-is-layout-flow\" style=\"flex-basis:33.33%\">\n<p>Forum Guide<\/p>\n<\/div>\n\n\n\n<div class=\"wp-block-column is-layout-flow wp-block-column-is-layout-flow\" style=\"flex-basis:66.66%\">\n<p>Ich bin seit l\u00e4ngerem an menschen R\u00e4umen interessiert, in denen man sich selbst erforschen kann, bezeugt von anderen. In welchen die Gruppe erkennen kann, das wir schlussendlich alle die gleichen Themen haben.<\/p>\n\n\n\n<p>Wenn du eine Gruppe hast, in welcher ihr gemeinsam am Vertrauensaufbau arbeiten wollt, melde dich gerne und ich coache eure Gruppe.<\/p>\n<\/div>\n<\/div>\n\n\n\n<div class=\"wp-block-columns is-layout-flex wp-container-core-columns-is-layout-9d6595d7 wp-block-columns-is-layout-flex\">\n<div class=\"wp-block-column is-layout-flow wp-block-column-is-layout-flow\" style=\"flex-basis:33.33%\">\n<p>Kontakt<\/p>\n<\/div>\n\n\n\n<div class=\"wp-block-column is-layout-flow wp-block-column-is-layout-flow\" style=\"flex-basis:66.66%\">\n<p>franca.fux@hotmail.com<br><\/p>\n<\/div>\n<\/div>\n\n\n\n<div class=\"wp-block-columns is-layout-flex wp-container-core-columns-is-layout-9d6595d7 wp-block-columns-is-layout-flex\">\n<div class=\"wp-block-column is-layout-flow wp-block-column-is-layout-flow\" style=\"flex-basis:33.33%\">\n<p>Meine Werkzeugkiste<\/p>\n<\/div>\n\n\n\n<div class=\"wp-block-column is-layout-flow wp-block-column-is-layout-flow\" style=\"flex-basis:66.66%\">\n<p><a rel=\"noreferrer noopener\" href=\"https:\/\/www.edeglarisegg.info\/\" data-type=\"URL\" data-id=\"https:\/\/www.edeglarisegg.info\/\" target=\"_blank\">EDE<\/a> erschaffen einer transformativen Kultur<br><a rel=\"noreferrer noopener\" href=\"https:\/\/www.zegg-forum.org\/en\" data-type=\"URL\" data-id=\"https:\/\/www.zegg-forum.org\/en\" target=\"_blank\">Forum<\/a> Gruppenprozesse im Rahmen von verschieden Gruppen<\/p>\n<\/div>\n<\/div>","protected":false},"excerpt":{"rendered":"<p>\u201cThere is much more curiosity within us than we show.\u201d&nbsp; Sacred Sexuality Guide Ich leite seit l\u00e4ngerem R\u00e4um, in welcher wir \u00fcber unsere wirklichen Bed\u00fcrfnisse rede und uns authenthisch versuchen zu begegnen. Forum Guide Ich bin seit l\u00e4ngerem an menschen R\u00e4umen interessiert, in denen man sich selbst erforschen kann, bezeugt von anderen. In welchen die [&hellip;]<\/p>\n","protected":false},"author":2,"featured_media":0,"parent":0,"menu_order":0,"comment_status":"closed","ping_status":"closed","template":"","meta":{"footnotes":""},"class_list":["post-955","page","type-page","status-publish","hentry"],"_links":{"self":[{"href":"https:\/\/intuitivewisdom.ch\/de\/wp-json\/wp\/v2\/pages\/955","targetHints":{"allow":["GET"]}}],"collection":[{"href":"https:\/\/intuitivewisdom.ch\/de\/wp-json\/wp\/v2\/pages"}],"about":[{"href":"https:\/\/intuitivewisdom.ch\/de\/wp-json\/wp\/v2\/types\/page"}],"author":[{"embeddable":true,"href":"https:\/\/intuitivewisdom.ch\/de\/wp-json\/wp\/v2\/users\/2"}],"replies":[{"embeddable":true,"href":"https:\/\/intuitivewisdom.ch\/de\/wp-json\/wp\/v2\/comments?post=955"}],"version-history":[{"count":8,"href":"https:\/\/intuitivewisdom.ch\/de\/wp-json\/wp\/v2\/pages\/955\/revisions"}],"predecessor-version":[{"id":3777,"href":"https:\/\/intuitivewisdom.ch\/de\/wp-json\/wp\/v2\/pages\/955\/revisions\/3777"}],"wp:attachment":[{"href":"https:\/\/intuitivewisdom.ch\/de\/wp-json\/wp\/v2\/media?parent=955"}],"curies":[{"name":"wp","href":"https:\/\/api.w.org\/{rel}","templated":true}]}}