{"id":800,"date":"2022-09-06T09:36:46","date_gmt":"2022-09-06T09:36:46","guid":{"rendered":"https:\/\/intuitivewisdom.ch\/?page_id=800"},"modified":"2022-12-06T19:30:16","modified_gmt":"2022-12-06T19:30:16","slug":"moneycamp-uri-januar-22","status":"publish","type":"page","link":"https:\/\/intuitivewisdom.ch\/de\/moneycamp-uri-januar-22\/","title":{"rendered":"MoneyCamp \u2013 Uri, Januar &#8217;23"},"content":{"rendered":"<figure class=\"wp-block-image size-large\"><img loading=\"lazy\" decoding=\"async\" width=\"1024\" height=\"577\" src=\"https:\/\/intuitivewisdom.ch\/wp-content\/uploads\/2022\/12\/moneycampjan23-1024x577.jpg\" alt=\"\" class=\"wp-image-1197\" srcset=\"https:\/\/intuitivewisdom.ch\/wp-content\/uploads\/2022\/12\/moneycampjan23-1024x577.jpg 1024w, https:\/\/intuitivewisdom.ch\/wp-content\/uploads\/2022\/12\/moneycampjan23-300x169.jpg 300w, https:\/\/intuitivewisdom.ch\/wp-content\/uploads\/2022\/12\/moneycampjan23-768x433.jpg 768w, https:\/\/intuitivewisdom.ch\/wp-content\/uploads\/2022\/12\/moneycampjan23-1536x865.jpg 1536w, https:\/\/intuitivewisdom.ch\/wp-content\/uploads\/2022\/12\/moneycampjan23-18x10.jpg 18w, https:\/\/intuitivewisdom.ch\/wp-content\/uploads\/2022\/12\/moneycampjan23.jpg 1640w\" sizes=\"auto, (max-width: 1024px) 100vw, 1024px\" \/><\/figure>\n\n\n\n<h2 class=\"wp-block-heading\">Verantwortung \u00fcbernehmen<\/h2>\n\n\n\n<p>Ob bewusst oder unbewusst, die meisten von uns haben gegen\u00fcber dem Geld eine opfer-\u00e4hnliche Haltung: Unsere finanzielle Situation ist nicht so, wie wir sie uns w\u00fcnschen, sondern \u00abhalt\u00bb so wie sie ist.<\/p>\n\n\n\n<p>Wir er\u00f6ffnen deswegen einen Raum voller Zuversicht und Empowerment, weil wir glauben, dass jede*r sich eine Wunsch-Situation in Bezug auf seine Finanzen ertr\u00e4umen kann.<\/p>\n\n\n\n<p>Wir werden also jede Menge alte Geschichten abwerfen, neue Glaubenss\u00e4tze installieren, lernen F\u00fclle und Freiheit zu verk\u00f6rpern und uns n\u00fctzliches Know-How zulegen, um den Traum gleich in Tat umzusetzen.<\/p>\n\n\n\n<h2 class=\"wp-block-heading\">Know-How f\u00fcr dein Leben<\/h2>\n\n\n\n<p>Jede Geschichte ist einzigartig und so sind auch die W\u00fcnsche in Bezug auf Finanzen sehr unterschiedlich. Wir geben dir das Wissen mit, das dich nicht nur direkt zum Ziel f\u00fchren, sondern auch die Freude am Prozess entfachen wird.<\/p>\n\n\n\n<p>Wir kl\u00e4ren im Vorgespr\u00e4ch und am Anfang des Camps deine Bed\u00fcrfnisse ab. Danach wechseln wir ab zwischen Wissensvermittlung und Einzelbegleitung.<\/p>\n\n\n\n<p>Du erh\u00e4ltst von uns einerseits wichtige Inputs zu Themen wie:<\/p>\n\n\n\n<ul class=\"wp-block-list\">\n<li>Pers\u00f6nliche Finanzen und Gesch\u00e4ftsmodelle<\/li>\n\n\n\n<li>Prozessarbeit in Bezug auf F\u00fclle und Sicherheit<\/li>\n\n\n\n<li>Marketing und Sichtbarkeit<\/li>\n\n\n\n<li>Das Wesen des Geldes<\/li>\n\n\n\n<li>und viele viele weitere<\/li>\n<\/ul>\n\n\n\n<p>Andererseits begleiten wir dich bei der Entwicklung deines eigenen Projektes. Dabei spielt es keine Rolle, wo du stehst: ob du ein Hobby hast, mit dem du gerne Geld machen m\u00f6chtest, oder nur eine vage Idee davon hast, was du in die Welt setzen willst, oder noch \u00fcberhaupt keine Ahnung \u2013 wir holen dich dort ab, wo du bist und sorgen f\u00fcr sp\u00fcrbare Fortschritte.<\/p>\n\n\n\n<h2 class=\"wp-block-heading\">Deine Begleiter<\/h2>\n\n\n\n<div class=\"wp-block-columns is-layout-flex wp-container-core-columns-is-layout-9d6595d7 wp-block-columns-is-layout-flex\">\n<div class=\"wp-block-column is-layout-flow wp-block-column-is-layout-flow\" style=\"flex-basis:33.33%\">\n<p><\/p>\n\n\n\n<figure class=\"wp-block-image size-large is-style-default\"><img loading=\"lazy\" decoding=\"async\" width=\"666\" height=\"1024\" src=\"https:\/\/intuitivewisdom.ch\/wp-content\/uploads\/2022\/03\/artemi2-copy-666x1024.jpg\" alt=\"\" class=\"wp-image-454\" srcset=\"https:\/\/intuitivewisdom.ch\/wp-content\/uploads\/2022\/03\/artemi2-copy-666x1024.jpg 666w, https:\/\/intuitivewisdom.ch\/wp-content\/uploads\/2022\/03\/artemi2-copy-195x300.jpg 195w, https:\/\/intuitivewisdom.ch\/wp-content\/uploads\/2022\/03\/artemi2-copy-768x1181.jpg 768w, https:\/\/intuitivewisdom.ch\/wp-content\/uploads\/2022\/03\/artemi2-copy-998x1536.jpg 998w, https:\/\/intuitivewisdom.ch\/wp-content\/uploads\/2022\/03\/artemi2-copy-1331x2048.jpg 1331w, https:\/\/intuitivewisdom.ch\/wp-content\/uploads\/2022\/03\/artemi2-copy-scaled.jpg 1664w\" sizes=\"auto, (max-width: 666px) 100vw, 666px\" \/><\/figure>\n<\/div>\n\n\n\n<div class=\"wp-block-column is-layout-flow wp-block-column-is-layout-flow\" style=\"flex-basis:66.66%\">\n<p><a href=\"https:\/\/intuitivewisdom.ch\/de\/archie-del-ray\/\" data-type=\"URL\" data-id=\"https:\/\/intuitivewisdom.ch\/archie-del-ray\/\">Archie del Ray<\/a><\/p>\n\n\n\n<p>MSc Mech. Ing, Musikproduzent, Schamane, Possibility Manager, Sophist und Synergetiker<\/p>\n\n\n\n<p>Archie hat einiges an Erfahrung im NGO-Bereich, hat sich jahrelang an eigener Haut mit Unternehmentum befasst und sich selbst ein grossz\u00fcgiges Grundeinkommen kreiert. Seine Mission ist, den Menschen im Umgang mit Geld-Themen die Spielfreude wieder zu schenken.<\/p>\n<\/div>\n<\/div>\n\n\n\n<div class=\"wp-block-columns is-layout-flex wp-container-core-columns-is-layout-9d6595d7 wp-block-columns-is-layout-flex\">\n<div class=\"wp-block-column is-layout-flow wp-block-column-is-layout-flow\" style=\"flex-basis:33.33%\">\n<p><\/p>\n\n\n\n<figure class=\"wp-block-image size-large\"><img loading=\"lazy\" decoding=\"async\" width=\"683\" height=\"1024\" src=\"https:\/\/intuitivewisdom.ch\/wp-content\/uploads\/2022\/03\/michele-copy-683x1024.jpg\" alt=\"\" class=\"wp-image-456\" srcset=\"https:\/\/intuitivewisdom.ch\/wp-content\/uploads\/2022\/03\/michele-copy-683x1024.jpg 683w, https:\/\/intuitivewisdom.ch\/wp-content\/uploads\/2022\/03\/michele-copy-200x300.jpg 200w, https:\/\/intuitivewisdom.ch\/wp-content\/uploads\/2022\/03\/michele-copy-768x1152.jpg 768w, https:\/\/intuitivewisdom.ch\/wp-content\/uploads\/2022\/03\/michele-copy-1024x1536.jpg 1024w, https:\/\/intuitivewisdom.ch\/wp-content\/uploads\/2022\/03\/michele-copy-1365x2048.jpg 1365w, https:\/\/intuitivewisdom.ch\/wp-content\/uploads\/2022\/03\/michele-copy-scaled.jpg 1707w\" sizes=\"auto, (max-width: 683px) 100vw, 683px\" \/><\/figure>\n<\/div>\n\n\n\n<div class=\"wp-block-column is-layout-flow wp-block-column-is-layout-flow\" style=\"flex-basis:66.66%\">\n<p><a href=\"https:\/\/intuitivewisdom.ch\/de\/michele-brand\/\" data-type=\"URL\" data-id=\"https:\/\/intuitivewisdom.ch\/michele-brand\/\">Mich\u00e8le Brand<\/a><\/p>\n\n\n\n<p>ThetaHealing Instruktorin, Gene Keys Guide, Gemeinschaftsbauerin, Mystikerin, Praktikerin<\/p>\n\n\n\n<p>Mich\u00e8le begleitet Dich, deine intuitiven F\u00e4higkeiten in deinen Alltag einzuweben. Sie transformiert auf nat\u00fcrliche Weise Dein Selbstverst\u00e4ndnis zu Mitgef\u00fchl und Leichtigkeit. Ihre innewohnende Forschungskraft erm\u00f6glicht ihr hinter den Vorhang der bewussten Realit\u00e4t zu blicken und dadurch tiefgreifende Heilung und Transformation zu erm\u00f6glichen.<\/p>\n<\/div>\n<\/div>\n\n\n\n<h2 class=\"wp-block-heading\">Money Camp Erfahrungsberichte<\/h2>\n\n\n\n<blockquote class=\"wp-block-quote is-layout-flow wp-block-quote-is-layout-flow\">\n<p><em>\u00abIch konnte mich zum ersten Mal so tief mit anderen Menschen verbinden, mit Liebe und Leichtigkeit und in so kurzer Zeit. <strong>Auf allen Ebenen \u2013 K\u00f6rper, Geist und Seele<\/strong> \u2013 habe ich so viel Licht und Liebe gesp\u00fcrt; und auch der pragmatische Anteil von mir ist weitergekommen. Es war mir wichtig, f\u00fcr mein Projekt Lightwave\/Kopernikus <strong>konkrete weitere Schritte<\/strong> zu entwickeln. Jetzt sp\u00fcre ich so eine grosse Vorfreude auf die Kampagne die ansteht und so viel Kraft!\u00bb<br>\u2013Johannes, Z\u00fcrich<\/em><\/p>\n<\/blockquote>\n\n\n\n<blockquote class=\"wp-block-quote is-layout-flow wp-block-quote-is-layout-flow\">\n<p><em>\u00abDas war ein echter <strong>Transformationsprozess<\/strong>. Vorher war ich im \u00abGeburtskanal\u00bb stecken geblieben und da bin ich jetzt nicht mehr. Ich habe das Gef\u00fchl, dass ich jetzt wieder ich sein kann.\u00bb<br>\u2013Nele, Aarau<\/em><\/p>\n<\/blockquote>\n\n\n\n<blockquote class=\"wp-block-quote is-layout-flow wp-block-quote-is-layout-flow\">\n<p><em>\u00abEs ist einzigartig was hier passiert ist. Die Gruppen-Konstellation hat genau so sein m\u00fcssen. Es geht sehr viel um Essenz, wir gehen durch Schichten und kommen so in Kontakt mit etwas essenziellem. Es ist die \u00abDringlichkeit der Seele\u00bb, der Seelenruf, von dem du gesprochen hast. Ihr \u00f6ffnet einen Raum, wo all die <strong>Geld-Fragen mit der Essenz der Seele in Kontakt kommen<\/strong>. Es f\u00fchlt sich alles so klar und so einfach an, so m\u00e4chtig und sch\u00f6n und auch v\u00f6llig unspektakul\u00e4r auf eine Art.\u00bb<br>\u2013Sebastian, Z\u00fcrich Oberland<\/em><\/p>\n<\/blockquote>\n\n\n\n<blockquote class=\"wp-block-quote is-layout-flow wp-block-quote-is-layout-flow\">\n<p><em>\u00abAll das was f\u00fcr mich passiert ist, kann man so perfekt gar nicht designen. Genau so darf es sein. <strong>Die G\u00f6ttin ist wach.<\/strong>\u00bb<br>\u2013Ramona, St.Gallen<\/em><\/p>\n<\/blockquote>\n\n\n\n<h2 class=\"wp-block-heading\">Praktische Infos<\/h2>\n\n\n\n<div class=\"wp-block-columns is-layout-flex wp-container-core-columns-is-layout-9d6595d7 wp-block-columns-is-layout-flex\">\n<div class=\"wp-block-column is-layout-flow wp-block-column-is-layout-flow\" style=\"flex-basis:33.33%\">\n<p>Programm<\/p>\n<\/div>\n\n\n\n<div class=\"wp-block-column is-layout-flow wp-block-column-is-layout-flow\" style=\"flex-basis:66.66%\">\n<p>Das Tagesprogramm wird laufend an die Bed\u00fcrfnisse der Gruppe angepasst und wird eine Mischung sein aus:<\/p>\n\n\n\n<ul class=\"wp-block-list\">\n<li>Workshops zu Geld, Business und Marketing<\/li>\n\n\n\n<li>Pers\u00f6nliche Heilprozesse<\/li>\n\n\n\n<li>Austausch mit der Gruppe<\/li>\n\n\n\n<li>1-zu-1 Coachings<\/li>\n\n\n\n<li>Zeit, um selbst am eigenen Projekt zu arbeiten<\/li>\n\n\n\n<li>Genuss, Erholung und Integrationszeit<\/li>\n<\/ul>\n<\/div>\n<\/div>\n\n\n\n<div class=\"wp-block-columns is-layout-flex wp-container-core-columns-is-layout-9d6595d7 wp-block-columns-is-layout-flex\">\n<div class=\"wp-block-column is-layout-flow wp-block-column-is-layout-flow\" style=\"flex-basis:33.33%\">\n<p>Wann<\/p>\n<\/div>\n\n\n\n<div class=\"wp-block-column is-layout-flow wp-block-column-is-layout-flow\" style=\"flex-basis:66.66%\">\n<p>Do 5.1.2023 \u2013 So 8.1.2023<\/p>\n\n\n\n<p>Ankommen Mittwoch Abend (4.1.2023)<br>oder sp\u00e4testens Donnerstag Morgen 9h<br>Gemeinsamer Start Donnerstag 10h<br>Abschluss Sonntag 16h<\/p>\n<\/div>\n<\/div>\n\n\n\n<div class=\"wp-block-columns is-layout-flex wp-container-core-columns-is-layout-9d6595d7 wp-block-columns-is-layout-flex\">\n<div class=\"wp-block-column is-layout-flow wp-block-column-is-layout-flow\" style=\"flex-basis:33.33%\">\n<p>Ort\/ Anreise<\/p>\n<\/div>\n\n\n\n<div class=\"wp-block-column is-layout-flow wp-block-column-is-layout-flow\" style=\"flex-basis:66.66%\">\n<p>Haus im abgelegenen Bauen \/ UR<br>am sexy Vierwaltst\u00e4ttersee<\/p>\n\n\n\n<p>Anreise \u00d6V &amp; \ud83d\udea2 nach Bauen, See <br>Reisedauer ca. 2h ab Z\u00fcrich HB<\/p>\n\n\n\n<p>Parkpl\u00e4tze im Dorf verf\u00fcgbar<br>(Tageskarte 5 CHF\/Tag)<\/p>\n\n\n\n<p>In unserem sch\u00f6nen B&#8217;n&#8217;B haben wir 4 Mehrbettzimmer zur Verf\u00fcgung. Wir co-kreieren unsere Mahlzeiten gemeinsam mit den von der Seminarleitung organisierten Lebensmitteln.<\/p>\n\n\n\n<p>Die Aussicht vom Balkon ist atemberaubend und es gibt ein cheeky privaten Seesteg, welcher zum Haus geh\u00f6rt.<\/p>\n<\/div>\n<\/div>\n\n\n\n<div class=\"wp-block-columns is-layout-flex wp-container-core-columns-is-layout-9d6595d7 wp-block-columns-is-layout-flex\">\n<div class=\"wp-block-column is-layout-flow wp-block-column-is-layout-flow\" style=\"flex-basis:33.33%\">\n<p>Kosten<\/p>\n<\/div>\n\n\n\n<div class=\"wp-block-column is-layout-flow wp-block-column-is-layout-flow\" style=\"flex-basis:66.66%\">\n<p>Seminarkosten, inkl. Kost und Logis &amp;<br>1-zu-1 Coachings w\u00e4hrend der 4 Tage<\/p>\n\n\n\n<p>Deine drei M\u00f6glichkeiten f\u00fcr die Teilnahme:<br>&#8216;I am ready&#8217; &#8211; Tickets f\u00fcr <strong>790.- CHF<\/strong><br>&#8216;I&#8217;ve got cold feet&#8217; &#8211; Tickets f\u00fcr <strong>550.-<\/strong> <strong>CHF<\/strong> (max. 2 Stk., first come first serve)<br>&#8216;This is Sparta!&#8217; &#8211; Tickets f\u00fcr <strong>1040.- CHF<\/strong><\/p>\n<\/div>\n<\/div>\n\n\n\n<div class=\"wp-block-columns is-layout-flex wp-container-core-columns-is-layout-9d6595d7 wp-block-columns-is-layout-flex\">\n<div class=\"wp-block-column is-layout-flow wp-block-column-is-layout-flow\" style=\"flex-basis:33.33%\">\n<p>Teilnahmebedingungen<\/p>\n<\/div>\n\n\n\n<div class=\"wp-block-column is-layout-flow wp-block-column-is-layout-flow\" style=\"flex-basis:66.66%\">\n<p>Maximal 8 Teilnehmende<\/p>\n\n\n\n<p>An- oder Abmeldung bis Sonntag 1. Januar 2023 m\u00f6glich.<\/p>\n\n\n\n<p>Bei kurzfristiger Absage ab dem 2. Januar 2023 kann der eingezahlte Seminarbeitrag nicht mehr r\u00fcckerstattet werden.<\/p>\n\n\n\n<p>Das Seminar findet ab 4 Teilnehmenden definitiv statt.<br><br>Dein Platz gilt als reserviert, sobald der Seminarbeitrag eingezahlt wurde. <\/p>\n<\/div>\n<\/div>\n\n\n\n<div class=\"wp-block-columns is-layout-flex wp-container-core-columns-is-layout-9d6595d7 wp-block-columns-is-layout-flex\">\n<div class=\"wp-block-column is-layout-flow wp-block-column-is-layout-flow\" style=\"flex-basis:33.33%\">\n<p>Kontakt<\/p>\n<\/div>\n\n\n\n<div class=\"wp-block-column is-layout-flow wp-block-column-is-layout-flow\" style=\"flex-basis:66.66%\">\n<p>Hast du Fragen? Schreib mir.<\/p>\n\n\n\n<p>Telegram: (\u00e4t) archiedelray<br>E-Mail: archiedelray (\u00e4t) intuitivewisdom.ch<\/p>\n<\/div>\n<\/div>\n\n\n\n<h2 class=\"wp-block-heading\">Anmeldung:<\/h2>","protected":false},"excerpt":{"rendered":"<p>Verantwortung \u00fcbernehmen Ob bewusst oder unbewusst, die meisten von uns haben gegen\u00fcber dem Geld eine opfer-\u00e4hnliche Haltung: Unsere finanzielle Situation ist nicht so, wie wir sie uns w\u00fcnschen, sondern \u00abhalt\u00bb so wie sie ist. Wir er\u00f6ffnen deswegen einen Raum voller Zuversicht und Empowerment, weil wir glauben, dass jede*r sich eine Wunsch-Situation in Bezug auf seine [&hellip;]<\/p>\n","protected":false},"author":2,"featured_media":0,"parent":0,"menu_order":0,"comment_status":"closed","ping_status":"closed","template":"","meta":{"footnotes":""},"class_list":["post-800","page","type-page","status-publish","hentry"],"_links":{"self":[{"href":"https:\/\/intuitivewisdom.ch\/de\/wp-json\/wp\/v2\/pages\/800","targetHints":{"allow":["GET"]}}],"collection":[{"href":"https:\/\/intuitivewisdom.ch\/de\/wp-json\/wp\/v2\/pages"}],"about":[{"href":"https:\/\/intuitivewisdom.ch\/de\/wp-json\/wp\/v2\/types\/page"}],"author":[{"embeddable":true,"href":"https:\/\/intuitivewisdom.ch\/de\/wp-json\/wp\/v2\/users\/2"}],"replies":[{"embeddable":true,"href":"https:\/\/intuitivewisdom.ch\/de\/wp-json\/wp\/v2\/comments?post=800"}],"version-history":[{"count":27,"href":"https:\/\/intuitivewisdom.ch\/de\/wp-json\/wp\/v2\/pages\/800\/revisions"}],"predecessor-version":[{"id":1198,"href":"https:\/\/intuitivewisdom.ch\/de\/wp-json\/wp\/v2\/pages\/800\/revisions\/1198"}],"wp:attachment":[{"href":"https:\/\/intuitivewisdom.ch\/de\/wp-json\/wp\/v2\/media?parent=800"}],"curies":[{"name":"wp","href":"https:\/\/api.w.org\/{rel}","templated":true}]}}