{"id":776,"date":"2022-09-02T10:11:19","date_gmt":"2022-09-02T10:11:19","guid":{"rendered":"https:\/\/intuitivewisdom.ch\/?page_id=776"},"modified":"2026-04-02T17:07:20","modified_gmt":"2026-04-02T17:07:20","slug":"temple-nights","status":"publish","type":"page","link":"https:\/\/intuitivewisdom.ch\/de\/temple-nights\/","title":{"rendered":"TEMPLE NIGHTS"},"content":{"rendered":"<p class=\"has-text-align-center\">Achtest du <strong>deinen<\/strong> sinnlichen und erotischen Bed\u00fcrfnissen?<\/p>\n\n\n\n<figure class=\"wp-block-image size-full\"><img loading=\"lazy\" decoding=\"async\" width=\"1024\" height=\"576\" src=\"https:\/\/intuitivewisdom.ch\/wp-content\/uploads\/2025\/07\/TEMPLE-NIGHTS-FB-Cover-_-2025-paya-olivia_k.png\" alt=\"\" class=\"wp-image-4421\" srcset=\"https:\/\/intuitivewisdom.ch\/wp-content\/uploads\/2025\/07\/TEMPLE-NIGHTS-FB-Cover-_-2025-paya-olivia_k.png 1024w, https:\/\/intuitivewisdom.ch\/wp-content\/uploads\/2025\/07\/TEMPLE-NIGHTS-FB-Cover-_-2025-paya-olivia_k-300x169.png 300w, https:\/\/intuitivewisdom.ch\/wp-content\/uploads\/2025\/07\/TEMPLE-NIGHTS-FB-Cover-_-2025-paya-olivia_k-768x432.png 768w, https:\/\/intuitivewisdom.ch\/wp-content\/uploads\/2025\/07\/TEMPLE-NIGHTS-FB-Cover-_-2025-paya-olivia_k-18x10.png 18w\" sizes=\"auto, (max-width: 1024px) 100vw, 1024px\" \/><\/figure>\n\n\n\n<div class=\"wp-block-buttons is-content-justification-center is-layout-flex wp-container-core-buttons-is-layout-16018d1d wp-block-buttons-is-layout-flex\">\n<div class=\"wp-block-button is-style-outline is-style-outline--1\"><a class=\"wp-block-button__link wp-element-button\" href=\"#Registration\">Direkt zur Anmeldung - Klicke hier<\/a><\/div>\n<\/div>\n\n\n\n<p class=\"has-text-align-center\"><a href=\"#what-is-a-Temple-Night\" data-type=\"internal\" data-id=\"#what-is-a-Temple-Night\">was ist eine Tempelnacht?<\/a> | <a href=\"#programm\" data-type=\"internal\" data-id=\"#programm\">Programm<\/a> | <a href=\"#Registration\" data-type=\"internal\" data-id=\"#Registration\">Anmeldung<\/a> | <a href=\"#facilitator-team\" data-type=\"internal\" data-id=\"#facilitator-team\">Facilitator Team<\/a><\/p>\n\n\n\n<p>Der Tempel ist unser gemeinsamer Raum, um uns von Angst, Scham und Einsamkeit zu entwirren und <strong>freie Begegnungen<\/strong>zu erkunden. Gemeinsam kreieren wir einen <strong>verbunden und co-kreativen Raum<\/strong> wo wir mitteilen k\u00f6nnen <strong>was wir wirklich wollen<\/strong>. Anstatt unsere wahren Freuden im Privaten zu verstecken \u2013 oder sie \u00fcberhaupt nicht zu leben \u2013 wagen wir es, diese menschlichen Bed\u00fcrfnisse miteinander zu teilen.<\/p>\n\n\n\n<p>Hier ist ein Raum f\u00fcr <strong>Lebendigkeit<\/strong>, <strong>Wohlbefinden<\/strong>,<strong> Spiel<\/strong>, <strong>VIELFALT<\/strong> und <strong>Neugier<\/strong>, wo du sein kannst, wie du sein m\u00f6chtest. Hier kannst du:<\/p>\n\n\n\n<ul class=\"wp-block-list\">\n<li>deinen schamlosen Impulsen folgen;<\/li>\n\n\n\n<li>wild, intensiv, oder radikal kinky sein;<\/li>\n\n\n\n<li>tiefenentspannt, kuschelig, oder in Stille sein;<\/li>\n\n\n\n<li>dein mysteri\u00f6ses, unkonventionelles Selbst enth\u00fcllen;<\/li>\n\n\n\n<li>tiefe emotionale Intimit\u00e4t ausdr\u00fccken;<\/li>\n\n\n\n<li>dich in langsamem, sinnlichen Erforschen aufl\u00f6sen.<\/li>\n<\/ul>\n\n\n\n<p>Wir ermutigen dich, dein ganzes authentisches, lebendiges Sein in unseren Tempel einzubringen. Erlebe die Freude, zu entdecken, dass alles von dir  Willkommen ist.<\/p>\n\n\n\n<hr class=\"wp-block-separator has-alpha-channel-opacity\"\/>\n\n\n\n<p class=\"has-text-align-center has-large-font-size\" id=\"what-is-a-Temple-Night\">... Was ist eine Tempelnacht?<\/p>\n\n\n\n<p>Der Tempel basiert auf <strong>AUTHENTIZIT\u00c4T<\/strong>. Verlasse die Muster vom oberfl\u00e4chlichen Auftreten oder Verstecken, wer du wirklich bist, und tauche ein in authentisches Verbinden. Kommuniziere direkt, aus dem Kern des Herzens. Teile dich mit, mit all deinen Aspekten, die du magst, und auch denen, welche du vielleicht nicht magst (und die andere eventuell ber\u00fchrend finden).<\/p>\n\n\n\n<p class=\"has-text-align-center\">Was ist gerade jetzt lebendig in dir? Wie dr\u00fcckst du Verlangen aus? Was sind deine Grenzen? <strong>Wie genau m\u00f6chtest du Intimit\u00e4t erleben?<\/strong><\/p>\n\n\n\n<p class=\"has-black-color has-text-color\">Wir feiern <strong>INTIMIT\u00c4T<\/strong> und <strong>VERBINDUNG<\/strong>. Verbunden sein mit dir selbst, und in Verbindung sein mit anderen. Intimit\u00e4t entsteht, wenn du dich echt zeigst, mit dem was in dir lebendig ist, und wenn du voll und authentisch <strong>pr\u00e4sent<\/strong> bist mit deinem Gegen\u00fcber. Verbindung entsteht, wenn du hinhorchst mit voller Aufmerksamkeit, echtes Mitgef\u00fchl zum Ausdruck bringst und dir selbst sowie deinem Gegen\u00fcber gleichwertig Raum gibst.<\/p>\n\n\n\n<p>Durch die Einladung zu authentischer Verbindung und Intimit\u00e4t erlernen wir Konzepte von <strong>KONSENS<\/strong> und <strong>K\u00d6RPERINTELLIGENZ<\/strong>. Wie kreieren wir Erlebnisse, in welchen alle Beteiligten ein <strong>volles Ja<\/strong>haben? Und was sagt unser K\u00f6rper dazu was wir wirklich m\u00f6gen: welche Art von Ber\u00fchrung, was f\u00fcr eine Art von Intimit\u00e4t, welche Erfahrungen wollen wir? Was sagen unsere verschiedenen Intelligenzzentren, <strong>unser Verstand, Herz, Bauch, Geschlecht<\/strong> ? Wie <strong>langsam<\/strong> d\u00fcrfen wir werden, damit in Verbindung bleiben und keine unserer Aspekte oder Stimmen \u00fcbergangen werden, von uns selbst oder unseren Gegen\u00fcbern.<\/p>\n\n\n\n<p>Die Grundlage unserer Tempelkultur ist der volle und uneingeschr\u00e4nkte Respekt vor pers\u00f6nlichen <strong>GRENZEN<\/strong>. Jede*r von uns hat das unbestrittene Recht - zu jeder Zeit und aus jedem Grund - <strong>Nein<\/strong> zu sagen, wenn sich etwas nicht stimmig anf\u00fchlt, und darauf, dass unser Nein respektiert wird: <strong>'Wenn ich dein Nein h\u00f6re, kann ich deinem Ja vertrauen'<\/strong>. Ein Nein erhalten und dieses nicht pers\u00f6nlich nehmen, sondern es zu feiern als Akt der Selbstverantwortung und Ehrlichkeit, kreiert Sicherheit und Vertrauen: 'Danke f\u00fcr dein Nein; ich sch\u00e4tze deine Ehrlichkeit und Selbstf\u00fcrsorge.' <\/p>\n\n\n\n<p>Der Tempel ist wie das echte <strong>Leben.<\/strong> Es spiegelt die raue Komplexit\u00e4t menschlichen Begegnen wieder. Es gibt <strong>keine Garantie<\/strong> , dass du keine Erfahrungen machst, bei denen du dich abgelehnt f\u00fchlst oder bei denen jemensch deine Grenzen \u00fcberschreitet. <\/p>\n\n\n\n<p>Wir bieten einen '<strong>sicheren Raum<\/strong>' weil wir interessiert sind daran, dass du lernst, deine Unsicherheiten zu navigieren und eventuell zu \u00fcberwinden - und daf\u00fcr bieten wir einen Rahmen in dem <strong>Scheitern erlaubt ist<\/strong>. Sehr wahrscheinlich werden ab und zu deine inneren Sicherheitsmechanismen sich verletzt f\u00fchlen. Der Tempel ist ein Ort, an dem wir \u00fcber diese Mechanismen hinauswachsen k\u00f6nnen, und in eine wahre, authentische Intimit\u00e4t hineinwachsen k\u00f6nnen. Wir versuchen nicht, alle m\u00f6glichen Gefahren auszuschliessen, aber laden dich einen mit deinen inneren <strong>Drachen zu tanzen<\/strong> . Was brauchst du, um die Mauern zu durchbrechen, welche sonst unber\u00fchrt und stehen bleiben w\u00fcrden?<\/p>\n\n\n\n<figure class=\"wp-block-embed is-type-video is-provider-youtube wp-block-embed-youtube wp-embed-aspect-16-9 wp-has-aspect-ratio\"><div class=\"wp-block-embed__wrapper\">\n<iframe loading=\"lazy\" title=\"TEMPLE ARTS Interviews\" width=\"640\" height=\"360\" src=\"https:\/\/www.youtube.com\/embed\/videoseries?list=PLN15d2boT001lyrdqb0esw7hPsLmu_nlc\" frameborder=\"0\" allow=\"accelerometer; autoplay; clipboard-write; encrypted-media; gyroscope; picture-in-picture; web-share\" referrerpolicy=\"strict-origin-when-cross-origin\" allowfullscreen><\/iframe>\n<\/div><figcaption class=\"wp-element-caption\">What is a TEMPLE ? &#8211; Here in our Interviews you can find more inputs and knowledge around Temple Spaces.<\/figcaption><\/figure>\n\n\n\n<p>Wir laden sich also ein zu einem <strong>MUTIGEN RAUM<\/strong>. Wir ermutigen dich, deine Komfort Zone zu verlassen und \u00fcber das hinaus zu gehen, was du bereits weisst. <strong>Probiere neues aus<\/strong>. Begebe dich in unsichere Gew\u00e4sser, wo du eventuell Ablehnung erfahren k\u00f6nntest, oder deinen Grenzen zus\u00e4tzlichen Nachdruck verleihen musst. Bewege dich ausserhalb deiner gewohnten Attraktionsmustern. Gehe vielleicht auf Menschen zu, welche in dir Unsicherheit oder Abneigung ausl\u00f6sen. Dr\u00fccke deine W\u00fcnsche aus, und wenn du dir Konsens abgeholt hast, bringe deine ungelebten Fantasien in Aktion, spiele mit Dominanz und Submission, tanze mit deinen inneren J\u00e4ger- und Beutequalit\u00e4ten. Verk\u00f6rpere unterschiedliche Archetypen oder erforsche Verhaltensweisen, mit welchen du dich bis jetzt noch nicht identifiziert hast. Experimentiere, sammle Daten aus deinen Erfahrungen<strong>, <\/strong>collect data from your experiences, stay open, learn.<\/p>\n\n\n\n<p>Und <strong>INTEGRIERE<\/strong> die Situationen, Emotionen, Empfindungen und Fragen, welche mit der Eroberung neuen Landes einhergehen. Bleibe pr\u00e4sent, <strong>ATME<\/strong>, f\u00fchle, kommuniziere. Wir werden w\u00e4hrend des Workshops, im Abschlusskreis und nach der Veranstaltung in unserem <strong>Integrations-Zoomcall<\/strong>, M\u00f6glichkeiten zum Verarbeiten haben. Au\u00dferdem wird es ein Team von <strong>Angels<\/strong> (Assistent*innen) geben, die dich in eventuellen Fragen und Unsicherheiten, Konsens Angelegenheiten, blockierten oder \u00fcberw\u00e4ltigenden Gef\u00fchlen unterst\u00fctzen. <\/p>\n\n\n\n<p>Es ist uns wichtig darauf hinzuweisen, dass obwohl der Tempel ein breites Spektrum an Magie und Heilung bietet, hier <strong>nicht ein Raum f\u00fcr Trauma Therapie<\/strong>ist. Wenn du mit einer Vorgeschichte sexueller oder intimer Traumata kommst, sei es als Opfer oder T\u00e4ter, ist es wichtig vor der Registrierung ein Gespr\u00e4ch mit uns f\u00fchren, um reinzuf\u00fchlen ob\/ wie  wir gemeinsam deine stimmige Teilnahme co-kreieren k\u00f6nnen. Sollte w\u00e4hrend der Veranstaltung ein unbekanntes Trauma ausgel\u00f6st werden, bitten wir dich auch nach dem Tempel  mit uns im Kontakt zu bleiben, damit wir gemeinsam eine geeignete therapeutische L\u00f6sung finden k\u00f6nnen.<\/p>\n\n\n\n<p><strong>F\u00fchlst du dein Ruf?<\/strong> Bei unseren regelm\u00e4ssigen \u201eTemple Nights\u201c in Winterthur ZH und Steffisburg BE kannst du deine Sexualit\u00e4t erleben und erforschen in unserem vielf\u00e4ltigen Gruppenk\u00f6rper.<\/p>\n\n\n\n<hr class=\"wp-block-separator has-alpha-channel-opacity\"\/>\n\n\n\n<p class=\"has-text-align-center has-large-font-size\" id=\"programm\"><strong>DAS PROGRAMM<\/strong><\/p>\n\n\n\n<p><strong>14 Uhr Stilles Ankommen .<\/strong> R\u00e4uchern, sanfte Musik. Eine Stunde lang kannst du f\u00fcr dich im Raum ankommen. Wir sprechen nur das N\u00f6tigste.<\/p>\n\n\n\n<p><strong>15 Uhr Workshop .<\/strong> Wir begleiten dich auf unserer gemeinsamen Reise, bieten wir \u00dcbungen an, um im K\u00f6rper anzukommen, zu bewegen, zu atmen, in Kontakt zu kommen mit dir und mit der Gruppe, Vertrauen in die gesamte Gruppe aufzubauen. Gemeinsam etablieren wir unsere Kultur des achtsamen und der konsens-orienterten Miteinander. Sammeln Sie Erfahrungen rund um Ber\u00fchrung, Grenzen und Spiel. Und besprechen gemeinsame Vereinbarungen.<\/p>\n\n\n\n<p><strong>19 Uhr Dinner .<\/strong> Wir haben unser sinnlich, aphrodisierendes Putlock Buffet bereit und laden euch ein, dies gemeinsam zu geniessen, vielleicht etwas mit dem essen zu spielen, kreativ zu sein. Es ist erlaubt.<\/p>\n\n\n\n<p><strong>20 Uhr Tempel .<\/strong> Jetzt sind wir bereit, den Tempel zu er\u00f6ffnen, einen Raum, in dem du deinen Freuden und Potenzialen frei Ausdruck geben kannst. Durch herzoffene Begegnungen kannst du deine Essenz erforschen und n\u00e4hren. Wir werden mehrere Inseln kreieren, z.B. f\u00fcr nichtsexuelles Kuscheln, sinnliche Ber\u00fchrungen, erotische Sexualit\u00e4t, versaute Spiele, ruhige R\u00fcckzugsorte, Tanz, Doktor Spiele, erforschendes Spielen rund ums Essen, Kreativit\u00e4t und andere Aktivit\u00e4ten, die wir gemeinsam gestalten k\u00f6nnen. Die Inseln laden zum Ausprobieren neuer Aktivit\u00e4ten ein und bieten eine gemeinsame Basis, um eventuell leichter in Begegnung zu gehen. Du bist selbst\u00e4ndig daf\u00fcr verantwortlich, Begegnungen und gemeinsamen Aktivit\u00e4ten auszuw\u00e4hlen und zu navigieren.<\/p>\n\n\n\n<p><strong>23 Uhr Free Flow .<\/strong> Der moderierte Tempel endet mit einem Abschlusskreis. Danach darfst du gerne noch bleiben und dort weiteres Erleben, wo noch Neugier und Energie da ist. Finde deinen Abschluss im eigenen Tempo. Der Tempelraum steht bis 1 Uhr morgens zur Verf\u00fcgung.<\/p>\n\n\n\n<p><strong>\u00dcbernachtung .<\/strong> Meisst besteht die M\u00f6glichkeit, am Veranstaltungsort zu \u00fcbernachten. Bei der Registration kannst du dich daf\u00fcr anmelden und wir informieren dich dar\u00fcber, ob das stattfinden wird. <\/p>\n\n\n\n<p><strong>Integrations Call .<\/strong> We will have an online integration call together. Save the date. We share our experiences,&nbsp;reflect on them and give room to receive each other. This space is highly recommended to integrate the depth of what happened, by giving it words and being witnessed with whatever we are holding. Come with your success storey as well as your heavy feelings. The Zoom link will be provided in an email after the event.<\/p>\n\n\n\n<hr class=\"wp-block-separator has-alpha-channel-opacity\"\/>\n\n\n\n<div class=\"wp-block-columns is-layout-flex wp-container-core-columns-is-layout-9d6595d7 wp-block-columns-is-layout-flex\">\n<div class=\"wp-block-column is-layout-flow wp-block-column-is-layout-flow\" style=\"flex-basis:33.33%\">\n<p>Bitte beachte:<\/p>\n<\/div>\n\n\n\n<div class=\"wp-block-column is-layout-flow wp-block-column-is-layout-flow\" style=\"flex-basis:66.66%\">\n<ul class=\"wp-block-list\">\n<li>Der Ticketpreis liegt auf einer frei w\u00e4hlbaren Skala von 118 bis 288 CHF. W\u00e4hle, was du geben m\u00f6chtest.<\/li>\n\n\n\n<li>Bringe etwas sinnliches oder aphrodisierendes f\u00fcr unser Dinner Buffet.<\/li>\n\n\n\n<li>Nimm Kleider mit, in denen du dich sexy und wohl f\u00fchlst.<\/li>\n\n\n\n<li>Diese Veranstaltung wird in Deutsch moderiert, mit englischer \u00dcbersetzung falls erforderlich.<\/li>\n\n\n\n<li>F\u00fcr diesen Tempel haben wir eine Limit von ca 35 Teilnehmenden<\/li>\n\n\n\n<li>Wir haben Angels (Assistent*innen), welche dich bei emotionalen Prozessen begleiten und mit dir Konsens Angelegenheiten kl\u00e4ren. Sie sprechen entweder Deutsch oder Englisch.<\/li>\n\n\n\n<li>F\u00fcr die Teilnahme am Tempel ist es essentiell, dass du unsere gemeinsamen Richtlinien verstehst und ihnen zustimmst (siehe Anmeldeformular).<\/li>\n<\/ul>\n<\/div>\n<\/div>\n\n\n\n<hr class=\"wp-block-separator has-alpha-channel-opacity\"\/>\n\n\n\n<p class=\"has-text-align-center has-large-font-size\" id=\"Registration\"><strong>Anmeldung<\/strong><\/p>\n\n\n\n<p class=\"has-text-align-center\">Wir freuen uns auf deine Teilnahme. Hier kannst du dich f\u00fcr die Events der n\u00e4chsten Tempel Saison anmelden:<\/p>\n\n\n\n<div class=\"wp-block-columns is-layout-flex wp-container-core-columns-is-layout-9d6595d7 wp-block-columns-is-layout-flex\">\n<div class=\"wp-block-column is-layout-flow wp-block-column-is-layout-flow\">\n<div class=\"wp-block-columns is-layout-flex wp-container-core-columns-is-layout-9d6595d7 wp-block-columns-is-layout-flex\">\n<div class=\"wp-block-column is-layout-flow wp-block-column-is-layout-flow\">\n<p>In Chur sind f\u00fcr die n\u00e4chsten Monate keine Tempel geplant. <\/p>\n\n\n\n\n\n<p><\/p>\n\n\n\n<p><br><br><\/p>\n<\/div>\n\n\n\n<div class=\"wp-block-column is-layout-flow wp-block-column-is-layout-flow\">\n<p><a href=\"https:\/\/www.google.com\/maps\/place\/ImTempel\/@46.7806086,7.631061,17z\/data=!3m1!4b1!4m6!3m5!1s0x478fb3a683a715c3:0xb83d30af71a4407f!8m2!3d46.7806086!4d7.6336413!16s%2Fg%2F11s4l1rfvj?entry=ttu\" data-type=\"URL\" data-id=\"https:\/\/www.google.com\/maps\/place\/ImTempel\/@46.7806086,7.631061,17z\/data=!3m1!4b1!4m6!3m5!1s0x478fb3a683a715c3:0xb83d30af71a4407f!8m2!3d46.7806086!4d7.6336413!16s%2Fg%2F11s4l1rfvj?entry=ttu\" target=\"_blank\" rel=\"noreferrer noopener\">ImTempel<\/a>, Steffisburg BE<br><br><a href=\"https:\/\/forms.gle\/9KKSa9PdPxytCsxcA\" data-type=\"link\" data-id=\"https:\/\/forms.gle\/9KKSa9PdPxytCsxcA\">25. April 2026 &#8211; <\/a>Mystischer Tempel voller Neugier und Eros<\/p>\n\n\n\n<p><a href=\"https:\/\/forms.gle\/XhtKDwKXxFGz6ii28\">6. Juni 2026 &#8211; Yoniverse<\/a><\/p>\n\n\n\n<p>Save the Date: \/ In Planung:<\/p>\n\n\n\n<p>12.9.26 &#8211; Tempelnacht<\/p>\n\n\n\n<p>17.10.26 &#8211; Lingamverse<\/p>\n\n\n\n<p>14.11.26 &#8211; Tempelnacht<\/p>\n\n\n\n<p>12.12.26 &#8211; Tempelnacht<\/p>\n<\/div>\n<\/div>\n<\/div>\n<\/div>\n\n\n\n<p><\/p>\n\n\n<p><iframe loading=\"lazy\" src=\"https:\/\/calendar.google.com\/calendar\/embed?height=600&#038;wkst=2&#038;ctz=Europe%2FZurich&#038;showPrint=0&#038;mode=AGENDA&#038;title=Temples%20by%20Intuitive%20Wisdom&#038;showTabs=0&#038;showTz=0&#038;src=Y2FsZW5kZXIuaXd0QGdtYWlsLmNvbQ&#038;color=%23039BE5\" style=\"border:solid 1px #777\" width=\"800\" height=\"600\" frameborder=\"0\" scrolling=\"no\"><\/iframe><\/p>\n\n\n\n<p class=\"has-text-align-center\"><em>Und hier ist unser <a href=\"https:\/\/calendar.google.com\/calendar\/embed?src=9ff8d795479f1999b3b7b130d4400071c4dbc766e3b7e23c78c40ee758201ae1%40group.calendar.google.com&amp;ctz=Europe%2FZurich\" data-type=\"link\" data-id=\"https:\/\/calendar.google.com\/calendar\/embed?src=9ff8d795479f1999b3b7b130d4400071c4dbc766e3b7e23c78c40ee758201ae1%40group.calendar.google.com&amp;ctz=Europe%2FZurich\">Event Kalender <\/a>f\u00fcr die Temples und Sacred Sexuality Events<\/em><\/p>\n\n\n\n<hr class=\"wp-block-separator has-alpha-channel-opacity\"\/>\n\n\n\n<p class=\"has-text-align-center has-large-font-size\" id=\"facilitator-team\"><strong>DAS MODERATIONS TEAM<\/strong><\/p>\n\n\n\n<p>Wir freuen uns auf unsere gemeinsame Tempelerfahrung!<\/p>\n\n\n\n<div class=\"wp-block-columns is-layout-flex wp-container-core-columns-is-layout-9d6595d7 wp-block-columns-is-layout-flex\">\n<div class=\"wp-block-column is-layout-flow wp-block-column-is-layout-flow\">\n<figure class=\"wp-block-image size-large\"><a href=\"https:\/\/intuitivewisdom.ch\/de\/ruben-plattner\/\"><img loading=\"lazy\" decoding=\"async\" width=\"1024\" height=\"1024\" src=\"https:\/\/intuitivewisdom.ch\/wp-content\/uploads\/2022\/09\/2-1024x1024.png\" alt=\"\" class=\"wp-image-879\" srcset=\"https:\/\/intuitivewisdom.ch\/wp-content\/uploads\/2022\/09\/2-1024x1024.png 1024w, https:\/\/intuitivewisdom.ch\/wp-content\/uploads\/2022\/09\/2-300x300.png 300w, https:\/\/intuitivewisdom.ch\/wp-content\/uploads\/2022\/09\/2-150x150.png 150w, https:\/\/intuitivewisdom.ch\/wp-content\/uploads\/2022\/09\/2-768x768.png 768w, https:\/\/intuitivewisdom.ch\/wp-content\/uploads\/2022\/09\/2-12x12.png 12w, https:\/\/intuitivewisdom.ch\/wp-content\/uploads\/2022\/09\/2.png 1080w\" sizes=\"auto, (max-width: 1024px) 100vw, 1024px\" \/><\/a><figcaption class=\"wp-element-caption\"><a href=\"https:\/\/intuitivewisdom.ch\/de\/ruben-plattner\/\" data-type=\"URL\" data-id=\"https:\/\/intuitivewisdom.ch\/ruben-plattner\/\">Ruben<\/a><\/figcaption><\/figure>\n<\/div>\n\n\n\n<div class=\"wp-block-column is-layout-flow wp-block-column-is-layout-flow\">\n<figure class=\"wp-block-image size-full\"><a href=\"https:\/\/belovedtempel.com\/\"><img loading=\"lazy\" decoding=\"async\" width=\"684\" height=\"684\" src=\"https:\/\/intuitivewisdom.ch\/wp-content\/uploads\/2024\/10\/paya.png\" alt=\"\" class=\"wp-image-3335\" srcset=\"https:\/\/intuitivewisdom.ch\/wp-content\/uploads\/2024\/10\/paya.png 684w, https:\/\/intuitivewisdom.ch\/wp-content\/uploads\/2024\/10\/paya-300x300.png 300w, https:\/\/intuitivewisdom.ch\/wp-content\/uploads\/2024\/10\/paya-150x150.png 150w, https:\/\/intuitivewisdom.ch\/wp-content\/uploads\/2024\/10\/paya-12x12.png 12w\" sizes=\"auto, (max-width: 684px) 100vw, 684px\" \/><\/a><figcaption class=\"wp-element-caption\"><a href=\"https:\/\/belovedtempel.com\/\">Paya<\/a><\/figcaption><\/figure>\n<\/div>\n\n\n\n<div class=\"wp-block-column is-layout-flow wp-block-column-is-layout-flow\">\n<figure class=\"wp-block-image size-full\"><img loading=\"lazy\" decoding=\"async\" width=\"767\" height=\"768\" src=\"https:\/\/intuitivewisdom.ch\/wp-content\/uploads\/2025\/07\/Olivia-Portait_cr_k.png\" alt=\"\" class=\"wp-image-4418\" srcset=\"https:\/\/intuitivewisdom.ch\/wp-content\/uploads\/2025\/07\/Olivia-Portait_cr_k.png 767w, https:\/\/intuitivewisdom.ch\/wp-content\/uploads\/2025\/07\/Olivia-Portait_cr_k-300x300.png 300w, https:\/\/intuitivewisdom.ch\/wp-content\/uploads\/2025\/07\/Olivia-Portait_cr_k-150x150.png 150w, https:\/\/intuitivewisdom.ch\/wp-content\/uploads\/2025\/07\/Olivia-Portait_cr_k-12x12.png 12w\" sizes=\"auto, (max-width: 767px) 100vw, 767px\" \/><figcaption class=\"wp-element-caption\">Olivia<\/figcaption><\/figure>\n<\/div>\n<\/div>\n\n\n\n<p>Besuche auch unsere Facebook Event <a href=\"https:\/\/www.facebook.com\/IntuitionHealingExperiencing\/events\" data-type=\"URL\" data-id=\"https:\/\/www.facebook.com\/IntuitionHealingExperiencing\/events\" target=\"_blank\" rel=\"noreferrer noopener\">hier<\/a>.<\/p>\n\n\n\n<p><\/p>","protected":false},"excerpt":{"rendered":"<p>How do you take care for your sensual and erotic desires? what is a Temple Night? | Programm | Registration | Facilitator Team The Temple is our shared space to free ourselves from fear, shame and loneliness, and to explore free interactions. Together we create connected and co-created space where we can express and share [&hellip;]<\/p>\n","protected":false},"author":2,"featured_media":0,"parent":0,"menu_order":0,"comment_status":"closed","ping_status":"closed","template":"","meta":{"footnotes":""},"class_list":["post-776","page","type-page","status-publish","hentry"],"_links":{"self":[{"href":"https:\/\/intuitivewisdom.ch\/de\/wp-json\/wp\/v2\/pages\/776","targetHints":{"allow":["GET"]}}],"collection":[{"href":"https:\/\/intuitivewisdom.ch\/de\/wp-json\/wp\/v2\/pages"}],"about":[{"href":"https:\/\/intuitivewisdom.ch\/de\/wp-json\/wp\/v2\/types\/page"}],"author":[{"embeddable":true,"href":"https:\/\/intuitivewisdom.ch\/de\/wp-json\/wp\/v2\/users\/2"}],"replies":[{"embeddable":true,"href":"https:\/\/intuitivewisdom.ch\/de\/wp-json\/wp\/v2\/comments?post=776"}],"version-history":[{"count":157,"href":"https:\/\/intuitivewisdom.ch\/de\/wp-json\/wp\/v2\/pages\/776\/revisions"}],"predecessor-version":[{"id":4714,"href":"https:\/\/intuitivewisdom.ch\/de\/wp-json\/wp\/v2\/pages\/776\/revisions\/4714"}],"wp:attachment":[{"href":"https:\/\/intuitivewisdom.ch\/de\/wp-json\/wp\/v2\/media?parent=776"}],"curies":[{"name":"wp","href":"https:\/\/api.w.org\/{rel}","templated":true}]}}