{"id":771,"date":"2022-09-02T09:48:26","date_gmt":"2022-09-02T09:48:26","guid":{"rendered":"https:\/\/intuitivewisdom.ch\/?page_id=771"},"modified":"2022-09-02T09:48:26","modified_gmt":"2022-09-02T09:48:26","slug":"thetahealing-wir-sind-ein-okosystem","status":"publish","type":"page","link":"https:\/\/intuitivewisdom.ch\/de\/thetahealing-wir-sind-ein-okosystem\/","title":{"rendered":"ThetaHealing &#8211; Wir sind ein \u00d6kosystem"},"content":{"rendered":"<p>Wir leben in einem \u00d6kosystem von Freunden, Familie, Arbeitskolleg*en, der Gesellschaft, dem Ort in dem wir leben, der Natur, \u2026 Entscheidungen zu treffen, welche diesen Umstand ehren f\u00fchrt uns in eine Welt der F\u00fclle und M\u00f6glichkeiten, welche unserem Herzen und unserem Seelenplan entspricht.<\/p>\n\n\n\n<p>Mitte August biete ich 2 ThetaHealing Module an, welche zusammen noch wirkungsvoller sind, als separat.<\/p>\n\n\n\n<figure class=\"wp-block-image size-full\"><img loading=\"lazy\" decoding=\"async\" width=\"800\" height=\"600\" src=\"https:\/\/intuitivewisdom.ch\/wp-content\/uploads\/2022\/08\/Du-und-Dein-Innerer-Kreis.png\" alt=\"\" class=\"wp-image-737\" srcset=\"https:\/\/intuitivewisdom.ch\/wp-content\/uploads\/2022\/08\/Du-und-Dein-Innerer-Kreis.png 800w, https:\/\/intuitivewisdom.ch\/wp-content\/uploads\/2022\/08\/Du-und-Dein-Innerer-Kreis-300x225.png 300w, https:\/\/intuitivewisdom.ch\/wp-content\/uploads\/2022\/08\/Du-und-Dein-Innerer-Kreis-768x576.png 768w, https:\/\/intuitivewisdom.ch\/wp-content\/uploads\/2022\/08\/Du-und-Dein-Innerer-Kreis-16x12.png 16w\" sizes=\"auto, (max-width: 800px) 100vw, 800px\" \/><\/figure>\n\n\n\n<p>Du und dein Innerer Kreis, 16-17 Aug<br>Lerne Urteilsverm\u00f6gen, zu unterscheiden, welche Menschen dir gut tun in deinem innersten Beziehungskreis zu haben. Lerne vertrauen und Liebe zulassen. Lerne all deine unterschiedlichsten Beziehungen zu verstehen und zu managen, so dass es dich n\u00e4hrt und unterst\u00fctzt.<\/p>\n\n\n\n<p>Manifestieren und \u00dcberfluss, 18-19 Aug<br>L\u00f6se tiefe Blockaden um absolute F\u00fclle in deinem Leben zuzulassen und wie du mit der Sch\u00f6pfungsenergie kommunizieren kannst, um zu manifestieren, wie du dein Leben leben willst.<\/p>\n\n\n\n<p>Seminarleitung:&nbsp;<a href=\"https:\/\/intuitivewisdom.ch\/de\/michele-brand\/\">Michele Brand<\/a><\/p>\n\n\n\n<p>Oberwil BL, Raum f\u00fcr Sein und Werden<\/p>\n\n\n\n<p>Kosten: beide Seminare 800.- CHF, einzeln je 420.-CHF<\/p>\n\n\n\n<p>https:\/\/fb.me\/e\/6WS8ucnW9<br><br>Stay tuned on our&nbsp;<a rel=\"noreferrer noopener\" href=\"https:\/\/www.facebook.com\/IntuitionHealingExperiencing\" target=\"_blank\">Facebook<\/a>&nbsp;Page for further events.<\/p>","protected":false},"excerpt":{"rendered":"<p>Wir leben in einem \u00d6kosystem von Freunden, Familie, Arbeitskolleg*en, der Gesellschaft, dem Ort in dem wir leben, der Natur, \u2026 Entscheidungen zu treffen, welche diesen Umstand ehren f\u00fchrt uns in eine Welt der F\u00fclle und M\u00f6glichkeiten, welche unserem Herzen und unserem Seelenplan entspricht. Mitte August biete ich 2 ThetaHealing Module an, welche zusammen noch wirkungsvoller [&hellip;]<\/p>\n","protected":false},"author":2,"featured_media":0,"parent":0,"menu_order":0,"comment_status":"closed","ping_status":"closed","template":"","meta":{"footnotes":""},"class_list":["post-771","page","type-page","status-publish","hentry"],"_links":{"self":[{"href":"https:\/\/intuitivewisdom.ch\/de\/wp-json\/wp\/v2\/pages\/771","targetHints":{"allow":["GET"]}}],"collection":[{"href":"https:\/\/intuitivewisdom.ch\/de\/wp-json\/wp\/v2\/pages"}],"about":[{"href":"https:\/\/intuitivewisdom.ch\/de\/wp-json\/wp\/v2\/types\/page"}],"author":[{"embeddable":true,"href":"https:\/\/intuitivewisdom.ch\/de\/wp-json\/wp\/v2\/users\/2"}],"replies":[{"embeddable":true,"href":"https:\/\/intuitivewisdom.ch\/de\/wp-json\/wp\/v2\/comments?post=771"}],"version-history":[{"count":1,"href":"https:\/\/intuitivewisdom.ch\/de\/wp-json\/wp\/v2\/pages\/771\/revisions"}],"predecessor-version":[{"id":772,"href":"https:\/\/intuitivewisdom.ch\/de\/wp-json\/wp\/v2\/pages\/771\/revisions\/772"}],"wp:attachment":[{"href":"https:\/\/intuitivewisdom.ch\/de\/wp-json\/wp\/v2\/media?parent=771"}],"curies":[{"name":"wp","href":"https:\/\/api.w.org\/{rel}","templated":true}]}}