{"id":551,"date":"2022-04-10T09:34:12","date_gmt":"2022-04-10T09:34:12","guid":{"rendered":"https:\/\/intuitivewisdom.ch\/?page_id=551"},"modified":"2023-02-23T09:16:01","modified_gmt":"2023-02-23T09:16:01","slug":"love-of-money","status":"publish","type":"page","link":"https:\/\/intuitivewisdom.ch\/de\/love-of-money\/","title":{"rendered":"Love of Money &#8211; taking responsibility"},"content":{"rendered":"<p>Ob bewusst oder unbewusst, die meisten von uns haben gegen\u00fcber dem Geld eine opfer-\u00e4hnliche Haltung: Unsere&nbsp;<strong>finanzielle Situation<\/strong>&nbsp;ist nicht so, wie wir sie uns w\u00fcnschen, sondern&nbsp;<strong>\u00abhalt\u00bb so<\/strong>&nbsp;wie sie ist.<\/p>\n\n\n\n<p>Wir er\u00f6ffnen R\u00e4ume voller&nbsp;<strong>Zuversicht<\/strong>&nbsp;und&nbsp;<strong>Empowerment<\/strong>, weil wir glauben, dass jede*r sich eine Wunsch-Situation in Bezug auf seine Finanzen ertr\u00e4umen und auch realisieren kann.<\/p>\n\n\n\n<div class=\"wp-block-columns is-layout-flex wp-container-core-columns-is-layout-9d6595d7 wp-block-columns-is-layout-flex\">\n<div class=\"wp-block-column is-layout-flow wp-block-column-is-layout-flow\" style=\"flex-basis:33.33%\">\n<p>Was du bei uns findest:<\/p>\n<\/div>\n\n\n\n<div class=\"wp-block-column is-layout-flow wp-block-column-is-layout-flow\" style=\"flex-basis:66.66%\">\n<p>Unser <a href=\"https:\/\/intuitivewisdom.ch\/de\/category\/love-of-money-podcast\/\" data-type=\"URL\">Love of Money Podcast<\/a> bietet w\u00f6chentlich Weisheiten zu bewusstem Unternehmentum, authentischem Marketing und der Beziehung zum Geld.<\/p>\n\n\n\n<p>In den live stattfindenden <a href=\"https:\/\/intuitivewisdom.ch\/de\/moneytalk\/\" data-type=\"URL\" data-id=\"https:\/\/intuitivewisdom.ch\/moneytalk\/\">MoneyTalks<\/a> kannst du deine pers\u00f6nlichen Fragen stellen.<\/p>\n\n\n\n<p>Falls du gerade&nbsp;richtig motiviert bist voll ins Thema einzutauchen&nbsp;und dein Leben zu ver\u00e4ndern, bieten wir ganze Initiationsweekends an, die sogenannten <a href=\"https:\/\/intuitivewisdom.ch\/de\/moneycamp-uri-januar-22\/\" data-type=\"URL\" data-id=\"https:\/\/intuitivewisdom.ch\/moneycamp-uri-oktober-22\/\">MoneyCamps<\/a>.<\/p>\n<\/div>\n<\/div>\n\n\n\n<p class=\"has-text-align-center\">Meet our Love of Money Team:<\/p>\n\n\n\n<div class=\"wp-block-columns is-layout-flex wp-container-core-columns-is-layout-9d6595d7 wp-block-columns-is-layout-flex\">\n<div class=\"wp-block-column is-layout-flow wp-block-column-is-layout-flow\">\n<figure class=\"wp-block-image size-large\"><a href=\"https:\/\/intuitivewisdom.ch\/de\/archie-del-ray\/\"><img loading=\"lazy\" decoding=\"async\" width=\"1024\" height=\"1024\" src=\"https:\/\/intuitivewisdom.ch\/wp-content\/uploads\/2022\/09\/Untitled-design-1024x1024.png\" alt=\"\" class=\"wp-image-938\" srcset=\"https:\/\/intuitivewisdom.ch\/wp-content\/uploads\/2022\/09\/Untitled-design-1024x1024.png 1024w, https:\/\/intuitivewisdom.ch\/wp-content\/uploads\/2022\/09\/Untitled-design-300x300.png 300w, https:\/\/intuitivewisdom.ch\/wp-content\/uploads\/2022\/09\/Untitled-design-150x150.png 150w, https:\/\/intuitivewisdom.ch\/wp-content\/uploads\/2022\/09\/Untitled-design-768x768.png 768w, https:\/\/intuitivewisdom.ch\/wp-content\/uploads\/2022\/09\/Untitled-design-12x12.png 12w, https:\/\/intuitivewisdom.ch\/wp-content\/uploads\/2022\/09\/Untitled-design.png 1080w\" sizes=\"auto, (max-width: 1024px) 100vw, 1024px\" \/><\/a><figcaption class=\"wp-element-caption\"><a href=\"https:\/\/intuitivewisdom.ch\/de\/archie-del-ray\/\" data-type=\"URL\" data-id=\"https:\/\/intuitivewisdom.ch\/archie-del-ray\/\">Archie<\/a><\/figcaption><\/figure>\n<\/div>\n\n\n\n<div class=\"wp-block-column is-layout-flow wp-block-column-is-layout-flow\">\n<figure class=\"wp-block-image size-large\"><a href=\"https:\/\/intuitivewisdom.ch\/de\/michele-brand\/\"><img loading=\"lazy\" decoding=\"async\" width=\"1024\" height=\"1024\" src=\"https:\/\/intuitivewisdom.ch\/wp-content\/uploads\/2022\/09\/1-1024x1024.png\" alt=\"\" class=\"wp-image-880\" srcset=\"https:\/\/intuitivewisdom.ch\/wp-content\/uploads\/2022\/09\/1-1024x1024.png 1024w, https:\/\/intuitivewisdom.ch\/wp-content\/uploads\/2022\/09\/1-300x300.png 300w, https:\/\/intuitivewisdom.ch\/wp-content\/uploads\/2022\/09\/1-150x150.png 150w, https:\/\/intuitivewisdom.ch\/wp-content\/uploads\/2022\/09\/1-768x768.png 768w, https:\/\/intuitivewisdom.ch\/wp-content\/uploads\/2022\/09\/1-12x12.png 12w, https:\/\/intuitivewisdom.ch\/wp-content\/uploads\/2022\/09\/1.png 1080w\" sizes=\"auto, (max-width: 1024px) 100vw, 1024px\" \/><\/a><figcaption class=\"wp-element-caption\"><a href=\"https:\/\/intuitivewisdom.ch\/de\/michele-brand\/\" data-type=\"URL\" data-id=\"https:\/\/intuitivewisdom.ch\/michele-brand\/\">Mich\u00e8le<\/a><\/figcaption><\/figure>\n<\/div>\n\n\n\n<div class=\"wp-block-column is-layout-flow wp-block-column-is-layout-flow\"><\/div>\n<\/div>","protected":false},"excerpt":{"rendered":"<p>Ob bewusst oder unbewusst, die meisten von uns haben gegen\u00fcber dem Geld eine opfer-\u00e4hnliche Haltung: Unsere&nbsp;finanzielle Situation&nbsp;ist nicht so, wie wir sie uns w\u00fcnschen, sondern&nbsp;\u00abhalt\u00bb so&nbsp;wie sie ist. Wir er\u00f6ffnen R\u00e4ume voller&nbsp;Zuversicht&nbsp;und&nbsp;Empowerment, weil wir glauben, dass jede*r sich eine Wunsch-Situation in Bezug auf seine Finanzen ertr\u00e4umen und auch realisieren kann. Was du bei uns findest: [&hellip;]<\/p>\n","protected":false},"author":2,"featured_media":0,"parent":0,"menu_order":0,"comment_status":"closed","ping_status":"closed","template":"","meta":{"footnotes":""},"class_list":["post-551","page","type-page","status-publish","hentry"],"_links":{"self":[{"href":"https:\/\/intuitivewisdom.ch\/de\/wp-json\/wp\/v2\/pages\/551","targetHints":{"allow":["GET"]}}],"collection":[{"href":"https:\/\/intuitivewisdom.ch\/de\/wp-json\/wp\/v2\/pages"}],"about":[{"href":"https:\/\/intuitivewisdom.ch\/de\/wp-json\/wp\/v2\/types\/page"}],"author":[{"embeddable":true,"href":"https:\/\/intuitivewisdom.ch\/de\/wp-json\/wp\/v2\/users\/2"}],"replies":[{"embeddable":true,"href":"https:\/\/intuitivewisdom.ch\/de\/wp-json\/wp\/v2\/comments?post=551"}],"version-history":[{"count":18,"href":"https:\/\/intuitivewisdom.ch\/de\/wp-json\/wp\/v2\/pages\/551\/revisions"}],"predecessor-version":[{"id":1342,"href":"https:\/\/intuitivewisdom.ch\/de\/wp-json\/wp\/v2\/pages\/551\/revisions\/1342"}],"wp:attachment":[{"href":"https:\/\/intuitivewisdom.ch\/de\/wp-json\/wp\/v2\/media?parent=551"}],"curies":[{"name":"wp","href":"https:\/\/api.w.org\/{rel}","templated":true}]}}