{"id":476,"date":"2022-03-31T07:46:58","date_gmt":"2022-03-31T07:46:58","guid":{"rendered":"https:\/\/intuitivewisdom.ch\/?page_id=476"},"modified":"2022-09-07T10:21:11","modified_gmt":"2022-09-07T10:21:11","slug":"moneytalk","status":"publish","type":"page","link":"https:\/\/intuitivewisdom.ch\/de\/moneytalk\/","title":{"rendered":"Change Makers \u2013 Let&#8217;s talk Money!"},"content":{"rendered":"<figure class=\"wp-block-image size-large\"><img loading=\"lazy\" decoding=\"async\" width=\"1024\" height=\"683\" src=\"https:\/\/intuitivewisdom.ch\/wp-content\/uploads\/2022\/03\/Screenshot-2022-03-31-at-22.14.03-1024x683.jpg\" alt=\"\" class=\"wp-image-487\" srcset=\"https:\/\/intuitivewisdom.ch\/wp-content\/uploads\/2022\/03\/Screenshot-2022-03-31-at-22.14.03-1024x683.jpg 1024w, https:\/\/intuitivewisdom.ch\/wp-content\/uploads\/2022\/03\/Screenshot-2022-03-31-at-22.14.03-300x200.jpg 300w, https:\/\/intuitivewisdom.ch\/wp-content\/uploads\/2022\/03\/Screenshot-2022-03-31-at-22.14.03-768x512.jpg 768w, https:\/\/intuitivewisdom.ch\/wp-content\/uploads\/2022\/03\/Screenshot-2022-03-31-at-22.14.03-1536x1024.jpg 1536w, https:\/\/intuitivewisdom.ch\/wp-content\/uploads\/2022\/03\/Screenshot-2022-03-31-at-22.14.03-2048x1366.jpg 2048w\" sizes=\"auto, (max-width: 1024px) 100vw, 1024px\" \/><\/figure>\n\n\n\n<h2 class=\"wp-block-heading\">MoneyTalk: Verantwortung \u00fcbernehmen<\/h2>\n\n\n\n<p>Ob bewusst oder unbewusst, die meisten von uns haben gegen\u00fcber dem Geld eine opfer-\u00e4hnliche Haltung: Unsere <strong>finanzielle Situation<\/strong> ist nicht so, wie wir sie uns w\u00fcnschen, sondern <strong>\u00abhalt\u00bb so<\/strong> wie sie ist.<\/p>\n\n\n\n<p>Wir er\u00f6ffnen einen Raum voller <strong>Zuversicht<\/strong> und <strong>Empowerment<\/strong>, weil wir glauben, dass jede*r sich eine Wunsch-Situation in Bezug auf seine Finanzen ertr\u00e4umen und auch realisieren kann.<\/p>\n\n\n\n<p>Wir werden also jede Menge <strong>alte Geschichten abwerfen<\/strong>, neue Glaubenss\u00e4tze installieren, lernen <strong>F\u00fclle und Freiheit zu verk\u00f6rpern<\/strong> und uns n\u00fctzliches Know-How zulegen, um den Traum gleich in Tat umzusetzen.<\/p>\n\n\n\n<h2 class=\"wp-block-heading\">Wie geht ein MoneyTalk?<\/h2>\n\n\n\n<p>Wir sitzen im Kreis, die Teilnehmenden stellen Fragen und der Facilitator geht auf die Fragen ein. Der Ablauf des Gespr\u00e4chs formt sich im Moment und baut auf den Fragen des Kreises auf. Dabei werden die Fragen nicht nur 1-zu-1 beantwortet; Wir <strong>decken den Ursprung der Fragen auf<\/strong> und schauen in die L\u00fccken. Was macht die Frage mit mir? Wie f\u00fchlt sich die Antwort in meinem K\u00f6rper an? Diese Meta-Fragen beschleunigen den Prozess der Erkenntnis und so kommen wir innert k\u00fcrzester Zeit zu <strong>tiefen Einsichten<\/strong>, die unser Leben ver\u00e4ndern.<\/p>\n\n\n\n<p>Themen, die vorkommen k\u00f6nnten, w\u00e4ren z.B.:<\/p>\n\n\n\n<ul class=\"wp-block-list\"><li>Was ist das <strong>Wesen des Geldes<\/strong>? Wie funktioniert Geld wirklich?<\/li><li>Warum haben gewisse Menschen mehr Geld und andere weniger?<\/li><li>Gibt es <strong>Gesch\u00e4ftsmodelle, die im Einklang mit einem ganzheitlichen Weltbild vereinbar sind<\/strong>?<\/li><li>Wie bringe ich meine Gaben in die \u00d6ffentlichkeit, ohne mich verkaufen zu m\u00fcssen?<\/li><li>Wie kann ich mein Mangel-Denken und andere <strong>Glaubenss\u00e4tze nachhaltig transformieren<\/strong> und F\u00fclle und Reichtum manifestieren, auch im finanziellen Bereich?<\/li><li>Was sind die Geheimnisse des nachhaltigen und gesunden Investierens?<\/li><li><strong>Sicherheit<\/strong> und <strong>Selbstwert<\/strong>: Wie kann ich mich sicher und wertvoll f\u00fchlen?<\/li><\/ul>\n\n\n\n<h2 class=\"wp-block-heading\">Dein Begleiter: Archie<\/h2>\n\n\n\n<div class=\"wp-block-columns is-layout-flex wp-container-core-columns-is-layout-9d6595d7 wp-block-columns-is-layout-flex\">\n<div class=\"wp-block-column is-layout-flow wp-block-column-is-layout-flow\" style=\"flex-basis:100%\">\n<div class=\"wp-block-columns is-layout-flex wp-container-core-columns-is-layout-9d6595d7 wp-block-columns-is-layout-flex\">\n<div class=\"wp-block-column is-vertically-aligned-center is-layout-flow wp-block-column-is-layout-flow\" style=\"flex-basis:50%\">\n<figure class=\"wp-block-image size-large\"><img loading=\"lazy\" decoding=\"async\" width=\"1011\" height=\"1024\" src=\"https:\/\/intuitivewisdom.ch\/wp-content\/uploads\/2022\/09\/Screenshot-2022-09-05-at-16.20.10-1011x1024.jpg\" alt=\"\" class=\"wp-image-786\" srcset=\"https:\/\/intuitivewisdom.ch\/wp-content\/uploads\/2022\/09\/Screenshot-2022-09-05-at-16.20.10-1011x1024.jpg 1011w, https:\/\/intuitivewisdom.ch\/wp-content\/uploads\/2022\/09\/Screenshot-2022-09-05-at-16.20.10-296x300.jpg 296w, https:\/\/intuitivewisdom.ch\/wp-content\/uploads\/2022\/09\/Screenshot-2022-09-05-at-16.20.10-768x778.jpg 768w, https:\/\/intuitivewisdom.ch\/wp-content\/uploads\/2022\/09\/Screenshot-2022-09-05-at-16.20.10-12x12.jpg 12w, https:\/\/intuitivewisdom.ch\/wp-content\/uploads\/2022\/09\/Screenshot-2022-09-05-at-16.20.10.jpg 1254w\" sizes=\"auto, (max-width: 1011px) 100vw, 1011px\" \/><\/figure>\n<\/div>\n\n\n\n<div class=\"wp-block-column is-vertically-aligned-top is-layout-flow wp-block-column-is-layout-flow\" style=\"flex-basis:50%\">\n<p>MSc Mech. Ing, Musikproduzent, Schamane, Possibility Manager, Coach und Sophist<\/p>\n\n\n\n<p>Archie hat einiges an Erfahrung im NGO-Bereich, hat sich jahrelang an eigener Haut mit Unternehmentum befasst und sich selbst ein grossz\u00fcgiges Grundeinkommen kreiert. Seine Mission ist, den Menschen im Umgang mit Geld-Themen die Spielfreude wieder zu schenken.<\/p>\n<\/div>\n<\/div>\n<\/div>\n<\/div>\n\n\n\n<h2 class=\"wp-block-heading\">N\u00e4chste Daten<\/h2>\n\n\n\n<div class=\"wp-block-columns is-layout-flex wp-container-core-columns-is-layout-9d6595d7 wp-block-columns-is-layout-flex\">\n<div class=\"wp-block-column is-layout-flow wp-block-column-is-layout-flow\" style=\"flex-basis:33.33%\">\n<p>Mi, 14. Sept 22<\/p>\n<\/div>\n\n\n\n<div class=\"wp-block-column is-layout-flow wp-block-column-is-layout-flow\" style=\"flex-basis:66.66%\">\n<p>19.00\u201321.30<br>Wir Geschichten<br>Trittligasse 16 ANNEX<br>8001 Z\u00fcrich<\/p>\n\n\n\n<p>mit Anmeldung (siehe unten)<br>Max. 10 Teilnehmende<\/p>\n<\/div>\n<\/div>\n\n\n\n<div class=\"wp-block-columns is-layout-flex wp-container-core-columns-is-layout-9d6595d7 wp-block-columns-is-layout-flex\">\n<div class=\"wp-block-column is-layout-flow wp-block-column-is-layout-flow\" style=\"flex-basis:33.33%\">\n<p>Fr, 16. Sept 22<\/p>\n<\/div>\n\n\n\n<div class=\"wp-block-column is-layout-flow wp-block-column-is-layout-flow\" style=\"flex-basis:66.66%\">\n<p>19.00\u201321.30<br>Zentrum der F\u00fclle<br>Standbachstrasse 24<br>8370 Sirnach<br><br>mit Anmeldung (siehe unten)<br>Max. 10 Teilnehmende<\/p>\n<\/div>\n<\/div>\n\n\n\n<div class=\"wp-block-columns is-layout-flex wp-container-core-columns-is-layout-9d6595d7 wp-block-columns-is-layout-flex\">\n<div class=\"wp-block-column is-layout-flow wp-block-column-is-layout-flow\" style=\"flex-basis:33.33%\">\n<p>So, 18. Sept 22<\/p>\n<\/div>\n\n\n\n<div class=\"wp-block-column is-layout-flow wp-block-column-is-layout-flow\" style=\"flex-basis:66.66%\">\n<p>17.30\u201320.00<br>B\u00e4umli-Saal<br>Rychenbergstrasse 179<br>8400 Winterthur<\/p>\n\n\n\n<p>mit Anmeldung (siehe unten)<br>Max. 10 Teilnehmende<\/p>\n<\/div>\n<\/div>\n\n\n\n<h2 class=\"wp-block-heading\">Praktische Infos<\/h2>\n\n\n\n<div class=\"wp-block-columns is-layout-flex wp-container-core-columns-is-layout-9d6595d7 wp-block-columns-is-layout-flex\">\n<div class=\"wp-block-column is-layout-flow wp-block-column-is-layout-flow\" style=\"flex-basis:33.33%\">\n<p>Eintrittspreis<\/p>\n<\/div>\n\n\n\n<div class=\"wp-block-column is-layout-flow wp-block-column-is-layout-flow\" style=\"flex-basis:66.66%\">\n<p>CHF 20 bis 50 nach Selbsteinsch\u00e4tzung<br>Oder: mach mir einen Vorschlag \ud83d\ude09<\/p>\n<\/div>\n<\/div>\n\n\n\n<div class=\"wp-block-columns is-layout-flex wp-container-core-columns-is-layout-9d6595d7 wp-block-columns-is-layout-flex\">\n<div class=\"wp-block-column is-layout-flow wp-block-column-is-layout-flow\" style=\"flex-basis:33.33%\">\n<p>Sprache<\/p>\n<\/div>\n\n\n\n<div class=\"wp-block-column is-layout-flow wp-block-column-is-layout-flow\" style=\"flex-basis:66.66%\">\n<p>Deutsch<\/p>\n<\/div>\n<\/div>\n\n\n\n<div class=\"wp-block-columns is-layout-flex wp-container-core-columns-is-layout-9d6595d7 wp-block-columns-is-layout-flex\">\n<div class=\"wp-block-column is-layout-flow wp-block-column-is-layout-flow\" style=\"flex-basis:33.33%\">\n<p>Mitnehmen<\/p>\n<\/div>\n\n\n\n<div class=\"wp-block-column is-layout-flow wp-block-column-is-layout-flow\" style=\"flex-basis:66.66%\">\n<p>Papier, wenn du dir Notizen machen willst<\/p>\n<\/div>\n<\/div>\n\n\n\n<div class=\"wp-block-columns is-layout-flex wp-container-core-columns-is-layout-9d6595d7 wp-block-columns-is-layout-flex\">\n<div class=\"wp-block-column is-layout-flow wp-block-column-is-layout-flow\" style=\"flex-basis:33.33%\">\n<p>Kontakt<\/p>\n<\/div>\n\n\n\n<div class=\"wp-block-column is-layout-flow wp-block-column-is-layout-flow\" style=\"flex-basis:66.66%\">\n<p>Hast du Fragen? Schreib mir.<\/p>\n\n\n\n<p>Telegram: (\u00e4t) archiedelray<\/p>\n\n\n\n<p>E-Mail: kontakt (\u00e4t) archiedelray.com<\/p>\n<\/div>\n<\/div>\n\n\n\n<h2 class=\"wp-block-heading\">Anmeldung<\/h2>","protected":false},"excerpt":{"rendered":"<p>MoneyTalk: Verantwortung \u00fcbernehmen Ob bewusst oder unbewusst, die meisten von uns haben gegen\u00fcber dem Geld eine opfer-\u00e4hnliche Haltung: Unsere finanzielle Situation ist nicht so, wie wir sie uns w\u00fcnschen, sondern \u00abhalt\u00bb so wie sie ist. Wir er\u00f6ffnen einen Raum voller Zuversicht und Empowerment, weil wir glauben, dass jede*r sich eine Wunsch-Situation in Bezug auf seine [&hellip;]<\/p>\n","protected":false},"author":6,"featured_media":0,"parent":0,"menu_order":0,"comment_status":"closed","ping_status":"closed","template":"","meta":{"footnotes":""},"class_list":["post-476","page","type-page","status-publish","hentry"],"_links":{"self":[{"href":"https:\/\/intuitivewisdom.ch\/de\/wp-json\/wp\/v2\/pages\/476","targetHints":{"allow":["GET"]}}],"collection":[{"href":"https:\/\/intuitivewisdom.ch\/de\/wp-json\/wp\/v2\/pages"}],"about":[{"href":"https:\/\/intuitivewisdom.ch\/de\/wp-json\/wp\/v2\/types\/page"}],"author":[{"embeddable":true,"href":"https:\/\/intuitivewisdom.ch\/de\/wp-json\/wp\/v2\/users\/6"}],"replies":[{"embeddable":true,"href":"https:\/\/intuitivewisdom.ch\/de\/wp-json\/wp\/v2\/comments?post=476"}],"version-history":[{"count":15,"href":"https:\/\/intuitivewisdom.ch\/de\/wp-json\/wp\/v2\/pages\/476\/revisions"}],"predecessor-version":[{"id":871,"href":"https:\/\/intuitivewisdom.ch\/de\/wp-json\/wp\/v2\/pages\/476\/revisions\/871"}],"wp:attachment":[{"href":"https:\/\/intuitivewisdom.ch\/de\/wp-json\/wp\/v2\/media?parent=476"}],"curies":[{"name":"wp","href":"https:\/\/api.w.org\/{rel}","templated":true}]}}