{"id":4591,"date":"2025-10-27T07:17:03","date_gmt":"2025-10-27T07:17:03","guid":{"rendered":"https:\/\/intuitivewisdom.ch\/?page_id=4591"},"modified":"2025-10-27T07:17:04","modified_gmt":"2025-10-27T07:17:04","slug":"paya-patricia","status":"publish","type":"page","link":"https:\/\/intuitivewisdom.ch\/de\/paya-patricia\/","title":{"rendered":"Paya Patricia"},"content":{"rendered":"<figure class=\"wp-block-image size-large\"><img loading=\"lazy\" decoding=\"async\" width=\"768\" height=\"1024\" src=\"https:\/\/intuitivewisdom.ch\/wp-content\/uploads\/2025\/10\/Untitled-design-768x1024.jpeg\" alt=\"\" class=\"wp-image-4592\" srcset=\"https:\/\/intuitivewisdom.ch\/wp-content\/uploads\/2025\/10\/Untitled-design-768x1024.jpeg 768w, https:\/\/intuitivewisdom.ch\/wp-content\/uploads\/2025\/10\/Untitled-design-225x300.jpeg 225w, https:\/\/intuitivewisdom.ch\/wp-content\/uploads\/2025\/10\/Untitled-design-1152x1536.jpeg 1152w, https:\/\/intuitivewisdom.ch\/wp-content\/uploads\/2025\/10\/Untitled-design-9x12.jpeg 9w, https:\/\/intuitivewisdom.ch\/wp-content\/uploads\/2025\/10\/Untitled-design.jpeg 1536w\" sizes=\"auto, (max-width: 768px) 100vw, 768px\" \/><\/figure>\n\n\n\n<p class=\"has-text-align-center\"><em>\u201eIch glaube, wenn wir uns in unserem K\u00f6rper wohl und frei f\u00fchlen, leben wir mit unserem vollen Potenzial und einer inneren Zugeh\u00f6rigkeit.\u201c<\/em><\/p>\n\n\n\n<div class=\"wp-block-columns is-layout-flex wp-container-core-columns-is-layout-9d6595d7 wp-block-columns-is-layout-flex\">\n<div class=\"wp-block-column is-layout-flow wp-block-column-is-layout-flow\" style=\"flex-basis:33.33%\">\n<p><strong>Somatic Sex Coaching<\/strong><\/p>\n<\/div>\n\n\n\n<div class=\"wp-block-column is-layout-flow wp-block-column-is-layout-flow\" style=\"flex-basis:66.66%\">\n<p>Als Somatic Sex Educator begleite ich dich haupts\u00e4chlich somatisch und du kannst dich verstanden, akzeptiert und willkommen f\u00fchlen - mit allem was du bist und denkst. Ich unterst\u00fctze dich mega gerne im Transformieren von sexuellen Blockaden, Traumata oder andere Unzufriedenheiten in Bezug auf K\u00f6rper, Sexualit\u00e4t und Intimit\u00e4t.&nbsp;<\/p>\n\n\n\n<p>Was DU mitbringen musst ist, f\u00fchlen lernen zu wollen. Du und ich arbeiten ganz nach dem Tempo deines Nervensystems und dies bedeutet meistens langsam und super achtsam. So k\u00f6nnen z.B. Blockaden entdeckt und durch neue \u201cneural pathways\u201d im K\u00f6rper aktiviert werden, welches sich dann positiv auf dein Leben auswirkt. Z.b. wieder Lust und Zugang auf N\u00e4he, Ber\u00fchrungen etc.<\/p>\n<\/div>\n<\/div>\n\n\n\n<div class=\"wp-block-columns is-layout-flex wp-container-core-columns-is-layout-9d6595d7 wp-block-columns-is-layout-flex\">\n<div class=\"wp-block-column is-layout-flow wp-block-column-is-layout-flow\" style=\"flex-basis:33.33%\">\n<p><strong>About Paya<\/strong><\/p>\n<\/div>\n\n\n\n<div class=\"wp-block-column is-layout-flow wp-block-column-is-layout-flow\" style=\"flex-basis:66.66%\">\n<p>Meine St\u00e4rke ist <strong>self-care<\/strong>.  Und trotz all dem, habe ich Tage, an denen ich mich m\u00fcde f\u00fchle, oder ausgelaugt. Doch mein Rezept ist, mir immer wieder Stunden nur f\u00fcr mich und meinen K\u00f6rper (zum Beispiel mit Brustmassage, Yonimassage, Tanzen, Yoga etc.) zu schenken. Ich nenne dies Selfcare..<\/p>\n\n\n\n<p>Wie ist DEINE Balance zwischen Leistung und Entspannung?<\/p>\n\n\n\n<p>Wie gut sp\u00fcrst du deine Grenzen und teilst sie mit?<\/p>\n\n\n\n<p>Wie gut verstehst du Konsens und wendest es an?<\/p>\n\n\n\n<p>Wie gut f\u00fchlst du dein Nein oder dein klares Ja und teilst dich authentisch mit?<\/p>\n\n\n\n<p>Wie geht es deinem Nervensystem?&nbsp;<\/p>\n\n\n\n<p>Ich unterst\u00fctze dich gerne auf spielerische Weise, zu f\u00fchlen, wahr zu nehmen und dich zu getrauen, das zu sagen, was du auch f\u00fchlst.<\/p>\n\n\n\n<p>Ich nenne dies \u201cInnere Freiheit\u201d und Selbstliebe.&nbsp;<\/p>\n<\/div>\n<\/div>\n\n\n\n<div class=\"wp-block-columns is-layout-flex wp-container-core-columns-is-layout-9d6595d7 wp-block-columns-is-layout-flex\">\n<div class=\"wp-block-column is-layout-flow wp-block-column-is-layout-flow\" style=\"flex-basis:33.33%\">\n<p><strong>Angebote<\/strong><\/p>\n<\/div>\n\n\n\n<div class=\"wp-block-column is-layout-flow wp-block-column-is-layout-flow\" style=\"flex-basis:66.66%\">\n<p><strong>Somatic Sex Coaching<\/strong> - Transformiere deine Kernblockaden und strahle innere Gl\u00fcckseligkeit aus, indem du erkundest, was dein K\u00f6rper dir sagt!<\/p>\n\n\n\n<p><strong>Brustmassage und Yoni Meditation<\/strong>- Selbstliebe und auftanken, dank viel Langsamkeit und sanften Ber\u00fchrungen.<\/p>\n\n\n\n<p><strong>Rosebud\/Anus Massage<\/strong> - Weisst du, wie lebendig du dich f\u00fchlen kannst, wenn dein Anus total entspannt und wach ist?<\/p>\n\n\n\n<p><strong>Konsens und Grenzen<\/strong> - Lerne, dein inneres Nein und Ja zu f\u00fchlen und verstehe, mit wieviel mehr Entspannung und Tiefe du mit anderen Menschen im Kontakt sein kannst, wenn du authentisch sagst, was du m\u00f6chtest.<\/p>\n<\/div>\n<\/div>\n\n\n\n<div class=\"wp-block-columns is-layout-flex wp-container-core-columns-is-layout-9d6595d7 wp-block-columns-is-layout-flex\">\n<div class=\"wp-block-column is-layout-flow wp-block-column-is-layout-flow\" style=\"flex-basis:33.33%\">\n<p><strong>Kontakt<\/strong><\/p>\n<\/div>\n\n\n\n<div class=\"wp-block-column is-layout-flow wp-block-column-is-layout-flow\" style=\"flex-basis:66.66%\">\n<p><a href=\"http:\/\/www.belovedtempel.com\/\">www.belovedtempel.com<\/a><br>Instagram: belovedtempel<\/p>\n\n\n\n<p>paya@belovedtempel.com<\/p>\n\n\n\n<p>076 402 57 07 (Telegram\/WhatsApp\/Signal)<\/p>\n<\/div>\n<\/div>\n\n\n\n<div class=\"wp-block-columns is-layout-flex wp-container-core-columns-is-layout-9d6595d7 wp-block-columns-is-layout-flex\">\n<div class=\"wp-block-column is-layout-flow wp-block-column-is-layout-flow\" style=\"flex-basis:33.33%\">\n<p><strong>Meine Werkzeugkiste<\/strong><\/p>\n<\/div>\n\n\n\n<div class=\"wp-block-column is-layout-flow wp-block-column-is-layout-flow\" style=\"flex-basis:66.66%\">\n<p>Certified Somatic Sex Educator &amp; Sexological Bodywork (Canada)<br>ISTA International School of Temple Arts &#8211; Level 1 &amp; 2<br>Tantra<br>Certified Yoga Teacher<\/p>\n<\/div>\n<\/div>","protected":false},"excerpt":{"rendered":"<p>\u201cI believe when we feel comfortable and free in our bodies, we\u2019re living at our full potential and an inner belonging!\u201c Somatic Sex Coaching As a somatic sex educator, I mainly guide you somatically, and you can feel seen, accepted, and welcome\u2014with everything you are and think. I am super happy to support you in [&hellip;]<\/p>\n","protected":false},"author":1,"featured_media":0,"parent":0,"menu_order":0,"comment_status":"closed","ping_status":"closed","template":"","meta":{"footnotes":""},"class_list":["post-4591","page","type-page","status-publish","hentry"],"_links":{"self":[{"href":"https:\/\/intuitivewisdom.ch\/de\/wp-json\/wp\/v2\/pages\/4591","targetHints":{"allow":["GET"]}}],"collection":[{"href":"https:\/\/intuitivewisdom.ch\/de\/wp-json\/wp\/v2\/pages"}],"about":[{"href":"https:\/\/intuitivewisdom.ch\/de\/wp-json\/wp\/v2\/types\/page"}],"author":[{"embeddable":true,"href":"https:\/\/intuitivewisdom.ch\/de\/wp-json\/wp\/v2\/users\/1"}],"replies":[{"embeddable":true,"href":"https:\/\/intuitivewisdom.ch\/de\/wp-json\/wp\/v2\/comments?post=4591"}],"version-history":[{"count":1,"href":"https:\/\/intuitivewisdom.ch\/de\/wp-json\/wp\/v2\/pages\/4591\/revisions"}],"predecessor-version":[{"id":4593,"href":"https:\/\/intuitivewisdom.ch\/de\/wp-json\/wp\/v2\/pages\/4591\/revisions\/4593"}],"wp:attachment":[{"href":"https:\/\/intuitivewisdom.ch\/de\/wp-json\/wp\/v2\/media?parent=4591"}],"curies":[{"name":"wp","href":"https:\/\/api.w.org\/{rel}","templated":true}]}}