{"id":429,"date":"2022-03-03T09:39:38","date_gmt":"2022-03-03T09:39:38","guid":{"rendered":"https:\/\/intuitivewisdom.ch\/?page_id=429"},"modified":"2022-03-06T10:38:27","modified_gmt":"2022-03-06T10:38:27","slug":"money-camp-marz-22","status":"publish","type":"page","link":"https:\/\/intuitivewisdom.ch\/de\/money-camp-marz-22\/","title":{"rendered":"MoneyCamp \u2013 Pr\u00e4ttigau, M\u00e4rz &#8217;22"},"content":{"rendered":"<figure class=\"wp-block-image size-large\"><img loading=\"lazy\" decoding=\"async\" width=\"1024\" height=\"689\" src=\"https:\/\/intuitivewisdom.ch\/wp-content\/uploads\/2022\/03\/Screenshot-2022-03-03-at-10.20.01-1024x689.jpg\" alt=\"\" class=\"wp-image-453\" srcset=\"https:\/\/intuitivewisdom.ch\/wp-content\/uploads\/2022\/03\/Screenshot-2022-03-03-at-10.20.01-1024x689.jpg 1024w, https:\/\/intuitivewisdom.ch\/wp-content\/uploads\/2022\/03\/Screenshot-2022-03-03-at-10.20.01-300x202.jpg 300w, https:\/\/intuitivewisdom.ch\/wp-content\/uploads\/2022\/03\/Screenshot-2022-03-03-at-10.20.01-768x517.jpg 768w, https:\/\/intuitivewisdom.ch\/wp-content\/uploads\/2022\/03\/Screenshot-2022-03-03-at-10.20.01-1536x1034.jpg 1536w, https:\/\/intuitivewisdom.ch\/wp-content\/uploads\/2022\/03\/Screenshot-2022-03-03-at-10.20.01-2048x1379.jpg 2048w\" sizes=\"auto, (max-width: 1024px) 100vw, 1024px\" \/><\/figure>\n\n\n\n<h2 class=\"wp-block-heading\">Verantwortung \u00fcbernehmen<\/h2>\n\n\n\n<p>Ob bewusst oder unbewusst, die meisten von uns haben gegen\u00fcber dem Geld eine opfer-\u00e4hnliche Haltung: Unsere finanzielle Situation ist nicht so, wie wir sie uns w\u00fcnschen, sondern \u00abhalt\u00bb so wie sie ist.<\/p>\n\n\n\n<p>Wir er\u00f6ffnen deswegen einen Raum voller Zuversicht und Empowerment, weil wir glauben, dass jede*r sich eine Wunsch-Situation in Bezug auf seine Finanzen ertr\u00e4umen kann.<\/p>\n\n\n\n<p>Wir werden also jede Menge alte Geschichten abwerfen, neue Glaubenss\u00e4tze installieren, lernen F\u00fclle und Freiheit zu verk\u00f6rpern und uns n\u00fctzliches Know-How zulegen, um den Traum gleich in Tat umzusetzen.<\/p>\n\n\n\n<h2 class=\"wp-block-heading\">Know-How f\u00fcr dein Leben<\/h2>\n\n\n\n<p>Jede Geschichte ist einzigartig und so sind auch die W\u00fcnsche in Bezug auf Finanzen sehr unterschiedlich. Wir geben dir das Wissen mit, das dich nicht nur direkt zum Ziel f\u00fchren, sondern auch die Freude am Prozess entfachen wird.<\/p>\n\n\n\n<p>Wir kl\u00e4ren im Vorgespr\u00e4ch und am Anfang des Camps deine Bed\u00fcrfnisse ab. Danach wechseln wir ab zwischen Wissensvermittlung und Einzelbegleitung.<\/p>\n\n\n\n<p>Du erh\u00e4ltst von uns einerseits wichtige Inputs zu Themen wie:<\/p>\n\n\n\n<ul class=\"wp-block-list\"><li>Pers\u00f6nliche Finanzen und Gesch\u00e4ftsmodelle<\/li><li>Prozessarbeit in Bezug auf F\u00fclle und Sicherheit<\/li><li>Marketing und Sichtbarkeit<\/li><li>Das Wesen des Geldes<\/li><li>und viele viele weitere<\/li><\/ul>\n\n\n\n<p>Andererseits begleiten wir dich bei der Entwicklung deines eigenen Projektes. Dabei spielt es keine Rolle, wo du stehst: ob du ein Hobby hast, mit dem du gerne Geld machen m\u00f6chtest, oder nur eine vage Idee davon hast, was du in die Welt setzen willst, oder noch \u00fcberhaupt keine Ahnung \u2013 wir holen dich dort ab, wo du bist und sorgen f\u00fcr sp\u00fcrbare Fortschritte.<\/p>\n\n\n\n<h2 class=\"wp-block-heading\">Deine Begleiter<\/h2>\n\n\n\n<div class=\"wp-block-columns is-layout-flex wp-container-core-columns-is-layout-9d6595d7 wp-block-columns-is-layout-flex\">\n<div class=\"wp-block-column is-layout-flow wp-block-column-is-layout-flow\" style=\"flex-basis:33.33%\">\n<p><\/p>\n\n\n\n<figure class=\"wp-block-image size-large is-style-default\"><img loading=\"lazy\" decoding=\"async\" width=\"666\" height=\"1024\" src=\"https:\/\/intuitivewisdom.ch\/wp-content\/uploads\/2022\/03\/artemi2-copy-666x1024.jpg\" alt=\"\" class=\"wp-image-454\" srcset=\"https:\/\/intuitivewisdom.ch\/wp-content\/uploads\/2022\/03\/artemi2-copy-666x1024.jpg 666w, https:\/\/intuitivewisdom.ch\/wp-content\/uploads\/2022\/03\/artemi2-copy-195x300.jpg 195w, https:\/\/intuitivewisdom.ch\/wp-content\/uploads\/2022\/03\/artemi2-copy-768x1181.jpg 768w, https:\/\/intuitivewisdom.ch\/wp-content\/uploads\/2022\/03\/artemi2-copy-998x1536.jpg 998w, https:\/\/intuitivewisdom.ch\/wp-content\/uploads\/2022\/03\/artemi2-copy-1331x2048.jpg 1331w, https:\/\/intuitivewisdom.ch\/wp-content\/uploads\/2022\/03\/artemi2-copy-scaled.jpg 1664w\" sizes=\"auto, (max-width: 666px) 100vw, 666px\" \/><\/figure>\n<\/div>\n\n\n\n<div class=\"wp-block-column is-layout-flow wp-block-column-is-layout-flow\" style=\"flex-basis:66.66%\">\n<p>Artemi<\/p>\n\n\n\n<p>MSc Mech. Ing, Musikproduzent, Schamane, Possibility Manager, Sophist und Synergetiker<\/p>\n\n\n\n<p>Artemi hat einiges an Erfahrung im NGO-Bereich, hat sich jahrelang an eigener Haut mit Unternehmentum befasst und sich selbst ein grossz\u00fcgiges Grundeinkommen kreiert. Seine Mission ist, den Menschen im Umgang mit Geld-Themen die Spielfreude wieder zu schenken.<\/p>\n<\/div>\n<\/div>\n\n\n\n<div class=\"wp-block-columns is-layout-flex wp-container-core-columns-is-layout-9d6595d7 wp-block-columns-is-layout-flex\">\n<div class=\"wp-block-column is-layout-flow wp-block-column-is-layout-flow\" style=\"flex-basis:33.33%\">\n<p><\/p>\n\n\n\n<figure class=\"wp-block-image size-large\"><img loading=\"lazy\" decoding=\"async\" width=\"683\" height=\"1024\" src=\"https:\/\/intuitivewisdom.ch\/wp-content\/uploads\/2022\/03\/michele-copy-683x1024.jpg\" alt=\"\" class=\"wp-image-456\" srcset=\"https:\/\/intuitivewisdom.ch\/wp-content\/uploads\/2022\/03\/michele-copy-683x1024.jpg 683w, https:\/\/intuitivewisdom.ch\/wp-content\/uploads\/2022\/03\/michele-copy-200x300.jpg 200w, https:\/\/intuitivewisdom.ch\/wp-content\/uploads\/2022\/03\/michele-copy-768x1152.jpg 768w, https:\/\/intuitivewisdom.ch\/wp-content\/uploads\/2022\/03\/michele-copy-1024x1536.jpg 1024w, https:\/\/intuitivewisdom.ch\/wp-content\/uploads\/2022\/03\/michele-copy-1365x2048.jpg 1365w, https:\/\/intuitivewisdom.ch\/wp-content\/uploads\/2022\/03\/michele-copy-scaled.jpg 1707w\" sizes=\"auto, (max-width: 683px) 100vw, 683px\" \/><\/figure>\n<\/div>\n\n\n\n<div class=\"wp-block-column is-layout-flow wp-block-column-is-layout-flow\" style=\"flex-basis:66.66%\">\n<p>Mich\u00e8le<\/p>\n\n\n\n<p>ThetaHealing Instruktorin, Gene Keys Guide, Gemeinschaftsbauerin, Mystikerin, Praktikerin<\/p>\n\n\n\n<p>Mich\u00e8le begleitet Dich, deine intuitiven F\u00e4higkeiten in deinen Alltag einzuweben. Sie transformiert auf nat\u00fcrliche Weise Dein Selbstverst\u00e4ndnis zu Mitgef\u00fchl und Leichtigkeit. Ihre innewohnende Forschungskraft erm\u00f6glicht ihr hinter den Vorhang der bewussten Realit\u00e4t zu blicken und dadurch tiefgreifende Heilung und Transformation zu erm\u00f6glichen.<\/p>\n<\/div>\n<\/div>\n\n\n\n<h2 class=\"wp-block-heading\">Praktische Infos<\/h2>\n\n\n\n<div class=\"wp-block-columns is-layout-flex wp-container-core-columns-is-layout-9d6595d7 wp-block-columns-is-layout-flex\">\n<div class=\"wp-block-column is-layout-flow wp-block-column-is-layout-flow\" style=\"flex-basis:33.33%\">\n<p>Programm<\/p>\n<\/div>\n\n\n\n<div class=\"wp-block-column is-layout-flow wp-block-column-is-layout-flow\" style=\"flex-basis:66.66%\">\n<p>Das Tagesprogramm wird laufend an die Bed\u00fcrfnisse der Gruppe angepasst und wird eine Mischung sein aus:<\/p>\n\n\n\n<ul class=\"wp-block-list\"><li>Workshops zu Geld, Business und Marketing<\/li><li>Pers\u00f6nliche Heilprozesse<\/li><li>Austausch mit der Gruppe<\/li><li>1-zu-1 Coachings<\/li><li>Zeit, um selbst am eigenen Projekt zu arbeiten<\/li><li>Genuss, Erholung und Integrationszeit<\/li><\/ul>\n<\/div>\n<\/div>\n\n\n\n<div class=\"wp-block-columns is-layout-flex wp-container-core-columns-is-layout-9d6595d7 wp-block-columns-is-layout-flex\">\n<div class=\"wp-block-column is-layout-flow wp-block-column-is-layout-flow\" style=\"flex-basis:33.33%\">\n<p>Wann<\/p>\n<\/div>\n\n\n\n<div class=\"wp-block-column is-layout-flow wp-block-column-is-layout-flow\" style=\"flex-basis:66.66%\">\n<p>Fr 18.3. \u2013 Mo 21.3.<\/p>\n\n\n\n<p>Anreise bereits am Donnerstag Abend ab 18h m\u00f6glich<br>Gemeinsamer Start Freitag Vormittag um 9h<\/p>\n\n\n\n<p>Abschluss Montag 16h<br>Fr\u00fchere Abreise nach Absprache m\u00f6glich<\/p>\n<\/div>\n<\/div>\n\n\n\n<div class=\"wp-block-columns is-layout-flex wp-container-core-columns-is-layout-9d6595d7 wp-block-columns-is-layout-flex\">\n<div class=\"wp-block-column is-layout-flow wp-block-column-is-layout-flow\" style=\"flex-basis:33.33%\">\n<p>Anreise<\/p>\n<\/div>\n\n\n\n<div class=\"wp-block-column is-layout-flow wp-block-column-is-layout-flow\" style=\"flex-basis:66.66%\">\n<p>Haus Chr\u00fczblick in Seewis im Pr\u00e4ttigau \/ GR<\/p>\n\n\n\n<p>Anreise mit \u00d6V \u00fcber Landquart \/ Seewis Dorf<br>Reisedauer ca. 1.5h ab Z\u00fcrich HB<\/p>\n\n\n\n<p>Parkpl\u00e4tze beim JHS verf\u00fcgbar<\/p>\n<\/div>\n<\/div>\n\n\n\n<div class=\"wp-block-columns is-layout-flex wp-container-core-columns-is-layout-9d6595d7 wp-block-columns-is-layout-flex\">\n<div class=\"wp-block-column is-layout-flow wp-block-column-is-layout-flow\" style=\"flex-basis:33.33%\">\n<p>Kosten<\/p>\n<\/div>\n\n\n\n<div class=\"wp-block-column is-layout-flow wp-block-column-is-layout-flow\" style=\"flex-basis:66.66%\">\n<p>Seminarkosten, inkl. 1-zu-1 Coachings w\u00e4hrend der 4 Tage: 450.- CHF (reduzierter Preis)<\/p>\n\n\n\n<p>zzgl. Kost &amp; Logis f\u00fcr 4 Tage und N\u00e4chte: 260.- CHF<\/p>\n\n\n\n<p>F\u00fcr Artemi&#8217;s Money-Coachees entfallen die Seminarkosten, d.h. sie zahlen nur Kost &amp; Logis.<\/p>\n\n\n\n<p>Bei finanziellen Schwierigkeiten bitten wir um Kontaktaufnahme.<\/p>\n<\/div>\n<\/div>\n\n\n\n<div class=\"wp-block-columns is-layout-flex wp-container-core-columns-is-layout-9d6595d7 wp-block-columns-is-layout-flex\">\n<div class=\"wp-block-column is-layout-flow wp-block-column-is-layout-flow\" style=\"flex-basis:33.33%\">\n<p>Teilnahmebedingungen<\/p>\n<\/div>\n\n\n\n<div class=\"wp-block-column is-layout-flow wp-block-column-is-layout-flow\" style=\"flex-basis:66.66%\">\n<p>Maximal 8 Teilnehmer*innen<\/p>\n\n\n\n<p>An- oder Abmeldung bis Sonntag 13. M\u00e4rz m\u00f6glich.<\/p>\n\n\n\n<p>Bei kurzfristiger Absage nach dem 13. M\u00e4rz ist eine Geb\u00fchr von 150.- CHF zu bezahlen.<\/p>\n<\/div>\n<\/div>\n\n\n\n<div class=\"wp-block-buttons is-content-justification-center is-layout-flex wp-container-core-buttons-is-layout-16018d1d wp-block-buttons-is-layout-flex\">\n<div class=\"wp-block-button\"><a class=\"wp-block-button__link\" href=\"https:\/\/forms.gle\/qJyjaHWbueqw8Dk56\" target=\"_blank\" rel=\"noreferrer noopener\">Jetzt anmelden<\/a><\/div>\n<\/div>\n\n\n\n<p><\/p>","protected":false},"excerpt":{"rendered":"<p>Verantwortung \u00fcbernehmen Ob bewusst oder unbewusst, die meisten von uns haben gegen\u00fcber dem Geld eine opfer-\u00e4hnliche Haltung: Unsere finanzielle Situation ist nicht so, wie wir sie uns w\u00fcnschen, sondern \u00abhalt\u00bb so wie sie ist. Wir er\u00f6ffnen deswegen einen Raum voller Zuversicht und Empowerment, weil wir glauben, dass jede*r sich eine Wunsch-Situation in Bezug auf seine [&hellip;]<\/p>\n","protected":false},"author":2,"featured_media":0,"parent":0,"menu_order":0,"comment_status":"closed","ping_status":"closed","template":"","meta":{"footnotes":""},"class_list":["post-429","page","type-page","status-publish","hentry"],"_links":{"self":[{"href":"https:\/\/intuitivewisdom.ch\/de\/wp-json\/wp\/v2\/pages\/429","targetHints":{"allow":["GET"]}}],"collection":[{"href":"https:\/\/intuitivewisdom.ch\/de\/wp-json\/wp\/v2\/pages"}],"about":[{"href":"https:\/\/intuitivewisdom.ch\/de\/wp-json\/wp\/v2\/types\/page"}],"author":[{"embeddable":true,"href":"https:\/\/intuitivewisdom.ch\/de\/wp-json\/wp\/v2\/users\/2"}],"replies":[{"embeddable":true,"href":"https:\/\/intuitivewisdom.ch\/de\/wp-json\/wp\/v2\/comments?post=429"}],"version-history":[{"count":12,"href":"https:\/\/intuitivewisdom.ch\/de\/wp-json\/wp\/v2\/pages\/429\/revisions"}],"predecessor-version":[{"id":458,"href":"https:\/\/intuitivewisdom.ch\/de\/wp-json\/wp\/v2\/pages\/429\/revisions\/458"}],"wp:attachment":[{"href":"https:\/\/intuitivewisdom.ch\/de\/wp-json\/wp\/v2\/media?parent=429"}],"curies":[{"name":"wp","href":"https:\/\/api.w.org\/{rel}","templated":true}]}}