{"id":4144,"date":"2025-05-17T04:51:57","date_gmt":"2025-05-17T04:51:57","guid":{"rendered":"https:\/\/intuitivewisdom.ch\/?page_id=4144"},"modified":"2025-07-31T07:07:50","modified_gmt":"2025-07-31T07:07:50","slug":"community-evening","status":"publish","type":"page","link":"https:\/\/intuitivewisdom.ch\/de\/community-evening\/","title":{"rendered":"COMMUNITY EVENING"},"content":{"rendered":"\n<figure class=\"wp-block-image size-large\"><img loading=\"lazy\" decoding=\"async\" width=\"1024\" height=\"1024\" src=\"https:\/\/intuitivewisdom.ch\/wp-content\/uploads\/2025\/05\/IMG_0131-1024x1024.jpeg\" alt=\"\" class=\"wp-image-4145\" srcset=\"https:\/\/intuitivewisdom.ch\/wp-content\/uploads\/2025\/05\/IMG_0131-1024x1024.jpeg 1024w, https:\/\/intuitivewisdom.ch\/wp-content\/uploads\/2025\/05\/IMG_0131-300x300.jpeg 300w, https:\/\/intuitivewisdom.ch\/wp-content\/uploads\/2025\/05\/IMG_0131-150x150.jpeg 150w, https:\/\/intuitivewisdom.ch\/wp-content\/uploads\/2025\/05\/IMG_0131-768x768.jpeg 768w, https:\/\/intuitivewisdom.ch\/wp-content\/uploads\/2025\/05\/IMG_0131-12x12.jpeg 12w, https:\/\/intuitivewisdom.ch\/wp-content\/uploads\/2025\/05\/IMG_0131.jpeg 1080w\" sizes=\"auto, (max-width: 1024px) 100vw, 1024px\" \/><\/figure>\n\n\n\n<p class=\"has-text-align-center\">Willkommen zu unseren regelm\u00e4ssigen Community Evenings.<br>Intuitive Wisdom steht f\u00fcr transformative Erfahrungsr\u00e4ume und Kulturgestaltung rund um K\u00f6rper, Sexualit\u00e4t und Gemeinschaft.<\/p>\n\n\n\n<pre class=\"wp-block-preformatted\">N\u00e4chster COMMUNITY EVENING: <strong>Do 17. Juli<\/strong>,<strong> 19:00, Z\u00fcrich<\/strong>, Kollekte<br><em>Thema: <strong>GEF\u00dcHLE<\/strong> \u2026 \u2018es gibt keine negativen Gef\u00fchle\u2018. Kannst du deine authentischen Gef\u00fchle annehmen und f\u00fchlst dich damit sicher im Kontakt mit anderen?<\/em><\/pre>\n\n\n\n<p>Die Community Evenings sind Begegnungsr\u00e4ume f\u00fcr <strong>deine pers\u00f6nliche Weiterentwicklung<\/strong> (jeder Abend ist einem Thema gewidmet), sowie zum sein, sich mitteilen, sich gehalten f\u00fchlen, Gemeinschaft. Wir wollen hier gemeinsam einen <strong>Beziehungsraum<\/strong> schaffen &#8211; wo authentische Begegnung, K\u00f6rperkontakt, Kuscheln und Bezogenheit <strong>m\u00f6glich ist, sich sicher anf\u00fchlt und erf\u00fcllt<\/strong>.<\/p>\n\n\n\n<p>Egal ob du neu im <strong>Feld von authentischer Begegnungskultur<\/strong> bist oder schon regelm\u00e4ssig zu solchen Events kommst, f\u00fchl dich eingeladen zu einem entspannten und lehrreichen Abend mit:<\/p>\n\n\n\n<ul class=\"wp-block-list\">\n<li>authentischen und respektvollen Begegnungen<\/li>\n\n\n\n<li>bewusster Ber\u00fchrung und K\u00f6rperkontakt<\/li>\n\n\n\n<li>Inklusion und Gemeinschaft.<\/li>\n<\/ul>\n\n\n\n<p>Anders als bei anderen unserer Events sind die Community Evenings <strong>touch-positive<\/strong>, aber nicht sex-positive. Ber\u00fchrung, K\u00f6rperkontakt und Kuscheln sind willkommen &#8211; Nacktheit und Ber\u00fchrungen im Intimbereich sind nicht erlaubt. <\/p>\n\n\n\n<hr class=\"wp-block-separator has-alpha-channel-opacity\"\/>\n\n\n\n<p class=\"has-text-align-center\"><strong>ABLAUF<\/strong><\/p>\n\n\n\n<p>18:30h T\u00fcr\u00f6ffnung &amp; Aufbau<br>19:00h-20:00h gemeinsamer Start, Agreements, Thema vom Abend<br>~20:00h-22:00h Sharing Circle, Free Flow<br>22:00h Aufr\u00e4umen<\/p>\n\n\n\n<p>Der Abend wird geleitet von ein\/zwei Organisator*innen vom IntuitiveWisdom Team und ist auf Kollektenbasis. Du kannst den Event gerne unterst\u00fctzen mit einem Beitrag von 30.-.<\/p>\n\n\n\n<hr class=\"wp-block-separator has-alpha-channel-opacity\"\/>\n\n\n\n<p class=\"has-text-align-center\"><strong>ANMELDUNG<\/strong><\/p>\n\n\n\n<p>Wenn du am n\u00e4chsten Community Evening dabei sein m\u00f6chtest, bitte lies diese ganze Seite sorgf\u00e4ltig durch und sende eine Nachricht an Mich\u00e8le (<a href=\"https:\/\/t.me\/MicheleBrand\" data-type=\"link\" data-id=\"https:\/\/t.me\/MicheleBrand\" target=\"_blank\" rel=\"noreferrer noopener\">Telegramm<\/a>) mit folgendem Text und einem aktuellen Bild von dir:<\/p>\n\n\n\n<p><em>Hallo, ich bin [dein Name] und m\u00f6chte gerne an den n\u00e4chsten Community Evening kommen, weil [dein Grund]. Ich verstehe die Agreements und werde mich daran halten. Hat es noch Platz f\u00fcr mich?<\/em><\/p>\n\n\n\n<hr class=\"wp-block-separator has-alpha-channel-opacity\"\/>\n\n\n\n<p class=\"has-text-align-center has-large-font-size\"><strong>AGREEMENTS<\/strong><\/p>\n\n\n\n<p class=\"has-text-align-center\">Sharing &#8211; Touch-Positivity &#8211; Community<\/p>\n\n\n\n<p>Bitte lies die Agreements sorgf\u00e4ltig durch und komme auf uns zu, falls du etwas nicht verstehst. Die Agreements sind daf\u00fcr da, um einen Rahmen zu schaffen, in welchem sich alle willkommen und sicher f\u00fchlen k\u00f6nnen. Und da es speziell hier auch um Ber\u00fchrung und K\u00f6rperkontakt geht, m\u00f6chten wir, dass alle mit dem Verst\u00e4ndnis und der Bereitschaft kommen, wie wir diese Form von Interaktion gemeinsam navigieren.<\/p>\n\n\n\n<ul class=\"wp-block-list\">\n<li><strong>Drogen- &amp;Alkoholfrei<\/strong>: Komm n\u00fcchtern und lass deinen Stoff zuhause oder in der Tasche.<\/li>\n<\/ul>\n\n\n\n<p><strong>SHARING<\/strong><\/p>\n\n\n\n<p>Wir m\u00f6chten einen sicheren, offenen Raum schaffen, in dem sich alle mit ihren Themen zeigen und mitteilen k\u00f6nnen und sich dabei gesehen f\u00fchlen:<\/p>\n\n\n\n<ul class=\"wp-block-list\">\n<li><strong>Vertraulichkeit<\/strong>: Alles, was hier gesagt, gesehen oder erlebt wird, bleibt privat.<\/li>\n<\/ul>\n\n\n\n<ul class=\"wp-block-list\">\n<li><strong>Ehrliches Teilen<\/strong>: Sprich in Ich-Form (z.B. \u201eIch f\u00fchle&#8230;\u201c, \u201eIch nehme wahr\u2026\u201c), aus deinem Herz, deinem K\u00f6rper, dem Hier und Jetzt. Teile deine inneren Wahrnehmungen, Erfahrungen und Bed\u00fcrfnisse oder was dich gerade besch\u00e4ftigt.<\/li>\n<\/ul>\n\n\n\n<ul class=\"wp-block-list\">\n<li><strong>Respekt &amp; Vielfalt<\/strong>: Alle Menschen sind willkommen, unabh\u00e4ngig von Gender, sexueller Orientierung, Herkunft, Religion usw. \u2013 \u00fcbe mitf\u00fchlendes Zuh\u00f6ren, gib keine Ratschl\u00e4ge, und beobachte eigene Urteile. Hole bei Bedarf Unterst\u00fctzung bei den Organisator*innen (bdO.) falls du dich in Bewertungen verstrickst oder dich abgewertet f\u00fchlst.<\/li>\n<\/ul>\n\n\n\n<p><strong>TOUCH-POSITIVITY<\/strong><\/p>\n\n\n\n<p>Uns ist wichtig, einen klaren Erfahrungsraum rund um N\u00e4he, Kuscheln und K\u00f6rperkontakt zu gestalten &#8211; sicher, einvernehmlich und klar non-sexual:<\/p>\n\n\n\n<ul class=\"wp-block-list\">\n<li><strong>Fragen statt Annahmen<\/strong>: Frage vor Ber\u00fchrung, da nicht alle Ber\u00fchrungen erw\u00fcnscht sind.<\/li>\n<\/ul>\n\n\n\n<ul class=\"wp-block-list\">\n<li><strong>Klare Kommunikation<\/strong>: Formuliere deine W\u00fcnsche direkt, klar und ohne unausgesprochene Hintergedanken.<\/li>\n<\/ul>\n\n\n\n<ul class=\"wp-block-list\">\n<li><strong>Grenzen respektieren<\/strong>: Respektiere ein Nein ohne es zu hinterfragen und bedanke dich, f\u00fcr die Ehrlichkeit. Achtung vor Freeze-, Fawn- und Gaslighting-Verhalten. Wenn du selbst Schwierigkeiten hast, deine Grenzen zu kommunizieren, oder dich die Grenzen von anderen verunsichern, hole dir Unterst\u00fctzung bdO.<\/li>\n<\/ul>\n\n\n\n<ul class=\"wp-block-list\">\n<li><strong>Signal B\u00e4nder<\/strong>: Rote B\u00e4nder bedeuten, dass kein K\u00f6rperkontakt gew\u00fcnscht ist.<\/li>\n<\/ul>\n\n\n\n<ul class=\"wp-block-list\">\n<li><strong>Keine sexuelle Intimit\u00e4t<\/strong>: Kuscheln und Ber\u00fchrungen sind erw\u00fcnscht, aber ohne sexuelle Konnotation oder Ber\u00fchrung vom Intimbereich.&nbsp;Bei aufkommender sexueller Aktivierung, behalte die Energie bei dir selbst und reguliere diese wieder runter, um den Raum klar non-sexuell f\u00fcr alle zu halten. Hole dir Unterst\u00fctzung bdO, falls du damit \u00fcberfordert bist. Sexuelle Aktivierung: Tunnelblick wie z.B. eine Attraktion, welcher du aktiv nachjagst; eine erotische Sehnsucht, welche du erlechzt, und plain-old erotische Erregung. <em>Der Grund f\u00fcr den non-sexuellen Ber\u00fchrungsraum : Wir machen uns bewusst frei von der kulturellen Vorstellung oder Erwartung, dass sinnliche Ber\u00fchrung oder Kuscheln immer der Anfang einer sexuellen Interaktion sein m\u00fcssen, dadurch schaffen wir Raum f\u00fcr mehr N\u00e4he und Ber\u00fchrung<\/em>.<\/li>\n<\/ul>\n\n\n\n<ul class=\"wp-block-list\">\n<li><strong>Bei Grenzverletzungen<\/strong>: Wenn du dich w\u00e4hrend des Events in einer schwierigen Situation befindest oder andere siehst, denen es nicht gut geht, hole dir Unterst\u00fctzung bdO. Auch wenn dir sp\u00e4ter unpassendes Verhalten oder Grenz\u00fcberschreitungen bewusst werden, z\u00f6gere nicht, Kontakt aufzunehmen. Es ist uns wichtig, einen sicheren Raum zu wahren, und wir nehmen Verhalten, das diesen gef\u00e4hrdet, ernst. Mit deiner Teilnahme verpflichtest du dich, f\u00fcr einvernehmliche Interaktionen verantwortlich zu sein. Bei wiederholtem \u00fcbergriffigem Verhalten behalten wir uns vor, dich von der Veranstaltung auszuschlie\u00dfen.<\/li>\n<\/ul>\n\n\n\n<p><strong>COMMUNITY<\/strong><\/p>\n\n\n\n<p>Dieses Event ist eine Gemeinschaftserfahrung, kein Dating-Plattform. Wir wollen gemeinsam ein integrativen, verbundenen Raum gestalten:<\/p>\n\n\n\n<ul class=\"wp-block-list\">\n<li><strong>Aktive Mitgestaltung<\/strong>: Gehe auch Menschen in Kontakt, die du noch nicht kennst oder deiner regul\u00e4ren Komfortzone entsprechen. Finde einen gemeinsamen \u201eintimate meeting point\u201c mit potentiell allen Teilnehmenden &#8211; innerhalb deiner Grenzen.<\/li>\n<\/ul>\n\n\n\n<ul class=\"wp-block-list\">\n<li><strong>Verantwortung bei Konflikten<\/strong>: Grenzverletzungen, Trigger oder Konflikte offen und empathisch ansprechen oder Unterst\u00fctzung bdO holen. Bei Konfliktfeedback pr\u00e4sent und offen bleiben, mit der Erfahrung deines Gegen\u00fcbers mitf\u00fchlen und nachsp\u00fcren, wie dein Verhalten andere Menschen beeinflusst.<\/li>\n<\/ul>\n\n\n\n<ul class=\"wp-block-list\">\n<li><strong>Konflikte kl\u00e4ren<\/strong>: Gemeinsam dranbleiben, bis sich der Konflikt f\u00fcr alle Betroffenen gel\u00f6st hat.<\/li>\n<\/ul>\n","protected":false},"excerpt":{"rendered":"<p>Willkommen zu unseren regelm\u00e4ssigen Community Evenings.Intuitive Wisdom steht f\u00fcr transformative Erfahrungsr\u00e4ume und Kulturgestaltung rund um K\u00f6rper, Sexualit\u00e4t und Gemeinschaft. N\u00e4chster COMMUNITY EVENING: Do 17. Juli, 19:00, Z\u00fcrich, KollekteThema: GEF\u00dcHLE \u2026 \u2018es gibt keine negativen Gef\u00fchle\u2018. Kannst du deine authentischen Gef\u00fchle annehmen und f\u00fchlst dich damit sicher im Kontakt mit anderen? Die Community Evenings sind Begegnungsr\u00e4ume [&hellip;]<\/p>\n","protected":false},"author":1,"featured_media":0,"parent":0,"menu_order":0,"comment_status":"closed","ping_status":"closed","template":"","meta":{"footnotes":""},"class_list":["post-4144","page","type-page","status-publish","hentry"],"_links":{"self":[{"href":"https:\/\/intuitivewisdom.ch\/de\/wp-json\/wp\/v2\/pages\/4144","targetHints":{"allow":["GET"]}}],"collection":[{"href":"https:\/\/intuitivewisdom.ch\/de\/wp-json\/wp\/v2\/pages"}],"about":[{"href":"https:\/\/intuitivewisdom.ch\/de\/wp-json\/wp\/v2\/types\/page"}],"author":[{"embeddable":true,"href":"https:\/\/intuitivewisdom.ch\/de\/wp-json\/wp\/v2\/users\/1"}],"replies":[{"embeddable":true,"href":"https:\/\/intuitivewisdom.ch\/de\/wp-json\/wp\/v2\/comments?post=4144"}],"version-history":[{"count":67,"href":"https:\/\/intuitivewisdom.ch\/de\/wp-json\/wp\/v2\/pages\/4144\/revisions"}],"predecessor-version":[{"id":4427,"href":"https:\/\/intuitivewisdom.ch\/de\/wp-json\/wp\/v2\/pages\/4144\/revisions\/4427"}],"wp:attachment":[{"href":"https:\/\/intuitivewisdom.ch\/de\/wp-json\/wp\/v2\/media?parent=4144"}],"curies":[{"name":"wp","href":"https:\/\/api.w.org\/{rel}","templated":true}]}}