{"id":4047,"date":"2025-04-28T05:12:29","date_gmt":"2025-04-28T05:12:29","guid":{"rendered":"https:\/\/intuitivewisdom.ch\/?page_id=4047"},"modified":"2025-05-20T02:08:19","modified_gmt":"2025-05-20T02:08:19","slug":"slow-sex","status":"publish","type":"page","link":"https:\/\/intuitivewisdom.ch\/de\/slow-sex\/","title":{"rendered":"SLOW SEX"},"content":{"rendered":"<hr class=\"wp-block-separator has-alpha-channel-opacity\"\/>\n\n\n\n<figure class=\"wp-block-image size-large\"><img loading=\"lazy\" decoding=\"async\" width=\"1024\" height=\"1024\" src=\"https:\/\/intuitivewisdom.ch\/wp-content\/uploads\/2024\/09\/19-1024x1024.jpg\" alt=\"\" class=\"wp-image-3254\" srcset=\"https:\/\/intuitivewisdom.ch\/wp-content\/uploads\/2024\/09\/19-1024x1024.jpg 1024w, https:\/\/intuitivewisdom.ch\/wp-content\/uploads\/2024\/09\/19-300x300.jpg 300w, https:\/\/intuitivewisdom.ch\/wp-content\/uploads\/2024\/09\/19-150x150.jpg 150w, https:\/\/intuitivewisdom.ch\/wp-content\/uploads\/2024\/09\/19-768x768.jpg 768w, https:\/\/intuitivewisdom.ch\/wp-content\/uploads\/2024\/09\/19-12x12.jpg 12w, https:\/\/intuitivewisdom.ch\/wp-content\/uploads\/2024\/09\/19.jpg 1080w\" sizes=\"auto, (max-width: 1024px) 100vw, 1024px\" \/><\/figure>\n\n\n\n<p>Slow Sex ist entspannen, loslassen, ankommen lernen.<br>Slow Sex ist ins wahrnehmen, f\u00fchlen, sp\u00fcren kommen.<br>Slow Sex ist den inneren Wellen lauschen und nachgeben.<\/p>\n\n\n\n<div class=\"wp-block-columns is-layout-flex wp-container-core-columns-is-layout-9d6595d7 wp-block-columns-is-layout-flex\">\n<div class=\"wp-block-column is-layout-flow wp-block-column-is-layout-flow\">\n<p class=\"has-text-align-center\">Gib deinem K\u00f6rper und deiner authentischen Sexualit\u00e4t eine Chance.<\/p>\n<\/div>\n\n\n\n<div class=\"wp-block-column is-layout-flow wp-block-column-is-layout-flow\">\n<p class=\"has-text-align-center\">Lerne, dich auf eine tiefere Ebene von Verbindung und Kontakt einzulassen.<\/p>\n<\/div>\n\n\n\n<div class=\"wp-block-column is-layout-flow wp-block-column-is-layout-flow\">\n<p class=\"has-text-align-center\">Komm an im Jetzt &#8211; in den Wellen vom Moment &#8211; Unendlichkeit &#8211; F\u00fclle &#8211; Tiefe \u2026<\/p>\n<\/div>\n<\/div>\n\n\n\n<hr class=\"wp-block-separator has-alpha-channel-opacity\"\/>\n\n\n\n<div class=\"wp-block-columns is-layout-flex wp-container-core-columns-is-layout-9d6595d7 wp-block-columns-is-layout-flex\">\n<div class=\"wp-block-column is-layout-flow wp-block-column-is-layout-flow\" style=\"flex-basis:66.66%\">\n<p class=\"has-text-align-left\"><strong>N\u00e4chste Events:<\/strong><\/p>\n\n\n\n<p><em>\u2026 momentan haben wir keine n\u00e4chsten Events &amp; Seminare ausgeschrieben. Bleibe informiert \u00fcber unsere Newsletter, Instagram oder Telegramkanal, welche du auf der Seite unten findest.<\/em><\/p>\n<\/div>\n\n\n\n<div class=\"wp-block-column is-layout-flow wp-block-column-is-layout-flow\" style=\"flex-basis:33.33%\">\n<figure class=\"wp-block-image size-large\"><img loading=\"lazy\" decoding=\"async\" width=\"649\" height=\"1024\" src=\"https:\/\/intuitivewisdom.ch\/wp-content\/uploads\/2024\/09\/photo_5951920479017222367_y-649x1024.jpg\" alt=\"\" class=\"wp-image-3292\" srcset=\"https:\/\/intuitivewisdom.ch\/wp-content\/uploads\/2024\/09\/photo_5951920479017222367_y-649x1024.jpg 649w, https:\/\/intuitivewisdom.ch\/wp-content\/uploads\/2024\/09\/photo_5951920479017222367_y-190x300.jpg 190w, https:\/\/intuitivewisdom.ch\/wp-content\/uploads\/2024\/09\/photo_5951920479017222367_y-768x1212.jpg 768w, https:\/\/intuitivewisdom.ch\/wp-content\/uploads\/2024\/09\/photo_5951920479017222367_y-8x12.jpg 8w, https:\/\/intuitivewisdom.ch\/wp-content\/uploads\/2024\/09\/photo_5951920479017222367_y.jpg 811w\" sizes=\"auto, (max-width: 649px) 100vw, 649px\" \/><figcaption class=\"wp-element-caption\">Moderation:&nbsp;<a href=\"https:\/\/www.rogerspiess.ch\/%C3%BCber-mich\" target=\"_blank\" rel=\"noreferrer noopener\"><\/a><a href=\"https:\/\/intuitivewisdom.ch\/de\/michele-brand\/\" target=\"_blank\" rel=\"noreferrer noopener\">Mich\u00e8le<\/a> &amp; <a href=\"https:\/\/www.rogerspiess.ch\/%C3%BCber-mich\" target=\"_blank\" rel=\"noreferrer noopener\">Roger<\/a><\/figcaption><\/figure>\n<\/div>\n<\/div>\n\n\n\n<hr class=\"wp-block-separator has-alpha-channel-opacity\"\/>\n\n\n\n<p class=\"has-text-align-center\"><em>LERNE &#8211; VERTIEFE &#8211; INTEGRIERE SLOW SEX MIT UNS<\/em><br><em><strong>\u2026 unsere Angebotspalette:<\/strong><\/em><\/p>\n\n\n\n<p><strong>In-Person Workshops &amp; Seminare<\/strong><br>SlowSex Teaser Nachmittag f\u00fcr Paare &#8211; 6 Stunden<br>SlowSex Level 1 *GETTING-TO-KNOW f\u00fcr Paare &#8211; 2 Tage<br>SlowSex Level 2 *DEEPENING f\u00fcr Paare &#8211; 4 Tage<br>SlowSex Level 3 *MASTERY f\u00fcr Paare &#8211; 3 Monate Online &amp; 4 Tage<br>SlowSex Orgy *LOVE-CEREMONY f\u00fcr Einzelpersonen &#8211; 4 Tage<\/p>\n\n\n\n<p><strong>Online Lernbibliothek<\/strong><br><a href=\"https:\/\/youtu.be\/3dUzCQcWZOw?si=2vcVRb7xRfVtVFoS\" data-type=\"link\" data-id=\"https:\/\/youtu.be\/3dUzCQcWZOw?si=2vcVRb7xRfVtVFoS\" target=\"_blank\" rel=\"noreferrer noopener\">Der SEX Kurs : Online Webinar (Youtube)<\/a><\/p>\n\n\n\n<p><strong>1:1 Sessions f\u00fcr Einzelpersonen und Paare<\/strong><br>Begleitung f\u00fcr Paare &#8211; mit Roger &amp; Michele &#8211; 160.-\/h &#8211; Z\u00fcrich od. Online<br>Erfahrungsraum f\u00fcr M\u00e4nner od. Quere &#8211; mit Mich\u00e8le &#8211; 400.-\/3h &#8211; Z\u00fcrich<br>Erfahrungsraum f\u00fcr Frauen od. Quere &#8211; mit Roger &#8211; 400.-\/3h &#8211; Z\u00fcrich<\/p>\n\n\n\n<hr class=\"wp-block-separator has-alpha-channel-opacity\"\/>\n\n\n\n<h2 class=\"wp-block-heading has-text-align-center\"><strong>Slow Sex Level 2 *DEEPENING f\u00fcr Paare<\/strong><\/h2>\n\n\n\n<p><strong>F\u00fcr wen.<\/strong> Dieses <strong>Wochenend-Retreat<\/strong> richtet sich an Paare, welche ihre Sexualit\u00e4t in eine ganz neue, tiefe Ebene weiter entwickeln m\u00f6chten. Menschen die sp\u00fcren, da ist noch viel mehr m\u00f6glich, da sind noch so viele Energien die zwar sp\u00fcrbar sind, aber da ist noch kein Weg diese auch zu leben. F\u00fcr Paare, die ihrer Sexualit\u00e4t neue Dimensionen hinzu f\u00fcgen m\u00f6chten. Menschen, die einfach nicht wirklich mit der im Moment gelebten Sexualit\u00e4t zufrieden sind. Wenn Sexualit\u00e4t in jenem Routine-Karussell gelandet ist, welche ihre Energie zu ersticken droht.<\/p>\n\n\n\n<div class=\"wp-block-columns is-layout-flex wp-container-core-columns-is-layout-9d6595d7 wp-block-columns-is-layout-flex\">\n<div class=\"wp-block-column is-layout-flow wp-block-column-is-layout-flow\" style=\"flex-basis:66.66%\">\n<p class=\"has-text-align-center\"><strong>SLOW SEX RETREAT<\/strong><br><strong>FOR COUPLES<br><\/strong>10.-13. April \u201925<strong><br><\/strong>Ankommen Donnerstag 14h<br>Abreise Sonntag 14h<br><a href=\"https:\/\/seminare-glarisegg.ch\/\" data-type=\"link\" data-id=\"https:\/\/www.schweibenalp.ch\/\" target=\"_blank\" rel=\"noreferrer noopener\">Schloss Glarisegg<\/a><\/p>\n\n\n\n<div class=\"wp-block-buttons is-content-justification-center is-layout-flex wp-container-core-buttons-is-layout-16018d1d wp-block-buttons-is-layout-flex\">\n<div class=\"wp-block-button is-style-outline is-style-outline--1\"><a class=\"wp-block-button__link wp-element-button\" href=\"https:\/\/forms.gle\/bGH6WZEbWUPKkLZs6\" target=\"_blank\" rel=\"noreferrer noopener\">Anmeldeformular Retreat<\/a><\/div>\n<\/div>\n\n\n\n<p class=\"has-text-align-center\">Seminarkosten pro Person 400.- CHF<br>+ Vollpension DZ <a href=\"https:\/\/www.schweibenalp.ch\/preise\/\" data-type=\"link\" data-id=\"https:\/\/www.schweibenalp.ch\/preise\/\" target=\"_blank\" rel=\"noreferrer noopener\">405.- CHF<\/a> pro Person<br>~10 Paare, ~3 Assistenten*<\/p>\n<\/div>\n\n\n\n<div class=\"wp-block-column is-layout-flow wp-block-column-is-layout-flow\" style=\"flex-basis:33.33%\">\n<figure class=\"wp-block-image size-large\"><img loading=\"lazy\" decoding=\"async\" width=\"649\" height=\"1024\" src=\"https:\/\/intuitivewisdom.ch\/wp-content\/uploads\/2024\/09\/photo_5951920479017222367_y-649x1024.jpg\" alt=\"\" class=\"wp-image-3292\" srcset=\"https:\/\/intuitivewisdom.ch\/wp-content\/uploads\/2024\/09\/photo_5951920479017222367_y-649x1024.jpg 649w, https:\/\/intuitivewisdom.ch\/wp-content\/uploads\/2024\/09\/photo_5951920479017222367_y-190x300.jpg 190w, https:\/\/intuitivewisdom.ch\/wp-content\/uploads\/2024\/09\/photo_5951920479017222367_y-768x1212.jpg 768w, https:\/\/intuitivewisdom.ch\/wp-content\/uploads\/2024\/09\/photo_5951920479017222367_y-8x12.jpg 8w, https:\/\/intuitivewisdom.ch\/wp-content\/uploads\/2024\/09\/photo_5951920479017222367_y.jpg 811w\" sizes=\"auto, (max-width: 649px) 100vw, 649px\" \/><figcaption class=\"wp-element-caption\">Moderation:&nbsp;<a href=\"https:\/\/www.rogerspiess.ch\/%C3%BCber-mich\" target=\"_blank\" rel=\"noreferrer noopener\">Roger<\/a>&nbsp;&amp;&nbsp;<a href=\"https:\/\/intuitivewisdom.ch\/de\/michele-brand\/\" target=\"_blank\" rel=\"noreferrer noopener\">Mich\u00e8le<\/a><\/figcaption><\/figure>\n<\/div>\n<\/div>\n\n\n\n<p><em>Falls du (\/ ihr) dich in einer finanziell nicht-privilegierten Situation befindest, und dennoch teilnehmen m\u00f6chtest, kannst du dich <a href=\"https:\/\/forms.gle\/AGN3XWAwfhDhbqvb8\" data-type=\"link\" data-id=\"https:\/\/forms.gle\/AGN3XWAwfhDhbqvb8\" target=\"_blank\" rel=\"noreferrer noopener\">\u00fcber dieses Formular<\/a> f\u00fcr eine Verg\u00fcnstigung bewerben.<\/em><\/p>\n\n\n\n<hr class=\"wp-block-separator has-alpha-channel-opacity\"\/>\n\n\n\n<p class=\"has-text-align-left\"><strong>Slow Sex.<\/strong> An diesem Wochenende lernen wir Slow Sex kennen. Nein, es ist nicht nur das, was der Name schon sagt, einfach langsamer Sex. Es geht vielmehr zuerst um das Endschleunigen der Lust, welche uns so oft vom tieferen, wahren Geniessen abhalten.<\/p>\n\n\n\n<figure class=\"wp-block-image size-large\"><img loading=\"lazy\" decoding=\"async\" width=\"1024\" height=\"652\" src=\"https:\/\/intuitivewisdom.ch\/wp-content\/uploads\/2024\/07\/IMG_0012-1024x652.jpeg\" alt=\"\" class=\"wp-image-3007\" srcset=\"https:\/\/intuitivewisdom.ch\/wp-content\/uploads\/2024\/07\/IMG_0012-1024x652.jpeg 1024w, https:\/\/intuitivewisdom.ch\/wp-content\/uploads\/2024\/07\/IMG_0012-300x191.jpeg 300w, https:\/\/intuitivewisdom.ch\/wp-content\/uploads\/2024\/07\/IMG_0012-768x489.jpeg 768w, https:\/\/intuitivewisdom.ch\/wp-content\/uploads\/2024\/07\/IMG_0012-18x12.jpeg 18w, https:\/\/intuitivewisdom.ch\/wp-content\/uploads\/2024\/07\/IMG_0012.jpeg 1280w\" sizes=\"auto, (max-width: 1024px) 100vw, 1024px\" \/><\/figure>\n\n\n\n<p><strong>Worum es geht.<\/strong> Ja, Slow Sex ist geniessen, ersp\u00fcren, sich hingeben ohne Ziel, ohne Plan, ohne Wissen. Der K\u00f6rper erh\u00e4lt so die Chance die &#8216;Regie&#8217; zu \u00fcbernehmen und seine ganze Vielfalt an Empfindungen und Erlebnissen auch zur Entfaltung zu bringen. Ganz neue Dimensionen der k\u00f6rperlichen wie energetischen Wahrnehmungen er\u00f6ffnen sich. Denn erst hier lassen sich deine ur-eigenen sexuellen Impulse in dir ersp\u00fcren und erfahren. Das ist im schnellen Stimmulationstempo nicht m\u00f6glich in dieser Tiefe der Empfindungen.<\/p>\n\n\n\n<p><strong>Wie es geht.<\/strong> Schritt f\u00fcr Schritt tauchen wir in diese Geheimnisse der Sexualit\u00e4t ein. Tiefere Verbindung, Liebe, Kontakt, Lust und Freude mit sich selbst und dem Partner, der Partnerin sind die Geschenke einer gef\u00fchlten, verbundenen Vereinigung.<\/p>\n\n\n\n<figure class=\"wp-block-image size-large\"><img loading=\"lazy\" decoding=\"async\" width=\"1024\" height=\"682\" src=\"https:\/\/intuitivewisdom.ch\/wp-content\/uploads\/2024\/07\/IMG_0010-1024x682.jpeg\" alt=\"\" class=\"wp-image-3006\" srcset=\"https:\/\/intuitivewisdom.ch\/wp-content\/uploads\/2024\/07\/IMG_0010-1024x682.jpeg 1024w, https:\/\/intuitivewisdom.ch\/wp-content\/uploads\/2024\/07\/IMG_0010-300x200.jpeg 300w, https:\/\/intuitivewisdom.ch\/wp-content\/uploads\/2024\/07\/IMG_0010-768x512.jpeg 768w, https:\/\/intuitivewisdom.ch\/wp-content\/uploads\/2024\/07\/IMG_0010-18x12.jpeg 18w, https:\/\/intuitivewisdom.ch\/wp-content\/uploads\/2024\/07\/IMG_0010.jpeg 1280w\" sizes=\"auto, (max-width: 1024px) 100vw, 1024px\" \/><\/figure>\n\n\n\n<p>Wir lernen, auch ohne Erektion in die Vereinigung zu gehen. Wie du dich in der Vereinigung selber ganz in die Entspannung deines K\u00f6rpers hingeben kannst. Gleichsam hochsteigende wie absteigende sexuelle und lustvolle Energien erkennen und geniessen lernst. Wir erfahren wie die Heilkr\u00e4fte der Sexualit\u00e4t wirken. Und wie Slow Sex zwei Menschen in ganz neue und tiefere Verbindung und somit Liebe bringt.<\/p>\n\n\n\n<p>Und wir erleben immer wieder auf sehr ber\u00fchrende Weise, wieviel sich an Heilung zwischen zwei Menschen in diesen Ritualen zeigt. Dann, wenn wahre Verbindung geschieht. Wenn es nicht mehr &#8216;Sex&#8217; ist, sondern ein gegenseitiges echtes sehen des Menschen der einwilligt K\u00f6rper, Liebe und Sein mit genau dir zu teilen.<\/p>\n\n\n\n<figure class=\"wp-block-image\"><img decoding=\"async\" src=\"https:\/\/static.wixstatic.com\/media\/7c85d9_ad1628b27d5642a699fca0ba26d9eaee~mv2.jpg\/v1\/fill\/w_1184,h_874,al_c,q_85,usm_0.66_1.00_0.01,enc_auto\/7c85d9_ad1628b27d5642a699fca0ba26d9eaee~mv2.jpg\" alt=\"AdobeStock_312573189_edited.jpg\"\/><\/figure>\n\n\n\n<p><strong>Konsens: Du und Partner*In.<\/strong> Du als Mensch oder zusammen als Paar bestimmt die Offenheit mit der du \/ihr durch dieses Retreat geht. Nacktheit, sowie Ber\u00fchrungen, Kontakt und achtsame und bewusste Vereinigung sind m\u00f6glich. Aus unseren Erfahrungen wissen wir um die spirituelle und heilende Kraft, welche Herzen und Seelen zu ber\u00fchren vermag, wenn wir diesen heiligen und kraftvollen Raum der wahren Sexualit\u00e4t \u00f6ffnen.<\/p>\n\n\n\n<p><strong>Ablauf und was dich erwartet.<\/strong>&nbsp;Wir begegnen uns im Opening Circle und lernen uns alle kennen. In unterschiedlichen \u00dcbungen nehmen wir miteinander Kontakt auf, damit im Raum eine sch\u00f6ne Energie zwischen uns allen entsteht. Mit weiteren Meditationen w\u00fcrdigen wir unsere Partner*innen, die Seele der Beziehungen und st\u00e4rken die Liebesbindung zu unseren Partner*n.<\/p>\n\n\n\n<p>\u00dcber das Wochenende durchlaufen wir verschiedene Erfahrungsr\u00e4ume, Meditationen Rituale und Zeremonien, um in einer entspannten Sexualit\u00e4t mit viel Zeit und Ruhe an zu kommen. Es liegt ganz an dir und deinem Partner*in, wie ihr mit Nacktheit und eurer Sexualit\u00e4t im Gruppenraum umgehen m\u00f6chtet. Es gibt genug M\u00f6glichkeiten, die eigene private Sph\u00e4re auch zu wahren. Alle Erfahrungsr\u00e4ume und Rituale lassen sich bekleidet erleben. Auch besteht die M\u00f6glichkeit, die Rituale aus dem gemeinsamen Raum mitzunehmen und f\u00fcr euch im eigenen Zimmer zu erleben.<\/p>\n\n\n\n<p>Ein grosser Teil wird die Erfahrung sein, wie sich eine stressfreie und doch spannende, energievolle Sexualit\u00e4t gestalten l\u00e4sst. Wahre Hingabe, weiche Penetration, inneres Streicheln der Ge\u2019sch\u00f6ns\u2019organe und mehr hat jetzt Zeit und Raum bewusst erfahren zu werden. Viel Integrationszeit und Ruhe sind mit dabei, und du wirst feststellen, wie schnell die Zeit im Slow Sex vergeht, weil die Verbindung zwischen den Herzen, K\u00f6rper und Seelen sehr tief gehen.<\/p>\n\n\n\n<figure class=\"wp-block-image\"><img loading=\"lazy\" decoding=\"async\" width=\"1024\" height=\"1024\" src=\"https:\/\/intuitivewisdom.ch\/wp-content\/uploads\/2023\/10\/6-1024x1024.jpg\" alt=\"\" class=\"wp-image-1867\" srcset=\"https:\/\/intuitivewisdom.ch\/wp-content\/uploads\/2023\/10\/6-1024x1024.jpg 1024w, https:\/\/intuitivewisdom.ch\/wp-content\/uploads\/2023\/10\/6-300x300.jpg 300w, https:\/\/intuitivewisdom.ch\/wp-content\/uploads\/2023\/10\/6-150x150.jpg 150w, https:\/\/intuitivewisdom.ch\/wp-content\/uploads\/2023\/10\/6-768x768.jpg 768w, https:\/\/intuitivewisdom.ch\/wp-content\/uploads\/2023\/10\/6-12x12.jpg 12w, https:\/\/intuitivewisdom.ch\/wp-content\/uploads\/2023\/10\/6.jpg 1080w\" sizes=\"auto, (max-width: 1024px) 100vw, 1024px\" \/><\/figure>\n\n\n\n<p>In dieser Tiefe der Erfahrungen miteinander k\u00f6nnen sich immer wieder auch Beziehungsthemen zeigen. Sei es, dass lange im unbewussten versteckte Themen sich pl\u00f6tzlich, durch die Entspannung freigelassen, bewegen. Oder alte immer wieder kehrende Missverst\u00e4ndnisse endlich gekl\u00e4rt werden m\u00f6chten. Die Liebe, so wie die sexuellen Energien auch, suchen Klarheit und dadurch Verbundenheit, damit sie in den Fluss ihrer Ressourcen der Liebe kommen k\u00f6nnen. Wir gestalten Erfahrungsr\u00e4ume, in welchen diese&nbsp; eventuell schwierigen Beziehungsthemen eine neue Bewegung und Beziehungsfluss finden k\u00f6nnen.<\/p>\n\n\n\n<p>Eines der Nebenressourcen in diesem Retreat ist die M\u00f6glichkeit, sich mit den eigenen Fragen und Challenges rund ums Thema Beziehungen und Sexualit\u00e4t in der Gruppe zu zeigen und Inspirationen von anderen Paaren zu erhalten. Oft denken wir, wir stehen alleine da mit unseren Themen, und erst, wenn wir uns in einer offenen Runde austauschen, merken wir, dass es unseren Mitmenschen \u00e4hnlich geht.<\/p>\n\n\n\n<p>Lerne dich selbst und euch als Paar in einer neuen Tiefe und in der gemeinsam-entspannten Sexualit\u00e4t kennen.<\/p>\n\n\n\n<div class=\"wp-block-buttons is-content-justification-center is-layout-flex wp-container-core-buttons-is-layout-16018d1d wp-block-buttons-is-layout-flex\">\n<div class=\"wp-block-button is-style-outline is-style-outline--2\"><a class=\"wp-block-button__link wp-element-button\" href=\"https:\/\/forms.gle\/bGH6WZEbWUPKkLZs6\" target=\"_blank\" rel=\"noreferrer noopener\">Anmeldeformular<\/a><\/div>\n<\/div>\n\n\n\n<hr class=\"wp-block-separator has-alpha-channel-opacity\"\/>\n\n\n\n<p class=\"has-text-align-center\">Wir als Facilitator:<\/p>\n\n\n\n<div class=\"wp-block-columns is-layout-flex wp-container-core-columns-is-layout-9d6595d7 wp-block-columns-is-layout-flex\">\n<div class=\"wp-block-column is-layout-flow wp-block-column-is-layout-flow\">\n<figure class=\"wp-block-image size-large is-style-default\"><img loading=\"lazy\" decoding=\"async\" width=\"1024\" height=\"1024\" src=\"https:\/\/intuitivewisdom.ch\/wp-content\/uploads\/2025\/04\/Heads.zip-2-1024x1024.png\" alt=\"\" class=\"wp-image-4049\" srcset=\"https:\/\/intuitivewisdom.ch\/wp-content\/uploads\/2025\/04\/Heads.zip-2-1024x1024.png 1024w, https:\/\/intuitivewisdom.ch\/wp-content\/uploads\/2025\/04\/Heads.zip-2-300x300.png 300w, https:\/\/intuitivewisdom.ch\/wp-content\/uploads\/2025\/04\/Heads.zip-2-150x150.png 150w, https:\/\/intuitivewisdom.ch\/wp-content\/uploads\/2025\/04\/Heads.zip-2-768x768.png 768w, https:\/\/intuitivewisdom.ch\/wp-content\/uploads\/2025\/04\/Heads.zip-2-12x12.png 12w, https:\/\/intuitivewisdom.ch\/wp-content\/uploads\/2025\/04\/Heads.zip-2.png 1080w\" sizes=\"auto, (max-width: 1024px) 100vw, 1024px\" \/><figcaption class=\"wp-element-caption\"><a href=\"https:\/\/intuitivewisdom.ch\/de\/michele-brand\/\" data-type=\"link\" data-id=\"https:\/\/intuitivewisdom.ch\/michele-brand\/\" target=\"_blank\" rel=\"noreferrer noopener\">Mich\u00e8le<\/a><\/figcaption><\/figure>\n<\/div>\n\n\n\n<div class=\"wp-block-column is-layout-flow wp-block-column-is-layout-flow\">\n<figure class=\"wp-block-image size-large\"><img loading=\"lazy\" decoding=\"async\" width=\"1024\" height=\"1024\" src=\"https:\/\/intuitivewisdom.ch\/wp-content\/uploads\/2025\/04\/Heads.zip-3-1024x1024.png\" alt=\"\" class=\"wp-image-4050\" srcset=\"https:\/\/intuitivewisdom.ch\/wp-content\/uploads\/2025\/04\/Heads.zip-3-1024x1024.png 1024w, https:\/\/intuitivewisdom.ch\/wp-content\/uploads\/2025\/04\/Heads.zip-3-300x300.png 300w, https:\/\/intuitivewisdom.ch\/wp-content\/uploads\/2025\/04\/Heads.zip-3-150x150.png 150w, https:\/\/intuitivewisdom.ch\/wp-content\/uploads\/2025\/04\/Heads.zip-3-768x768.png 768w, https:\/\/intuitivewisdom.ch\/wp-content\/uploads\/2025\/04\/Heads.zip-3-12x12.png 12w, https:\/\/intuitivewisdom.ch\/wp-content\/uploads\/2025\/04\/Heads.zip-3.png 1080w\" sizes=\"auto, (max-width: 1024px) 100vw, 1024px\" \/><figcaption class=\"wp-element-caption\"><a href=\"https:\/\/www.rogerspiess.ch\/%C3%BCber-mich\" data-type=\"link\" data-id=\"https:\/\/www.rogerspiess.ch\/%C3%BCber-mich\" target=\"_blank\" rel=\"noreferrer noopener\">Roger<\/a><\/figcaption><\/figure>\n<\/div>\n<\/div>\n\n\n\n<hr class=\"wp-block-separator has-alpha-channel-opacity\"\/>\n\n\n\n<p class=\"has-text-align-center\">Impressionen vom letzten Seminar auf der Schweibenalp :<\/p>\n\n\n\n<figure class=\"wp-block-gallery has-nested-images columns-default is-cropped wp-block-gallery-3 is-layout-flex wp-block-gallery-is-layout-flex\">\n<figure class=\"wp-block-image size-large\"><img loading=\"lazy\" decoding=\"async\" width=\"1024\" height=\"765\" data-id=\"3773\" src=\"https:\/\/intuitivewisdom.ch\/wp-content\/uploads\/2025\/01\/IMG_0318-1024x765.jpeg\" alt=\"\" class=\"wp-image-3773\" srcset=\"https:\/\/intuitivewisdom.ch\/wp-content\/uploads\/2025\/01\/IMG_0318-1024x765.jpeg 1024w, https:\/\/intuitivewisdom.ch\/wp-content\/uploads\/2025\/01\/IMG_0318-300x224.jpeg 300w, https:\/\/intuitivewisdom.ch\/wp-content\/uploads\/2025\/01\/IMG_0318-768x574.jpeg 768w, https:\/\/intuitivewisdom.ch\/wp-content\/uploads\/2025\/01\/IMG_0318-16x12.jpeg 16w, https:\/\/intuitivewisdom.ch\/wp-content\/uploads\/2025\/01\/IMG_0318.jpeg 1280w\" sizes=\"auto, (max-width: 1024px) 100vw, 1024px\" \/><\/figure>\n\n\n\n<figure class=\"wp-block-image size-large\"><img loading=\"lazy\" decoding=\"async\" width=\"768\" height=\"1024\" data-id=\"3774\" src=\"https:\/\/intuitivewisdom.ch\/wp-content\/uploads\/2025\/01\/IMG_0319-768x1024.jpeg\" alt=\"\" class=\"wp-image-3774\" srcset=\"https:\/\/intuitivewisdom.ch\/wp-content\/uploads\/2025\/01\/IMG_0319-768x1024.jpeg 768w, https:\/\/intuitivewisdom.ch\/wp-content\/uploads\/2025\/01\/IMG_0319-225x300.jpeg 225w, https:\/\/intuitivewisdom.ch\/wp-content\/uploads\/2025\/01\/IMG_0319-9x12.jpeg 9w, https:\/\/intuitivewisdom.ch\/wp-content\/uploads\/2025\/01\/IMG_0319.jpeg 960w\" sizes=\"auto, (max-width: 768px) 100vw, 768px\" \/><\/figure>\n<\/figure>\n\n\n\n<p class=\"has-white-color has-text-color has-link-color wp-elements-1e545e2dced875498742339aa310e715\">Making Love Retreat Beziehungen Paartherapie Bewusste Sexualit\u00e4t Tantra Massage Erotik Schweiz Erotic Retreat<\/p>","protected":false},"excerpt":{"rendered":"<p>Slow Sex ist entspannen, loslassen, ankommen lernen.Slow Sex ist ins wahrnehmen, f\u00fchlen, sp\u00fcren kommen.Slow Sex ist den inneren Wellen lauschen und nachgeben. Gib deinem K\u00f6rper und deiner authentischen Sexualit\u00e4t eine Chance. Lerne, dich auf eine tiefere Ebene von Verbindung und Kontakt einzulassen. Komm an im Jetzt &#8211; in den Wellen vom Moment &#8211; Unendlichkeit &#8211; [&hellip;]<\/p>\n","protected":false},"author":1,"featured_media":0,"parent":0,"menu_order":0,"comment_status":"closed","ping_status":"closed","template":"","meta":{"footnotes":""},"class_list":["post-4047","page","type-page","status-publish","hentry"],"_links":{"self":[{"href":"https:\/\/intuitivewisdom.ch\/de\/wp-json\/wp\/v2\/pages\/4047","targetHints":{"allow":["GET"]}}],"collection":[{"href":"https:\/\/intuitivewisdom.ch\/de\/wp-json\/wp\/v2\/pages"}],"about":[{"href":"https:\/\/intuitivewisdom.ch\/de\/wp-json\/wp\/v2\/types\/page"}],"author":[{"embeddable":true,"href":"https:\/\/intuitivewisdom.ch\/de\/wp-json\/wp\/v2\/users\/1"}],"replies":[{"embeddable":true,"href":"https:\/\/intuitivewisdom.ch\/de\/wp-json\/wp\/v2\/comments?post=4047"}],"version-history":[{"count":16,"href":"https:\/\/intuitivewisdom.ch\/de\/wp-json\/wp\/v2\/pages\/4047\/revisions"}],"predecessor-version":[{"id":4206,"href":"https:\/\/intuitivewisdom.ch\/de\/wp-json\/wp\/v2\/pages\/4047\/revisions\/4206"}],"wp:attachment":[{"href":"https:\/\/intuitivewisdom.ch\/de\/wp-json\/wp\/v2\/media?parent=4047"}],"curies":[{"name":"wp","href":"https:\/\/api.w.org\/{rel}","templated":true}]}}