{"id":3959,"date":"2025-02-24T17:02:17","date_gmt":"2025-02-24T17:02:17","guid":{"rendered":"https:\/\/intuitivewisdom.ch\/?page_id=3959"},"modified":"2025-07-31T07:09:19","modified_gmt":"2025-07-31T07:09:19","slug":"slow-sexuality-in-and-or-community","status":"publish","type":"page","link":"https:\/\/intuitivewisdom.ch\/de\/slow-sexuality-in-and-or-community\/","title":{"rendered":"SLOW | sexuality in.and.or community"},"content":{"rendered":"<hr class=\"wp-block-separator has-alpha-channel-opacity\"\/>\n\n\n\n<figure class=\"wp-block-image size-large\"><img loading=\"lazy\" decoding=\"async\" width=\"1024\" height=\"724\" src=\"https:\/\/intuitivewisdom.ch\/wp-content\/uploads\/2025\/03\/NAKED-banner.zip-3-1024x724.png\" alt=\"\" class=\"wp-image-4001\" srcset=\"https:\/\/intuitivewisdom.ch\/wp-content\/uploads\/2025\/03\/NAKED-banner.zip-3-1024x724.png 1024w, https:\/\/intuitivewisdom.ch\/wp-content\/uploads\/2025\/03\/NAKED-banner.zip-3-300x212.png 300w, https:\/\/intuitivewisdom.ch\/wp-content\/uploads\/2025\/03\/NAKED-banner.zip-3-768x543.png 768w, https:\/\/intuitivewisdom.ch\/wp-content\/uploads\/2025\/03\/NAKED-banner.zip-3-1536x1086.png 1536w, https:\/\/intuitivewisdom.ch\/wp-content\/uploads\/2025\/03\/NAKED-banner.zip-3-18x12.png 18w, https:\/\/intuitivewisdom.ch\/wp-content\/uploads\/2025\/03\/NAKED-banner.zip-3.png 2000w\" sizes=\"auto, (max-width: 1024px) 100vw, 1024px\" \/><\/figure>\n\n\n\n<p class=\"has-text-align-center has-large-font-size\"><strong>S L O W<\/strong><\/p>\n\n\n\n<p class=\"has-text-align-center\"><strong>sexuality in.and.or community<\/strong><br>13.-17. August &#8217;25<br>Seminarzentrum Herzberg &#8211; CH<\/p>\n\n\n\n<div class=\"wp-block-buttons is-content-justification-center is-layout-flex wp-container-core-buttons-is-layout-16018d1d wp-block-buttons-is-layout-flex\">\n<div class=\"wp-block-button is-style-outline is-style-outline--1\"><a class=\"wp-block-button__link wp-element-button\" href=\"https:\/\/forms.gle\/jERNrZBhjDbnmCDKA\" target=\"_blank\" rel=\"noreferrer noopener\">ANMELDUNG<\/a><\/div>\n<\/div>\n\n\n\n<p><strong>Was passiert, wenn wir langsamer werden? Wenn Sex und Intimit\u00e4t keine hektische Jagd sind, sondern eine bewusste, stille Gravitation<\/strong> <strong>zueinander? Wenn wir in der Langsamkeit neue Formen von Genuss und N\u00e4he entdecken?<\/strong><\/p>\n\n\n\n<p>Inmitten der bunten, vibrierenden Sommerfestivals ist SLOW eine Insel der Entschleunigung: Der Ort, an den du reist, um in dir selbst heimzukommen. In die Stille des Waldes, in die Hitze des Sommers, in die Weite deiner inneren Welt.&nbsp;<\/p>\n\n\n\n<p>Ein Raum, in dem wir die Zeit nicht dr\u00e4ngen, sondern sie als M\u00f6glichkeit zur tiefen Verbindung mit uns selbst und miteinander erfahren. In dem nicht die Masse, sondern Qualit\u00e4t und Tiefe das Erleben bestimmen.&nbsp;<\/p>\n\n\n\n<p><strong>Inhalte des Seminars:<\/strong><\/p>\n\n\n\n<ul class=\"wp-block-list\">\n<li>24h-Nacktheit im Seminarraum<\/li>\n\n\n\n<li>Zeit und Raum f\u00fcr Integration deiner aktuellen Lebensrealit\u00e4t<\/li>\n\n\n\n<li>Sexuelle Meditationen, Trancen und Tiefenentspannungen<\/li>\n\n\n\n<li>Rituale f\u00fcr das Erkunden von Zeit und Lust<\/li>\n\n\n\n<li>Slow Sex, Ritual Play, Nacktkuscheln etc. als Praxis der Verlangsamung und\/oder bewussten Hingabe<\/li>\n\n\n\n<li>Sharing und Austausch, Raum f\u00fcr stille Reflexion und Journaling<\/li>\n<\/ul>\n\n\n\n<p><strong>F\u00fcr wen?<\/strong><\/p>\n\n\n\n<p>Dieses Seminar richtet sich an Menschen, die Schnelligkeit und \u00dcberstimulation hinter sich lassen m\u00f6chten. Die bereit sind, in langsamer Intimit\u00e4t zu verweilen und sich auf den nat\u00fcrlichen Rhythmus des K\u00f6rpers einzulassen.<\/p>\n\n\n\n<p><strong>Voraussetzungen f\u00fcr die Teilnahme:<\/strong><\/p>\n\n\n\n<ul class=\"wp-block-list\">\n<li>Geduld und Demut, den eigenen K\u00f6rper und die eigene Lust in einem neuen Tempo zu erfahren<\/li>\n\n\n\n<li>Erfahrung mit Consent, Selbstkontakt und emotionaler Selbstregulation<\/li>\n\n\n\n<li>Interesse daran, eigene und kollektive Vorstellungen von Sexualit\u00e4t und Intimit\u00e4t loszulassen und sanft zu transformieren<\/li>\n<\/ul>\n\n\n\n<div class=\"wp-block-group\"><div class=\"wp-block-group__inner-container is-layout-constrained wp-block-group-is-layout-constrained\">\n<hr class=\"wp-block-separator has-alpha-channel-opacity\"\/>\n\n\n\n<p class=\"has-text-align-center\"><strong>\ud83c\udf3f COMMUNITY CALLS | sexuality in.and.or community Retreats \ud83c\udf3f<\/strong><br>\ud83d\udcc5 4. Juli + 4. August + 4. Sept 2025<br>\u23f0 19:00 \u2013 20:30, Online<\/p>\n\n\n\n<p class=\"has-text-align-center\">Ob du schon dabei bist oder noch \u00fcberlegst&#8230;<br>dieser Call ist f\u00fcr alle da, die sich nach einer gesund gelebten, sex-positiven Kultur sehnen \u2728<br>\ud83d\udcab <a href=\"https:\/\/app.10to8.com\/book\/aewkzzrqxvokotjwnu\/1954973\">Anmeldung zum Community Call <\/a>\ud83d\udcab<\/p>\n<\/div><\/div>\n\n\n\n<hr class=\"wp-block-separator has-alpha-channel-opacity\"\/>\n\n\n\n<p class=\"has-text-align-center has-large-font-size\">HOST&#8217;S<\/p>\n\n\n\n<div class=\"wp-block-columns is-layout-flex wp-container-core-columns-is-layout-9d6595d7 wp-block-columns-is-layout-flex\">\n<div class=\"wp-block-column is-layout-flow wp-block-column-is-layout-flow\">\n<figure class=\"wp-block-image size-large\"><a href=\"\/de\/rogerspiess.ch\/\"><img loading=\"lazy\" decoding=\"async\" width=\"1024\" height=\"1024\" src=\"https:\/\/intuitivewisdom.ch\/wp-content\/uploads\/2024\/01\/Heads-2-1024x1024.jpg\" alt=\"\" class=\"wp-image-2452\" srcset=\"https:\/\/intuitivewisdom.ch\/wp-content\/uploads\/2024\/01\/Heads-2-1024x1024.jpg 1024w, https:\/\/intuitivewisdom.ch\/wp-content\/uploads\/2024\/01\/Heads-2-300x300.jpg 300w, https:\/\/intuitivewisdom.ch\/wp-content\/uploads\/2024\/01\/Heads-2-150x150.jpg 150w, https:\/\/intuitivewisdom.ch\/wp-content\/uploads\/2024\/01\/Heads-2-768x768.jpg 768w, https:\/\/intuitivewisdom.ch\/wp-content\/uploads\/2024\/01\/Heads-2-12x12.jpg 12w, https:\/\/intuitivewisdom.ch\/wp-content\/uploads\/2024\/01\/Heads-2.jpg 1080w\" sizes=\"auto, (max-width: 1024px) 100vw, 1024px\" \/><\/a><figcaption class=\"wp-element-caption\"><a href=\"https:\/\/www.rogerspiess.ch\/%C3%BCber-mich\" data-type=\"link\" data-id=\"https:\/\/www.rogerspiess.ch\/%C3%BCber-mich\" target=\"_blank\" rel=\"noreferrer noopener\">Roger<\/a><\/figcaption><\/figure>\n<\/div>\n\n\n\n<div class=\"wp-block-column is-layout-flow wp-block-column-is-layout-flow\">\n<figure class=\"wp-block-image size-large\"><a href=\"\/de\/michele-brand.ch\/\"><img loading=\"lazy\" decoding=\"async\" width=\"1024\" height=\"1024\" src=\"https:\/\/intuitivewisdom.ch\/wp-content\/uploads\/2025\/04\/Heads.zip-2-1024x1024.png\" alt=\"\" class=\"wp-image-4049\" srcset=\"https:\/\/intuitivewisdom.ch\/wp-content\/uploads\/2025\/04\/Heads.zip-2-1024x1024.png 1024w, https:\/\/intuitivewisdom.ch\/wp-content\/uploads\/2025\/04\/Heads.zip-2-300x300.png 300w, https:\/\/intuitivewisdom.ch\/wp-content\/uploads\/2025\/04\/Heads.zip-2-150x150.png 150w, https:\/\/intuitivewisdom.ch\/wp-content\/uploads\/2025\/04\/Heads.zip-2-768x768.png 768w, https:\/\/intuitivewisdom.ch\/wp-content\/uploads\/2025\/04\/Heads.zip-2-12x12.png 12w, https:\/\/intuitivewisdom.ch\/wp-content\/uploads\/2025\/04\/Heads.zip-2.png 1080w\" sizes=\"auto, (max-width: 1024px) 100vw, 1024px\" \/><\/a><figcaption class=\"wp-element-caption\"><a href=\"http:\/\/michele-brand.ch\" data-type=\"link\" data-id=\"michele-brand.ch\" target=\"_blank\" rel=\"noreferrer noopener\">Mich\u00e8le<\/a><\/figcaption><\/figure>\n<\/div>\n\n\n\n<div class=\"wp-block-column is-layout-flow wp-block-column-is-layout-flow\">\n<figure class=\"wp-block-image size-large\"><a href=\"https:\/\/www.ondamare-tantra.ch\/ueber-mich\"><img loading=\"lazy\" decoding=\"async\" width=\"1024\" height=\"1024\" src=\"https:\/\/intuitivewisdom.ch\/wp-content\/uploads\/2024\/09\/Heads-5-1024x1024.jpg\" alt=\"\" class=\"wp-image-3296\" srcset=\"https:\/\/intuitivewisdom.ch\/wp-content\/uploads\/2024\/09\/Heads-5-1024x1024.jpg 1024w, https:\/\/intuitivewisdom.ch\/wp-content\/uploads\/2024\/09\/Heads-5-300x300.jpg 300w, https:\/\/intuitivewisdom.ch\/wp-content\/uploads\/2024\/09\/Heads-5-150x150.jpg 150w, https:\/\/intuitivewisdom.ch\/wp-content\/uploads\/2024\/09\/Heads-5-768x768.jpg 768w, https:\/\/intuitivewisdom.ch\/wp-content\/uploads\/2024\/09\/Heads-5-12x12.jpg 12w, https:\/\/intuitivewisdom.ch\/wp-content\/uploads\/2024\/09\/Heads-5.jpg 1080w\" sizes=\"auto, (max-width: 1024px) 100vw, 1024px\" \/><\/a><figcaption class=\"wp-element-caption\"><a href=\"https:\/\/www.ondamare-tantra.ch\/about\" data-type=\"link\" data-id=\"https:\/\/www.ondamare-tantra.ch\/about\" target=\"_blank\" rel=\"noreferrer noopener\">Jasmin<\/a><\/figcaption><\/figure>\n<\/div>\n<\/div>\n\n\n\n<hr class=\"wp-block-separator has-alpha-channel-opacity\"\/>\n\n\n\n<p class=\"has-text-align-center has-large-font-size\">GENERELLE INFOS<\/p>\n\n\n\n<div class=\"wp-block-columns is-layout-flex wp-container-core-columns-is-layout-9d6595d7 wp-block-columns-is-layout-flex\">\n<div class=\"wp-block-column is-layout-flow wp-block-column-is-layout-flow\" style=\"flex-basis:33.33%\">\n<figure class=\"wp-block-image size-large\"><img loading=\"lazy\" decoding=\"async\" width=\"1024\" height=\"1024\" src=\"https:\/\/intuitivewisdom.ch\/wp-content\/uploads\/2025\/03\/NAKED-square.zip-5-1024x1024.png\" alt=\"\" class=\"wp-image-3999\" srcset=\"https:\/\/intuitivewisdom.ch\/wp-content\/uploads\/2025\/03\/NAKED-square.zip-5-1024x1024.png 1024w, https:\/\/intuitivewisdom.ch\/wp-content\/uploads\/2025\/03\/NAKED-square.zip-5-300x300.png 300w, https:\/\/intuitivewisdom.ch\/wp-content\/uploads\/2025\/03\/NAKED-square.zip-5-150x150.png 150w, https:\/\/intuitivewisdom.ch\/wp-content\/uploads\/2025\/03\/NAKED-square.zip-5-768x768.png 768w, https:\/\/intuitivewisdom.ch\/wp-content\/uploads\/2025\/03\/NAKED-square.zip-5-12x12.png 12w, https:\/\/intuitivewisdom.ch\/wp-content\/uploads\/2025\/03\/NAKED-square.zip-5.png 1080w\" sizes=\"auto, (max-width: 1024px) 100vw, 1024px\" \/><\/figure>\n<\/div>\n\n\n\n<div class=\"wp-block-column is-layout-flow wp-block-column-is-layout-flow\" style=\"flex-basis:66.66%\">\n<p>SLOW | sexuality in.and.or community<br>13.-17. August 2025, <a href=\"https:\/\/www.herzberg.org\/home.html\" data-type=\"link\" data-id=\"https:\/\/www.herzberg.org\/home.html\" target=\"_blank\" rel=\"noreferrer noopener\">Seminarzentrum Herzberg CH<\/a><br>Seminarkosten: 550.-CHF regul\u00e4r \/ 650.-CHF Supporter \/ Soli-Preis abh\u00e4ngig von Anzahl Supporter-Tickets<br>Unterkunft &amp; Verpflegung: 400.- CHF (Doppelzimmer, Vollpension)<br>Ankommen: ab Mittwoch 17h (inkl. Abendessen)<br>Gemeinsamer Start: Mittwoch 20h<br>Gemeinsames Ende: Sonntag 16h<br>Gruppe von mind. 14 bis max. 35 Teilnehmenden<\/p>\n<\/div>\n<\/div>\n\n\n\n<div class=\"wp-block-buttons is-content-justification-center is-layout-flex wp-container-core-buttons-is-layout-16018d1d wp-block-buttons-is-layout-flex\">\n<div class=\"wp-block-button is-style-outline is-style-outline--2\"><a class=\"wp-block-button__link wp-element-button\" href=\"https:\/\/forms.gle\/jERNrZBhjDbnmCDKA\" target=\"_blank\" rel=\"noreferrer noopener\">ANMELDUNG<\/a><\/div>\n<\/div>\n\n\n\n<hr class=\"wp-block-separator has-alpha-channel-opacity\"\/>\n\n\n\n<h1 class=\"wp-block-heading has-text-align-center\">sexuality in.and.or community<\/h1>\n\n\n\n<p>Das SLOW ist Teil einer Seminarreihe: sexuality in.and.or community! Hier nehmen wir gemeinsam Themen und Gruppendynamiken unter die Lupe, welche sich in sex-positiven Erfahrungsr\u00e4umen zeigen. Es ist ein kollektiver Forschungsraum &#8211; wir schaffen einen Rahmen, in welchem bestimmte Themen einfacher sichtbar und f\u00fchlbar werden, und in welchem jede*r mit der eigenen gef\u00fchlten Erfahrungswelt einen Aspekt der Dynamiken enth\u00fcllt. Wir erhalten ein ganzheitlicheres Bild dar\u00fcber, was alles stattfindet und k\u00f6nnen die Medizin der Bewusstwerdung nutzen, um ganzheitlichere, gemeinsame Entscheidungen zu treffen.<\/p>\n\n\n\n<p class=\"has-text-align-center\"><strong><em>* kollektive Schattenarbeit f\u00fcr Fortgeschrittene *<\/em><\/strong><\/p>\n\n\n\n<p>Wir wollen hinschauen &#8211; die Schattenaspekte von sex-positiven Erfahrungsr\u00e4umen sichtbar machen, erforschen und experimentieren mit Alternativen.<\/p>\n\n\n\n<figure class=\"wp-block-gallery has-nested-images columns-default is-cropped wp-block-gallery-3 is-layout-flex wp-block-gallery-is-layout-flex\">\n<figure class=\"wp-block-image size-large\"><a href=\"https:\/\/intuitivewisdom.ch\/de\/naked-sexuality-in-and-or-community\/\"><img loading=\"lazy\" decoding=\"async\" width=\"1024\" height=\"1024\" data-id=\"4008\" src=\"https:\/\/intuitivewisdom.ch\/wp-content\/uploads\/2025\/03\/NAKED-square.zip-1-1024x1024.png\" alt=\"\" class=\"wp-image-4008\" srcset=\"https:\/\/intuitivewisdom.ch\/wp-content\/uploads\/2025\/03\/NAKED-square.zip-1-1024x1024.png 1024w, https:\/\/intuitivewisdom.ch\/wp-content\/uploads\/2025\/03\/NAKED-square.zip-1-300x300.png 300w, https:\/\/intuitivewisdom.ch\/wp-content\/uploads\/2025\/03\/NAKED-square.zip-1-150x150.png 150w, https:\/\/intuitivewisdom.ch\/wp-content\/uploads\/2025\/03\/NAKED-square.zip-1-768x768.png 768w, https:\/\/intuitivewisdom.ch\/wp-content\/uploads\/2025\/03\/NAKED-square.zip-1-12x12.png 12w, https:\/\/intuitivewisdom.ch\/wp-content\/uploads\/2025\/03\/NAKED-square.zip-1.png 1080w\" sizes=\"auto, (max-width: 1024px) 100vw, 1024px\" \/><\/a><\/figure>\n\n\n\n<figure class=\"wp-block-image size-large\"><a href=\"https:\/\/intuitivewisdom.ch\/de\/slow-sexuality-in-and-or-community\/\"><img loading=\"lazy\" decoding=\"async\" width=\"1024\" height=\"1024\" data-id=\"3999\" src=\"https:\/\/intuitivewisdom.ch\/wp-content\/uploads\/2025\/03\/NAKED-square.zip-5-1024x1024.png\" alt=\"\" class=\"wp-image-3999\" srcset=\"https:\/\/intuitivewisdom.ch\/wp-content\/uploads\/2025\/03\/NAKED-square.zip-5-1024x1024.png 1024w, https:\/\/intuitivewisdom.ch\/wp-content\/uploads\/2025\/03\/NAKED-square.zip-5-300x300.png 300w, https:\/\/intuitivewisdom.ch\/wp-content\/uploads\/2025\/03\/NAKED-square.zip-5-150x150.png 150w, https:\/\/intuitivewisdom.ch\/wp-content\/uploads\/2025\/03\/NAKED-square.zip-5-768x768.png 768w, https:\/\/intuitivewisdom.ch\/wp-content\/uploads\/2025\/03\/NAKED-square.zip-5-12x12.png 12w, https:\/\/intuitivewisdom.ch\/wp-content\/uploads\/2025\/03\/NAKED-square.zip-5.png 1080w\" sizes=\"auto, (max-width: 1024px) 100vw, 1024px\" \/><\/a><\/figure>\n\n\n\n<figure class=\"wp-block-image size-large\"><a href=\"https:\/\/intuitivewisdom.ch\/de\/worth-sexuality-in-and-or-community\/\"><img loading=\"lazy\" decoding=\"async\" width=\"1024\" height=\"1024\" data-id=\"3993\" src=\"https:\/\/intuitivewisdom.ch\/wp-content\/uploads\/2025\/03\/NAKED-square.zip-9-1024x1024.png\" alt=\"\" class=\"wp-image-3993\" srcset=\"https:\/\/intuitivewisdom.ch\/wp-content\/uploads\/2025\/03\/NAKED-square.zip-9-1024x1024.png 1024w, https:\/\/intuitivewisdom.ch\/wp-content\/uploads\/2025\/03\/NAKED-square.zip-9-300x300.png 300w, https:\/\/intuitivewisdom.ch\/wp-content\/uploads\/2025\/03\/NAKED-square.zip-9-150x150.png 150w, https:\/\/intuitivewisdom.ch\/wp-content\/uploads\/2025\/03\/NAKED-square.zip-9-768x768.png 768w, https:\/\/intuitivewisdom.ch\/wp-content\/uploads\/2025\/03\/NAKED-square.zip-9-12x12.png 12w, https:\/\/intuitivewisdom.ch\/wp-content\/uploads\/2025\/03\/NAKED-square.zip-9.png 1080w\" sizes=\"auto, (max-width: 1024px) 100vw, 1024px\" \/><\/a><\/figure>\n<\/figure>\n\n\n\n<hr class=\"wp-block-separator has-alpha-channel-opacity\"\/>\n\n\n\n<p class=\"has-text-align-center has-large-font-size\">Posts &amp; Blogbeitr\u00e4ge<br>zum NAKED<\/p>\n\n\n\n<p><a href=\"https:\/\/m.facebook.com\/events\/557625813465811?\">NAKED ist Gemeinschaftsbildung und Bewusstwerdung der eigenen Sexualit\u00e4t<\/a>.<\/p>\n\n\n\n<p><a href=\"https:\/\/m.facebook.com\/story.php?story_fbid=pfbid0bMTZcigqFB1ug9tUzAzpzDaEMRZvnmDisx9Bui33bSu32uMm49psHfKpYXx8FmaSl&amp;id=100075971330681\" data-type=\"link\" data-id=\"https:\/\/m.facebook.com\/story.php?story_fbid=pfbid0bMTZcigqFB1ug9tUzAzpzDaEMRZvnmDisx9Bui33bSu32uMm49psHfKpYXx8FmaSl&amp;id=100075971330681\">Do you dare to show yourself?<\/a><\/p>\n\n\n\n<p><a href=\"https:\/\/m.facebook.com\/story.php?story_fbid=pfbid02sW3WWp2yM9CUPRnFmHQJWGTFNFJrEJZtEWXqFniusqhjsKqHKxkfn7YSiLCqT6Wal&amp;id=552533468\" data-type=\"link\" data-id=\"https:\/\/m.facebook.com\/story.php?story_fbid=pfbid02sW3WWp2yM9CUPRnFmHQJWGTFNFJrEJZtEWXqFniusqhjsKqHKxkfn7YSiLCqT6Wal&amp;id=552533468\">Warum sollte ich als Mann M\u00e4nner ber\u00fchren?<\/a><\/p>\n\n\n\n<p><a href=\"https:\/\/fb.watch\/w46IJDCIWA\/?\" data-type=\"link\" data-id=\"https:\/\/fb.watch\/w46IJDCIWA\/?\">Was passiert eigentlich beim NAKED?<\/a><\/p>\n\n\n\n<p><a href=\"https:\/\/m.facebook.com\/story.php?story_fbid=pfbid02VWupg3nXweK97cqLDxQioVs9mYgBhDhVTh8FhP5Xqcky5Uzwjas9o2YbSd2vJ8Psl&amp;id=100075971330681\" data-type=\"link\" data-id=\"https:\/\/m.facebook.com\/story.php?story_fbid=pfbid02VWupg3nXweK97cqLDxQioVs9mYgBhDhVTh8FhP5Xqcky5Uzwjas9o2YbSd2vJ8Psl&amp;id=100075971330681\" target=\"_blank\" rel=\"noreferrer noopener\">von BodyPositivity zu BodyNeutrality oder wie wir mit dem gesellschaftlichen Tabu \u201aH\u00e4sslichkeit\u2018 neue Wege finden<\/a><\/p>\n\n\n\n<p class=\"has-text-align-left\">#Friedensforschung #BewussteSexualit\u00e4t #Gemeinschaft #Gemeinschaftsbildung #Wahrheit #SexuellesKapital #Verk\u00f6rperterKonsens #GewaltfreieKommunikation #Global Love School #Tamera #ZEGG <\/p>","protected":false},"excerpt":{"rendered":"<p>S L O W sexuality in.and.or community13.-17. August &#8217;25Seminarzentrum Herzberg &#8211; CH Was passiert, wenn wir langsamer werden? Wenn Sex und Intimit\u00e4t keine hektische Jagd sind, sondern eine bewusste, stille Gravitation zueinander? Wenn wir in der Langsamkeit neue Formen von Genuss und N\u00e4he entdecken? Inmitten der bunten, vibrierenden Sommerfestivals ist SLOW eine Insel der Entschleunigung: [&hellip;]<\/p>\n","protected":false},"author":1,"featured_media":0,"parent":0,"menu_order":0,"comment_status":"closed","ping_status":"closed","template":"","meta":{"footnotes":""},"class_list":["post-3959","page","type-page","status-publish","hentry"],"_links":{"self":[{"href":"https:\/\/intuitivewisdom.ch\/de\/wp-json\/wp\/v2\/pages\/3959","targetHints":{"allow":["GET"]}}],"collection":[{"href":"https:\/\/intuitivewisdom.ch\/de\/wp-json\/wp\/v2\/pages"}],"about":[{"href":"https:\/\/intuitivewisdom.ch\/de\/wp-json\/wp\/v2\/types\/page"}],"author":[{"embeddable":true,"href":"https:\/\/intuitivewisdom.ch\/de\/wp-json\/wp\/v2\/users\/1"}],"replies":[{"embeddable":true,"href":"https:\/\/intuitivewisdom.ch\/de\/wp-json\/wp\/v2\/comments?post=3959"}],"version-history":[{"count":16,"href":"https:\/\/intuitivewisdom.ch\/de\/wp-json\/wp\/v2\/pages\/3959\/revisions"}],"predecessor-version":[{"id":4428,"href":"https:\/\/intuitivewisdom.ch\/de\/wp-json\/wp\/v2\/pages\/3959\/revisions\/4428"}],"wp:attachment":[{"href":"https:\/\/intuitivewisdom.ch\/de\/wp-json\/wp\/v2\/media?parent=3959"}],"curies":[{"name":"wp","href":"https:\/\/api.w.org\/{rel}","templated":true}]}}