{"id":3948,"date":"2025-02-24T16:27:26","date_gmt":"2025-02-24T16:27:26","guid":{"rendered":"https:\/\/intuitivewisdom.ch\/?page_id=3948"},"modified":"2025-09-06T05:17:09","modified_gmt":"2025-09-06T05:17:09","slug":"worth-sexuality-in-and-or-community","status":"publish","type":"page","link":"https:\/\/intuitivewisdom.ch\/de\/worth-sexuality-in-and-or-community\/","title":{"rendered":"WORTH | sexuality in.and.or community"},"content":{"rendered":"<hr class=\"wp-block-separator has-alpha-channel-opacity\"\/>\n\n\n\n<figure class=\"wp-block-image size-large wp-duotone-unset-1\"><img loading=\"lazy\" decoding=\"async\" width=\"1024\" height=\"724\" src=\"https:\/\/intuitivewisdom.ch\/wp-content\/uploads\/2025\/03\/NAKED-banner.zip-2-1024x724.png\" alt=\"\" class=\"wp-image-3992\" srcset=\"https:\/\/intuitivewisdom.ch\/wp-content\/uploads\/2025\/03\/NAKED-banner.zip-2-1024x724.png 1024w, https:\/\/intuitivewisdom.ch\/wp-content\/uploads\/2025\/03\/NAKED-banner.zip-2-300x212.png 300w, https:\/\/intuitivewisdom.ch\/wp-content\/uploads\/2025\/03\/NAKED-banner.zip-2-768x543.png 768w, https:\/\/intuitivewisdom.ch\/wp-content\/uploads\/2025\/03\/NAKED-banner.zip-2-1536x1086.png 1536w, https:\/\/intuitivewisdom.ch\/wp-content\/uploads\/2025\/03\/NAKED-banner.zip-2-18x12.png 18w, https:\/\/intuitivewisdom.ch\/wp-content\/uploads\/2025\/03\/NAKED-banner.zip-2.png 2000w\" sizes=\"auto, (max-width: 1024px) 100vw, 1024px\" \/><\/figure>\n\n\n\n<p class=\"has-text-align-center has-large-font-size\"><strong>W O R T H<\/strong><\/p>\n\n\n\n<p class=\"has-text-align-center\"><strong>sexuality in.and.or community<\/strong><br>1.-5. Oktober &#8217;25<br>Schloss Glarisegg &#8211; CH<\/p>\n\n\n\n<div class=\"wp-block-buttons is-content-justification-center is-layout-flex wp-container-core-buttons-is-layout-16018d1d wp-block-buttons-is-layout-flex\">\n<div class=\"wp-block-button is-style-outline is-style-outline--2\"><a class=\"wp-block-button__link wp-element-button\" href=\"https:\/\/forms.gle\/uPbxQsQ5H5oehbPg6\" target=\"_blank\" rel=\"noreferrer noopener\">ANMELDUNG<\/a><\/div>\n<\/div>\n\n\n\n<p><strong>Was bist du wert? Was macht dich begehrenswert? Und was<\/strong> <strong>bist du bereit zu zahlen \u2013 f\u00fcr Sex, Aufmerksamkeit, emotionale Verf\u00fcgbarkeit?&nbsp;<\/strong><\/p>\n\n\n\n<p>Wir handeln fortlaufend mit Sex und Gef\u00fchlen, testen und best\u00e4tigen unseren Wert gegenseitig. Wir verbrauchen betr\u00e4chtliche Ressourcen f\u00fcr die Erf\u00fcllung unserer sexuellen Bed\u00fcrfnisse: investieren Geld und Zeit in Kleidung, Statussymbole und Aktivit\u00e4ten, um potentielle Sexualpartner kennenzulernen. Wir tauschen soziales Ansehen gegen Sch\u00f6nheit, Aufmerksamkeit gegen Lust,&nbsp; Status gegen Jugend.&nbsp;<\/p>\n\n\n\n<p>WORTHist ein Erfahrungsraum, in dem wir die W\u00e4hrung des Begehrens erforschen:&nbsp;<\/p>\n\n\n\n<p>\ud83d\udcb0 Was kostet es dich, begehrt zu werden?<br>\ud83d\udcb0 Welche unausgesprochenen Deals pr\u00e4gen deine Intimit\u00e4t?<br>\ud83d\udcb0 Wieviel von dir investierst du f\u00fcr ein sexuelles Erlebnis, eine Begegnung, einen Wunsch?<\/p>\n\n\n\n<p>Wenn Sex eine Transaktion ist \u2013 wie k\u00f6nnen wir sie bewusst verhandeln? Wenn Lust ein Markt ist \u2013 wollen wir mitspielen? Und was geschieht, wenn wir die Preisetiketten abnehmen und das Erleben von Gemeinschaft \u00fcber den individuellen erotischen Gewinn stellen?<\/p>\n\n\n\n<p><strong>Rahmen des Seminars:<\/strong><\/p>\n\n\n\n<ul class=\"wp-block-list\">\n<li>24h-Nacktheit im Seminarraum, gemeinsames Essen &amp; Schlafen<\/li>\n\n\n\n<li>R\u00e4ume f\u00fcr radikalen Austausch \u00fcber Erwartungen, Begehren, Zur\u00fcckweisung und Erf\u00fcllung<\/li>\n\n\n\n<li>Erkunden von Wertzuschreibung in Sex, Intimit\u00e4t und auf emotionaler Ebene<\/li>\n\n\n\n<li>Experimente und Gruppenprozesse zu Macht, Exklusivit\u00e4t und K\u00e4uflichkeit<\/li>\n<\/ul>\n\n\n\n<p><strong>F\u00fcr wen? Voraussetzungen f\u00fcr die Teilnahme:<\/strong><\/p>\n\n\n\n<p>Dieses Seminar richtet sich an Menschen, die ihre eigenen Muster von Wert und Ablehnung in Sexualit\u00e4t erkunden wollen \u2013 und die bereit sind, das Spannungsfeld sexueller Freiheiten bewusst zu leben.<\/p>\n\n\n\n<ul class=\"wp-block-list\">\n<li>Ausgepr\u00e4gte Erfahrung mit Consent, Selbstkontakt und emotionaler Selbstregulation<\/li>\n\n\n\n<li>Bereitschaft, pers\u00f6nliche Projektionen zu reflektieren und Verantwortung f\u00fcr eigene Prozesse zu \u00fcbernehmen<\/li>\n\n\n\n<li>Ein Interesse daran, mit eigenen und kollektiven Tabus zu experimentieren<\/li>\n<\/ul>\n\n\n\n<hr class=\"wp-block-separator has-alpha-channel-opacity\"\/>\n\n\n\n<hr class=\"wp-block-separator has-alpha-channel-opacity\"\/>\n\n\n\n<p class=\"has-text-align-center\"><strong>\ud83c\udf3f COMMUNITY CALLS | sexuality in.and.or community Retreats \ud83c\udf3f<\/strong><br>\ud83d\udcc5 4. Juli + 4. August + 4. Sept 2025<br>\u23f0 19:00 \u2013 20:30, Online<\/p>\n\n\n\n<p class=\"has-text-align-center\">Ob du schon dabei bist oder noch \u00fcberlegst&#8230;<br>dieser Call ist f\u00fcr alle da, die sich nach einer gesund gelebten, sex-positiven Kultur sehnen \u2728<br>\ud83d\udcab <a href=\"https:\/\/app.10to8.com\/book\/aewkzzrqxvokotjwnu\/1954973\">Anmeldung zum Community Call <\/a>\ud83d\udcab<\/p>\n\n\n\n<hr class=\"wp-block-separator has-alpha-channel-opacity\"\/>\n\n\n\n<p class=\"has-text-align-center has-large-font-size\">HOST&#8217;S<\/p>\n\n\n\n<div class=\"wp-block-columns is-layout-flex wp-container-core-columns-is-layout-9d6595d7 wp-block-columns-is-layout-flex\">\n<div class=\"wp-block-column is-layout-flow wp-block-column-is-layout-flow\">\n<figure class=\"wp-block-image size-large\"><a href=\"https:\/\/www.rogerspiess.ch\/%C3%BCber-mich\" target=\"_blank\" rel=\" noreferrer noopener\"><img loading=\"lazy\" decoding=\"async\" width=\"1024\" height=\"1024\" src=\"https:\/\/intuitivewisdom.ch\/wp-content\/uploads\/2024\/01\/Heads-2-1024x1024.jpg\" alt=\"\" class=\"wp-image-2452\" srcset=\"https:\/\/intuitivewisdom.ch\/wp-content\/uploads\/2024\/01\/Heads-2-1024x1024.jpg 1024w, https:\/\/intuitivewisdom.ch\/wp-content\/uploads\/2024\/01\/Heads-2-300x300.jpg 300w, https:\/\/intuitivewisdom.ch\/wp-content\/uploads\/2024\/01\/Heads-2-150x150.jpg 150w, https:\/\/intuitivewisdom.ch\/wp-content\/uploads\/2024\/01\/Heads-2-768x768.jpg 768w, https:\/\/intuitivewisdom.ch\/wp-content\/uploads\/2024\/01\/Heads-2-12x12.jpg 12w, https:\/\/intuitivewisdom.ch\/wp-content\/uploads\/2024\/01\/Heads-2.jpg 1080w\" sizes=\"auto, (max-width: 1024px) 100vw, 1024px\" \/><\/a><figcaption class=\"wp-element-caption\"><a href=\"https:\/\/www.rogerspiess.ch\/%C3%BCber-mich\" data-type=\"link\" data-id=\"https:\/\/www.rogerspiess.ch\/%C3%BCber-mich\" target=\"_blank\" rel=\"noreferrer noopener\">Roger<\/a><\/figcaption><\/figure>\n<\/div>\n\n\n\n<div class=\"wp-block-column is-layout-flow wp-block-column-is-layout-flow\">\n<figure class=\"wp-block-image size-large\"><a href=\"https:\/\/michele-brand.ch\/\" target=\"_blank\" rel=\" noreferrer noopener\"><img loading=\"lazy\" decoding=\"async\" width=\"1024\" height=\"1024\" src=\"https:\/\/intuitivewisdom.ch\/wp-content\/uploads\/2025\/04\/Heads.zip-2-1024x1024.png\" alt=\"\" class=\"wp-image-4049\" srcset=\"https:\/\/intuitivewisdom.ch\/wp-content\/uploads\/2025\/04\/Heads.zip-2-1024x1024.png 1024w, https:\/\/intuitivewisdom.ch\/wp-content\/uploads\/2025\/04\/Heads.zip-2-300x300.png 300w, https:\/\/intuitivewisdom.ch\/wp-content\/uploads\/2025\/04\/Heads.zip-2-150x150.png 150w, https:\/\/intuitivewisdom.ch\/wp-content\/uploads\/2025\/04\/Heads.zip-2-768x768.png 768w, https:\/\/intuitivewisdom.ch\/wp-content\/uploads\/2025\/04\/Heads.zip-2-12x12.png 12w, https:\/\/intuitivewisdom.ch\/wp-content\/uploads\/2025\/04\/Heads.zip-2.png 1080w\" sizes=\"auto, (max-width: 1024px) 100vw, 1024px\" \/><\/a><figcaption class=\"wp-element-caption\"><a href=\"https:\/\/michele-brand.ch\/\" data-type=\"link\" data-id=\"https:\/\/michele-brand.ch\/\" target=\"_blank\" rel=\"noreferrer noopener\">Mich\u00e8le<\/a><\/figcaption><\/figure>\n<\/div>\n\n\n\n<div class=\"wp-block-column is-layout-flow wp-block-column-is-layout-flow\">\n<figure class=\"wp-block-image size-large\"><a href=\"https:\/\/www.ondamare-tantra.ch\/ueber-mich\" target=\"_blank\" rel=\" noreferrer noopener\"><img loading=\"lazy\" decoding=\"async\" width=\"1024\" height=\"1024\" src=\"https:\/\/intuitivewisdom.ch\/wp-content\/uploads\/2024\/09\/Heads-5-1024x1024.jpg\" alt=\"\" class=\"wp-image-3296\" srcset=\"https:\/\/intuitivewisdom.ch\/wp-content\/uploads\/2024\/09\/Heads-5-1024x1024.jpg 1024w, https:\/\/intuitivewisdom.ch\/wp-content\/uploads\/2024\/09\/Heads-5-300x300.jpg 300w, https:\/\/intuitivewisdom.ch\/wp-content\/uploads\/2024\/09\/Heads-5-150x150.jpg 150w, https:\/\/intuitivewisdom.ch\/wp-content\/uploads\/2024\/09\/Heads-5-768x768.jpg 768w, https:\/\/intuitivewisdom.ch\/wp-content\/uploads\/2024\/09\/Heads-5-12x12.jpg 12w, https:\/\/intuitivewisdom.ch\/wp-content\/uploads\/2024\/09\/Heads-5.jpg 1080w\" sizes=\"auto, (max-width: 1024px) 100vw, 1024px\" \/><\/a><figcaption class=\"wp-element-caption\"><a href=\"https:\/\/www.ondamare-tantra.ch\/about\" data-type=\"link\" data-id=\"https:\/\/www.ondamare-tantra.ch\/about\" target=\"_blank\" rel=\"noreferrer noopener\">Jasmin<\/a><\/figcaption><\/figure>\n<\/div>\n<\/div>\n\n\n\n<hr class=\"wp-block-separator has-alpha-channel-opacity\"\/>\n\n\n\n<p class=\"has-text-align-center has-large-font-size\">GENERELLE INFOS<\/p>\n\n\n\n<div class=\"wp-block-columns is-layout-flex wp-container-core-columns-is-layout-9d6595d7 wp-block-columns-is-layout-flex\">\n<div class=\"wp-block-column is-layout-flow wp-block-column-is-layout-flow\" style=\"flex-basis:33.33%\">\n<figure class=\"wp-block-image size-large\"><img loading=\"lazy\" decoding=\"async\" width=\"1024\" height=\"1024\" src=\"https:\/\/intuitivewisdom.ch\/wp-content\/uploads\/2025\/03\/NAKED-square.zip-9-1024x1024.png\" alt=\"\" class=\"wp-image-3993\" srcset=\"https:\/\/intuitivewisdom.ch\/wp-content\/uploads\/2025\/03\/NAKED-square.zip-9-1024x1024.png 1024w, https:\/\/intuitivewisdom.ch\/wp-content\/uploads\/2025\/03\/NAKED-square.zip-9-300x300.png 300w, https:\/\/intuitivewisdom.ch\/wp-content\/uploads\/2025\/03\/NAKED-square.zip-9-150x150.png 150w, https:\/\/intuitivewisdom.ch\/wp-content\/uploads\/2025\/03\/NAKED-square.zip-9-768x768.png 768w, https:\/\/intuitivewisdom.ch\/wp-content\/uploads\/2025\/03\/NAKED-square.zip-9-12x12.png 12w, https:\/\/intuitivewisdom.ch\/wp-content\/uploads\/2025\/03\/NAKED-square.zip-9.png 1080w\" sizes=\"auto, (max-width: 1024px) 100vw, 1024px\" \/><\/figure>\n<\/div>\n\n\n\n<div class=\"wp-block-column is-layout-flow wp-block-column-is-layout-flow\" style=\"flex-basis:66.66%\">\n<p>WORTH | sexuality in.and.or community<br>1.-5. Oktober 2025, Schloss Glarisegg CH<br>Seminarkosten: 600.-CHF regul\u00e4r \/ 700.-CHF  Supporter \/ Soli-Preis abh\u00e4ngig von Anzahl Supporter-Tickets<br>Unterkunft &amp; Verpflegung: 460.-CHF (Massenschlag, Vollpension)<br>Ankommen: ab Mittwoch 17h (inkl. Abendessen)<br>Gemeinsamer Start: Mittwoch 20h<br>Gemeinsames Ende: Sonntag 16h<br>Gruppe von mind. 14 bis max. 35 Teilnehmenden<\/p>\n<\/div>\n<\/div>\n\n\n\n<div class=\"wp-block-buttons is-content-justification-center is-layout-flex wp-container-core-buttons-is-layout-16018d1d wp-block-buttons-is-layout-flex\">\n<div class=\"wp-block-button is-style-outline is-style-outline--3\"><a class=\"wp-block-button__link wp-element-button\" href=\"https:\/\/forms.gle\/uPbxQsQ5H5oehbPg6\" target=\"_blank\" rel=\"noreferrer noopener\">ANMELDUNG<\/a><\/div>\n<\/div>\n\n\n\n<hr class=\"wp-block-separator has-alpha-channel-opacity\"\/>\n\n\n\n<h1 class=\"wp-block-heading has-text-align-center\">sexuality in.and.or community<\/h1>\n\n\n\n<p class=\"has-text-align-left\">Das WORTH ist Teil einer Seminarreihe: sexuality in.and.or community! Hier nehmen wir gemeinsam Themen und Gruppendynamiken unter die Lupe, welche sich in sex-positiven Erfahrungsr\u00e4umen zeigen. Es ist ein kollektiver Forschungsraum \u2013 wir schaffen einen Rahmen, in welchem bestimmte Themen einfacher sichtbar und f\u00fchlbar werden, und in welchem jede*r mit der eigenen gef\u00fchlten Erfahrungswelt einen Aspekt der Dynamiken enth\u00fcllt. Wir erhalten ein ganzheitlicheres Bild dar\u00fcber, was alles stattfindet und k\u00f6nnen die Medizin der Bewusstwerdung nutzen, um ganzheitlichere Entscheidungen zu treffen.<\/p>\n\n\n\n<p class=\"has-text-align-center\"><strong><em>* kollektive Schattenarbeit f\u00fcr Fortgeschrittene *<\/em><\/strong><\/p>\n\n\n\n<p>Wir wollen hinschauen &#8211; die Schattenaspekte von sex-positiven Erfahrungsr\u00e4umen sichtbar machen, erforschen und experimentieren mit Alternativen.<\/p>\n\n\n\n<figure class=\"wp-block-gallery has-nested-images columns-default is-cropped wp-block-gallery-4 is-layout-flex wp-block-gallery-is-layout-flex\">\n<figure class=\"wp-block-image size-large\"><a href=\"https:\/\/intuitivewisdom.ch\/de\/naked-sexuality-in-and-or-community\/\"><img loading=\"lazy\" decoding=\"async\" width=\"1024\" height=\"1024\" data-id=\"4008\" src=\"https:\/\/intuitivewisdom.ch\/wp-content\/uploads\/2025\/03\/NAKED-square.zip-1-1024x1024.png\" alt=\"\" class=\"wp-image-4008\" srcset=\"https:\/\/intuitivewisdom.ch\/wp-content\/uploads\/2025\/03\/NAKED-square.zip-1-1024x1024.png 1024w, https:\/\/intuitivewisdom.ch\/wp-content\/uploads\/2025\/03\/NAKED-square.zip-1-300x300.png 300w, https:\/\/intuitivewisdom.ch\/wp-content\/uploads\/2025\/03\/NAKED-square.zip-1-150x150.png 150w, https:\/\/intuitivewisdom.ch\/wp-content\/uploads\/2025\/03\/NAKED-square.zip-1-768x768.png 768w, https:\/\/intuitivewisdom.ch\/wp-content\/uploads\/2025\/03\/NAKED-square.zip-1-12x12.png 12w, https:\/\/intuitivewisdom.ch\/wp-content\/uploads\/2025\/03\/NAKED-square.zip-1.png 1080w\" sizes=\"auto, (max-width: 1024px) 100vw, 1024px\" \/><\/a><figcaption class=\"wp-element-caption\">Sichtbarkeit<\/figcaption><\/figure>\n\n\n\n<figure class=\"wp-block-image size-large\"><a href=\"https:\/\/intuitivewisdom.ch\/de\/slow-sexuality-in-and-or-community\/\"><img loading=\"lazy\" decoding=\"async\" width=\"1024\" height=\"1024\" data-id=\"3999\" src=\"https:\/\/intuitivewisdom.ch\/wp-content\/uploads\/2025\/03\/NAKED-square.zip-5-1024x1024.png\" alt=\"\" class=\"wp-image-3999\" srcset=\"https:\/\/intuitivewisdom.ch\/wp-content\/uploads\/2025\/03\/NAKED-square.zip-5-1024x1024.png 1024w, https:\/\/intuitivewisdom.ch\/wp-content\/uploads\/2025\/03\/NAKED-square.zip-5-300x300.png 300w, https:\/\/intuitivewisdom.ch\/wp-content\/uploads\/2025\/03\/NAKED-square.zip-5-150x150.png 150w, https:\/\/intuitivewisdom.ch\/wp-content\/uploads\/2025\/03\/NAKED-square.zip-5-768x768.png 768w, https:\/\/intuitivewisdom.ch\/wp-content\/uploads\/2025\/03\/NAKED-square.zip-5-12x12.png 12w, https:\/\/intuitivewisdom.ch\/wp-content\/uploads\/2025\/03\/NAKED-square.zip-5.png 1080w\" sizes=\"auto, (max-width: 1024px) 100vw, 1024px\" \/><\/a><figcaption class=\"wp-element-caption\">Langsamkeit<\/figcaption><\/figure>\n\n\n\n<figure class=\"wp-block-image size-large\"><a href=\"https:\/\/intuitivewisdom.ch\/de\/worth-sexuality-in-and-or-community\/\"><img loading=\"lazy\" decoding=\"async\" width=\"1024\" height=\"1024\" data-id=\"3993\" src=\"https:\/\/intuitivewisdom.ch\/wp-content\/uploads\/2025\/03\/NAKED-square.zip-9-1024x1024.png\" alt=\"\" class=\"wp-image-3993\" srcset=\"https:\/\/intuitivewisdom.ch\/wp-content\/uploads\/2025\/03\/NAKED-square.zip-9-1024x1024.png 1024w, https:\/\/intuitivewisdom.ch\/wp-content\/uploads\/2025\/03\/NAKED-square.zip-9-300x300.png 300w, https:\/\/intuitivewisdom.ch\/wp-content\/uploads\/2025\/03\/NAKED-square.zip-9-150x150.png 150w, https:\/\/intuitivewisdom.ch\/wp-content\/uploads\/2025\/03\/NAKED-square.zip-9-768x768.png 768w, https:\/\/intuitivewisdom.ch\/wp-content\/uploads\/2025\/03\/NAKED-square.zip-9-12x12.png 12w, https:\/\/intuitivewisdom.ch\/wp-content\/uploads\/2025\/03\/NAKED-square.zip-9.png 1080w\" sizes=\"auto, (max-width: 1024px) 100vw, 1024px\" \/><\/a><figcaption class=\"wp-element-caption\">Wertigkeit<\/figcaption><\/figure>\n<\/figure>\n\n\n\n<hr class=\"wp-block-separator has-alpha-channel-opacity\"\/>\n\n\n\n<p class=\"has-text-align-center has-large-font-size\">Posts &amp; Blogbeitr\u00e4ge<br>zum NAKED<\/p>\n\n\n\n<p><a href=\"https:\/\/m.facebook.com\/events\/557625813465811?\">NAKED ist Gemeinschaftsbildung und Bewusstwerdung der eigenen Sexualit\u00e4t<\/a>.<\/p>\n\n\n\n<p><a href=\"https:\/\/m.facebook.com\/story.php?story_fbid=pfbid0bMTZcigqFB1ug9tUzAzpzDaEMRZvnmDisx9Bui33bSu32uMm49psHfKpYXx8FmaSl&amp;id=100075971330681\" data-type=\"link\" data-id=\"https:\/\/m.facebook.com\/story.php?story_fbid=pfbid0bMTZcigqFB1ug9tUzAzpzDaEMRZvnmDisx9Bui33bSu32uMm49psHfKpYXx8FmaSl&amp;id=100075971330681\">Do you dare to show yourself?<\/a><\/p>\n\n\n\n<p><a href=\"https:\/\/m.facebook.com\/story.php?story_fbid=pfbid02sW3WWp2yM9CUPRnFmHQJWGTFNFJrEJZtEWXqFniusqhjsKqHKxkfn7YSiLCqT6Wal&amp;id=552533468\" data-type=\"link\" data-id=\"https:\/\/m.facebook.com\/story.php?story_fbid=pfbid02sW3WWp2yM9CUPRnFmHQJWGTFNFJrEJZtEWXqFniusqhjsKqHKxkfn7YSiLCqT6Wal&amp;id=552533468\">Warum sollte ich als Mann M\u00e4nner ber\u00fchren?<\/a><\/p>\n\n\n\n<p><a href=\"https:\/\/fb.watch\/w46IJDCIWA\/?\" data-type=\"link\" data-id=\"https:\/\/fb.watch\/w46IJDCIWA\/?\">Was passiert eigentlich beim NAKED?<\/a><\/p>\n\n\n\n<p><a href=\"https:\/\/m.facebook.com\/story.php?story_fbid=pfbid02VWupg3nXweK97cqLDxQioVs9mYgBhDhVTh8FhP5Xqcky5Uzwjas9o2YbSd2vJ8Psl&amp;id=100075971330681\" data-type=\"link\" data-id=\"https:\/\/m.facebook.com\/story.php?story_fbid=pfbid02VWupg3nXweK97cqLDxQioVs9mYgBhDhVTh8FhP5Xqcky5Uzwjas9o2YbSd2vJ8Psl&amp;id=100075971330681\" target=\"_blank\" rel=\"noreferrer noopener\">von BodyPositivity zu BodyNeutrality oder wie wir mit dem gesellschaftlichen Tabu \u201aH\u00e4sslichkeit\u2018 neue Wege finden<\/a><\/p>\n\n\n\n<p class=\"has-text-align-left\">#Friedensforschung #BewussteSexualit\u00e4t #Gemeinschaft #Gemeinschaftsbildung #Wahrheit #SlowSex #SexuellesKapital #Verk\u00f6rperterKonsens #GewaltfreieKommunikation #Global Love School #Tamera #ZEGG<\/p>","protected":false},"excerpt":{"rendered":"<p>W O R T H sexuality in.and.or community1.-5. Oktober &#8217;25Schloss Glarisegg &#8211; CH Was bist du wert? Was macht dich begehrenswert? Und was bist du bereit zu zahlen \u2013 f\u00fcr Sex, Aufmerksamkeit, emotionale Verf\u00fcgbarkeit?&nbsp; Wir handeln fortlaufend mit Sex und Gef\u00fchlen, testen und best\u00e4tigen unseren Wert gegenseitig. Wir verbrauchen betr\u00e4chtliche Ressourcen f\u00fcr die Erf\u00fcllung unserer [&hellip;]<\/p>\n","protected":false},"author":1,"featured_media":0,"parent":0,"menu_order":0,"comment_status":"closed","ping_status":"closed","template":"","meta":{"footnotes":""},"class_list":["post-3948","page","type-page","status-publish","hentry"],"_links":{"self":[{"href":"https:\/\/intuitivewisdom.ch\/de\/wp-json\/wp\/v2\/pages\/3948","targetHints":{"allow":["GET"]}}],"collection":[{"href":"https:\/\/intuitivewisdom.ch\/de\/wp-json\/wp\/v2\/pages"}],"about":[{"href":"https:\/\/intuitivewisdom.ch\/de\/wp-json\/wp\/v2\/types\/page"}],"author":[{"embeddable":true,"href":"https:\/\/intuitivewisdom.ch\/de\/wp-json\/wp\/v2\/users\/1"}],"replies":[{"embeddable":true,"href":"https:\/\/intuitivewisdom.ch\/de\/wp-json\/wp\/v2\/comments?post=3948"}],"version-history":[{"count":26,"href":"https:\/\/intuitivewisdom.ch\/de\/wp-json\/wp\/v2\/pages\/3948\/revisions"}],"predecessor-version":[{"id":4456,"href":"https:\/\/intuitivewisdom.ch\/de\/wp-json\/wp\/v2\/pages\/3948\/revisions\/4456"}],"wp:attachment":[{"href":"https:\/\/intuitivewisdom.ch\/de\/wp-json\/wp\/v2\/media?parent=3948"}],"curies":[{"name":"wp","href":"https:\/\/api.w.org\/{rel}","templated":true}]}}