{"id":3878,"date":"2025-02-14T09:09:03","date_gmt":"2025-02-14T09:09:03","guid":{"rendered":"https:\/\/intuitivewisdom.ch\/?page_id=3878"},"modified":"2025-02-14T09:14:10","modified_gmt":"2025-02-14T09:14:10","slug":"slow-sex-nachmittags-workshop","status":"publish","type":"page","link":"https:\/\/intuitivewisdom.ch\/de\/slow-sex-nachmittags-workshop\/","title":{"rendered":"SLOW SEX Nachmittags Workshop"},"content":{"rendered":"<p>Slow Sex. Eine wundersch\u00f6ne Form der Sexualit\u00e4t, welche dem eigenen Gef\u00fchl, der Verbindung zum Partner oder Partnein, und der Liebe und Lust gleichsam eine neue Tiefe und Energie geben kann. Viele Paare entdecken sich selbst darin wieder, oder finden einander neu in ihrer Beziehung.<\/p>\n\n\n\n<figure class=\"wp-block-image size-large\"><img loading=\"lazy\" decoding=\"async\" width=\"1024\" height=\"1024\" src=\"https:\/\/intuitivewisdom.ch\/wp-content\/uploads\/2025\/02\/Offerings-1-1024x1024.jpeg\" alt=\"\" class=\"wp-image-3890\" srcset=\"https:\/\/intuitivewisdom.ch\/wp-content\/uploads\/2025\/02\/Offerings-1-1024x1024.jpeg 1024w, https:\/\/intuitivewisdom.ch\/wp-content\/uploads\/2025\/02\/Offerings-1-300x300.jpeg 300w, https:\/\/intuitivewisdom.ch\/wp-content\/uploads\/2025\/02\/Offerings-1-150x150.jpeg 150w, https:\/\/intuitivewisdom.ch\/wp-content\/uploads\/2025\/02\/Offerings-1-768x768.jpeg 768w, https:\/\/intuitivewisdom.ch\/wp-content\/uploads\/2025\/02\/Offerings-1-12x12.jpeg 12w, https:\/\/intuitivewisdom.ch\/wp-content\/uploads\/2025\/02\/Offerings-1.jpeg 1080w\" sizes=\"auto, (max-width: 1024px) 100vw, 1024px\" \/><\/figure>\n\n\n\n<p class=\"has-text-align-left\">Dieser \u00a0Nachmittag richtet sich an Menschen und Paare, welche ihrer Sexualit\u00e4t \u00a0in eine ganz neue, tiefe Ebene weiter entwickeln m\u00f6chten. Menschen die \u00a0sp\u00fcren, da ist noch viel mehr m\u00f6glich, da sind noch so viele Energien \u00a0die zwar sp\u00fcrbar sind, aber da ist noch kein Weg diese auch zu leben. \u00a0F\u00fcr Paare, die ihrer langj\u00e4hrigen Sexualit\u00e4t neue Dimensionen hinzu \u00a0f\u00fcgen m\u00f6chten. Menschen, die einfach nicht wirklich mit der im Moment \u00a0gelebten Sexualit\u00e4t zufrieden sind. Wenn Sexualit\u00e4t in jenem \u00a0Routine-Karussell gelandet ist, welche ihre Energie zu ersticken droht.<\/p>\n\n\n\n<div class=\"wp-block-columns is-layout-flex wp-container-core-columns-is-layout-9d6595d7 wp-block-columns-is-layout-flex\">\n<div class=\"wp-block-column is-layout-flow wp-block-column-is-layout-flow\" style=\"flex-basis:66.66%\">\n<p class=\"has-text-align-center\"><strong>SLOW SEX Nachmittags Workshop<\/strong><br>Samstag 22. Feb, 13:00-19:00<br>Heilraum Z\u00fcrich Wollishofen<br><a href=\"https:\/\/www.rogerspiess.ch\/event-details\/slow-sex-deep-love-2-1\" data-type=\"link\" data-id=\"https:\/\/www.rogerspiess.ch\/event-details\/slow-sex-deep-love-2-1\" target=\"_blank\" rel=\"noreferrer noopener\">Tickets<\/a><\/p>\n<\/div>\n\n\n\n<div class=\"wp-block-column is-layout-flow wp-block-column-is-layout-flow\" style=\"flex-basis:33.33%\">\n<figure class=\"wp-block-image size-large\"><img loading=\"lazy\" decoding=\"async\" width=\"1024\" height=\"765\" src=\"https:\/\/intuitivewisdom.ch\/wp-content\/uploads\/2025\/01\/IMG_0318-1024x765.jpeg\" alt=\"\" class=\"wp-image-3773\" srcset=\"https:\/\/intuitivewisdom.ch\/wp-content\/uploads\/2025\/01\/IMG_0318-1024x765.jpeg 1024w, https:\/\/intuitivewisdom.ch\/wp-content\/uploads\/2025\/01\/IMG_0318-300x224.jpeg 300w, https:\/\/intuitivewisdom.ch\/wp-content\/uploads\/2025\/01\/IMG_0318-768x574.jpeg 768w, https:\/\/intuitivewisdom.ch\/wp-content\/uploads\/2025\/01\/IMG_0318-16x12.jpeg 16w, https:\/\/intuitivewisdom.ch\/wp-content\/uploads\/2025\/01\/IMG_0318.jpeg 1280w\" sizes=\"auto, (max-width: 1024px) 100vw, 1024px\" \/><figcaption class=\"wp-element-caption\">mit Roger &amp; Michele<\/figcaption><\/figure>\n<\/div>\n<\/div>\n\n\n\n<p id=\"viewer-tb3q3368\">Slow Sex. An diesem Nachmittag lernen wir Slow Sex kennen. Nein, es ist nicht was der Name schon sagt, einfach langsamer Sex. Es geht vielmehr zuerst um das entschleunigen der Energien welche uns so oft vom tieferen, wahren Geniessen abhalten. Ja, Slow Sex ist geniessen, ersp\u00fcren, sich hingeben ohne Ziel, ohne Plan, ohne Wissen.\u00a0<\/p>\n\n\n\n<p id=\"viewer-3pw68370\">Der K\u00f6rper erh\u00e4lt so die Chance die &#8216;Regie&#8217; zu \u00fcbernehmen und seine ganze Vielfalt an Empfindungen und Erlebnissen auch zur Entfaltung zu bringen. Ganz neue Dimensionen der k\u00f6rperlichen wie energetischen Wahrnehmungen er\u00f6ffnen sich. Schritt f\u00fcr Schritt tauchen wir in diese Geheimnisse der Sexualit\u00e4t ein. Tiefere Verbindung, Liebe, Kontakt, Lust und Freude mit sich selbst und dem Partner, der Partnerin sind die Geschenke einer gef\u00fchlten, verbundenen Vereinigung. Wir lernen, auch ohne Erektion in die Vereinigung zu gehen, Wie du dich als Mann oder Frau in der Vereinigung selber ganz in die Entspannung deines K\u00f6rpers hingeben kannst. Gleichsam hochsteigende wie absteigende sexuelle und lustvolle Energien erkennen und geniessen.<\/p>\n\n\n\n<figure class=\"wp-block-gallery has-nested-images columns-default is-cropped wp-block-gallery-1 is-layout-flex wp-block-gallery-is-layout-flex\">\n<figure class=\"wp-block-image size-large\"><img loading=\"lazy\" decoding=\"async\" width=\"1024\" height=\"1024\" data-id=\"3881\" src=\"https:\/\/intuitivewisdom.ch\/wp-content\/uploads\/2025\/02\/Offerings.zip-30-1024x1024.jpeg\" alt=\"\" class=\"wp-image-3881\" srcset=\"https:\/\/intuitivewisdom.ch\/wp-content\/uploads\/2025\/02\/Offerings.zip-30-1024x1024.jpeg 1024w, https:\/\/intuitivewisdom.ch\/wp-content\/uploads\/2025\/02\/Offerings.zip-30-300x300.jpeg 300w, https:\/\/intuitivewisdom.ch\/wp-content\/uploads\/2025\/02\/Offerings.zip-30-150x150.jpeg 150w, https:\/\/intuitivewisdom.ch\/wp-content\/uploads\/2025\/02\/Offerings.zip-30-768x768.jpeg 768w, https:\/\/intuitivewisdom.ch\/wp-content\/uploads\/2025\/02\/Offerings.zip-30-12x12.jpeg 12w, https:\/\/intuitivewisdom.ch\/wp-content\/uploads\/2025\/02\/Offerings.zip-30.jpeg 1080w\" sizes=\"auto, (max-width: 1024px) 100vw, 1024px\" \/><\/figure>\n\n\n\n<figure class=\"wp-block-image size-large\"><img loading=\"lazy\" decoding=\"async\" width=\"1024\" height=\"1024\" data-id=\"3884\" src=\"https:\/\/intuitivewisdom.ch\/wp-content\/uploads\/2025\/02\/Offerings.zip-35-1024x1024.jpeg\" alt=\"\" class=\"wp-image-3884\" srcset=\"https:\/\/intuitivewisdom.ch\/wp-content\/uploads\/2025\/02\/Offerings.zip-35-1024x1024.jpeg 1024w, https:\/\/intuitivewisdom.ch\/wp-content\/uploads\/2025\/02\/Offerings.zip-35-300x300.jpeg 300w, https:\/\/intuitivewisdom.ch\/wp-content\/uploads\/2025\/02\/Offerings.zip-35-150x150.jpeg 150w, https:\/\/intuitivewisdom.ch\/wp-content\/uploads\/2025\/02\/Offerings.zip-35-768x768.jpeg 768w, https:\/\/intuitivewisdom.ch\/wp-content\/uploads\/2025\/02\/Offerings.zip-35-12x12.jpeg 12w, https:\/\/intuitivewisdom.ch\/wp-content\/uploads\/2025\/02\/Offerings.zip-35.jpeg 1080w\" sizes=\"auto, (max-width: 1024px) 100vw, 1024px\" \/><\/figure>\n\n\n\n<figure class=\"wp-block-image size-large\"><img loading=\"lazy\" decoding=\"async\" width=\"1024\" height=\"1024\" data-id=\"3883\" src=\"https:\/\/intuitivewisdom.ch\/wp-content\/uploads\/2025\/02\/Offerings.zip-34-1024x1024.jpeg\" alt=\"\" class=\"wp-image-3883\" srcset=\"https:\/\/intuitivewisdom.ch\/wp-content\/uploads\/2025\/02\/Offerings.zip-34-1024x1024.jpeg 1024w, https:\/\/intuitivewisdom.ch\/wp-content\/uploads\/2025\/02\/Offerings.zip-34-300x300.jpeg 300w, https:\/\/intuitivewisdom.ch\/wp-content\/uploads\/2025\/02\/Offerings.zip-34-150x150.jpeg 150w, https:\/\/intuitivewisdom.ch\/wp-content\/uploads\/2025\/02\/Offerings.zip-34-768x768.jpeg 768w, https:\/\/intuitivewisdom.ch\/wp-content\/uploads\/2025\/02\/Offerings.zip-34-12x12.jpeg 12w, https:\/\/intuitivewisdom.ch\/wp-content\/uploads\/2025\/02\/Offerings.zip-34.jpeg 1080w\" sizes=\"auto, (max-width: 1024px) 100vw, 1024px\" \/><\/figure>\n\n\n\n<figure class=\"wp-block-image size-large\"><img loading=\"lazy\" decoding=\"async\" width=\"1024\" height=\"1024\" data-id=\"3885\" src=\"https:\/\/intuitivewisdom.ch\/wp-content\/uploads\/2025\/02\/Offerings.zip-33-1024x1024.jpeg\" alt=\"\" class=\"wp-image-3885\" srcset=\"https:\/\/intuitivewisdom.ch\/wp-content\/uploads\/2025\/02\/Offerings.zip-33-1024x1024.jpeg 1024w, https:\/\/intuitivewisdom.ch\/wp-content\/uploads\/2025\/02\/Offerings.zip-33-300x300.jpeg 300w, https:\/\/intuitivewisdom.ch\/wp-content\/uploads\/2025\/02\/Offerings.zip-33-150x150.jpeg 150w, https:\/\/intuitivewisdom.ch\/wp-content\/uploads\/2025\/02\/Offerings.zip-33-768x768.jpeg 768w, https:\/\/intuitivewisdom.ch\/wp-content\/uploads\/2025\/02\/Offerings.zip-33-12x12.jpeg 12w, https:\/\/intuitivewisdom.ch\/wp-content\/uploads\/2025\/02\/Offerings.zip-33.jpeg 1080w\" sizes=\"auto, (max-width: 1024px) 100vw, 1024px\" \/><\/figure>\n\n\n\n<figure class=\"wp-block-image size-large\"><img loading=\"lazy\" decoding=\"async\" width=\"1024\" height=\"1024\" data-id=\"3886\" src=\"https:\/\/intuitivewisdom.ch\/wp-content\/uploads\/2025\/02\/Offerings.zip-32-1024x1024.jpeg\" alt=\"\" class=\"wp-image-3886\" srcset=\"https:\/\/intuitivewisdom.ch\/wp-content\/uploads\/2025\/02\/Offerings.zip-32-1024x1024.jpeg 1024w, https:\/\/intuitivewisdom.ch\/wp-content\/uploads\/2025\/02\/Offerings.zip-32-300x300.jpeg 300w, https:\/\/intuitivewisdom.ch\/wp-content\/uploads\/2025\/02\/Offerings.zip-32-150x150.jpeg 150w, https:\/\/intuitivewisdom.ch\/wp-content\/uploads\/2025\/02\/Offerings.zip-32-768x768.jpeg 768w, https:\/\/intuitivewisdom.ch\/wp-content\/uploads\/2025\/02\/Offerings.zip-32-12x12.jpeg 12w, https:\/\/intuitivewisdom.ch\/wp-content\/uploads\/2025\/02\/Offerings.zip-32.jpeg 1080w\" sizes=\"auto, (max-width: 1024px) 100vw, 1024px\" \/><\/figure>\n\n\n\n<figure class=\"wp-block-image size-large\"><img loading=\"lazy\" decoding=\"async\" width=\"1024\" height=\"1024\" data-id=\"3887\" src=\"https:\/\/intuitivewisdom.ch\/wp-content\/uploads\/2025\/02\/Offerings.zip-36-1024x1024.jpeg\" alt=\"\" class=\"wp-image-3887\" srcset=\"https:\/\/intuitivewisdom.ch\/wp-content\/uploads\/2025\/02\/Offerings.zip-36-1024x1024.jpeg 1024w, https:\/\/intuitivewisdom.ch\/wp-content\/uploads\/2025\/02\/Offerings.zip-36-300x300.jpeg 300w, https:\/\/intuitivewisdom.ch\/wp-content\/uploads\/2025\/02\/Offerings.zip-36-150x150.jpeg 150w, https:\/\/intuitivewisdom.ch\/wp-content\/uploads\/2025\/02\/Offerings.zip-36-768x768.jpeg 768w, https:\/\/intuitivewisdom.ch\/wp-content\/uploads\/2025\/02\/Offerings.zip-36-12x12.jpeg 12w, https:\/\/intuitivewisdom.ch\/wp-content\/uploads\/2025\/02\/Offerings.zip-36.jpeg 1080w\" sizes=\"auto, (max-width: 1024px) 100vw, 1024px\" \/><\/figure>\n<\/figure>\n\n\n\n<p id=\"viewer-8eulc371\">Wir erfahren wie die Heilkr\u00e4fte der Sexualit\u00e4t wirken. Und wie Slow Sex zwei Menschen in ganz neue und tiefere Verbindung und somit Liebe bringt. Du als Mensch oder zusammen als Paar bestimmt die Offenheit mit der du \/ihr durch diesen Nachmittag gehen m\u00f6chtet. Nacktheit, sowie Ber\u00fchrungen, Kontakt und achtsame und bewusste Vereinigung sind m\u00f6glich.&nbsp;<\/p>\n\n\n\n<p id=\"viewer-jei8f372\">Aus unseren Erfahrungen wissen wir um die spirituelle und heilende Kraft welche Herzen und Seelen zu ber\u00fchren vermag, wenn wir diesen heiligen und kraftvollen Raum der wahren Sexualti\u00e4t \u00f6ffnen. Und wir erleben immer wieder auf sehr ber\u00fchrende Weise, wieviel sich an Heilung zwischen Frau und Mann in diesen Ritualen zeigt.&nbsp;<\/p>\n\n\n\n<p id=\"viewer-obw6p373\">Dann, wenn wahre Verbindung geschieht. Wenn es nicht mehr &#8216;Sex&#8217; ist, sondern ein gegenseitiges echtes sehen des Menschen der einwilligt K\u00f6rper, Liebe und Sein mit genau dir zu teilen. \u00a0Wir freuen uns, diese Sch\u00f6nheit mit dir im Heilkreis der Sexualit\u00e4t feiern zu d\u00fcrfen.<\/p>\n\n\n\n<p id=\"viewer-obw6p373\">Dieser Workshop wird angeleitet von <a href=\"https:\/\/www.rogerspiess.ch\/%C3%BCber-mich\" data-type=\"link\" data-id=\"https:\/\/www.rogerspiess.ch\/%C3%BCber-mich\" target=\"_blank\" rel=\"noreferrer noopener\">Roger Spiess<\/a> und <a href=\"http:\/\/intuitivewisdom.ch\/de\/michele-brand\/\" data-type=\"link\" data-id=\"intuitivewisdom.ch\/michele-brand\" target=\"_blank\" rel=\"noreferrer noopener\">Mich\u00e8le Brand<\/a>.<br>Erm\u00e4ssigung f\u00fcr StudentenInnen.<\/p>\n\n\n\n<figure class=\"wp-block-gallery has-nested-images columns-default is-cropped wp-block-gallery-2 is-layout-flex wp-block-gallery-is-layout-flex\">\n<figure class=\"wp-block-image size-large\"><img loading=\"lazy\" decoding=\"async\" width=\"1024\" height=\"1024\" data-id=\"3364\" src=\"https:\/\/intuitivewisdom.ch\/wp-content\/uploads\/2024\/10\/IMG_0018-1024x1024.jpeg\" alt=\"\" class=\"wp-image-3364\" srcset=\"https:\/\/intuitivewisdom.ch\/wp-content\/uploads\/2024\/10\/IMG_0018-1024x1024.jpeg 1024w, https:\/\/intuitivewisdom.ch\/wp-content\/uploads\/2024\/10\/IMG_0018-300x300.jpeg 300w, https:\/\/intuitivewisdom.ch\/wp-content\/uploads\/2024\/10\/IMG_0018-150x150.jpeg 150w, https:\/\/intuitivewisdom.ch\/wp-content\/uploads\/2024\/10\/IMG_0018-768x768.jpeg 768w, https:\/\/intuitivewisdom.ch\/wp-content\/uploads\/2024\/10\/IMG_0018-12x12.jpeg 12w, https:\/\/intuitivewisdom.ch\/wp-content\/uploads\/2024\/10\/IMG_0018.jpeg 1080w\" sizes=\"auto, (max-width: 1024px) 100vw, 1024px\" \/><\/figure>\n\n\n\n<figure class=\"wp-block-image size-large\"><img loading=\"lazy\" decoding=\"async\" width=\"1024\" height=\"765\" data-id=\"3773\" src=\"https:\/\/intuitivewisdom.ch\/wp-content\/uploads\/2025\/01\/IMG_0318-1024x765.jpeg\" alt=\"\" class=\"wp-image-3773\" srcset=\"https:\/\/intuitivewisdom.ch\/wp-content\/uploads\/2025\/01\/IMG_0318-1024x765.jpeg 1024w, https:\/\/intuitivewisdom.ch\/wp-content\/uploads\/2025\/01\/IMG_0318-300x224.jpeg 300w, https:\/\/intuitivewisdom.ch\/wp-content\/uploads\/2025\/01\/IMG_0318-768x574.jpeg 768w, https:\/\/intuitivewisdom.ch\/wp-content\/uploads\/2025\/01\/IMG_0318-16x12.jpeg 16w, https:\/\/intuitivewisdom.ch\/wp-content\/uploads\/2025\/01\/IMG_0318.jpeg 1280w\" sizes=\"auto, (max-width: 1024px) 100vw, 1024px\" \/><\/figure>\n\n\n\n<figure class=\"wp-block-image size-large\"><img loading=\"lazy\" decoding=\"async\" width=\"768\" height=\"1024\" data-id=\"3774\" src=\"https:\/\/intuitivewisdom.ch\/wp-content\/uploads\/2025\/01\/IMG_0319-768x1024.jpeg\" alt=\"\" class=\"wp-image-3774\" srcset=\"https:\/\/intuitivewisdom.ch\/wp-content\/uploads\/2025\/01\/IMG_0319-768x1024.jpeg 768w, https:\/\/intuitivewisdom.ch\/wp-content\/uploads\/2025\/01\/IMG_0319-225x300.jpeg 225w, https:\/\/intuitivewisdom.ch\/wp-content\/uploads\/2025\/01\/IMG_0319-9x12.jpeg 9w, https:\/\/intuitivewisdom.ch\/wp-content\/uploads\/2025\/01\/IMG_0319.jpeg 960w\" sizes=\"auto, (max-width: 768px) 100vw, 768px\" \/><\/figure>\n<figcaption class=\"blocks-gallery-caption wp-element-caption\">DON\u2018T MISS: <strong><a href=\"https:\/\/intuitivewisdom.ch\/de\/slow-sex-retreat-for-couples\/\" data-type=\"link\" data-id=\"https:\/\/intuitivewisdom.ch\/slow-sex-retreat-for-couples\/\" target=\"_blank\" rel=\"noreferrer noopener\">SLOW SEX Retreat f\u00fcr Paare<\/a><\/strong> | 10.-13. April | Schloss Glarisegg<\/figcaption><\/figure>\n\n\n\n<p><\/p>","protected":false},"excerpt":{"rendered":"<p>Slow Sex. Eine wundersch\u00f6ne Form der Sexualit\u00e4t, welche dem eigenen Gef\u00fchl, der Verbindung zum Partner oder Partnein, und der Liebe und Lust gleichsam eine neue Tiefe und Energie geben kann. Viele Paare entdecken sich selbst darin wieder, oder finden einander neu in ihrer Beziehung. Dieser \u00a0Nachmittag richtet sich an Menschen und Paare, welche ihrer Sexualit\u00e4t [&hellip;]<\/p>\n","protected":false},"author":1,"featured_media":0,"parent":0,"menu_order":0,"comment_status":"closed","ping_status":"closed","template":"","meta":{"footnotes":""},"class_list":["post-3878","page","type-page","status-publish","hentry"],"_links":{"self":[{"href":"https:\/\/intuitivewisdom.ch\/de\/wp-json\/wp\/v2\/pages\/3878","targetHints":{"allow":["GET"]}}],"collection":[{"href":"https:\/\/intuitivewisdom.ch\/de\/wp-json\/wp\/v2\/pages"}],"about":[{"href":"https:\/\/intuitivewisdom.ch\/de\/wp-json\/wp\/v2\/types\/page"}],"author":[{"embeddable":true,"href":"https:\/\/intuitivewisdom.ch\/de\/wp-json\/wp\/v2\/users\/1"}],"replies":[{"embeddable":true,"href":"https:\/\/intuitivewisdom.ch\/de\/wp-json\/wp\/v2\/comments?post=3878"}],"version-history":[{"count":2,"href":"https:\/\/intuitivewisdom.ch\/de\/wp-json\/wp\/v2\/pages\/3878\/revisions"}],"predecessor-version":[{"id":3891,"href":"https:\/\/intuitivewisdom.ch\/de\/wp-json\/wp\/v2\/pages\/3878\/revisions\/3891"}],"wp:attachment":[{"href":"https:\/\/intuitivewisdom.ch\/de\/wp-json\/wp\/v2\/media?parent=3878"}],"curies":[{"name":"wp","href":"https:\/\/api.w.org\/{rel}","templated":true}]}}