{"id":3872,"date":"2025-02-13T09:02:38","date_gmt":"2025-02-13T09:02:38","guid":{"rendered":"https:\/\/intuitivewisdom.ch\/?page_id=3872"},"modified":"2025-02-13T09:02:41","modified_gmt":"2025-02-13T09:02:41","slug":"sexual-healing-practitioner-course","status":"publish","type":"page","link":"https:\/\/intuitivewisdom.ch\/de\/sexual-healing-practitioner-course\/","title":{"rendered":"Sexual Healing Practitioner Course"},"content":{"rendered":"<p>In 5 aufeinander folgenden Abenden gebe ich (Roger) mein Wissen der Sexual Healing Therapie weiter. Dieser Kurs ist f\u00fcr Therapeuten, K\u00f6rperarbeiterInnen und SexworkerInnen, die ihre Arbeit zu Themen der Sexualit\u00e4t erweitern m\u00f6chten .<\/p>\n\n\n\n<figure class=\"wp-block-image size-large\"><img loading=\"lazy\" decoding=\"async\" width=\"1024\" height=\"577\" src=\"https:\/\/intuitivewisdom.ch\/wp-content\/uploads\/2025\/02\/IMG_0097-1024x577.jpeg\" alt=\"\" class=\"wp-image-3873\" srcset=\"https:\/\/intuitivewisdom.ch\/wp-content\/uploads\/2025\/02\/IMG_0097-1024x577.jpeg 1024w, https:\/\/intuitivewisdom.ch\/wp-content\/uploads\/2025\/02\/IMG_0097-300x169.jpeg 300w, https:\/\/intuitivewisdom.ch\/wp-content\/uploads\/2025\/02\/IMG_0097-768x433.jpeg 768w, https:\/\/intuitivewisdom.ch\/wp-content\/uploads\/2025\/02\/IMG_0097-1536x866.jpeg 1536w, https:\/\/intuitivewisdom.ch\/wp-content\/uploads\/2025\/02\/IMG_0097-18x10.jpeg 18w, https:\/\/intuitivewisdom.ch\/wp-content\/uploads\/2025\/02\/IMG_0097.jpeg 1958w\" sizes=\"auto, (max-width: 1024px) 100vw, 1024px\" \/><\/figure>\n\n\n\n<p class=\"has-text-align-center\"><strong>Sexual Healing Practitioner Course<\/strong><br>N\u00e4chster Kurs: <strong>6. M\u00e4rz<\/strong>, 13., 20., 27. M\u00e4rz und 3. April 2025<br>Heilraum <strong>Z\u00fcrich<\/strong> Wollishofen, 380.- CHF, mit <a href=\"https:\/\/www.rogerspiess.ch\/\" target=\"_blank\" rel=\"noreferrer noopener\">Roger<\/a><br><a href=\"https:\/\/www.rogerspiess.ch\/event-details\/sexual-healing-course-for-practicioners\" target=\"_blank\" rel=\"noreferrer noopener\">Anmeldung<\/a><\/p>\n\n\n\n<p id=\"viewer-57jpu26880\">Egal, ob du auf der Suche nach Selbstentdeckung bist oder als Therapeut:in diese Methode erlernen m\u00f6chtest \u2013 diese f\u00fcnf Abendveranstaltungen laden dich ein, die Heilkraft der Sexualit\u00e4t auch in deinen therapeutischen Settings zur Sexualit\u00e4t zu erlernen, wie auch pers\u00f6nlich tiefere Einsichten zu gewinnen in deine Beziehungen zu dir selbst und zu anderen Menschen. An allen Abenden arbeiten wir mit dem unmittelbaren Selbsterleben der verschiedenen Themen.<\/p>\n\n\n\n<figure class=\"wp-block-image size-large\"><img loading=\"lazy\" decoding=\"async\" width=\"1024\" height=\"986\" src=\"https:\/\/intuitivewisdom.ch\/wp-content\/uploads\/2025\/02\/IMG_0098-1024x986.jpeg\" alt=\"\" class=\"wp-image-3874\" srcset=\"https:\/\/intuitivewisdom.ch\/wp-content\/uploads\/2025\/02\/IMG_0098-1024x986.jpeg 1024w, https:\/\/intuitivewisdom.ch\/wp-content\/uploads\/2025\/02\/IMG_0098-300x289.jpeg 300w, https:\/\/intuitivewisdom.ch\/wp-content\/uploads\/2025\/02\/IMG_0098-768x740.jpeg 768w, https:\/\/intuitivewisdom.ch\/wp-content\/uploads\/2025\/02\/IMG_0098-1536x1480.jpeg 1536w, https:\/\/intuitivewisdom.ch\/wp-content\/uploads\/2025\/02\/IMG_0098-12x12.jpeg 12w, https:\/\/intuitivewisdom.ch\/wp-content\/uploads\/2025\/02\/IMG_0098.jpeg 1960w\" sizes=\"auto, (max-width: 1024px) 100vw, 1024px\" \/><\/figure>\n\n\n\n<h2 class=\"wp-block-heading has-text-align-center\" id=\"viewer-oq63e26789\">Die Themen der Abende &#8211; oder<br>die f\u00fcnf R\u00e4ume der Sexualit\u00e4t:<\/h2>\n\n\n\n<p><\/p>\n\n\n\n<ul class=\"wp-block-list\">\n<li><strong>1. N\u00e4he und Distanz:<\/strong>\u00a0Lerne, wie deine Klienten gesunde Grenzen setzen und gleichzeitig intime Verbindungen aufbauen k\u00f6nnen. In diesem Abend erforschen wir das Spannungsfeld zwischen N\u00e4he und Distanz und wie es unsere Beziehungen beeinflusst.<\/li>\n\n\n\n<li><strong>2. Kommunikation:<\/strong>\u00a0Effektive Kommunikation ist der Schl\u00fcssel zu erf\u00fcllenden Beziehungen. Hier erf\u00e4hrst du, wie du deinen Klienten und Klientinnen Wege aufzeigen kannst ihre W\u00fcnsche klar und respektvoll auszudr\u00fccken.<\/li>\n\n\n\n<li><strong>3. Achtsame und bewusste Ber\u00fchrung:<\/strong>\u00a0Ber\u00fchrung ist eine kraftvolle Form der Kommunikation. Wir praktizieren achtsame Ber\u00fchrungen, die sowohl heilsam als auch in Klarheit verbindend sind, und lernen \u00dcbungen, wie wir diese unseren Klienten und Klientinnen vermitteln, und in unserem Alltag integrieren k\u00f6nnen.<\/li>\n\n\n\n<li><strong>4. Heilende Sexualit\u00e4t:<\/strong>\u00a0Die Essenz der Sexual Healing Session. Gelebte Sexualit\u00e4t in klarem Konsens der es den Klienten und Klientinnen erlaubt, sich selbst der eigenen Energie ihrer Sexualit\u00e4t ohne Stress zu stellen. Wir befassen uns mit den Aspekten der Sexualit\u00e4t, die uns helfen, emotionale und k\u00f6rperliche Blockaden zu \u00fcberwinden. Gelebte Sexualit\u00e4t in diesem Rahmen beinhaltet sexuelle Handlungen die nur der Heilung und Kl\u00e4rung dienen. Dadurch k\u00f6nnen auch Blockierungen und aus dem mentalen Bewusstsein verdr\u00e4ngte Traumen auftauchen, die sonst keinen Ausdruck finden. Dies ist eines der grossen Ph\u00e4nomene der Sexual Healing Session.<\/li>\n\n\n\n<li><strong>5. Verk\u00f6rperte Sexualit\u00e4t:<\/strong>\u00a0In diesem letzten Abend geht es darum, Sexualit\u00e4t als einen integralen Teil unseres Seins zu akzeptieren. Wir erforschen, wie wir unsere Sexualit\u00e4t verk\u00f6rpern und in unser t\u00e4gliches Leben integrieren k\u00f6nnen, und wie wir uns als kompetente sexuelle Wesen erfahren d\u00fcrfen.<\/li>\n<\/ul>\n\n\n\n<p id=\"viewer-jnlkl53428\">In jedem Kursabend besch\u00e4ftigen wir uns auch mit den Basics der Traumaarbeit. Traumen k\u00f6nnen immer wieder auch ganz unerwartet auftauchen, vorallem im Kontext mit Sexualit\u00e4t. Wir lernen, wie wir in solchen Situationen erstmal beruhigend reagieren k\u00f6nnen. (Dieser Kurs ersetzt eine fundierte Ausbildung in Traumaarbeit nicht. Wenn du dich vertieft mit Traumaarbeit auseinandersetzen m\u00f6chtest, ist es ratsam eine fundierte Ausbildung zu absolvieren.) Ich vermittle als Basis:<\/p>\n\n\n\n<ul class=\"wp-block-list\">\n<li>Aktives Zuh\u00f6ren und empathisches Verst\u00e4ndnis zeigen.<\/li>\n\n\n\n<li>Den Klienten ermutigen, \u00fcber seine Gef\u00fchle und Erfahrungen zu sprechen.<\/li>\n\n\n\n<li>Die Reaktion des Klienten als Teil des Heilungsprozesses anerkennen.<\/li>\n\n\n\n<li>Vorallem im sexuellen Kontext: Klare Grenzen setzen, um die therapeutische Beziehung zu sch\u00fctzen.<\/li>\n\n\n\n<li>Die eigenen Emotionen zu reflektieren und zu kontrollieren, um nicht in die Themen des Klienten hineingezogen zu werden.<\/li>\n\n\n\n<li>Die Bedeutung von Supervision und kollegialem Austausch, um eigene Grenzen zu wahren und zu st\u00e4rken.<\/li>\n\n\n\n<li>Beurteilen k\u00f6nnen, wann ein Trauma in die H\u00e4nde einer Fachperson geh\u00f6rt.<\/li>\n<\/ul>\n\n\n\n<p><\/p>\n\n\n\n<p class=\"has-text-align-center\"><strong>Sexual Healing Practitioner Course<\/strong><br>N\u00e4chster Kurs: <strong>6. M\u00e4rz<\/strong>, 13., 20., 27. M\u00e4rz und 3. April 2025<br>Heilraum <strong>Z\u00fcrich<\/strong> Wollishofen, 380.- CHF, mit <a href=\"https:\/\/www.rogerspiess.ch\/\" target=\"_blank\" rel=\"noreferrer noopener\">Roger<\/a><br><a href=\"https:\/\/www.rogerspiess.ch\/event-details\/sexual-healing-course-for-practicioners\" target=\"_blank\" rel=\"noreferrer noopener\">Anmeldung<\/a><\/p>","protected":false},"excerpt":{"rendered":"<p>In 5 aufeinander folgenden Abenden gebe ich (Roger) mein Wissen der Sexual Healing Therapie weiter. Dieser Kurs ist f\u00fcr Therapeuten, K\u00f6rperarbeiterInnen und SexworkerInnen, die ihre Arbeit zu Themen der Sexualit\u00e4t erweitern m\u00f6chten . Sexual Healing Practitioner CourseN\u00e4chster Kurs: 6. M\u00e4rz, 13., 20., 27. M\u00e4rz und 3. April 2025Heilraum Z\u00fcrich Wollishofen, 380.- CHF, mit RogerAnmeldung Egal, [&hellip;]<\/p>\n","protected":false},"author":1,"featured_media":0,"parent":0,"menu_order":0,"comment_status":"closed","ping_status":"closed","template":"","meta":{"footnotes":""},"class_list":["post-3872","page","type-page","status-publish","hentry"],"_links":{"self":[{"href":"https:\/\/intuitivewisdom.ch\/de\/wp-json\/wp\/v2\/pages\/3872","targetHints":{"allow":["GET"]}}],"collection":[{"href":"https:\/\/intuitivewisdom.ch\/de\/wp-json\/wp\/v2\/pages"}],"about":[{"href":"https:\/\/intuitivewisdom.ch\/de\/wp-json\/wp\/v2\/types\/page"}],"author":[{"embeddable":true,"href":"https:\/\/intuitivewisdom.ch\/de\/wp-json\/wp\/v2\/users\/1"}],"replies":[{"embeddable":true,"href":"https:\/\/intuitivewisdom.ch\/de\/wp-json\/wp\/v2\/comments?post=3872"}],"version-history":[{"count":1,"href":"https:\/\/intuitivewisdom.ch\/de\/wp-json\/wp\/v2\/pages\/3872\/revisions"}],"predecessor-version":[{"id":3875,"href":"https:\/\/intuitivewisdom.ch\/de\/wp-json\/wp\/v2\/pages\/3872\/revisions\/3875"}],"wp:attachment":[{"href":"https:\/\/intuitivewisdom.ch\/de\/wp-json\/wp\/v2\/media?parent=3872"}],"curies":[{"name":"wp","href":"https:\/\/api.w.org\/{rel}","templated":true}]}}