{"id":3804,"date":"2025-01-21T07:33:59","date_gmt":"2025-01-21T07:33:59","guid":{"rendered":"https:\/\/intuitivewisdom.ch\/?page_id=3804"},"modified":"2025-02-04T11:31:28","modified_gmt":"2025-02-04T11:31:28","slug":"gather-your-roots","status":"publish","type":"page","link":"https:\/\/intuitivewisdom.ch\/de\/gather-your-roots\/","title":{"rendered":"GATHER YOUR ROOTS"},"content":{"rendered":"<p>ANAL SHAME &#8211; ANAL RELAXATION &#8211; ANAL PLEASURE<\/p>\n\n\n\n<p>Im Laufe dieses Workshops wirst du dich mit deinem Anus auseinandersetzen und dich ihm n\u00e4herbringen. Nicht alle haben das Privileg einer positiven Beziehung zu diesem Teil deines K\u00f6rpers. Es wird jedoch als gesund angesehen, einen entspannten und freudvollen Anus zu kultivieren.<\/p>\n\n\n\n<figure class=\"wp-block-image size-large\"><img loading=\"lazy\" decoding=\"async\" width=\"1024\" height=\"724\" src=\"https:\/\/intuitivewisdom.ch\/wp-content\/uploads\/2025\/01\/IMG_0389-1024x724.jpeg\" alt=\"\" class=\"wp-image-3809\" srcset=\"https:\/\/intuitivewisdom.ch\/wp-content\/uploads\/2025\/01\/IMG_0389-1024x724.jpeg 1024w, https:\/\/intuitivewisdom.ch\/wp-content\/uploads\/2025\/01\/IMG_0389-300x212.jpeg 300w, https:\/\/intuitivewisdom.ch\/wp-content\/uploads\/2025\/01\/IMG_0389-768x543.jpeg 768w, https:\/\/intuitivewisdom.ch\/wp-content\/uploads\/2025\/01\/IMG_0389-1536x1086.jpeg 1536w, https:\/\/intuitivewisdom.ch\/wp-content\/uploads\/2025\/01\/IMG_0389-18x12.jpeg 18w, https:\/\/intuitivewisdom.ch\/wp-content\/uploads\/2025\/01\/IMG_0389.jpeg 2000w\" sizes=\"auto, (max-width: 1024px) 100vw, 1024px\" \/><figcaption class=\"wp-element-caption\">Workshop: Prozessarbeit \u2013 Anal- (und Prostata-) Massage lernen \u2013 Spielen und Geniessen<\/figcaption><\/figure>\n\n\n\n<p>Diese Reise ist daf\u00fcr gedacht, dass du:&nbsp;<\/p>\n\n\n\n<ul class=\"wp-block-list\">\n<li>dich mit deinem Anus verbindest,<\/li>\n\n\n\n<li>emotionale Lasten anerkennst und durchf\u00fchlst, welche in diesem Bereich deines K\u00f6rpers gespeichert sein k\u00f6nnten, und&nbsp;<\/li>\n\n\n\n<li>die tiefe Entspannung und den Genuss erforschst, welche\/r aus den Massageformen entstehen k\u00f6nnen, die in diesem Kurs gelehrt werden.<\/li>\n<\/ul>\n\n\n\n<p class=\"has-text-align-center\"><em><strong>N\u00c4CHSTES DATUM: 28.-20. M\u00e4rz 2025, Z\u00fcrich<\/strong><\/em><\/p>\n\n\n\n<p>Die Art und Weise, wie du dich mit deinem analen Bereich verbindest und ihn erlebst, wird tief beeinflusst von der Interaktion deiner Eltern oder prim\u00e4ren Bezugspersonen in den ersten Monaten und Jahren deines Lebens. Dazu geh\u00f6ren die Energie, die sie ausstrahlten, ihre Leichtigkeit oder Anspannung beim Reinigen, sowie die Sprache und Energie, die sie nutzten, um \u00fcber k\u00f6rperliche Funktionen zu kommunizieren.<\/p>\n\n\n\n<p>In einem breiteren Kontext ist der Anus\u2014als Basis der Wirbels\u00e4ule, das Ende unseres Verdauungsprozesses und f\u00fcr M\u00e4nner als Verbindung zur Prostata\u2014ein Anker f\u00fcr Themen, die mit unseren grundlegendsten Aspekten des Daseins verbunden sind: Geld, Zuhause, Herkunft, Materie, Wert, Selbstwert, grundlegendes Vertrauen ins Leben, Beziehung zum Tod, Schattenarbeit und Macht.<\/p>\n\n\n\n<p>Die Kunst, analen Genuss und Entspannung durch Anwesenheit, Atem, Ber\u00fchrung und Fluss zu entfalten, ist eine wesentliche F\u00e4higkeit, um deinen K\u00f6rper zu deinem Zuhause und Tempel zu machen und deine Lebensenergie zu meistern. Ein offenes Wurzelchakra erm\u00f6glicht es, dass Lebensenergie und orgastische Energie frei in den K\u00f6rper flie\u00dfen. Im Gegensatz dazu bleibt, wenn es geschlossen oder stark blockiert ist, das orgasmische Erlebnis und das Vergn\u00fcgen oft lokal im Becken und entladen sich schnell.<\/p>\n\n\n\n<p class=\"has-text-align-center has-large-font-size\">Die Reise<\/p>\n\n\n\n<p>An diesem Wochenende nehmen wir uns Zeit und schaffen viel Raum, damit du dich mit dir selbst, deinem K\u00f6rper und den aufkommenden Themen verbinden kannst. Dazu geh\u00f6ren Selbstber\u00fchrung, Atemarbeit, Bewegung, Selbstausdruck und das Kultivieren von Pr\u00e4senz. Am zweiten Tag steigen wir in \u00dcbungen mit anderen Teilnehmern ein, halten Raum f\u00fcreinander durch Pr\u00e4senz und Ber\u00fchrung und navigieren die Erfahrungen des Verbindens und der emotionalen Verarbeitung. Alle Praktiken k\u00f6nnen im Rahmen von vollst\u00e4ndiger Bekleidung und ohne Ber\u00fchrung oder vollst\u00e4ndig nackt mit vollkommener K\u00f6rperkontakt erfolgen\u2014du entscheidest im Moment, was f\u00fcr dich die beste Erfahrung ist, die dein System verarbeiten kann, und was f\u00fcr deine \u00dcbungspartner in Ordnung ist.<\/p>\n\n\n\n<p>Neben der emotionalen Verarbeitung wird ein Hauptaugenmerk auf die Anatomie des Vergn\u00fcgens und die Massagetechniken gelegt, die helfen, den ganzen K\u00f6rper zu entspannen und auf das Treffen mit dem Anus (und der Prostata) in seiner Genuss-Erfahrung vorzubereiten. Wir lernen und verfeinern diese F\u00e4higkeiten durch Geben und Empfangen von Feedback von unseren \u00dcbungspartnern sowie von uns als Organisatoren.<\/p>\n\n\n\n<p class=\"has-text-align-center has-large-font-size\">Praktische Infos<\/p>\n\n\n\n<div class=\"wp-block-columns is-layout-flex wp-container-core-columns-is-layout-9d6595d7 wp-block-columns-is-layout-flex\">\n<div class=\"wp-block-column is-layout-flow wp-block-column-is-layout-flow\" style=\"flex-basis:33.33%\">\n<figure class=\"wp-block-image size-large\"><img loading=\"lazy\" decoding=\"async\" width=\"683\" height=\"1024\" src=\"https:\/\/intuitivewisdom.ch\/wp-content\/uploads\/2024\/11\/IMG_0205-edited-683x1024.jpeg\" alt=\"\" class=\"wp-image-3477\" srcset=\"https:\/\/intuitivewisdom.ch\/wp-content\/uploads\/2024\/11\/IMG_0205-edited-683x1024.jpeg 683w, https:\/\/intuitivewisdom.ch\/wp-content\/uploads\/2024\/11\/IMG_0205-edited-200x300.jpeg 200w, https:\/\/intuitivewisdom.ch\/wp-content\/uploads\/2024\/11\/IMG_0205-edited-768x1152.jpeg 768w, https:\/\/intuitivewisdom.ch\/wp-content\/uploads\/2024\/11\/IMG_0205-edited-1024x1536.jpeg 1024w, https:\/\/intuitivewisdom.ch\/wp-content\/uploads\/2024\/11\/IMG_0205-edited-8x12.jpeg 8w, https:\/\/intuitivewisdom.ch\/wp-content\/uploads\/2024\/11\/IMG_0205-edited.jpeg 1127w\" sizes=\"auto, (max-width: 683px) 100vw, 683px\" \/><figcaption class=\"wp-element-caption\">Mit <a href=\"http:\/\/Intuitivewisdom.ch\/Michele-brand\" data-type=\"link\" data-id=\"Intuitivewisdom.ch\/Michele-brand\" target=\"_blank\" rel=\"noreferrer noopener\">Mich\u00e8le<\/a><\/figcaption><\/figure>\n<\/div>\n\n\n\n<div class=\"wp-block-column is-layout-flow wp-block-column-is-layout-flow\" style=\"flex-basis:66.66%\">\n<p>28.-30. M\u00e4rz 2025, Z\u00fcrich<br>Freitag 17-21 Uhr<br>Samstag 10-19 Uhr (mit OpenEnd)<br>Sonntag 10-16 Uhr<br>Preis: 380.- CHF<br>Anmeldung:\u00a0<a href=\"https:\/\/forms.gle\/iN4L23m9nRhhVo4M9\" target=\"_blank\" rel=\"noreferrer noopener\">Anmeldeformular<\/a><\/p>\n<\/div>\n<\/div>","protected":false},"excerpt":{"rendered":"<p>ANAL SHAME &#8211; ANAL RELAXATION &#8211; ANAL PLEASURE Over the course of this workshop, we will approach and engage with our anal area. Having a positive relationship with this part of our body is not a privilege everyone experiences. However, cultivating a relaxed and joyful anus is considered a healthy asset. This journey is designed [&hellip;]<\/p>\n","protected":false},"author":1,"featured_media":0,"parent":0,"menu_order":0,"comment_status":"closed","ping_status":"closed","template":"","meta":{"footnotes":""},"class_list":["post-3804","page","type-page","status-publish","hentry"],"_links":{"self":[{"href":"https:\/\/intuitivewisdom.ch\/de\/wp-json\/wp\/v2\/pages\/3804","targetHints":{"allow":["GET"]}}],"collection":[{"href":"https:\/\/intuitivewisdom.ch\/de\/wp-json\/wp\/v2\/pages"}],"about":[{"href":"https:\/\/intuitivewisdom.ch\/de\/wp-json\/wp\/v2\/types\/page"}],"author":[{"embeddable":true,"href":"https:\/\/intuitivewisdom.ch\/de\/wp-json\/wp\/v2\/users\/1"}],"replies":[{"embeddable":true,"href":"https:\/\/intuitivewisdom.ch\/de\/wp-json\/wp\/v2\/comments?post=3804"}],"version-history":[{"count":5,"href":"https:\/\/intuitivewisdom.ch\/de\/wp-json\/wp\/v2\/pages\/3804\/revisions"}],"predecessor-version":[{"id":3853,"href":"https:\/\/intuitivewisdom.ch\/de\/wp-json\/wp\/v2\/pages\/3804\/revisions\/3853"}],"wp:attachment":[{"href":"https:\/\/intuitivewisdom.ch\/de\/wp-json\/wp\/v2\/media?parent=3804"}],"curies":[{"name":"wp","href":"https:\/\/api.w.org\/{rel}","templated":true}]}}