{"id":3536,"date":"2024-12-02T07:30:27","date_gmt":"2024-12-02T07:30:27","guid":{"rendered":"https:\/\/intuitivewisdom.ch\/?page_id=3536"},"modified":"2024-12-02T07:30:29","modified_gmt":"2024-12-02T07:30:29","slug":"communal-intimacy","status":"publish","type":"page","link":"https:\/\/intuitivewisdom.ch\/de\/communal-intimacy\/","title":{"rendered":"COMMUNAL INTIMACY"},"content":{"rendered":"<p>Wir treffen uns jeden zweiten Montag, um Intimit\u00e4t in Gemeinschaft zu lernen, zu \u00fcben und zu geniessen.<\/p>\n\n\n\n<p class=\"has-text-align-center\">Emotionale Intimit\u00e4t. K\u00f6rperliche Intimit\u00e4t. Geistige Intimit\u00e4t.<br>Jeden 2ten Montag &#8211; 18:30-22:00<\/p>\n\n\n\n<p>Wer bin ich? Wer bist du? Wer sind wir? Selbstkontakt. Kontakt mit anderen. Begegnung. Ber\u00fchrung. Verletzlichkeit. Mitgef\u00fchl. Halt. Wahrheit. Pr\u00e4senz. Atem. Spiel. Kreativit\u00e4t. Humor. Austausch. Verbindung. Tiefe.<\/p>\n\n\n\n\n\n<p class=\"has-text-align-center\">M\u00f6glicher Ablauf eines Communal Intimacy Abends:<\/p>\n\n\n\n<p>Sharing Kreis: wie bin ich gerade da\/ was besch\u00e4ftigt mich &amp; was w\u00fcrde ich gerne heute erleben\/ was m\u00f6chte ich auf keinen Fall erleben<\/p>\n\n\n\n<p>Desire Negotiation: nachdem wir alle geh\u00f6rt haben, entscheiden wir uns f\u00fcr eine gemeinsame oder gesplittete Erfahrung, Primal Play, Massageaustausch, Forum, HotChair, Emotional Processing, Co-Counselling, Contact Impro Dance, Self Pleasure Ritual, Kinky Spielr\u00e4ume, Nacktkuscheln, Visionen teilen, Workshop um etwas neues zu lernen, etc<\/p>\n\n\n\n<p>Abschlusskreis: wie gehts mir jetzt\/ was nehm ich mit\/ ist noch etwas offen<\/p>\n\n\n\n<hr class=\"wp-block-separator has-alpha-channel-opacity\"\/>\n\n\n\n<p class=\"has-text-align-center\">Voraussetzungen:<\/p>\n\n\n\n<ul class=\"wp-block-list\">\n<li>Kannst du \u00f6fter Montags dabei sein?<\/li>\n\n\n\n<li>Hast du schon einen gewissen Hintergrund in Beziehungs- &amp; Begegnungsthemen? (Kurse, Workshops, Trainings besucht)<\/li>\n\n\n\n<li>Bist du genau so daran interessiert, dich selbst in einer fortlaufenden Gruppe fallen zu lassen, wie darin konstruktiv andere zu halten?<\/li>\n<\/ul>\n\n\n\n<p><\/p>","protected":false},"excerpt":{"rendered":"<p>Wir treffen uns jeden zweiten Montag, um Intimit\u00e4t in Gemeinschaft zu lernen, zu \u00fcben und zu geniessen. Emotionale Intimit\u00e4t. K\u00f6rperliche Intimit\u00e4t. Geistige Intimit\u00e4t.Jeden 2ten Montag &#8211; 18:30-22:00 Wer bin ich? Wer bist du? Wer sind wir? Selbstkontakt. Kontakt mit anderen. Begegnung. Ber\u00fchrung. Verletzlichkeit. Mitgef\u00fchl. Halt. Wahrheit. Pr\u00e4senz. Atem. Spiel. Kreativit\u00e4t. Humor. Austausch. Verbindung. Tiefe. M\u00f6glicher [&hellip;]<\/p>\n","protected":false},"author":1,"featured_media":0,"parent":0,"menu_order":0,"comment_status":"closed","ping_status":"closed","template":"","meta":{"footnotes":""},"class_list":["post-3536","page","type-page","status-publish","hentry"],"_links":{"self":[{"href":"https:\/\/intuitivewisdom.ch\/de\/wp-json\/wp\/v2\/pages\/3536","targetHints":{"allow":["GET"]}}],"collection":[{"href":"https:\/\/intuitivewisdom.ch\/de\/wp-json\/wp\/v2\/pages"}],"about":[{"href":"https:\/\/intuitivewisdom.ch\/de\/wp-json\/wp\/v2\/types\/page"}],"author":[{"embeddable":true,"href":"https:\/\/intuitivewisdom.ch\/de\/wp-json\/wp\/v2\/users\/1"}],"replies":[{"embeddable":true,"href":"https:\/\/intuitivewisdom.ch\/de\/wp-json\/wp\/v2\/comments?post=3536"}],"version-history":[{"count":1,"href":"https:\/\/intuitivewisdom.ch\/de\/wp-json\/wp\/v2\/pages\/3536\/revisions"}],"predecessor-version":[{"id":3537,"href":"https:\/\/intuitivewisdom.ch\/de\/wp-json\/wp\/v2\/pages\/3536\/revisions\/3537"}],"wp:attachment":[{"href":"https:\/\/intuitivewisdom.ch\/de\/wp-json\/wp\/v2\/media?parent=3536"}],"curies":[{"name":"wp","href":"https:\/\/api.w.org\/{rel}","templated":true}]}}