{"id":3400,"date":"2024-11-04T09:32:03","date_gmt":"2024-11-04T09:32:03","guid":{"rendered":"https:\/\/intuitivewisdom.ch\/?page_id=3400"},"modified":"2024-12-05T09:31:03","modified_gmt":"2024-12-05T09:31:03","slug":"conscious-relating","status":"publish","type":"page","link":"https:\/\/intuitivewisdom.ch\/de\/conscious-relating\/","title":{"rendered":"EMBODIED RELATING"},"content":{"rendered":"<p>Gewaltfreie Kommunikation &#8211; Verk\u00f6rperung von Impulsen und Emotionen &#8211; Begegnung und  Verbindung &#8211; Schattenarbeit<\/p>\n\n\n\n<figure class=\"wp-block-image size-large\"><img loading=\"lazy\" decoding=\"async\" width=\"1024\" height=\"1024\" src=\"https:\/\/intuitivewisdom.ch\/wp-content\/uploads\/2024\/11\/179F2756-4B0C-4E3F-A56B-6CD857FE1F3F-1024x1024.jpeg\" alt=\"\" class=\"wp-image-3520\" srcset=\"https:\/\/intuitivewisdom.ch\/wp-content\/uploads\/2024\/11\/179F2756-4B0C-4E3F-A56B-6CD857FE1F3F-1024x1024.jpeg 1024w, https:\/\/intuitivewisdom.ch\/wp-content\/uploads\/2024\/11\/179F2756-4B0C-4E3F-A56B-6CD857FE1F3F-300x300.jpeg 300w, https:\/\/intuitivewisdom.ch\/wp-content\/uploads\/2024\/11\/179F2756-4B0C-4E3F-A56B-6CD857FE1F3F-150x150.jpeg 150w, https:\/\/intuitivewisdom.ch\/wp-content\/uploads\/2024\/11\/179F2756-4B0C-4E3F-A56B-6CD857FE1F3F-768x768.jpeg 768w, https:\/\/intuitivewisdom.ch\/wp-content\/uploads\/2024\/11\/179F2756-4B0C-4E3F-A56B-6CD857FE1F3F-12x12.jpeg 12w, https:\/\/intuitivewisdom.ch\/wp-content\/uploads\/2024\/11\/179F2756-4B0C-4E3F-A56B-6CD857FE1F3F.jpeg 1080w\" sizes=\"auto, (max-width: 1024px) 100vw, 1024px\" \/><\/figure>\n\n\n\n<div class=\"wp-block-columns is-layout-flex wp-container-core-columns-is-layout-9d6595d7 wp-block-columns-is-layout-flex\">\n<div class=\"wp-block-column is-layout-flow wp-block-column-is-layout-flow\" style=\"flex-basis:66.66%\">\n<p class=\"has-text-align-left\">EMBODIED RELATING<br><strong>N\u00e4chster Start: Jan\/Feb \u201925<br>7. Jan<\/strong>, 14. Jan, 21. Jan, 28. Jan,<br>4. Feb, 11. Feb, 18. Feb<br><a href=\"https:\/\/forms.gle\/SGYct92KeWBzrknP9\" data-type=\"link\" data-id=\"https:\/\/forms.gle\/SGYct92KeWBzrknP9\" target=\"_blank\" rel=\"noreferrer noopener\">Anmeldeformular<\/a><\/p>\n<\/div>\n\n\n\n<div class=\"wp-block-column is-layout-flow wp-block-column-is-layout-flow\" style=\"flex-basis:33.33%\">\n<p>7 Dienstag Abende<br>Z\u00fcrich, 18.30-22h<br>450 CHF max. 12 Teilnehmende<br>Mit:&nbsp;<a href=\"https:\/\/intuitivewisdom.ch\/de\/michele-brand\/\" target=\"_blank\" rel=\"noreferrer noopener\">Mich\u00e8le<\/a> &amp; <a href=\"http:\/\/Rogerspiess.ch\" data-type=\"link\" data-id=\"Rogerspiess.ch\" target=\"_blank\" rel=\"noreferrer noopener\">Roger<\/a><\/p>\n<\/div>\n<\/div>\n\n\n\n<p class=\"has-text-align-left\">In diesem 7-w\u00f6chigen Abendkurs erforschen wir, wie wir unsere inneren und \u00e4u\u00dferen Beziehungsfelder bewusster gestalten k\u00f6nnen, um Entspannung und Verbundenheit zu erleben. Unter der Leitung von Michele &amp; Roger erarbeiten wir individuelle Kr\u00e4fte wie Selbstwert, Authentizit\u00e4t, Mitgef\u00fchl und klare Kommunikation.<\/p>\n\n\n\n<p class=\"has-text-align-center\">DAS LEBEN IST BEZIEHUNG<\/p>\n\n\n\n<p>Oft spiegeln die Konflikte im Au\u00dfen innere Auseinandersetzungen wider. Wir lernen, diese Konflikte zu verstehen und sie konstruktiv anzugehen. Der Kurs bietet einen Raum, um uns selbst neu zu begegnen, unsere Bed\u00fcrfnisse zu erkennen und unsere emotionale Sicherheit zu st\u00e4rken.<\/p>\n\n\n\n<p class=\"has-text-align-center\">Gemeinsam bewegen wir Themen wie:<\/p>\n\n\n\n<div class=\"wp-block-columns is-layout-flex wp-container-core-columns-is-layout-9d6595d7 wp-block-columns-is-layout-flex\">\n<div class=\"wp-block-column is-layout-flow wp-block-column-is-layout-flow\" style=\"flex-basis:66.66%\">\n<ul class=\"wp-block-list\">\n<li>Selbstwahrnehmung<\/li>\n\n\n\n<li>K\u00f6rper und K\u00f6rperimpulse<\/li>\n\n\n\n<li>Grenzen und Bed\u00fcrfnisse<\/li>\n\n\n\n<li>Emotionale Selbstregulation<\/li>\n\n\n\n<li>Klare, ehrliche und verbindende Kommunikation<\/li>\n\n\n\n<li>Umgang mit inneren Verletzungen und Triggern<\/li>\n\n\n\n<li>Konfliktkultur<\/li>\n\n\n\n<li>Mitgef\u00fchl<\/li>\n\n\n\n<li>Integrit\u00e4t<\/li>\n<\/ul>\n<\/div>\n\n\n\n<div class=\"wp-block-column is-layout-flow wp-block-column-is-layout-flow\" style=\"flex-basis:33.33%\">\n<figure class=\"wp-block-image size-large\"><img loading=\"lazy\" decoding=\"async\" width=\"649\" height=\"1024\" src=\"https:\/\/intuitivewisdom.ch\/wp-content\/uploads\/2024\/09\/photo_5951920479017222367_y-649x1024.jpg\" alt=\"\" class=\"wp-image-3292\" srcset=\"https:\/\/intuitivewisdom.ch\/wp-content\/uploads\/2024\/09\/photo_5951920479017222367_y-649x1024.jpg 649w, https:\/\/intuitivewisdom.ch\/wp-content\/uploads\/2024\/09\/photo_5951920479017222367_y-190x300.jpg 190w, https:\/\/intuitivewisdom.ch\/wp-content\/uploads\/2024\/09\/photo_5951920479017222367_y-768x1212.jpg 768w, https:\/\/intuitivewisdom.ch\/wp-content\/uploads\/2024\/09\/photo_5951920479017222367_y-8x12.jpg 8w, https:\/\/intuitivewisdom.ch\/wp-content\/uploads\/2024\/09\/photo_5951920479017222367_y.jpg 811w\" sizes=\"auto, (max-width: 649px) 100vw, 649px\" \/><figcaption class=\"wp-element-caption\">mit <a href=\"http:\/\/Intuitivewisdom.ch\/michele-brand\/\" data-type=\"link\" data-id=\"Intuitivewisdom.ch\/michele-brand\/\" target=\"_blank\" rel=\"noreferrer noopener\">Michele<\/a> &amp; <a href=\"http:\/\/Rogerspiess.ch\" data-type=\"link\" data-id=\"Rogerspiess.ch\" target=\"_blank\" rel=\"noreferrer noopener\">Roger<\/a><\/figcaption><\/figure>\n<\/div>\n<\/div>\n\n\n\n<p class=\"has-text-align-left\">Dieses Boot Camp f\u00fcr bewusste Begegnungen hilft uns, uns in Beziehungen sicherer zu f\u00fchlen und f\u00f6rdert eine gesunde Konfliktkultur. Lass uns gemeinsam den Weg zu mehr Selbstliebe und authentischen Beziehungen gehen!<\/p>\n\n\n\n<figure class=\"wp-block-gallery has-nested-images columns-default is-cropped wp-block-gallery-1 is-layout-flex wp-block-gallery-is-layout-flex\">\n<figure class=\"wp-block-image size-large\"><img loading=\"lazy\" decoding=\"async\" width=\"1024\" height=\"1024\" data-id=\"2062\" src=\"https:\/\/intuitivewisdom.ch\/wp-content\/uploads\/2023\/11\/35-1024x1024.jpg\" alt=\"\" class=\"wp-image-2062\" srcset=\"https:\/\/intuitivewisdom.ch\/wp-content\/uploads\/2023\/11\/35-1024x1024.jpg 1024w, https:\/\/intuitivewisdom.ch\/wp-content\/uploads\/2023\/11\/35-300x300.jpg 300w, https:\/\/intuitivewisdom.ch\/wp-content\/uploads\/2023\/11\/35-150x150.jpg 150w, https:\/\/intuitivewisdom.ch\/wp-content\/uploads\/2023\/11\/35-768x768.jpg 768w, https:\/\/intuitivewisdom.ch\/wp-content\/uploads\/2023\/11\/35-12x12.jpg 12w, https:\/\/intuitivewisdom.ch\/wp-content\/uploads\/2023\/11\/35.jpg 1080w\" sizes=\"auto, (max-width: 1024px) 100vw, 1024px\" \/><\/figure>\n\n\n\n<figure class=\"wp-block-image size-large\"><img loading=\"lazy\" decoding=\"async\" width=\"1024\" height=\"1024\" data-id=\"2061\" src=\"https:\/\/intuitivewisdom.ch\/wp-content\/uploads\/2023\/11\/34-1024x1024.jpg\" alt=\"\" class=\"wp-image-2061\" srcset=\"https:\/\/intuitivewisdom.ch\/wp-content\/uploads\/2023\/11\/34-1024x1024.jpg 1024w, https:\/\/intuitivewisdom.ch\/wp-content\/uploads\/2023\/11\/34-300x300.jpg 300w, https:\/\/intuitivewisdom.ch\/wp-content\/uploads\/2023\/11\/34-150x150.jpg 150w, https:\/\/intuitivewisdom.ch\/wp-content\/uploads\/2023\/11\/34-768x768.jpg 768w, https:\/\/intuitivewisdom.ch\/wp-content\/uploads\/2023\/11\/34-12x12.jpg 12w, https:\/\/intuitivewisdom.ch\/wp-content\/uploads\/2023\/11\/34.jpg 1080w\" sizes=\"auto, (max-width: 1024px) 100vw, 1024px\" \/><\/figure>\n\n\n\n<figure class=\"wp-block-image size-large\"><img loading=\"lazy\" decoding=\"async\" width=\"1024\" height=\"1024\" data-id=\"2058\" src=\"https:\/\/intuitivewisdom.ch\/wp-content\/uploads\/2023\/11\/31-1024x1024.jpg\" alt=\"\" class=\"wp-image-2058\" srcset=\"https:\/\/intuitivewisdom.ch\/wp-content\/uploads\/2023\/11\/31-1024x1024.jpg 1024w, https:\/\/intuitivewisdom.ch\/wp-content\/uploads\/2023\/11\/31-300x300.jpg 300w, https:\/\/intuitivewisdom.ch\/wp-content\/uploads\/2023\/11\/31-150x150.jpg 150w, https:\/\/intuitivewisdom.ch\/wp-content\/uploads\/2023\/11\/31-768x768.jpg 768w, https:\/\/intuitivewisdom.ch\/wp-content\/uploads\/2023\/11\/31-12x12.jpg 12w, https:\/\/intuitivewisdom.ch\/wp-content\/uploads\/2023\/11\/31.jpg 1080w\" sizes=\"auto, (max-width: 1024px) 100vw, 1024px\" \/><\/figure>\n<\/figure>\n\n\n\n<p class=\"has-text-align-center\">RELATIONAL RELAXATION<br>ENTSPANNUNG IN BEZIEHUNG<\/p>\n\n\n\n<p>Im K\u00f6rper sp\u00fcrbare Sicherheit in Beziehungen und Begegnungen ist grundlegend, um unsere Masken und Strategien ablegen zu k\u00f6nnen. Nur wenn wir uns wirklich geborgen f\u00fchlen, k\u00f6nnen wir authentisch pr\u00e4sent sein. Im Kurs lernen wir zu verstehen, was wir ben\u00f6tigen, um uns in diesen Momenten sicher zu f\u00fchlen, und uns selbst als willkommen zu empfinden, und aus diesem inneren Ort heraus Begegnung und Beziehung zu gestalten.<\/p>\n\n\n\n<hr class=\"wp-block-separator has-alpha-channel-opacity\"\/>\n\n\n\n<p class=\"has-text-align-center has-large-font-size\">PROGRAMM<\/p>\n\n\n\n<div class=\"wp-block-columns is-layout-flex wp-container-core-columns-is-layout-9d6595d7 wp-block-columns-is-layout-flex\">\n<div class=\"wp-block-column is-layout-flow wp-block-column-is-layout-flow\" style=\"flex-basis:33.33%\">\n<figure class=\"wp-block-image size-large\"><img loading=\"lazy\" decoding=\"async\" width=\"1024\" height=\"1024\" src=\"https:\/\/intuitivewisdom.ch\/wp-content\/uploads\/2024\/12\/IMG_0278-1024x1024.png\" alt=\"\" class=\"wp-image-3559\" srcset=\"https:\/\/intuitivewisdom.ch\/wp-content\/uploads\/2024\/12\/IMG_0278-1024x1024.png 1024w, https:\/\/intuitivewisdom.ch\/wp-content\/uploads\/2024\/12\/IMG_0278-300x300.png 300w, https:\/\/intuitivewisdom.ch\/wp-content\/uploads\/2024\/12\/IMG_0278-150x150.png 150w, https:\/\/intuitivewisdom.ch\/wp-content\/uploads\/2024\/12\/IMG_0278-768x768.png 768w, https:\/\/intuitivewisdom.ch\/wp-content\/uploads\/2024\/12\/IMG_0278-12x12.png 12w, https:\/\/intuitivewisdom.ch\/wp-content\/uploads\/2024\/12\/IMG_0278.png 1080w\" sizes=\"auto, (max-width: 1024px) 100vw, 1024px\" \/><\/figure>\n<\/div>\n\n\n\n<div class=\"wp-block-column is-layout-flow wp-block-column-is-layout-flow\" style=\"flex-basis:66.66%\">\n<p><em>Erster Abend &#8211;<\/em> <strong>BEGEGNUNG<\/strong> Primal Play: Verk\u00f6rperte Begegnung, Non-Verbale Kommunikation, authentische Impulse, Grenzen und Verbindung<\/p>\n<\/div>\n<\/div>\n\n\n\n<div class=\"wp-block-columns is-layout-flex wp-container-core-columns-is-layout-9d6595d7 wp-block-columns-is-layout-flex\">\n<div class=\"wp-block-column is-layout-flow wp-block-column-is-layout-flow\" style=\"flex-basis:33.33%\">\n<figure class=\"wp-block-image size-large\"><img loading=\"lazy\" decoding=\"async\" width=\"1024\" height=\"1024\" src=\"https:\/\/intuitivewisdom.ch\/wp-content\/uploads\/2024\/12\/IMG_0279-1024x1024.png\" alt=\"\" class=\"wp-image-3560\" srcset=\"https:\/\/intuitivewisdom.ch\/wp-content\/uploads\/2024\/12\/IMG_0279-1024x1024.png 1024w, https:\/\/intuitivewisdom.ch\/wp-content\/uploads\/2024\/12\/IMG_0279-300x300.png 300w, https:\/\/intuitivewisdom.ch\/wp-content\/uploads\/2024\/12\/IMG_0279-150x150.png 150w, https:\/\/intuitivewisdom.ch\/wp-content\/uploads\/2024\/12\/IMG_0279-768x768.png 768w, https:\/\/intuitivewisdom.ch\/wp-content\/uploads\/2024\/12\/IMG_0279-12x12.png 12w, https:\/\/intuitivewisdom.ch\/wp-content\/uploads\/2024\/12\/IMG_0279.png 1080w\" sizes=\"auto, (max-width: 1024px) 100vw, 1024px\" \/><\/figure>\n<\/div>\n\n\n\n<div class=\"wp-block-column is-layout-flow wp-block-column-is-layout-flow\" style=\"flex-basis:66.66%\">\n<p><em>Zweiter Abend &#8211;<\/em> <strong>KOMMUNIKATION<\/strong> Gewaltfreie Kommunikation: Geschichten, Gef\u00fchle\/Emotionen, Bed\u00fcrfnisse respektvoll kommunizieren und unverstrickt h\u00f6ren lernen &#8211; Langsamkeit, Atmung, Bewusstheit<\/p>\n<\/div>\n<\/div>\n\n\n\n<div class=\"wp-block-columns is-layout-flex wp-container-core-columns-is-layout-9d6595d7 wp-block-columns-is-layout-flex\">\n<div class=\"wp-block-column is-layout-flow wp-block-column-is-layout-flow\" style=\"flex-basis:33.33%\">\n<figure class=\"wp-block-image size-large\"><img loading=\"lazy\" decoding=\"async\" width=\"1024\" height=\"1024\" src=\"https:\/\/intuitivewisdom.ch\/wp-content\/uploads\/2024\/12\/IMG_0280-1024x1024.png\" alt=\"\" class=\"wp-image-3561\" srcset=\"https:\/\/intuitivewisdom.ch\/wp-content\/uploads\/2024\/12\/IMG_0280-1024x1024.png 1024w, https:\/\/intuitivewisdom.ch\/wp-content\/uploads\/2024\/12\/IMG_0280-300x300.png 300w, https:\/\/intuitivewisdom.ch\/wp-content\/uploads\/2024\/12\/IMG_0280-150x150.png 150w, https:\/\/intuitivewisdom.ch\/wp-content\/uploads\/2024\/12\/IMG_0280-768x768.png 768w, https:\/\/intuitivewisdom.ch\/wp-content\/uploads\/2024\/12\/IMG_0280-12x12.png 12w, https:\/\/intuitivewisdom.ch\/wp-content\/uploads\/2024\/12\/IMG_0280.png 1080w\" sizes=\"auto, (max-width: 1024px) 100vw, 1024px\" \/><\/figure>\n<\/div>\n\n\n\n<div class=\"wp-block-column is-layout-flow wp-block-column-is-layout-flow\" style=\"flex-basis:66.66%\">\n<p><em>Dritter Abend &#8211;<\/em> <strong>PR\u00c4SENZ<\/strong> Es gibt keine negativen Emotionen: Selbstliebe, 4 Hauptemotionen, Wahrheit, Pr\u00e4senz, Verk\u00f6rperung, Verletzlichkeit<\/p>\n<\/div>\n<\/div>\n\n\n\n<div class=\"wp-block-columns is-layout-flex wp-container-core-columns-is-layout-9d6595d7 wp-block-columns-is-layout-flex\">\n<div class=\"wp-block-column is-layout-flow wp-block-column-is-layout-flow\" style=\"flex-basis:33.33%\">\n<figure class=\"wp-block-image size-large\"><img loading=\"lazy\" decoding=\"async\" width=\"1024\" height=\"1024\" src=\"https:\/\/intuitivewisdom.ch\/wp-content\/uploads\/2024\/12\/IMG_0281-1024x1024.png\" alt=\"\" class=\"wp-image-3562\" srcset=\"https:\/\/intuitivewisdom.ch\/wp-content\/uploads\/2024\/12\/IMG_0281-1024x1024.png 1024w, https:\/\/intuitivewisdom.ch\/wp-content\/uploads\/2024\/12\/IMG_0281-300x300.png 300w, https:\/\/intuitivewisdom.ch\/wp-content\/uploads\/2024\/12\/IMG_0281-150x150.png 150w, https:\/\/intuitivewisdom.ch\/wp-content\/uploads\/2024\/12\/IMG_0281-768x768.png 768w, https:\/\/intuitivewisdom.ch\/wp-content\/uploads\/2024\/12\/IMG_0281-12x12.png 12w, https:\/\/intuitivewisdom.ch\/wp-content\/uploads\/2024\/12\/IMG_0281.png 1080w\" sizes=\"auto, (max-width: 1024px) 100vw, 1024px\" \/><\/figure>\n<\/div>\n\n\n\n<div class=\"wp-block-column is-layout-flow wp-block-column-is-layout-flow\" style=\"flex-basis:66.66%\">\n<p><em>Vierter Abend &#8211;<\/em> <strong>K\u00d6RPER<\/strong> \u00bf what does my body want \/ what does my body need ? Bed\u00fcrfnisse: wahrnehmen, wertsch\u00e4tzen, aussprechen, annehmen, geniessen\/ Ablehnungsverletzungen integrieren; Konsens<\/p>\n<\/div>\n<\/div>\n\n\n\n<div class=\"wp-block-columns is-layout-flex wp-container-core-columns-is-layout-9d6595d7 wp-block-columns-is-layout-flex\">\n<div class=\"wp-block-column is-layout-flow wp-block-column-is-layout-flow\" style=\"flex-basis:33.33%\">\n<figure class=\"wp-block-image size-large\"><img loading=\"lazy\" decoding=\"async\" width=\"1024\" height=\"1024\" src=\"https:\/\/intuitivewisdom.ch\/wp-content\/uploads\/2024\/12\/IMG_0282-1024x1024.png\" alt=\"\" class=\"wp-image-3563\" srcset=\"https:\/\/intuitivewisdom.ch\/wp-content\/uploads\/2024\/12\/IMG_0282-1024x1024.png 1024w, https:\/\/intuitivewisdom.ch\/wp-content\/uploads\/2024\/12\/IMG_0282-300x300.png 300w, https:\/\/intuitivewisdom.ch\/wp-content\/uploads\/2024\/12\/IMG_0282-150x150.png 150w, https:\/\/intuitivewisdom.ch\/wp-content\/uploads\/2024\/12\/IMG_0282-768x768.png 768w, https:\/\/intuitivewisdom.ch\/wp-content\/uploads\/2024\/12\/IMG_0282-12x12.png 12w, https:\/\/intuitivewisdom.ch\/wp-content\/uploads\/2024\/12\/IMG_0282.png 1080w\" sizes=\"auto, (max-width: 1024px) 100vw, 1024px\" \/><\/figure>\n<\/div>\n\n\n\n<div class=\"wp-block-column is-layout-flow wp-block-column-is-layout-flow\" style=\"flex-basis:66.66%\">\n<p><em>F\u00fcnfter Abend &#8211;<\/em> <strong>DYNAMIK<\/strong> Gesunde und ungesunde Beziehungsdynamiken, Umgang mit Grenzen und Bed\u00fcrfnissen, Selbstwahrnehmung und Urteilsverm\u00f6gen, Drama-Ausstieg (Co-Counselling, Co-Regulation, Heilrituale kreieren)<\/p>\n<\/div>\n<\/div>\n\n\n\n<div class=\"wp-block-columns is-layout-flex wp-container-core-columns-is-layout-9d6595d7 wp-block-columns-is-layout-flex\">\n<div class=\"wp-block-column is-layout-flow wp-block-column-is-layout-flow\" style=\"flex-basis:33.33%\">\n<figure class=\"wp-block-image size-large\"><img loading=\"lazy\" decoding=\"async\" width=\"1024\" height=\"1024\" src=\"https:\/\/intuitivewisdom.ch\/wp-content\/uploads\/2024\/12\/IMG_0283-1024x1024.png\" alt=\"\" class=\"wp-image-3564\" srcset=\"https:\/\/intuitivewisdom.ch\/wp-content\/uploads\/2024\/12\/IMG_0283-1024x1024.png 1024w, https:\/\/intuitivewisdom.ch\/wp-content\/uploads\/2024\/12\/IMG_0283-300x300.png 300w, https:\/\/intuitivewisdom.ch\/wp-content\/uploads\/2024\/12\/IMG_0283-150x150.png 150w, https:\/\/intuitivewisdom.ch\/wp-content\/uploads\/2024\/12\/IMG_0283-768x768.png 768w, https:\/\/intuitivewisdom.ch\/wp-content\/uploads\/2024\/12\/IMG_0283-12x12.png 12w, https:\/\/intuitivewisdom.ch\/wp-content\/uploads\/2024\/12\/IMG_0283.png 1080w\" sizes=\"auto, (max-width: 1024px) 100vw, 1024px\" \/><\/figure>\n<\/div>\n\n\n\n<div class=\"wp-block-column is-layout-flow wp-block-column-is-layout-flow\" style=\"flex-basis:66.66%\">\n<p><em>Sechster Abend &#8211;<\/em> <strong>SCHATTEN<\/strong> Sex, Money, God &#8211; Teil 1 &#8211; Aspekting; Beziehung zu Macht\/Ohnmacht<\/p>\n<\/div>\n<\/div>\n\n\n\n<div class=\"wp-block-columns is-layout-flex wp-container-core-columns-is-layout-9d6595d7 wp-block-columns-is-layout-flex\">\n<div class=\"wp-block-column is-layout-flow wp-block-column-is-layout-flow\" style=\"flex-basis:33.33%\">\n<figure class=\"wp-block-image size-large\"><img loading=\"lazy\" decoding=\"async\" width=\"1024\" height=\"1024\" src=\"https:\/\/intuitivewisdom.ch\/wp-content\/uploads\/2024\/12\/IMG_0284-1024x1024.png\" alt=\"\" class=\"wp-image-3565\" srcset=\"https:\/\/intuitivewisdom.ch\/wp-content\/uploads\/2024\/12\/IMG_0284-1024x1024.png 1024w, https:\/\/intuitivewisdom.ch\/wp-content\/uploads\/2024\/12\/IMG_0284-300x300.png 300w, https:\/\/intuitivewisdom.ch\/wp-content\/uploads\/2024\/12\/IMG_0284-150x150.png 150w, https:\/\/intuitivewisdom.ch\/wp-content\/uploads\/2024\/12\/IMG_0284-768x768.png 768w, https:\/\/intuitivewisdom.ch\/wp-content\/uploads\/2024\/12\/IMG_0284-12x12.png 12w, https:\/\/intuitivewisdom.ch\/wp-content\/uploads\/2024\/12\/IMG_0284.png 1080w\" sizes=\"auto, (max-width: 1024px) 100vw, 1024px\" \/><\/figure>\n<\/div>\n\n\n\n<div class=\"wp-block-column is-layout-flow wp-block-column-is-layout-flow\" style=\"flex-basis:66.66%\">\n<p><em>Siebter Abend &#8211;<\/em> <strong>INTEGRIT\u00c4T<\/strong> Sex, Money, God &#8211; Teil 2 &#8211; Integrity Circle; inneres Wachstum &amp; Feedback Kultur<\/p>\n<\/div>\n<\/div>\n\n\n\n<hr class=\"wp-block-separator has-alpha-channel-opacity\"\/>\n\n\n\n<figure class=\"wp-block-gallery has-nested-images columns-default is-cropped wp-block-gallery-2 is-layout-flex wp-block-gallery-is-layout-flex\">\n<figure class=\"wp-block-image size-large\"><img loading=\"lazy\" decoding=\"async\" width=\"1024\" height=\"1024\" data-id=\"2056\" src=\"https:\/\/intuitivewisdom.ch\/wp-content\/uploads\/2023\/11\/29-1024x1024.jpg\" alt=\"\" class=\"wp-image-2056\" srcset=\"https:\/\/intuitivewisdom.ch\/wp-content\/uploads\/2023\/11\/29-1024x1024.jpg 1024w, https:\/\/intuitivewisdom.ch\/wp-content\/uploads\/2023\/11\/29-300x300.jpg 300w, https:\/\/intuitivewisdom.ch\/wp-content\/uploads\/2023\/11\/29-150x150.jpg 150w, https:\/\/intuitivewisdom.ch\/wp-content\/uploads\/2023\/11\/29-768x768.jpg 768w, https:\/\/intuitivewisdom.ch\/wp-content\/uploads\/2023\/11\/29-12x12.jpg 12w, https:\/\/intuitivewisdom.ch\/wp-content\/uploads\/2023\/11\/29.jpg 1080w\" sizes=\"auto, (max-width: 1024px) 100vw, 1024px\" \/><\/figure>\n\n\n\n<figure class=\"wp-block-image size-large\"><img loading=\"lazy\" decoding=\"async\" width=\"1024\" height=\"1024\" data-id=\"2069\" src=\"https:\/\/intuitivewisdom.ch\/wp-content\/uploads\/2023\/11\/37-1024x1024.jpg\" alt=\"\" class=\"wp-image-2069\" srcset=\"https:\/\/intuitivewisdom.ch\/wp-content\/uploads\/2023\/11\/37-1024x1024.jpg 1024w, https:\/\/intuitivewisdom.ch\/wp-content\/uploads\/2023\/11\/37-300x300.jpg 300w, https:\/\/intuitivewisdom.ch\/wp-content\/uploads\/2023\/11\/37-150x150.jpg 150w, https:\/\/intuitivewisdom.ch\/wp-content\/uploads\/2023\/11\/37-768x768.jpg 768w, https:\/\/intuitivewisdom.ch\/wp-content\/uploads\/2023\/11\/37-12x12.jpg 12w, https:\/\/intuitivewisdom.ch\/wp-content\/uploads\/2023\/11\/37.jpg 1080w\" sizes=\"auto, (max-width: 1024px) 100vw, 1024px\" \/><\/figure>\n\n\n\n<figure class=\"wp-block-image size-large\"><img loading=\"lazy\" decoding=\"async\" width=\"1024\" height=\"1024\" data-id=\"2068\" src=\"https:\/\/intuitivewisdom.ch\/wp-content\/uploads\/2023\/11\/36-1024x1024.jpg\" alt=\"\" class=\"wp-image-2068\" srcset=\"https:\/\/intuitivewisdom.ch\/wp-content\/uploads\/2023\/11\/36-1024x1024.jpg 1024w, https:\/\/intuitivewisdom.ch\/wp-content\/uploads\/2023\/11\/36-300x300.jpg 300w, https:\/\/intuitivewisdom.ch\/wp-content\/uploads\/2023\/11\/36-150x150.jpg 150w, https:\/\/intuitivewisdom.ch\/wp-content\/uploads\/2023\/11\/36-768x768.jpg 768w, https:\/\/intuitivewisdom.ch\/wp-content\/uploads\/2023\/11\/36-12x12.jpg 12w, https:\/\/intuitivewisdom.ch\/wp-content\/uploads\/2023\/11\/36.jpg 1080w\" sizes=\"auto, (max-width: 1024px) 100vw, 1024px\" \/><\/figure>\n<\/figure>\n\n\n\n<p><\/p>\n\n\n\n<div class=\"wp-block-columns is-layout-flex wp-container-core-columns-is-layout-9d6595d7 wp-block-columns-is-layout-flex\">\n<div class=\"wp-block-column is-layout-flow wp-block-column-is-layout-flow\">\n<div class=\"wp-block-buttons is-content-justification-center is-layout-flex wp-container-core-buttons-is-layout-16018d1d wp-block-buttons-is-layout-flex\">\n<div class=\"wp-block-button is-style-outline is-style-outline--3\"><a class=\"wp-block-button__link wp-element-button\" href=\"https:\/\/forms.gle\/SGYct92KeWBzrknP9\" target=\"_blank\" rel=\"noreferrer noopener\">Anmeldung<\/a><\/div>\n<\/div>\n<\/div>\n\n\n\n<div class=\"wp-block-column is-layout-flow wp-block-column-is-layout-flow\">\n<div class=\"wp-block-buttons is-layout-flex wp-block-buttons-is-layout-flex\">\n<div class=\"wp-block-button is-style-outline is-style-outline--4\"><a class=\"wp-block-button__link wp-element-button\" href=\"https:\/\/app.10to8.com\/book\/aewkzzrqxvokotjwnu\/1668688\" target=\"_blank\" rel=\"noreferrer noopener\">Kennenlerngespr\u00e4ch buchen<\/a><\/div>\n<\/div>\n<\/div>\n<\/div>","protected":false},"excerpt":{"rendered":"<p>Gewaltfreie Kommunikation &#8211; Verk\u00f6rperung von Impulsen und Emotionen &#8211; Begegnung und Verbindung &#8211; Schattenarbeit EMBODIED RELATINGN\u00e4chster Start: Jan\/Feb \u2019257. Jan, 14. Jan, 21. Jan, 28. Jan,4. Feb, 11. Feb, 18. FebAnmeldeformular 7 Dienstag AbendeZ\u00fcrich, 18.30-22h450 CHF max. 12 TeilnehmendeHost:&nbsp;Mich\u00e8le &amp; Roger In diesem 7-w\u00f6chigen Abendkurs erforschen wir, wie wir unsere inneren und \u00e4u\u00dferen Beziehungsfelder bewusster [&hellip;]<\/p>\n","protected":false},"author":1,"featured_media":0,"parent":0,"menu_order":0,"comment_status":"closed","ping_status":"closed","template":"","meta":{"footnotes":""},"class_list":["post-3400","page","type-page","status-publish","hentry"],"_links":{"self":[{"href":"https:\/\/intuitivewisdom.ch\/de\/wp-json\/wp\/v2\/pages\/3400","targetHints":{"allow":["GET"]}}],"collection":[{"href":"https:\/\/intuitivewisdom.ch\/de\/wp-json\/wp\/v2\/pages"}],"about":[{"href":"https:\/\/intuitivewisdom.ch\/de\/wp-json\/wp\/v2\/types\/page"}],"author":[{"embeddable":true,"href":"https:\/\/intuitivewisdom.ch\/de\/wp-json\/wp\/v2\/users\/1"}],"replies":[{"embeddable":true,"href":"https:\/\/intuitivewisdom.ch\/de\/wp-json\/wp\/v2\/comments?post=3400"}],"version-history":[{"count":24,"href":"https:\/\/intuitivewisdom.ch\/de\/wp-json\/wp\/v2\/pages\/3400\/revisions"}],"predecessor-version":[{"id":3567,"href":"https:\/\/intuitivewisdom.ch\/de\/wp-json\/wp\/v2\/pages\/3400\/revisions\/3567"}],"wp:attachment":[{"href":"https:\/\/intuitivewisdom.ch\/de\/wp-json\/wp\/v2\/media?parent=3400"}],"curies":[{"name":"wp","href":"https:\/\/api.w.org\/{rel}","templated":true}]}}