{"id":3345,"date":"2024-10-09T05:39:24","date_gmt":"2024-10-09T05:39:24","guid":{"rendered":"https:\/\/intuitivewisdom.ch\/?page_id=3345"},"modified":"2025-02-19T10:23:13","modified_gmt":"2025-02-19T10:23:13","slug":"eros-attachment","status":"publish","type":"page","link":"https:\/\/intuitivewisdom.ch\/de\/eros-attachment\/","title":{"rendered":"EROS &amp; ATTACHMENT"},"content":{"rendered":"<p>Dies ist eine verk\u00f6rperte Reise in die Entwicklungsstadien der fr\u00fchen Kindheit, in der wir lernen: Verk\u00f6rperung \u2013 Gen\u00e4hrtsein \u2013 Selbstausdruck \u2013 Vertrauen in andere \u2013 Selbstvertrauen \u2013 und wie deren Kernwunden unseren Erotic Body stark beeinflussen.<\/p>\n\n\n\n<figure class=\"wp-block-image size-large\"><img loading=\"lazy\" decoding=\"async\" width=\"1024\" height=\"709\" src=\"https:\/\/intuitivewisdom.ch\/wp-content\/uploads\/2024\/10\/IMG_0074-1024x709.jpeg\" alt=\"\" class=\"wp-image-3346\" srcset=\"https:\/\/intuitivewisdom.ch\/wp-content\/uploads\/2024\/10\/IMG_0074-1024x709.jpeg 1024w, https:\/\/intuitivewisdom.ch\/wp-content\/uploads\/2024\/10\/IMG_0074-300x208.jpeg 300w, https:\/\/intuitivewisdom.ch\/wp-content\/uploads\/2024\/10\/IMG_0074-768x532.jpeg 768w, https:\/\/intuitivewisdom.ch\/wp-content\/uploads\/2024\/10\/IMG_0074-1536x1063.jpeg 1536w, https:\/\/intuitivewisdom.ch\/wp-content\/uploads\/2024\/10\/IMG_0074-18x12.jpeg 18w, https:\/\/intuitivewisdom.ch\/wp-content\/uploads\/2024\/10\/IMG_0074.jpeg 1647w\" sizes=\"auto, (max-width: 1024px) 100vw, 1024px\" \/><\/figure>\n\n\n\n<p class=\"has-text-align-center\"><em><strong>N\u00c4CHSTES DATUM: 14.-16. M\u00e4rz 2025<\/strong><\/em><\/p>\n\n\n\n<p>In this workshop we will bring awareness to those inner woundings and create healing rituals to complete and integrate the circulatory process of seeking and letdown. Through this process we give space for our souls expression of erotic intimacy.<\/p>\n\n\n\n<figure class=\"wp-block-gallery has-nested-images columns-default is-cropped wp-block-gallery-1 is-layout-flex wp-block-gallery-is-layout-flex\">\n<figure class=\"wp-block-image size-large\"><img loading=\"lazy\" decoding=\"async\" width=\"1024\" height=\"1024\" data-id=\"3921\" src=\"https:\/\/intuitivewisdom.ch\/wp-content\/uploads\/2025\/02\/Offerings.zip-4-1024x1024.png\" alt=\"\" class=\"wp-image-3921\" srcset=\"https:\/\/intuitivewisdom.ch\/wp-content\/uploads\/2025\/02\/Offerings.zip-4-1024x1024.png 1024w, https:\/\/intuitivewisdom.ch\/wp-content\/uploads\/2025\/02\/Offerings.zip-4-300x300.png 300w, https:\/\/intuitivewisdom.ch\/wp-content\/uploads\/2025\/02\/Offerings.zip-4-150x150.png 150w, https:\/\/intuitivewisdom.ch\/wp-content\/uploads\/2025\/02\/Offerings.zip-4-768x768.png 768w, https:\/\/intuitivewisdom.ch\/wp-content\/uploads\/2025\/02\/Offerings.zip-4-12x12.png 12w, https:\/\/intuitivewisdom.ch\/wp-content\/uploads\/2025\/02\/Offerings.zip-4.png 1080w\" sizes=\"auto, (max-width: 1024px) 100vw, 1024px\" \/><\/figure>\n\n\n\n<figure class=\"wp-block-image size-large\"><img loading=\"lazy\" decoding=\"async\" width=\"1024\" height=\"1024\" data-id=\"3922\" src=\"https:\/\/intuitivewisdom.ch\/wp-content\/uploads\/2025\/02\/Offerings.zip-5-1024x1024.png\" alt=\"\" class=\"wp-image-3922\" srcset=\"https:\/\/intuitivewisdom.ch\/wp-content\/uploads\/2025\/02\/Offerings.zip-5-1024x1024.png 1024w, https:\/\/intuitivewisdom.ch\/wp-content\/uploads\/2025\/02\/Offerings.zip-5-300x300.png 300w, https:\/\/intuitivewisdom.ch\/wp-content\/uploads\/2025\/02\/Offerings.zip-5-150x150.png 150w, https:\/\/intuitivewisdom.ch\/wp-content\/uploads\/2025\/02\/Offerings.zip-5-768x768.png 768w, https:\/\/intuitivewisdom.ch\/wp-content\/uploads\/2025\/02\/Offerings.zip-5-12x12.png 12w, https:\/\/intuitivewisdom.ch\/wp-content\/uploads\/2025\/02\/Offerings.zip-5.png 1080w\" sizes=\"auto, (max-width: 1024px) 100vw, 1024px\" \/><\/figure>\n\n\n<\/figure>\n\n\n\n<p class=\"has-text-align-center has-large-font-size\">Sequenzen<\/p>\n\n\n\n<p>Mit Humor, Mitgef\u00fchl und der Sch\u00e4rfe einer bewussten Erkenntniss, bewegen wir uns durch eine Landschaft von 5 archetypischen Entwicklungsschritte, entdecken unsere Kernbindungsstile und erkennen, wie diese unseren erotischen K\u00f6rper beherrschen. Wir erkennen, wie unser Erotic flow in unserem Co-Abh\u00e4ngigkeits-Kreislauf bleibt.<\/p>\n\n\n\n<p>In den gemeinsam geschaffenen Heilungsrituale unternehmen wir unsere ersten Schritte, um unsere Bindungsmuster bewusst wahrzunehmen und neue verk\u00f6rperte Erfahrungen einzuladen, um in uns Raum zu schaffen f\u00fcr einen reiferen Fluss von Eros.<\/p>\n\n\n\n<p>Wir bewegen uns hin zu unserem nat\u00fcrlichen Ausdruck des Eros, unserer authentischen Lebenskraft, der tief in uns ruht, verborgen unter dem von Anhaftungen getriebenen Ausdruck von Liebe und Sex. Wir schaffen Raum f\u00fcr den universellen Fluss von Eros, Liebe und Sex, der uns auf Seelenebene n\u00e4hrt.<\/p>\n\n\n\n<p class=\"has-text-align-center has-large-font-size\">Absicht<\/p>\n\n\n\n<p>Dies ist eine erfahrbare, verk\u00f6rperte Reise, die Selbstverst\u00e4ndnis und Mitgef\u00fchl in unsere unbewussten Verhaltensmuster bringt. Strategien und Beziehungsdynamiken, die durch uns zum Ausdruck kommen und von anderen mitgestaltet werden. Wir lernen, wie wir Verantwortung f\u00fcr unsere eigenen Kernverletzungen \u00fcbernehmen und wie wir andere um Unterst\u00fctzung bitten k\u00f6nnen, um diese fr\u00fchen Entwicklungsphasen tats\u00e4chlich zu heilen und zu integrieren, und zwar auf selbstreflektierte, selbstbestimmte Weise.<\/p>\n\n\n\n<p class=\"has-text-align-center has-large-font-size\">Praktische Infos<\/p>\n\n\n\n<div class=\"wp-block-columns is-layout-flex wp-container-core-columns-is-layout-9d6595d7 wp-block-columns-is-layout-flex\">\n<div class=\"wp-block-column is-layout-flow wp-block-column-is-layout-flow\" style=\"flex-basis:33.33%\">\n<figure class=\"wp-block-image size-large is-resized\"><img loading=\"lazy\" decoding=\"async\" width=\"683\" height=\"1024\" src=\"https:\/\/intuitivewisdom.ch\/wp-content\/uploads\/2024\/11\/IMG_0188-683x1024.jpeg\" alt=\"\" class=\"wp-image-3436\" style=\"width:206px;height:auto\" srcset=\"https:\/\/intuitivewisdom.ch\/wp-content\/uploads\/2024\/11\/IMG_0188-683x1024.jpeg 683w, https:\/\/intuitivewisdom.ch\/wp-content\/uploads\/2024\/11\/IMG_0188-200x300.jpeg 200w, https:\/\/intuitivewisdom.ch\/wp-content\/uploads\/2024\/11\/IMG_0188-768x1152.jpeg 768w, https:\/\/intuitivewisdom.ch\/wp-content\/uploads\/2024\/11\/IMG_0188-1024x1536.jpeg 1024w, https:\/\/intuitivewisdom.ch\/wp-content\/uploads\/2024\/11\/IMG_0188-1366x2048.jpeg 1366w, https:\/\/intuitivewisdom.ch\/wp-content\/uploads\/2024\/11\/IMG_0188-8x12.jpeg 8w, https:\/\/intuitivewisdom.ch\/wp-content\/uploads\/2024\/11\/IMG_0188-scaled.jpeg 1707w\" sizes=\"auto, (max-width: 683px) 100vw, 683px\" \/><figcaption class=\"wp-element-caption\">Mit <a href=\"http:\/\/Intuitivewisdom.ch\/michele-brand\/\" data-type=\"link\" data-id=\"Intuitivewisdom.ch\/michele-brand\/\" target=\"_blank\" rel=\"noreferrer noopener\">Mich\u00e8le<\/a><\/figcaption><\/figure>\n<\/div>\n\n\n\n<div class=\"wp-block-column is-layout-flow wp-block-column-is-layout-flow\" style=\"flex-basis:66.66%\">\n<p>14.-16. M\u00e4rz 2025, Z\u00fcrich<br>Freitag 17-21 Uhr<br>Samstag 10-19 Uhr (mit OpenEnd)<br>Sonntag 10-16 Uhr<br>Preis: 380.- CHF<br>Anmeldung: <a href=\"https:\/\/forms.gle\/ahDFgkBYbkAuGary9\" data-type=\"link\" data-id=\"https:\/\/forms.gle\/ahDFgkBYbkAuGary9\" target=\"_blank\" rel=\"noreferrer noopener\">Anmeldeformular<\/a><br><\/p>\n<\/div>\n<\/div>\n\n\n\n<figure class=\"wp-block-pullquote\"><blockquote><p>\u201aUntil you make the unconscious<br>conscious, it will direct your life<br>and you will call it fate.\u2018<\/p><cite>Carl Jung<\/cite><\/blockquote><\/figure>\n\n\n\n<blockquote class=\"wp-block-quote is-layout-flow wp-block-quote-is-layout-flow\"><\/blockquote>","protected":false},"excerpt":{"rendered":"<p>This is an embodied journey into the early childhood developmental stages, of learning: embodiment &#8211; nurture &#8211; self expression &#8211; trusting others &#8211; trusting self &#8211; and how their core wounds heavily influence our erotic body. NEXT DATES: 14th to 16th of march, 2025 In this workshop we will bring awareness to those inner woundings [&hellip;]<\/p>\n","protected":false},"author":1,"featured_media":0,"parent":0,"menu_order":0,"comment_status":"closed","ping_status":"closed","template":"","meta":{"footnotes":""},"class_list":["post-3345","page","type-page","status-publish","hentry"],"_links":{"self":[{"href":"https:\/\/intuitivewisdom.ch\/de\/wp-json\/wp\/v2\/pages\/3345","targetHints":{"allow":["GET"]}}],"collection":[{"href":"https:\/\/intuitivewisdom.ch\/de\/wp-json\/wp\/v2\/pages"}],"about":[{"href":"https:\/\/intuitivewisdom.ch\/de\/wp-json\/wp\/v2\/types\/page"}],"author":[{"embeddable":true,"href":"https:\/\/intuitivewisdom.ch\/de\/wp-json\/wp\/v2\/users\/1"}],"replies":[{"embeddable":true,"href":"https:\/\/intuitivewisdom.ch\/de\/wp-json\/wp\/v2\/comments?post=3345"}],"version-history":[{"count":12,"href":"https:\/\/intuitivewisdom.ch\/de\/wp-json\/wp\/v2\/pages\/3345\/revisions"}],"predecessor-version":[{"id":3929,"href":"https:\/\/intuitivewisdom.ch\/de\/wp-json\/wp\/v2\/pages\/3345\/revisions\/3929"}],"wp:attachment":[{"href":"https:\/\/intuitivewisdom.ch\/de\/wp-json\/wp\/v2\/media?parent=3345"}],"curies":[{"name":"wp","href":"https:\/\/api.w.org\/{rel}","templated":true}]}}