{"id":3235,"date":"2024-09-22T10:51:22","date_gmt":"2024-09-22T10:51:22","guid":{"rendered":"https:\/\/intuitivewisdom.ch\/?page_id=3235"},"modified":"2024-11-26T10:52:55","modified_gmt":"2024-11-26T10:52:55","slug":"beyond-basic-sessions","status":"publish","type":"page","link":"https:\/\/intuitivewisdom.ch\/de\/beyond-basic-sessions\/","title":{"rendered":"BEYOND: Basic Journey"},"content":{"rendered":"<p>Diese 12x einst\u00fcndigen Sessions sind ein Boost f\u00fcr deine <strong>Pers\u00f6nlichkeitsentwicklung<\/strong>. <\/p>\n\n\n\n<p>* Ahnenarbeit und Familiensystem Kl\u00e4rungen.<br>* Eigene fr\u00fchkindliche Pr\u00e4gungen aufarbeiten.<br>* Sexuelle und beruflich-monet\u00e4re Gesundheit freischalten.<\/p>\n\n\n\n<p>In diesem <strong>6 monatigen Programm<\/strong> (jeweils ca. eine einst\u00fcndige Session pro 2 Wochen, Online oder vor Ort in Z\u00fcrich) gehen wir deine <strong>Grundstrukturen<\/strong> durch und kl\u00e4ren deine grundlegenden Strukturen und Limitierungen, um entspannt Mensch sein zu k\u00f6nnen.<\/p>\n\n\n\n<p>Das Beyond: Basics Training ist f\u00fcr Menschen, welche pers\u00f6nlich weiterkommen m\u00f6chten. Danach hast du auch die M\u00f6glichkeit, in der <a href=\"https:\/\/intuitivewisdom.ch\/de\/beyond\/\" data-type=\"link\" data-id=\"https:\/\/intuitivewisdom.ch\/beyond\/\" target=\"_blank\" rel=\"noreferrer noopener\">Beyond Community<\/a> an Themen von Spontanheilung, Telepathie und Magie weiterzuforschen.<\/p>\n\n\n\n<h2 class=\"wp-block-heading has-text-align-center\"><strong>BEYOND: BASICS JOURNEY<\/strong><br>6-9 Monate  |  12 Sessions<br>Online\/ vor Ort in Z\u00fcrich<br>1\u2018200.- CHF<\/h2>\n\n\n\n<p><strong><a href=\"https:\/\/www.thetahealing.com\/\" data-type=\"link\" data-id=\"https:\/\/www.thetahealing.com\/\" target=\"_blank\" rel=\"noreferrer noopener\">ThetaHealing\u00ae<\/a><\/strong> ist eine Heilmethode, in welcher wir mit der Sch\u00f6pfungsenergie, Urquelle oder der Energie der bedingungslosen Liebe arbeiten. Themen und alte Traumatas werden schnell und einfach sichtbar und der Heilungsweg kraftvoll Zug\u00e4nglich. Hier kann Spontanheilung geschehen. <\/p>\n\n\n\n<p>Die Beschreibung der einzelnen Schwerpunkte findest du weiter unten. Die Reise durch diese Themen basiert auf Systemischem Familienstellen, Entwicklungstraumen und K\u00f6rperpanzer-Strukturen (nach Wilhelm Reich), Sexologischen sowie Schamanischen Grundlagen zu Sexueller Entwicklung, und der Wichtigkeit, mit seinem authentischen Wirken in der Welt Erfolg zu sp\u00fcren (z.B. &#8216;Game of Life&#8217; von Hiroyuki Miyazaki).<\/p>\n\n\n\n<p class=\"has-text-align-center\"><strong>Bist du ready f\u00fcr diese Reise?<\/strong><br>Melde dich bei mir f\u00fcr ein <a href=\"https:\/\/app.10to8.com\/book\/aewkzzrqxvokotjwnu\/1668688\" data-type=\"link\" data-id=\"https:\/\/app.10to8.com\/book\/aewkzzrqxvokotjwnu\/1668688\" target=\"_blank\" rel=\"noreferrer noopener\"><strong>Erstgespr\u00e4ch<\/strong><\/a>.<\/p>\n\n\n\n<hr class=\"wp-block-separator has-alpha-channel-opacity\"\/>\n\n\n\n<p><em><strong>Unterst\u00fctzungs-Programm f\u00fcr werdende Eltern:<\/strong> Kinder werden in ihrer Entwicklung von den unaufger\u00e4umten Strukturen, ungeheilten alten Verletzungen und unbewussten Pr\u00e4gungen ihrer Umgebung stark beeinflusst und gepr\u00e4gt. Gib deinem Kind die Chance f\u00fcr einen freieren Start ins Leben und tauche ein in deine eigenen Strukturen, Entwicklungsthemen und Pr\u00e4gungen, welche auch dich limitieren. Diese Initiative ist f\u00fcr vorzugsweise schwangere Eltern oder Eltern mit Babies. Der Einstieg in die 6 monatige Arbeit ist noch m\u00f6glich f\u00fcr Eltern mit Babies bis 13 monatig. In 12 Sitzungen jeweils f\u00fcr die einzelnen Eltern (also 24x einst\u00fcndige Sitzungen) gehen wir die verschiedenen grundlegende Themen durch und bringen diese in eine vertiefte Kl\u00e4rung und eventuelle Heilung.<\/em><\/p>\n\n\n\n<hr class=\"wp-block-separator has-alpha-channel-opacity\"\/>\n\n\n\n<p class=\"has-text-align-center\">AHNENARBEIT &amp; FAMILIENSYSTEM KL\u00c4RUNG<\/p>\n\n\n\n<p>Session 1: <strong>Ahnenthemen<\/strong><br>Was sind die Themen deiner Ahnenreihe, welche du mitbringst. Gehts um Macht, Stellung, Arbeit, Religion, Beziehung, Tod, Staat, Krieg, Geld, Heilung, Reisen,  Sch\u00f6nheit, &#8230; und wirken deine Familienthemen in dir als Ressource oder als Blockade. Ahnenthemen d\u00fcrfen entweder abgeschlossen werden oder in ihrer vollen Kraft zug\u00e4nglich sein und f\u00fcr dich unterst\u00fctzend wirken.<\/p>\n\n\n\n<p>Session 2: <strong>Familien-Beziehungs-Wunden<\/strong><br>Gibt es in deinem Familiensystem unverarbeitete Wunden. Sind unverarbeitete Tode, Kriegserlebnisse, Geheimnisse, Selbstmorde, Auswanderungen, Schw\u00fcre, Familienangeh\u00f6rige welche aus dem System ausgeschlossen wurden, noch im Familienk\u00f6rper als Verletzung aktiv und beeinflussen dein Sein und Wirken? Dies bringen wir in Heilung.<\/p>\n\n\n\n<p>Session 3: <strong>Unterst\u00fctzung auf Augenh\u00f6he<\/strong><br>Fliesst die Liebe und Unterst\u00fctzung in deiner Ahnenreihe und Familie in einem ehrlich gemeinten Miteinander und auf Augenh\u00f6he oder sind da noch Arroganz, Ignoranz, Missgunst, Narzissmus, Selbstbest\u00e4tigung und dadurch Separation im System vorhanden? Wir aktivieren die Unterst\u00fctzung auf Augenh\u00f6he.<\/p>\n\n\n\n<p class=\"has-text-align-center\">KINDHEITS-ENTWICKLUNGS-TRAUMAS AUFARBEITEN<\/p>\n\n\n\n<p>Session 4: <strong>Verk\u00f6rperung, Willkommen Sein und Sicherheit<\/strong><br>Bist du bei Empf\u00e4ngnis bis Geburt und in deinen ersten Monaten f\u00fcr dich liebevoll, erdend und willkommen heissend begleitet worden. Oder empfandest du dein erster Eindruck von der Welt als unsicher, abweisend, unangenehm, nicht f\u00fcr dich. Wir erarbeiten dein volles und sicheres ankommen deiner Essenz im K\u00f6rper und im hier als Heimat.<\/p>\n\n\n\n<p>Session 5: <strong>Gen\u00e4hrt Sein<\/strong><br>Wurden in deinen ersten zweieinhalb Jahren deine Grundbed\u00fcrfnisse gesehen bis zum Punkt von Gen\u00e4hrt Sein befriedigt. Oder hast du mehrheitlich die Erfahrung gemacht, dass deine Bed\u00fcrfnisse nicht gesehen oder ungen\u00fcgend befriedigt werden. Bed\u00fcrftigkeit, die Erfahrung &#8216;nie genug zu erhalten&#8217; und das nicht-f\u00fchlen, nicht-direkt wahrnehmen oder klar formulieren der eigenen Bed\u00fcrfnisse ist die Folge. Wir erarbeite deine Eigenst\u00e4ndigkeit, deine Bed\u00fcrfnisse wieder zu sp\u00fcren, die Erf\u00fcllung dieser selbstbewusst anzufragen, sowie integrieren wir einen Zugang zu deiner inneren, eigenen unendlichen Quelle.<\/p>\n\n\n\n<p>Session 6: <strong>Autonomie, Selbstausdruck und Aktion<\/strong><br><\/p>\n\n\n\n<p>Session 7: <strong>Vertrauen und Zwischenmenschliche Resilienz<\/strong><br><\/p>\n\n\n\n<p>Session 8: <strong>Innere F\u00fchrung und Selbstvertrauen<\/strong><br><\/p>\n\n\n\n<p class=\"has-text-align-center\">SEXUELLE GESUNDHEIT<\/p>\n\n\n\n<p>Session 9: <strong>Scham und Sexuelle Identit\u00e4t<\/strong><\/p>\n\n\n\n<p>Session 10: <strong>Genuss und Lebenskraft<\/strong><\/p>\n\n\n\n<p class=\"has-text-align-center\">BERUFLICH-MONET\u00c4RE GESUNDHEIT<\/p>\n\n\n\n<p>Session 11: <strong>Berufung und Seelenkraft<\/strong><\/p>\n\n\n\n<p>Session 12: <strong>Geld und Erfolg<\/strong><\/p>","protected":false},"excerpt":{"rendered":"<p>Diese 12x einst\u00fcndigen Sessions sind ein Boost f\u00fcr deine Pers\u00f6nlichkeitsentwicklung. * Ahnenarbeit und Familiensystem Kl\u00e4rungen.* Eigene fr\u00fchkindliche Pr\u00e4gungen aufarbeiten.* Sexuelle und beruflich-monet\u00e4re Gesundheit freischalten. In diesem 6 monatigen Programm (jeweils ca. eine einst\u00fcndige Session pro 2 Wochen, Online oder vor Ort in Z\u00fcrich) gehen wir deine Grundstrukturen durch und kl\u00e4ren deine grundlegenden Strukturen und Limitierungen, [&hellip;]<\/p>\n","protected":false},"author":1,"featured_media":0,"parent":0,"menu_order":0,"comment_status":"closed","ping_status":"closed","template":"","meta":{"footnotes":""},"class_list":["post-3235","page","type-page","status-publish","hentry"],"_links":{"self":[{"href":"https:\/\/intuitivewisdom.ch\/de\/wp-json\/wp\/v2\/pages\/3235","targetHints":{"allow":["GET"]}}],"collection":[{"href":"https:\/\/intuitivewisdom.ch\/de\/wp-json\/wp\/v2\/pages"}],"about":[{"href":"https:\/\/intuitivewisdom.ch\/de\/wp-json\/wp\/v2\/types\/page"}],"author":[{"embeddable":true,"href":"https:\/\/intuitivewisdom.ch\/de\/wp-json\/wp\/v2\/users\/1"}],"replies":[{"embeddable":true,"href":"https:\/\/intuitivewisdom.ch\/de\/wp-json\/wp\/v2\/comments?post=3235"}],"version-history":[{"count":14,"href":"https:\/\/intuitivewisdom.ch\/de\/wp-json\/wp\/v2\/pages\/3235\/revisions"}],"predecessor-version":[{"id":3516,"href":"https:\/\/intuitivewisdom.ch\/de\/wp-json\/wp\/v2\/pages\/3235\/revisions\/3516"}],"wp:attachment":[{"href":"https:\/\/intuitivewisdom.ch\/de\/wp-json\/wp\/v2\/media?parent=3235"}],"curies":[{"name":"wp","href":"https:\/\/api.w.org\/{rel}","templated":true}]}}