{"id":3076,"date":"2024-08-05T09:42:37","date_gmt":"2024-08-05T09:42:37","guid":{"rendered":"https:\/\/intuitivewisdom.ch\/?page_id=3076"},"modified":"2024-08-07T09:25:11","modified_gmt":"2024-08-07T09:25:11","slug":"frauenkreis-finta","status":"publish","type":"page","link":"https:\/\/intuitivewisdom.ch\/de\/frauenkreis-finta\/","title":{"rendered":"FRAUENKREIS *finta"},"content":{"rendered":"<p class=\"has-text-align-center\"><strong>Wer bin ich als weibliches Wesen?<\/strong><br><strong>Wie gehe ich in Kontakt mit meiner authentischen Weiblichkeit?<\/strong><br><strong>Was erfahre ich im Kontakt mit anderen F*rauen?<\/strong><\/p>\n\n\n\n<p>In Begegnung und im Sein mit anderen <strong>F*rauen (*INTA<\/strong>: Cis-Frauen, Intersexuelle, Non-Bin\u00e4re, Transsexuelle, Asexuelle Menschen) begegne ich mir selbst, meiner Weiblichkeit, meiner Kraft, meiner Unzul\u00e4nglichkeit.<\/p>\n\n\n\n<p>In einer geschlossenen fortlaufenden Gruppe treffen wir uns w\u00f6chentlich, um tiefer einzutauchen in unser Sein als F*rau in unserem Leben, in unserem lebendigen Sein, in authentischer Begegnung mit der Welt.<\/p>\n\n\n\n<figure class=\"wp-block-image size-large\"><img loading=\"lazy\" decoding=\"async\" width=\"1024\" height=\"1024\" src=\"https:\/\/intuitivewisdom.ch\/wp-content\/uploads\/2024\/08\/Offerings-3-1024x1024.jpg\" alt=\"\" class=\"wp-image-3079\" srcset=\"https:\/\/intuitivewisdom.ch\/wp-content\/uploads\/2024\/08\/Offerings-3-1024x1024.jpg 1024w, https:\/\/intuitivewisdom.ch\/wp-content\/uploads\/2024\/08\/Offerings-3-300x300.jpg 300w, https:\/\/intuitivewisdom.ch\/wp-content\/uploads\/2024\/08\/Offerings-3-150x150.jpg 150w, https:\/\/intuitivewisdom.ch\/wp-content\/uploads\/2024\/08\/Offerings-3-768x768.jpg 768w, https:\/\/intuitivewisdom.ch\/wp-content\/uploads\/2024\/08\/Offerings-3-12x12.jpg 12w, https:\/\/intuitivewisdom.ch\/wp-content\/uploads\/2024\/08\/Offerings-3.jpg 1080w\" sizes=\"auto, (max-width: 1024px) 100vw, 1024px\" \/><\/figure>\n\n\n\n<p>Gemeinsam co-kreieren ein verbundenes Feld von Vertrauen, durch Transparenz und urteilsfreier Pr\u00e4senz f\u00fcr einander. <strong>Sharing Circle<\/strong>.<br><em>Transparenz: Zeige ich mich in meiner Autentizit\u00e4t und Verletzlichkeit oder lasse ich andere an meiner Maske abblitzen. | Urteilsfreie Pr\u00e4senz: Urteilsfrei oder im Bewusstsein dar\u00fcber, dass gerade etwas in mir urteilt und meinen inneren Prozess projiziert.<\/em><\/p>\n\n\n\n<p>Wir initiieren und begleiten <strong>Erfahrungsr\u00e4ume<\/strong>, welche uns n\u00e4hren und uns mit neuen Tiefen und Selbsterkenntnissen beschenken. Um aus diesen Erfahrungen kraftvoller unseren individuellen Alltag zu gestallten.<\/p>\n\n\n\n<p>#RadicalSelfResponsibility #Selbsterkenntniss #Selbstliebe #BuidlingTrust #Belonging #Sexualit\u00e4t #Beziehung #Liebe #Intimit\u00e4t #Familie #Kinder #WeiblicherZyklus #K\u00f6rperweisheit #K\u00f6rperbewusstsein #Wutarbeit #Intuition #De-Armouring #BeziehungZuGeld #PostPatriarchaleFrauenbilder #Schattenintegration #Resourcenarbeit #Friedensforschung #Begegnung #Ber\u00fchrung #Emotionen&amp;Gef\u00fchle #Integrit\u00e4t #TraumaInformiert &#8230;<\/p>\n\n\n\n<p><strong>Bist du dabei?<\/strong><\/p>\n\n\n\n<p><strong>N\u00e4chste fortlaufende Gruppe:<br><\/strong>Dienstags 18.30-22h<br>vom 13. Aug &#8211; 10. Sept, Z\u00fcrich Wollishofen<br>120.-\/5 Abende, max. 9 Finta<br>Leitung: <a href=\"https:\/\/intuitivewisdom.ch\/de\/michele-brand\/\" data-type=\"link\" data-id=\"https:\/\/intuitivewisdom.ch\/michele-brand\/\" target=\"_blank\" rel=\"noreferrer noopener\">Mich\u00e8le<\/a> &amp; <a href=\"https:\/\/ondamare.net\/ueber-mich\/\" data-type=\"link\" data-id=\"https:\/\/ondamare.net\/ueber-mich\/\" target=\"_blank\" rel=\"noreferrer noopener\">Jasmin<\/a><br><em>&#8211;> Bitte schreib mir, wieso du gerne bei dieser Reihe dabei w\u00e4rst und welche Themen dich momentan besch\u00e4ftigen. Beschreibe deine Hoffnungen und deine eventuellen \u00c4ngste betreffend diesem Kreis. Ich freue mich auf deine <strong>Anmeldung<\/strong>: <a href=\"mailto:michele.brand@hotmail.com\">michele.brand@hotmail.com<\/a><\/em><\/p>","protected":false},"excerpt":{"rendered":"<p>Wer bin ich als weibliches Wesen?Wie gehe ich in Kontakt mit meiner authentischen Weiblichkeit?Was erfahre ich im Kontakt mit anderen F*rauen? In Begegnung und im Sein mit anderen F*rauen (*INTA: Cis-Frauen, Intersexuelle, Non-Bin\u00e4re, Transsexuelle, Asexuelle Menschen) begegne ich mir selbst, meiner Weiblichkeit, meiner Kraft, meiner Unzul\u00e4nglichkeit. In einer geschlossenen fortlaufenden Gruppe treffen wir uns w\u00f6chentlich, [&hellip;]<\/p>\n","protected":false},"author":1,"featured_media":0,"parent":0,"menu_order":0,"comment_status":"closed","ping_status":"closed","template":"","meta":{"footnotes":""},"class_list":["post-3076","page","type-page","status-publish","hentry"],"_links":{"self":[{"href":"https:\/\/intuitivewisdom.ch\/de\/wp-json\/wp\/v2\/pages\/3076","targetHints":{"allow":["GET"]}}],"collection":[{"href":"https:\/\/intuitivewisdom.ch\/de\/wp-json\/wp\/v2\/pages"}],"about":[{"href":"https:\/\/intuitivewisdom.ch\/de\/wp-json\/wp\/v2\/types\/page"}],"author":[{"embeddable":true,"href":"https:\/\/intuitivewisdom.ch\/de\/wp-json\/wp\/v2\/users\/1"}],"replies":[{"embeddable":true,"href":"https:\/\/intuitivewisdom.ch\/de\/wp-json\/wp\/v2\/comments?post=3076"}],"version-history":[{"count":7,"href":"https:\/\/intuitivewisdom.ch\/de\/wp-json\/wp\/v2\/pages\/3076\/revisions"}],"predecessor-version":[{"id":3090,"href":"https:\/\/intuitivewisdom.ch\/de\/wp-json\/wp\/v2\/pages\/3076\/revisions\/3090"}],"wp:attachment":[{"href":"https:\/\/intuitivewisdom.ch\/de\/wp-json\/wp\/v2\/media?parent=3076"}],"curies":[{"name":"wp","href":"https:\/\/api.w.org\/{rel}","templated":true}]}}