{"id":3016,"date":"2024-07-13T08:10:37","date_gmt":"2024-07-13T08:10:37","guid":{"rendered":"https:\/\/intuitivewisdom.ch\/?page_id=3016"},"modified":"2024-12-01T06:41:35","modified_gmt":"2024-12-01T06:41:35","slug":"der-sex-kurs","status":"publish","type":"page","link":"https:\/\/intuitivewisdom.ch\/de\/der-sex-kurs\/","title":{"rendered":"Der SEX Kurs"},"content":{"rendered":"<div class=\"wp-block-columns is-layout-flex wp-container-core-columns-is-layout-9d6595d7 wp-block-columns-is-layout-flex\">\n<div class=\"wp-block-column is-layout-flow wp-block-column-is-layout-flow\" style=\"flex-basis:66.66%\">\n<p>Willkommen zum &#8220;SEX Kurs&#8221;! Diese interaktive Workshop-Serie geht \u00fcber das blo\u00dfe Sprechen hinaus und bietet praktische \u00dcbungen, um Konsens, Eigenkontakt, Selbstwahrnehmung und authentisches Auftreten in Bezug auf Sexualit\u00e4t zu st\u00e4rken.<\/p>\n<\/div>\n\n\n\n<div class=\"wp-block-column is-layout-flow wp-block-column-is-layout-flow\" style=\"flex-basis:33.33%\">\n<p class=\"has-text-align-center\">7 Dienstag Abende<br>Z\u00fcrich, 18.30-22h<br>620 CHF*, max. 10 Teilnehmende<br>Hosts:&nbsp;<a href=\"https:\/\/intuitivewisdom.ch\/de\/michele-brand\/\" target=\"_blank\" rel=\"noreferrer noopener\">Mich\u00e8le<\/a> &amp; <a href=\"https:\/\/www.rogerspiess.ch\/%C3%BCber-mich\" data-type=\"link\" data-id=\"https:\/\/www.rogerspiess.ch\/%C3%BCber-mich\" target=\"_blank\" rel=\"noreferrer noopener\">Roger<\/a><\/p>\n<\/div>\n<\/div>\n\n\n\n<figure class=\"wp-block-image size-full\"><img loading=\"lazy\" decoding=\"async\" width=\"904\" height=\"612\" src=\"https:\/\/intuitivewisdom.ch\/wp-content\/uploads\/2024\/07\/0.1.png\" alt=\"\" class=\"wp-image-3027\" srcset=\"https:\/\/intuitivewisdom.ch\/wp-content\/uploads\/2024\/07\/0.1.png 904w, https:\/\/intuitivewisdom.ch\/wp-content\/uploads\/2024\/07\/0.1-300x203.png 300w, https:\/\/intuitivewisdom.ch\/wp-content\/uploads\/2024\/07\/0.1-768x520.png 768w, https:\/\/intuitivewisdom.ch\/wp-content\/uploads\/2024\/07\/0.1-18x12.png 18w\" sizes=\"auto, (max-width: 904px) 100vw, 904px\" \/><\/figure>\n\n\n\n<p class=\"has-text-align-center has-large-font-size\"><strong>D e r   S E X   K u r s<\/strong><\/p>\n\n\n\n<p class=\"has-text-align-center\"><strong>N\u00e4chster Start: Feb\/April \u201925<br>25. Feb<\/strong>, 4. M\u00e4rz, 11. M\u00e4rz, 18. M\u00e4rz, 25. M\u00e4rz, 1. April, 8. April<br><a href=\"https:\/\/forms.gle\/hVwA8CGw1wF3nQcP7\" data-type=\"link\" data-id=\"https:\/\/forms.gle\/hVwA8CGw1wF3nQcP7\" target=\"_blank\" rel=\"noreferrer noopener\">Anmeldeformular<\/a>, <em>*Earlybird 470 CHF<\/em> <em>bis Ende <\/em>Nov<\/p>\n\n\n\n<p>Im Austausch in der Gruppe und in sicheren und langsam gef\u00fchrten Erfahrungsr\u00e4umen werden wir gemeinsam lernen, unserem K\u00f6rper mehr zuzuh\u00f6ren und zu vertrauen, und wie man auf liebevolle und respektvolle Weise Konsens herstellt, eigene Grenzen klar kommuniziert und die Bedeutung von Einvernehmlichkeit in sexuellen Begegnungen betont. Es geht vor allem darum, in der eigenen Sexualit\u00e4t und Erotik deinen authentischen Ausdruck und deine Entspannung, Pr\u00e4senz und Klarheit zu finden oder zu st\u00e4rken.<\/p>\n\n\n\n<div class=\"wp-block-columns is-layout-flex wp-container-core-columns-is-layout-9d6595d7 wp-block-columns-is-layout-flex\">\n<div class=\"wp-block-column is-layout-flow wp-block-column-is-layout-flow\" style=\"flex-basis:66.66%\">\n<p>Durch praktische \u00dcbungen werden wir unsere Selbstwahrnehmung sch\u00e4rfen, unsere eigenen Bed\u00fcrfnisse und W\u00fcnsche erkunden und an Selbstbewusstsein, Selbstliebe und Selbstakzeptanz arbeiten. Wir werden Tools und Techniken erlernen, um uns sicherer zu f\u00fchlen in intimen Begegnungen, unsere Stimme zu finden und in unseren Beziehungen authentisch zu sein.<\/p>\n\n\n\n<p class=\"has-text-align-center\">Wie gehe ich mit meiner eigenen Lust um?<br>Kenne ich sie?<br>Nehme ich meine eigenen Bed\u00fcrfnisse war?<\/p>\n<\/div>\n\n\n\n<div class=\"wp-block-column is-layout-flow wp-block-column-is-layout-flow\" style=\"flex-basis:33.33%\">\n<figure class=\"wp-block-image size-large\"><img loading=\"lazy\" decoding=\"async\" width=\"649\" height=\"1024\" src=\"https:\/\/intuitivewisdom.ch\/wp-content\/uploads\/2024\/09\/photo_5951920479017222367_y-649x1024.jpg\" alt=\"\" class=\"wp-image-3292\" srcset=\"https:\/\/intuitivewisdom.ch\/wp-content\/uploads\/2024\/09\/photo_5951920479017222367_y-649x1024.jpg 649w, https:\/\/intuitivewisdom.ch\/wp-content\/uploads\/2024\/09\/photo_5951920479017222367_y-190x300.jpg 190w, https:\/\/intuitivewisdom.ch\/wp-content\/uploads\/2024\/09\/photo_5951920479017222367_y-768x1212.jpg 768w, https:\/\/intuitivewisdom.ch\/wp-content\/uploads\/2024\/09\/photo_5951920479017222367_y-8x12.jpg 8w, https:\/\/intuitivewisdom.ch\/wp-content\/uploads\/2024\/09\/photo_5951920479017222367_y.jpg 811w\" sizes=\"auto, (max-width: 649px) 100vw, 649px\" \/><figcaption class=\"wp-element-caption\">Hosts: Michele &amp; Roger<\/figcaption><\/figure>\n<\/div>\n<\/div>\n\n\n\n<p class=\"has-text-align-center\">Erlaube ich mir, mich zu geniessen?<br>Momente zu geniessen?<br>Situationen und Begegnungen zu geniessen?<br>Wie gehe ich mit der Lust meines Gegen\u00fcbers um?<br>Kann ich meine Emotionen frei fliessen lassen?<br>Lasse ich Ber\u00fchrtsein zu?<br>Kann ich bewusst und herzverbunden Ber\u00fchrung geben?<br>Wo in mir ist der Punkt, wo Sex zu Liebe und Liebe zu Sex wird?<br>Sind mir meine tieferen Schichten meiner eigenen Lust und Erotik bekannt?<\/p>\n\n\n\n<p>Egal, ob du dich erst neu mit deiner Sexualit\u00e4t auseinandersetzt oder bereits Erfahrung hast, dieser Kurs bietet eine sichere Plattform f\u00fcr pers\u00f6nliches Wachstum, Selbstentdeckung und St\u00e4rkung deiner sexuellen Identit\u00e4t und deiner erotischen Intelligenz. Lass uns gemeinsam diese Reise antreten und ein tieferes Verst\u00e4ndnis f\u00fcr uns selbst und f\u00fcr andere entwickeln.<\/p>\n\n\n\n<hr class=\"wp-block-separator has-alpha-channel-opacity\"\/>\n\n\n\n<p class=\"has-text-align-center has-large-font-size\">DAS PROGRAMM<\/p>\n\n\n\n<p><em>erster Abend &#8211;<\/em> Body Mapping, Heart &amp; Genital Talk<\/p>\n\n\n\n<p><em>zweiter Abend &#8211;<\/em> Self Pleasure, Body De-Armouring<\/p>\n\n\n\n<p><em>dritter Abend &#8211; <\/em>Wheel of Consent, Conscious Touch, Shadow Work<\/p>\n\n\n\n<p><em>vierter Abend &#8211;<\/em> Conscious Nudity<\/p>\n\n\n\n<p><em>f\u00fcnfter Abend &#8211;<\/em> Mantra Massage<\/p>\n\n\n\n<p><em>sechster Abend &#8211;<\/em> SlowSex<\/p>\n\n\n\n<p><em>siebter Abend &#8211; <\/em>Conscious Kink &amp; Taboo Integration<\/p>\n\n\n\n<hr class=\"wp-block-separator has-alpha-channel-opacity\"\/>\n\n\n\n<figure class=\"wp-block-embed is-type-video is-provider-youtube wp-block-embed-youtube wp-embed-aspect-16-9 wp-has-aspect-ratio\"><div class=\"wp-block-embed__wrapper\">\n<iframe loading=\"lazy\" title=\"Der SEX Kurs : Online Webinar\" width=\"640\" height=\"360\" src=\"https:\/\/www.youtube.com\/embed\/3dUzCQcWZOw?feature=oembed\" frameborder=\"0\" allow=\"accelerometer; autoplay; clipboard-write; encrypted-media; gyroscope; picture-in-picture; web-share\" referrerpolicy=\"strict-origin-when-cross-origin\" allowfullscreen><\/iframe>\n<\/div><figcaption class=\"wp-element-caption\">90 Minuten Online Webinar : Der SEX Kurs<\/figcaption><\/figure>\n\n\n\n<p class=\"has-text-align-center\">#K\u00f6rperwahrnehmung #DieEigeneLust #Grenzen #Konsens #BewussteBegegnung #Beziehungsformen #Tantra #authentischeSexualit\u00e4t #sexuellesKapital #sexuellePrivilegien #erotischeIntelligenz #eroticThemes #SexStyles #erotischeFantasien #SlowSex #MakingLove #Selbstliebe #SelfPleasure #OrgasmusF\u00e4higkeit #Genitalien #AnatomieDerLust #Diversit\u00e4t #SchamAbbau #Traumaverarbeitung #Trigger #Projektionen #RadicalHonesty #Prozessarbeit #Schattenarbeit #SexualDe-Armouring #T\u00e4terOpferDynamiken<\/p>\n\n\n\n<figure class=\"wp-block-image size-large\"><img loading=\"lazy\" decoding=\"async\" width=\"1080\" height=\"1080\" src=\"https:\/\/intuitivewisdom.ch\/wp-content\/uploads\/2024\/09\/4-1024x1024.jpg\" alt=\"\" class=\"wp-image-3190\" srcset=\"https:\/\/intuitivewisdom.ch\/wp-content\/uploads\/2024\/09\/4-1024x1024.jpg 1024w, https:\/\/intuitivewisdom.ch\/wp-content\/uploads\/2024\/09\/4-300x300.jpg 300w, https:\/\/intuitivewisdom.ch\/wp-content\/uploads\/2024\/09\/4-150x150.jpg 150w, https:\/\/intuitivewisdom.ch\/wp-content\/uploads\/2024\/09\/4-768x768.jpg 768w, https:\/\/intuitivewisdom.ch\/wp-content\/uploads\/2024\/09\/4-12x12.jpg 12w, https:\/\/intuitivewisdom.ch\/wp-content\/uploads\/2024\/09\/4.jpg 1080w\" sizes=\"auto, (max-width: 1080px) 100vw, 1080px\" \/><\/figure>","protected":false},"excerpt":{"rendered":"<p>Willkommen zum &#8220;SEX Kurs&#8221;! Diese interaktive Workshop-Serie geht \u00fcber das blo\u00dfe Sprechen hinaus und bietet praktische \u00dcbungen, um Konsens, Eigenkontakt, Selbstwahrnehmung und authentisches Auftreten in Bezug auf Sexualit\u00e4t zu st\u00e4rken. 7 Dienstag AbendeZ\u00fcrich, 18.30-22h620 CHF*, max. 10 TeilnehmendeHosts:&nbsp;Mich\u00e8le &amp; Roger D e r S E X K u r s N\u00e4chster Start: Feb\/April \u20192525. Feb, [&hellip;]<\/p>\n","protected":false},"author":1,"featured_media":0,"parent":0,"menu_order":0,"comment_status":"closed","ping_status":"closed","template":"","meta":{"footnotes":""},"class_list":["post-3016","page","type-page","status-publish","hentry"],"_links":{"self":[{"href":"https:\/\/intuitivewisdom.ch\/de\/wp-json\/wp\/v2\/pages\/3016","targetHints":{"allow":["GET"]}}],"collection":[{"href":"https:\/\/intuitivewisdom.ch\/de\/wp-json\/wp\/v2\/pages"}],"about":[{"href":"https:\/\/intuitivewisdom.ch\/de\/wp-json\/wp\/v2\/types\/page"}],"author":[{"embeddable":true,"href":"https:\/\/intuitivewisdom.ch\/de\/wp-json\/wp\/v2\/users\/1"}],"replies":[{"embeddable":true,"href":"https:\/\/intuitivewisdom.ch\/de\/wp-json\/wp\/v2\/comments?post=3016"}],"version-history":[{"count":32,"href":"https:\/\/intuitivewisdom.ch\/de\/wp-json\/wp\/v2\/pages\/3016\/revisions"}],"predecessor-version":[{"id":3535,"href":"https:\/\/intuitivewisdom.ch\/de\/wp-json\/wp\/v2\/pages\/3016\/revisions\/3535"}],"wp:attachment":[{"href":"https:\/\/intuitivewisdom.ch\/de\/wp-json\/wp\/v2\/media?parent=3016"}],"curies":[{"name":"wp","href":"https:\/\/api.w.org\/{rel}","templated":true}]}}