{"id":2897,"date":"2024-06-19T09:07:32","date_gmt":"2024-06-19T09:07:32","guid":{"rendered":"https:\/\/intuitivewisdom.ch\/?page_id=2897"},"modified":"2024-07-08T09:54:02","modified_gmt":"2024-07-08T09:54:02","slug":"books-recommendation","status":"publish","type":"page","link":"https:\/\/intuitivewisdom.ch\/de\/books-recommendation\/","title":{"rendered":"BOOKS RECOMMENDATION"},"content":{"rendered":"<p class=\"has-text-align-center has-large-font-size\">Sexuality<\/p>\n\n\n\n<p><strong><a href=\"https:\/\/www.orellfuessli.ch\/shop\/home\/artikeldetails\/A1002593662\" data-type=\"link\" data-id=\"https:\/\/www.orellfuessli.ch\/shop\/home\/artikeldetails\/A1002593662\" target=\"_blank\" rel=\"noreferrer noopener\">The Erotic Mind<\/a><\/strong> by Jack Morin<br>Unlocking the Inner Sources of Passion and Fulfilment. Challenging accepted theories about what makes for terrific sex, The Erotic Mind is a breakthrough exploration of the least understood dimensions of human sexuality \u2014 the psychology of desire, arousal, and fulfilment. Nationally known sex therapist\u00a0Dr.\u00a0Jack Morin offers a bold new perspective that celebrates the joys of Eros without denying its risks.<\/p>\n\n\n\n<p><a href=\"https:\/\/www.orellfuessli.ch\/shop\/home\/suggestartikel\/A1062329236?sq=Finde%20deine%20sexuelle%20Kraft&amp;stype=productName\" data-type=\"link\" data-id=\"https:\/\/www.orellfuessli.ch\/shop\/home\/suggestartikel\/A1062329236?sq=Finde%20deine%20sexuelle%20Kraft&amp;stype=productName\" target=\"_blank\" rel=\"noreferrer noopener\"><strong>Finde deine sexuelle Kraft<\/strong><\/a> von Ilan Stephani<br>Die Elemente der Ekstase. Sex ist gut, wenn\u2019s kracht und zur Sache geht! Oder? F\u00fcr einige Menschen stimmt das. F\u00fcr sehr viele nicht. Doch wie funktioniert Lust?\u00a0Wenn wir\u00a0das w\u00fcssten, w\u00fcrden wir\u00a0<em>aufh\u00f6ren,<\/em>\u00a0Routinesex zu haben, bei dem wir nicht viel sp\u00fcren. Und wir k\u00f6nnten uns endlich von sexuellen Selbstzweifeln verabschieden.\u00a0Der Weg w\u00e4re frei f\u00fcr wirklich n\u00e4hrende, orgasmische\u00a0Begegnungen\u00a0&#8211; mit uns selbst, unserem K\u00f6rper, unserem Partner, unserer Partnerin. Der Weg w\u00e4re frei f\u00fcr\u00a0<strong>Ekstase!<\/strong><\/p>\n\n\n\n<p><a href=\"https:\/\/www.orellfuessli.ch\/shop\/home\/artikeldetails\/A1016688725\" data-type=\"link\" data-id=\"https:\/\/www.orellfuessli.ch\/shop\/home\/artikeldetails\/A1016688725\" target=\"_blank\" rel=\"noreferrer noopener\"><strong>Sex at Dawn<\/strong><\/a> by Christopher Ryan, Cacilda Jetha<br>\u201cSex at Dawn challenges conventional wisdom about sex in a big way. By examining the prehistoric origins of human sexual behavior the authors are able to expose the fallacies and weaknesses of standard theories proposed by most experts. This&nbsp;<em>is<\/em>&nbsp;a provocative, entertaining, and pioneering book. I learned a lot from it and recommend it highly.\u201d \u2014 Andrew Weil, M.D.<\/p>\n\n\n\n<p><strong><a href=\"https:\/\/www.orellfuessli.ch\/shop\/home\/artikeldetails\/A1011973307\" data-type=\"link\" data-id=\"https:\/\/www.orellfuessli.ch\/shop\/home\/artikeldetails\/A1011973307\" target=\"_blank\" rel=\"noreferrer noopener\">Slow Sex<\/a><\/strong> by Diana Richardson<br>The Path to Fulfilling and Sustainable Sexuality. The first step to revive a waning sex life or make a healthy one more fulfilling, says author Diana Richardson, is to make sex a conscious decision rather than an accidental encounter. Focusing on eye contact, subtle sensations, and deep breathing, Diana&#8217;s practice of slow sex awakens the body&#8217;s innate mechanism for ecstasy, unlocking the door to extraordinary realms of sensitivity, sensuality, and higher consciousness. Exploring the healing, spiritual power of slow sex, this book offers a step-by-step guide for committed couples to transform sex into a meditative, loving union of complementary energies. It explains how slow sex increases sensitivity and sexual vitality and how, because it creates and restores love, slow sex is loving sex. With a focus on coolness rather than heat, this practice provides couples a way to reach a shared meditative state and use it as a vehicle to achieve higher consciousness. Illustrating different positions for eye contact, deep sustained penetration, and soft penetration, this book reveals that sex truly can be sustainable and enjoyable well into old age.<\/p>\n\n\n\n<p><strong><a href=\"https:\/\/www.orellfuessli.ch\/shop\/home\/suggestartikel\/A1056385223?sq=Existential%20Kink&amp;stype=productName\" data-type=\"link\" data-id=\"https:\/\/www.orellfuessli.ch\/shop\/home\/suggestartikel\/A1056385223?sq=Existential%20Kink&amp;stype=productName\" target=\"_blank\" rel=\"noreferrer noopener\">Existential Kink<\/a><\/strong> by <a href=\"https:\/\/www.orellfuessli.ch\/autor\/carolyn+elliott-974690\/\">Carolyn Elliott<\/a><br>Unmask Your Shadow and Embrace Your Power &#8211; a Method for Getting What You Want by Getting Off on What You Don&#8217;t<\/p>\n\n\n\n<p><a href=\"https:\/\/www.exlibris.ch\/de\/buecher-buch\/deutschsprachige-buecher\/agota-lavoyer\/jede-frau\/id\/9783969052853\/?&amp;msclkid=9721a23a3a97140b0050c4489f099721&amp;utm_source=bing&amp;utm_medium=cpc&amp;utm_campaign=DSA%20Alle%20Seiten%20(s-CH-de%2Fen)&amp;utm_term=buecher-buch%2Fdeutschsprachige-buecher%2F&amp;utm_content=Deutsche%20B%C3%BCcher&amp;gclid=9721a23a3a97140b0050c4489f099721&amp;gclsrc=3p.ds\" data-type=\"link\" data-id=\"https:\/\/www.exlibris.ch\/de\/buecher-buch\/deutschsprachige-buecher\/agota-lavoyer\/jede-frau\/id\/9783969052853\/?&amp;msclkid=9721a23a3a97140b0050c4489f099721&amp;utm_source=bing&amp;utm_medium=cpc&amp;utm_campaign=DSA%20Alle%20Seiten%20(s-CH-de%2Fen)&amp;utm_term=buecher-buch%2Fdeutschsprachige-buecher%2F&amp;utm_content=Deutsche%20B%C3%BCcher&amp;gclid=9721a23a3a97140b0050c4489f099721&amp;gclsrc=3p.ds\" target=\"_blank\" rel=\"noreferrer noopener\"><strong>Jede_Frau<\/strong><\/a> by Agota Lavoyer<br>\u00dcber eine Gesellschaft, die sexualisierte Gewalt verharmlost und normalisiert. Ein Buch gegen die Rape Culture. Sexualisierte Gewalt ist in unserer Gesellschaft auf erschreckende Weise allgegenw\u00e4rtig. So gut wie jede Frau ist davon betroffen. Die medienbekannte Expertin f\u00fcr sexualisierte Gewalt und Bestsellerautorin Agota Lavoyer erkl\u00e4rt in diesem aufw\u00fchlenden Buch, dass nicht nur das Ausma\u00df sexualisierter Gewalt in unserer Gesellschaft ein Skandal ist, sondern auch unser Umgang damit. Wir leben in einer Rape Culture, die es M\u00e4nnern erlaubt, \u00fcbergriffig zu sein, und die Betroffene abwertet und beschuldigt. Frauen besuchen Selbstverteidigungskurse, w\u00e4hrend wir M\u00e4nner mit dem Argument boys will be boys entschuldigen und die Ursachen des Problems ignorieren ( &#8230; )<\/p>\n\n\n\n<p class=\"has-text-align-center has-large-font-size\">Relating &amp; Love<\/p>\n\n\n\n<p><a href=\"https:\/\/www.orellfuessli.ch\/shop\/home\/artikeldetails\/A1064062003\" data-type=\"link\" data-id=\"https:\/\/www.orellfuessli.ch\/shop\/home\/artikeldetails\/A1064062003\"><strong>Polysecure<\/strong><\/a> by Jessica Fern<br>A practical guide to nurturing healthy, loving non-monogamous relationships using attachment theory. Attachment theory has entered the mainstream, but most discussions focus on how we can cultivate secure monogamous relationships.&nbsp;What if, like many people, youre striving for secure, happy attachments with more than one partner?<\/p>\n\n\n\n<p><strong><a href=\"https:\/\/a.co\/d\/3oWE6wi\" data-type=\"link\" data-id=\"https:\/\/a.co\/d\/3oWE6wi\" target=\"_blank\" rel=\"noreferrer noopener\">And They Knew Each Other<\/a><\/strong> by Sabine Lichtenfeld, Dieter Duhm<br>The End of Sexual Violence. Is it possible to end the sexual violence and domestic abuse that seem to run rampant these days? Can one person remain faithful to love with the same partner for a lifetime? In this book, Sabine Lichtenfels and Dieter Duhm, founders of the peace research center Tamera in Portugal, share the results of their highly successful 40-year experiment in faithful partnership within community.<\/p>\n\n\n\n<p class=\"has-text-align-center has-large-font-size\">Spirituality<\/p>\n\n\n\n<p><a href=\"https:\/\/www.amazon.com\/Spiritual-Enlightenment-Damnedest-Thing-Trilogy\/dp\/0980184843\" data-type=\"link\" data-id=\"https:\/\/www.amazon.com\/Spiritual-Enlightenment-Damnedest-Thing-Trilogy\/dp\/0980184843\" target=\"_blank\" rel=\"noreferrer noopener\"><strong>Spiritual Enlightenment: the Damnedest Thing<\/strong><\/a> by <a href=\"https:\/\/www.amazon.com\/-\/de\/Jed-McKenna\/e\/B001JS057A\/ref=dp_byline_cont_book_1\">Jed McKenna<\/a><br>This book is a candid exploration of the spiritual path. Through a fictionalised character, McKenna challenges spiritual misconceptions, emphasising the necessity of brutal self-honesty, the dismantling of illusions, and the courage to embrace the unknown on the quest for enlightenment.<\/p>\n\n\n\n<p><a href=\"https:\/\/www.orellfuessli.ch\/shop\/home\/artikeldetails\/A1001626726\" data-type=\"link\" data-id=\"https:\/\/www.orellfuessli.ch\/shop\/home\/artikeldetails\/A1001626726\" target=\"_blank\" rel=\"noreferrer noopener\"><strong>Conversations with God<\/strong><\/a> by Neale Donald Walsch<br>Neale Donald Walsch was experiencing the lowest point of his life &#8211; from a devastating fire to the collapse of his marriage &#8211; when he decided to write a letter to God to vent his frustrations. What he did not expect was a response: as he finished his letter, he was moved to continue writing, and out came extraordinary answers to his questions. These answers &#8211; covering all aspects of human existence, from happiness to money, to faith &#8211; helped Walsch to change himself and his life for better, and the way he viewed other beings.<\/p>\n\n\n\n<p class=\"has-text-align-center has-large-font-size\">Personal Development<\/p>\n\n\n\n<p><a href=\"https:\/\/www.orellfuessli.ch\/shop\/home\/suggestartikel\/A1044875061?sq=The%205%20Personality%20Patterns&amp;stype=productName\" data-type=\"link\" data-id=\"https:\/\/www.orellfuessli.ch\/shop\/home\/suggestartikel\/A1044875061?sq=The%205%20Personality%20Patterns&amp;stype=productName\" target=\"_blank\" rel=\"noreferrer noopener\"><strong>The 5 Personality Patterns<\/strong><\/a> by Stephen<br>Your Guide to Understanding Yourself and Others and Developing Emotional Maturity. Understanding people this way is like having x-ray vision! This bestselling book marks a major advance in the psychology of personality. Suddenly, you can see what&#8217;s going on inside people: you can see what motivates and matters to them and how to&nbsp;<em>influence<\/em>&nbsp;and communicate with them successfully. Finally, you have a simple, clear, true-to-life map of personality that gives you the key to understanding people and interacting with them successfully.<\/p>\n\n\n\n<p><a href=\"https:\/\/www.orellfuessli.ch\/shop\/home\/artikeldetails\/A1063465618\" data-type=\"link\" data-id=\"https:\/\/www.orellfuessli.ch\/shop\/home\/artikeldetails\/A1063465618\" target=\"_blank\" rel=\"noreferrer noopener\"><strong>Conscious Feelings<\/strong><\/a> by Clinton Callahan<br>Living Life Closer to Your Own Truth.<\/p>\n\n\n\n<p class=\"has-text-align-center has-large-font-size\">Community-Building<\/p>\n\n\n\n<p><strong><a href=\"https:\/\/www.orellfuessli.ch\/shop\/home\/suggestartikel\/A1056999526?sq=Active%20Hope%20(Revised)&amp;stype=productName\" data-type=\"link\" data-id=\"https:\/\/www.orellfuessli.ch\/shop\/home\/suggestartikel\/A1056999526?sq=Active%20Hope%20(Revised)&amp;stype=productName\" target=\"_blank\" rel=\"noreferrer noopener\">Active Hope<\/a><\/strong> by Joanna Macy<br>How to Face the Mess We&#8217;re in with Unexpected Resilience and Creative Power. Practical tools for coping with despair over climate change and environmental crisis from a legendary ecophilosopher and a sustainability activist.<\/p>","protected":false},"excerpt":{"rendered":"<p>Sexuality The Erotic Mind by Jack MorinUnlocking the Inner Sources of Passion and Fulfilment. Challenging accepted theories about what makes for terrific sex, The Erotic Mind is a breakthrough exploration of the least understood dimensions of human sexuality \u2014 the psychology of desire, arousal, and fulfilment. Nationally known sex therapist\u00a0Dr.\u00a0Jack Morin offers a bold new [&hellip;]<\/p>\n","protected":false},"author":1,"featured_media":0,"parent":0,"menu_order":0,"comment_status":"closed","ping_status":"closed","template":"","meta":{"footnotes":""},"class_list":["post-2897","page","type-page","status-publish","hentry"],"_links":{"self":[{"href":"https:\/\/intuitivewisdom.ch\/de\/wp-json\/wp\/v2\/pages\/2897","targetHints":{"allow":["GET"]}}],"collection":[{"href":"https:\/\/intuitivewisdom.ch\/de\/wp-json\/wp\/v2\/pages"}],"about":[{"href":"https:\/\/intuitivewisdom.ch\/de\/wp-json\/wp\/v2\/types\/page"}],"author":[{"embeddable":true,"href":"https:\/\/intuitivewisdom.ch\/de\/wp-json\/wp\/v2\/users\/1"}],"replies":[{"embeddable":true,"href":"https:\/\/intuitivewisdom.ch\/de\/wp-json\/wp\/v2\/comments?post=2897"}],"version-history":[{"count":12,"href":"https:\/\/intuitivewisdom.ch\/de\/wp-json\/wp\/v2\/pages\/2897\/revisions"}],"predecessor-version":[{"id":2992,"href":"https:\/\/intuitivewisdom.ch\/de\/wp-json\/wp\/v2\/pages\/2897\/revisions\/2992"}],"wp:attachment":[{"href":"https:\/\/intuitivewisdom.ch\/de\/wp-json\/wp\/v2\/media?parent=2897"}],"curies":[{"name":"wp","href":"https:\/\/api.w.org\/{rel}","templated":true}]}}