{"id":2775,"date":"2024-04-20T06:22:49","date_gmt":"2024-04-20T06:22:49","guid":{"rendered":"https:\/\/intuitivewisdom.ch\/?page_id=2775"},"modified":"2025-05-29T13:09:04","modified_gmt":"2025-05-29T13:09:04","slug":"de-armouring-the-self-into-the-dark-series","status":"publish","type":"page","link":"https:\/\/intuitivewisdom.ch\/de\/de-armouring-the-self-into-the-dark-series\/","title":{"rendered":"Ent-Panzere dein Selbst | INTO THE DARK Series"},"content":{"rendered":"<figure class=\"wp-block-image size-large\"><img loading=\"lazy\" decoding=\"async\" width=\"1024\" height=\"273\" src=\"https:\/\/intuitivewisdom.ch\/wp-content\/uploads\/2024\/06\/Google-Forms-25-1024x273.jpg\" alt=\"\" class=\"wp-image-2938\" srcset=\"https:\/\/intuitivewisdom.ch\/wp-content\/uploads\/2024\/06\/Google-Forms-25-1024x273.jpg 1024w, https:\/\/intuitivewisdom.ch\/wp-content\/uploads\/2024\/06\/Google-Forms-25-300x80.jpg 300w, https:\/\/intuitivewisdom.ch\/wp-content\/uploads\/2024\/06\/Google-Forms-25-768x205.jpg 768w, https:\/\/intuitivewisdom.ch\/wp-content\/uploads\/2024\/06\/Google-Forms-25-18x5.jpg 18w, https:\/\/intuitivewisdom.ch\/wp-content\/uploads\/2024\/06\/Google-Forms-25.jpg 1500w\" sizes=\"auto, (max-width: 1024px) 100vw, 1024px\" \/><\/figure>\n\n\n\n<div class=\"wp-block-columns is-layout-flex wp-container-core-columns-is-layout-9d6595d7 wp-block-columns-is-layout-flex\">\n<div class=\"wp-block-column is-layout-flow wp-block-column-is-layout-flow\" style=\"flex-basis:33.33%\">\n<p><strong>Ent-Panzere dein Selbst<br><\/strong>7 Dienstag Abende<br>18.30-22 h Z\u00fcrich,<br>620 CHF<br> 6 participants<br>Mit: <a href=\"https:\/\/intuitivewisdom.ch\/de\/michele-brand\/\" data-type=\"page\" data-id=\"103\" target=\"_blank\" rel=\"noreferrer noopener\">Mich\u00e8le<\/a><br><\/p>\n<\/div>\n\n\n\n<div class=\"wp-block-column is-layout-flow wp-block-column-is-layout-flow\" style=\"flex-basis:66.66%\">\n<p>In den verschiedenen Phasen unserer Kindheit reagierten wir unterschiedlich auf eine feindliche Umgebung, unerf\u00fcllte Bed\u00fcrfnisse, mangelndes Einf\u00fchlungsverm\u00f6gen unserer prim\u00e4ren Bezugspersonen und traumatische Erlebnisse. Diese Reaktionen formten eine Charakterstruktur, K\u00f6rperpanzerung und ein Glaubenssystem, welches bis heute verankert ist und das grundlegende Verst\u00e4ndnis daf\u00fcr darstellt, wie wir unser Leben erleben, mit unserer Umgebung in Kontakt treten und unsere Beziehungen (er-)leben.<\/p>\n<\/div>\n<\/div>\n\n\n\n<p class=\"has-text-align-center\"><strong>Next Journey: Sept\/Oct &#8217;25<br>2. Sept<\/strong>, 9. Sept, 16. Sept, 23. Sept, 30. Sept, 7. Oct, 14. Oct<br><a href=\"https:\/\/forms.gle\/T2k7hei8HVjZHmBa9\" data-type=\"link\" data-id=\"https:\/\/forms.gle\/T2k7hei8HVjZHmBa9\" target=\"_blank\" rel=\"noreferrer noopener\">Anmeldeformular<\/a><a href=\"https:\/\/forms.gle\/o2Bujmcw6mPuHsUr6\" data-type=\"link\" data-id=\"https:\/\/forms.gle\/o2Bujmcw6mPuHsUr6\" target=\"_blank\" rel=\"noreferrer noopener\"> English<\/a> &#8211; Anmeldeformular Deutsch<\/p>\n\n\n\n<p class=\"has-text-align-left\">Diese Kurs-Serie \u00fcber 7 Abende zielt darauf ab, die 5 verschiedenen K\u00f6rperpanzerungen (ein von Wilhelm Reich entwickeltes System) kennenzulernen, die wir alle im Laufe unserer Kindheit anlegen. Einige dieser 5 sind individuell st\u00e4rker in uns vorhanden als andere. Aber wir alle haben einige Aspekte dieser K\u00f6rperpanzerungen in unserem System installiert. Wir werden uns der verschiedenen Strukturen bewusster, wie diese in uns pers\u00f6nlich auftreten k\u00f6nnen und wie sie unsere Beziehungen und Begegnungsstile bis heute beeinflussen.<\/p>\n\n\n\n<p>Wir sp\u00fcren die unerf\u00fcllten Bed\u00fcrfnisse, die sich unter diesen Panzerungen verbergen. Gemeinsam in der Gruppe erfahren wir Sicherheit und laden diese verk\u00f6rperten Panzerungen ein, sich langsam zu \u00f6ffnen und zu zeigen.<\/p>\n\n\n\n<p>Beim Prozess der Entpanzerung lernen wir einige Schichten ungef\u00fchlter Emotionen neu kennen und f\u00fchlen diese gemeinsam durch, in einer Umgebung liebevollen Zusammenseins.<\/p>\n\n\n\n<div class=\"wp-block-columns is-layout-flex wp-container-core-columns-is-layout-9d6595d7 wp-block-columns-is-layout-flex\">\n<div class=\"wp-block-column is-layout-flow wp-block-column-is-layout-flow\" style=\"flex-basis:66.66%\">\n<p>Durch diese <a href=\"https:\/\/intuitivewisdom.ch\/de\/into-the-dark\/\" data-type=\"link\" data-id=\"https:\/\/intuitivewisdom.ch\/into-the-dark\/\">INTO THE DARK<\/a> Reise,<br>\u2026 gewinnst du ein tieferes Gef\u00fchl deines verk\u00f6rperten Selbst zur\u00fcck<br>\u2026 verk\u00f6rperst du Bed\u00fcrfnisse und zwischenmenschliche Grenzen, zu denen du bist jetzt noch keinen Kontakt hattest<br>\u2026 bist du greifbarer und erreichbarer f\u00fcr dein Umfeld, deine Freunde und deine Lieben<br>... erh\u00e4ltst du besseren Zugang zu deiner Lebenskraft, Freude und Intuition<br>\u2026 geniesst dein Leben und deine Lebensfreude auf einer tieferen Ebene.<br>&#8230; enjoy life and pleasure on a deeper level.<\/p>\n<\/div>\n\n\n\n<div class=\"wp-block-column is-layout-flow wp-block-column-is-layout-flow\" style=\"flex-basis:33.33%\">\n<figure class=\"wp-block-image size-large is-resized\"><img loading=\"lazy\" decoding=\"async\" width=\"2202\" height=\"2202\" src=\"https:\/\/intuitivewisdom.ch\/wp-content\/uploads\/2025\/05\/IMG_0205-edited.jpeg\" alt=\"\" class=\"wp-image-4254\" style=\"width:206px;height:auto\" srcset=\"https:\/\/intuitivewisdom.ch\/wp-content\/uploads\/2025\/05\/IMG_0205-edited.jpeg 2202w, https:\/\/intuitivewisdom.ch\/wp-content\/uploads\/2025\/05\/IMG_0205-edited-300x300.jpeg 300w, https:\/\/intuitivewisdom.ch\/wp-content\/uploads\/2025\/05\/IMG_0205-edited-1024x1024.jpeg 1024w, https:\/\/intuitivewisdom.ch\/wp-content\/uploads\/2025\/05\/IMG_0205-edited-150x150.jpeg 150w, https:\/\/intuitivewisdom.ch\/wp-content\/uploads\/2025\/05\/IMG_0205-edited-768x768.jpeg 768w, https:\/\/intuitivewisdom.ch\/wp-content\/uploads\/2025\/05\/IMG_0205-edited-1536x1536.jpeg 1536w, https:\/\/intuitivewisdom.ch\/wp-content\/uploads\/2025\/05\/IMG_0205-edited-2048x2048.jpeg 2048w, https:\/\/intuitivewisdom.ch\/wp-content\/uploads\/2025\/05\/IMG_0205-edited-12x12.jpeg 12w\" sizes=\"auto, (max-width: 2202px) 100vw, 2202px\" \/><figcaption class=\"wp-element-caption\"><a href=\"https:\/\/intuitivewisdom.ch\/de\/michele-brand\/\" data-type=\"page\" data-id=\"103\">Mich\u00e8le<\/a><br>Moderation<\/figcaption><\/figure>\n<\/div>\n<\/div>\n\n\n\n<figure class=\"wp-block-image size-large\"><img loading=\"lazy\" decoding=\"async\" width=\"1024\" height=\"410\" src=\"https:\/\/intuitivewisdom.ch\/wp-content\/uploads\/2024\/04\/Untitled-design-3-1024x410.jpg\" alt=\"\" class=\"wp-image-2732\" srcset=\"https:\/\/intuitivewisdom.ch\/wp-content\/uploads\/2024\/04\/Untitled-design-3-1024x410.jpg 1024w, https:\/\/intuitivewisdom.ch\/wp-content\/uploads\/2024\/04\/Untitled-design-3-300x120.jpg 300w, https:\/\/intuitivewisdom.ch\/wp-content\/uploads\/2024\/04\/Untitled-design-3-768x307.jpg 768w, https:\/\/intuitivewisdom.ch\/wp-content\/uploads\/2024\/04\/Untitled-design-3-1536x614.jpg 1536w, https:\/\/intuitivewisdom.ch\/wp-content\/uploads\/2024\/04\/Untitled-design-3-18x7.jpg 18w, https:\/\/intuitivewisdom.ch\/wp-content\/uploads\/2024\/04\/Untitled-design-3.jpg 2000w\" sizes=\"auto, (max-width: 1024px) 100vw, 1024px\" \/><figcaption class=\"wp-element-caption\">Abwesend | Bed\u00fcrftig | Ausdauernd | Angreifer \/ Manipulator | Starr \/ Perfektionist<\/figcaption><\/figure>\n\n\n\n<div class=\"wp-block-buttons is-content-justification-center is-layout-flex wp-container-core-buttons-is-layout-16018d1d wp-block-buttons-is-layout-flex\">\n<div class=\"wp-block-button\"><a class=\"wp-block-button__link wp-element-button\" href=\"https:\/\/forms.gle\/T2k7hei8HVjZHmBa9\" target=\"_blank\" rel=\"noreferrer noopener\">REGISTRATIONFORM<\/a><\/div>\n<\/div>\n\n\n\n<hr class=\"wp-block-separator has-alpha-channel-opacity\"\/>\n\n\n\n<div class=\"wp-block-columns is-layout-flex wp-container-core-columns-is-layout-9d6595d7 wp-block-columns-is-layout-flex\">\n<div class=\"wp-block-column is-layout-flow wp-block-column-is-layout-flow\" style=\"flex-basis:33.33%\">\n<p><strong>1. Abend \u2013 \u00dcberblick<\/strong><\/p>\n<\/div>\n\n\n\n<div class=\"wp-block-column is-layout-flow wp-block-column-is-layout-flow\" style=\"flex-basis:66.66%\">\n<p><em>\u00dcberblick \u00fcber die Panzertypen<br>\u2013 Die Basics vom Ent-Panzerungsprozess<br>\u2013 Deine Bed\u00fcrfnisse und deine Heilung wieder herstellen<\/em><\/p>\n<\/div>\n<\/div>\n\n\n\n<div class=\"wp-block-columns is-layout-flex wp-container-core-columns-is-layout-9d6595d7 wp-block-columns-is-layout-flex\">\n<div class=\"wp-block-column is-layout-flow wp-block-column-is-layout-flow\" style=\"flex-basis:33.33%\">\n<p><strong>2. Abend \u2013 'Abwesend'<br><\/strong>Panzerungsphase: Empf\u00e4ngnis, Geburt und erste sechs Monate<\/p>\n\n\n\n<figure class=\"wp-block-image size-large\"><img loading=\"lazy\" decoding=\"async\" width=\"576\" height=\"1024\" src=\"https:\/\/intuitivewisdom.ch\/wp-content\/uploads\/2024\/04\/11-576x1024.jpg\" alt=\"\" class=\"wp-image-2797\" srcset=\"https:\/\/intuitivewisdom.ch\/wp-content\/uploads\/2024\/04\/11-576x1024.jpg 576w, https:\/\/intuitivewisdom.ch\/wp-content\/uploads\/2024\/04\/11-169x300.jpg 169w, https:\/\/intuitivewisdom.ch\/wp-content\/uploads\/2024\/04\/11-768x1365.jpg 768w, https:\/\/intuitivewisdom.ch\/wp-content\/uploads\/2024\/04\/11-864x1536.jpg 864w, https:\/\/intuitivewisdom.ch\/wp-content\/uploads\/2024\/04\/11-7x12.jpg 7w, https:\/\/intuitivewisdom.ch\/wp-content\/uploads\/2024\/04\/11.jpg 1080w\" sizes=\"auto, (max-width: 576px) 100vw, 576px\" \/><\/figure>\n<\/div>\n\n\n\n<div class=\"wp-block-column is-layout-flow wp-block-column-is-layout-flow\" style=\"flex-basis:66.66%\">\n<p><em><strong>Von keiner Erdung ...<\/strong> dem Gef\u00fchl, nicht erw\u00fcnscht oder nicht willkommen und in unsere Familie, Gemeinschaft und in diese Welt oder Existenz aufgenommen zu sein \u2026 der Trennung von unserem K\u00f6rper und ein Leben in unseren Gedanken oder irgendwo 'weit weg' \u2026<\/em><\/p>\n\n\n\n<p><em><strong>Zum Sein \/Existieren ...<\/strong> sich willkommen und als Teil der Welt f\u00fchlen \u2026 sich sicher und da f\u00fchlen \u2026 unsere Grenzen gegen\u00fcber anderen wahrnehmen \u2026 die Ablehnung heilen, die wir gegen\u00fcber dem Existierenden empfinden \u2026 sicher leben<\/em>.<\/p>\n<\/div>\n<\/div>\n\n\n\n<div class=\"wp-block-columns is-layout-flex wp-container-core-columns-is-layout-9d6595d7 wp-block-columns-is-layout-flex\">\n<div class=\"wp-block-column is-layout-flow wp-block-column-is-layout-flow\" style=\"flex-basis:33.33%\">\n<p><strong>3. Abend \u2013 'Bed\u00fcrftig'<br><\/strong>Panzerungsphase: von der Geburt bis zum Alter von ca. 2.5 Jahren<br><\/p>\n\n\n\n<figure class=\"wp-block-image size-large\"><img loading=\"lazy\" decoding=\"async\" width=\"576\" height=\"1024\" src=\"https:\/\/intuitivewisdom.ch\/wp-content\/uploads\/2024\/04\/12-576x1024.jpg\" alt=\"\" class=\"wp-image-2798\" srcset=\"https:\/\/intuitivewisdom.ch\/wp-content\/uploads\/2024\/04\/12-576x1024.jpg 576w, https:\/\/intuitivewisdom.ch\/wp-content\/uploads\/2024\/04\/12-169x300.jpg 169w, https:\/\/intuitivewisdom.ch\/wp-content\/uploads\/2024\/04\/12-768x1365.jpg 768w, https:\/\/intuitivewisdom.ch\/wp-content\/uploads\/2024\/04\/12-864x1536.jpg 864w, https:\/\/intuitivewisdom.ch\/wp-content\/uploads\/2024\/04\/12-7x12.jpg 7w, https:\/\/intuitivewisdom.ch\/wp-content\/uploads\/2024\/04\/12.jpg 1080w\" sizes=\"auto, (max-width: 576px) 100vw, 576px\" \/><\/figure>\n<\/div>\n\n\n\n<div class=\"wp-block-column is-layout-flow wp-block-column-is-layout-flow\" style=\"flex-basis:66.66%\">\n<p><em><strong>Von keiner 'Autonomie' \u2026<\/strong> das Gef\u00fchl, dass unsere emotionalen und k\u00f6rperlichen Grundbed\u00fcrfnisse* nicht erf\u00fcllt werden \u2026 einer st\u00e4ndigen inneren Suche nach N\u00e4he, Kontakt und dem Wunsch nach Verschmelzung \u2026 Verlassenheit und Gier \u2026 (*Nahrung, Ber\u00fchrung, Kleidung, Pr\u00e4senz, Liebe, Mutterpr\u00e4senz) <\/em><\/p>\n\n\n\n<p><em><strong>Zum Gen\u00e4hrt Sein \/ Erf\u00fcllt Sein<\/strong> uns genug und geliebt f\u00fchlen \u2026 unsere Bed\u00fcrfnisse selber wahrnehmen und verbalisieren \u2026 unsere gegenseitige Abh\u00e4ngigkeit und Sucht heilen \u2026 auf eigenen Beinen stehen.<\/em><\/p>\n<\/div>\n<\/div>\n\n\n\n<div class=\"wp-block-columns is-layout-flex wp-container-core-columns-is-layout-9d6595d7 wp-block-columns-is-layout-flex\">\n<div class=\"wp-block-column is-layout-flow wp-block-column-is-layout-flow\" style=\"flex-basis:33.33%\">\n<p><strong>4. Abend \u2013 'Ausdauernd'<br><\/strong>Panzerungsphase: im Alter von ca. 1.5 bis 3 Jahren<\/p>\n\n\n\n<figure class=\"wp-block-image size-large\"><img loading=\"lazy\" decoding=\"async\" width=\"576\" height=\"1024\" src=\"https:\/\/intuitivewisdom.ch\/wp-content\/uploads\/2024\/04\/13-576x1024.jpg\" alt=\"\" class=\"wp-image-2799\" srcset=\"https:\/\/intuitivewisdom.ch\/wp-content\/uploads\/2024\/04\/13-576x1024.jpg 576w, https:\/\/intuitivewisdom.ch\/wp-content\/uploads\/2024\/04\/13-169x300.jpg 169w, https:\/\/intuitivewisdom.ch\/wp-content\/uploads\/2024\/04\/13-768x1365.jpg 768w, https:\/\/intuitivewisdom.ch\/wp-content\/uploads\/2024\/04\/13-864x1536.jpg 864w, https:\/\/intuitivewisdom.ch\/wp-content\/uploads\/2024\/04\/13-7x12.jpg 7w, https:\/\/intuitivewisdom.ch\/wp-content\/uploads\/2024\/04\/13.jpg 1080w\" sizes=\"auto, (max-width: 576px) 100vw, 576px\" \/><\/figure>\n<\/div>\n\n\n\n<div class=\"wp-block-column is-layout-flow wp-block-column-is-layout-flow\" style=\"flex-basis:66.66%\">\n<p><em><strong>Von keiner eigenen Identit\u00e4t ...<\/strong> dem Gef\u00fchl, es aufgegeben zu haben, unseren einzigartiges Sein auszudr\u00fccken und f\u00fcr unseren Selbstausdruck einzustehen \u2026 ein st\u00e4ndiges inneres Gef\u00fchl oder die Angst, bel\u00e4stigt, kontrolliert, unterdr\u00fcckt oder gedem\u00fctigt zu werden \u2026 die Ablehnung unserer eigenen Natur und Menschlichkeit \u2026 den Verlust unserer Selbstbestimmung und Eigenst\u00e4ndigkeit, w\u00e4hrend wir uns durch Mauern abschotteten und der Au\u00dfenwelt ein f\u00e4lschlicherweise gl\u00fcckliches, gutes, gef\u00fcgiges, f\u00fcgsames und angenehmes Bild vermittelten \u2026 Selbstabwertung, Selbstzerst\u00f6rung, Selbstqu\u00e4lerei oder Selbsterniedrigung \u2026 Energiemangel, hilflose Unbeweglichkeit und passiv-aggressives Verhalten zu Mitmenschen durch Unt\u00e4tigkeit, Zusp\u00e4tkommen, Vergessen, Nichtantworten \u2026 Misstrauen \u2026 Widerstand gegen Ver\u00e4nderungen \u2026 negative Freude am eigenen Feststecken, Selbstsabotage \u2026<\/em> <\/p>\n\n\n\n<p><em><strong>Zum freien F\u00fchlen und freiem Selbstausdruck \u2026<\/strong> den Ausdruck unseres einzigartigen Seins frei ausleben \u2026 uns viel Raum, Zeit und Selbsterlaubnis nehmen, um all unsere Gef\u00fchle sicher und selbstbewusst auszudr\u00fccken \u2026 das Bed\u00fcrfnis und die Grenzen einer sicheren, nicht wertenden und nicht aufdringlichen Umgebung anerkennen \u2026 unsere Erfahrungen der Dem\u00fctigung und des st\u00e4ndigen Verlierens heilen \u2026 frei sein, ich selbst sein \u2026 als Gleichberechtigte im eigenen 'Raum' dastehen.<\/em><\/p>\n<\/div>\n<\/div>\n\n\n\n<div class=\"wp-block-columns is-layout-flex wp-container-core-columns-is-layout-9d6595d7 wp-block-columns-is-layout-flex\">\n<div class=\"wp-block-column is-layout-flow wp-block-column-is-layout-flow\" style=\"flex-basis:33.33%\">\n<p><strong>5. Abend \u2013 \u2018Angreifend\u2019<br><\/strong>Panzerungsphase: ca. 2.5 bis 4 Jahre<\/p>\n\n\n\n<figure class=\"wp-block-image size-large\"><img loading=\"lazy\" decoding=\"async\" width=\"576\" height=\"1024\" src=\"https:\/\/intuitivewisdom.ch\/wp-content\/uploads\/2024\/04\/14-576x1024.jpg\" alt=\"\" class=\"wp-image-2800\" srcset=\"https:\/\/intuitivewisdom.ch\/wp-content\/uploads\/2024\/04\/14-576x1024.jpg 576w, https:\/\/intuitivewisdom.ch\/wp-content\/uploads\/2024\/04\/14-169x300.jpg 169w, https:\/\/intuitivewisdom.ch\/wp-content\/uploads\/2024\/04\/14-768x1365.jpg 768w, https:\/\/intuitivewisdom.ch\/wp-content\/uploads\/2024\/04\/14-864x1536.jpg 864w, https:\/\/intuitivewisdom.ch\/wp-content\/uploads\/2024\/04\/14-7x12.jpg 7w, https:\/\/intuitivewisdom.ch\/wp-content\/uploads\/2024\/04\/14.jpg 1080w\" sizes=\"auto, (max-width: 576px) 100vw, 576px\" \/><\/figure>\n<\/div>\n\n\n\n<div class=\"wp-block-column is-layout-flow wp-block-column-is-layout-flow\" style=\"flex-basis:66.66%\">\n<p><em><strong>Von keiner sicheren Unterst\u00fctzung \/ Ermutigung ...<\/strong> dem Gef\u00fchl oder der Angst, beurteilt, herabgesetzt oder 'zu viel' zu sein \u2026 eine st\u00e4ndig empfundene innere oder \u00e4u\u00dfere Erwartung, in allen Aspekten und Dimensionen des Lebens einer idealisierten, grandiosen oder perfekten Version gerecht werden zu m\u00fcssen \u2026 uns mit den Werten, die in der Kindheit verlangt wurden, 'aufplustern, indem wir sch\u00f6n, sexy, attraktiv oder sportlich, begabt, intelligent, intellektuell sind \u2026 falsches Selbst \u2026 chaotische innere Belastung durch mangelnde Selbstakzeptanz ... keine sichere Beziehung zu einer stabilen prim\u00e4ren Bezugsperson, die ihre idealisierten Erwartungen an uns, aus eigenem geringem Selbstwertgef\u00fchl und der Selbstzweifel \u2026 die Macht aus\u00fcbend, manipulativ, kontrollierend und freiz\u00fcgig mit L\u00fcgen und der Wahrheit umzugehen \u2026 prim\u00e4r uns gegen\u00fcber anderen zu st\u00e4rken, um uns sicher zu f\u00fchlen \u2026 Fokus auf Leistung \u2026 flie\u00dfende, cham\u00e4leonartige Pers\u00f6nlichkeit, die sich der Umgebung und den Ereignissen anpasst, um sich durch Vorteile eigene Sicherheit zu verschaffen \u2026 st\u00e4ndiger Wechsel zwischen innerem Machtgef\u00fchl und Grandiosit\u00e4t zu Minderwert und Wertlosigkeit \u2026 Aufgeben der eigenen Werte und Authentizit\u00e4t, um zu \u00fcberleben \u2026 wird egoistisch und \u00fcberheblich \u2026 vertraut niemandem \u2026 t\u00f6tet die eigenen schmerzhaften Gef\u00fchle ab, um mit dem zugrunde liegenden Mangel an Selbstwertgef\u00fchl fertig zu werden \u2026<\/em><\/p>\n\n\n\n<p><em><strong>Zu Anderen Vertrauen ...<\/strong> sich einer wettbewerbsfreien Beziehung zu anderen hingeben \u2026 unsere Grenzen gegen\u00fcber anderen einhalten: 'Ich werde nicht zur idealisierten perfekten Version dessen, was Du in Dir selbst nicht erreichen kannst' \u2026 die empfundene Wunde von Verrat gegen\u00fcber unseren fr\u00fcheren prim\u00e4ren Bezugspersonen heilen \u2026 die Vollkommenheit des unvollkommenen Menschseins akzeptieren und feiern \u2026 F\u00fchrung und geteilte Macht erleben.<\/em> <\/p>\n<\/div>\n<\/div>\n\n\n\n<div class=\"wp-block-columns is-layout-flex wp-container-core-columns-is-layout-9d6595d7 wp-block-columns-is-layout-flex\">\n<div class=\"wp-block-column is-layout-flow wp-block-column-is-layout-flow\" style=\"flex-basis:33.33%\">\n<p><strong>6th Evening \u2013 \u2018Starr\u2019<br><\/strong>Panzerungsphase: ca. 3.5 bis 5 Jahre<\/p>\n\n\n\n<figure class=\"wp-block-image size-large\"><img loading=\"lazy\" decoding=\"async\" width=\"576\" height=\"1024\" src=\"https:\/\/intuitivewisdom.ch\/wp-content\/uploads\/2024\/04\/15-576x1024.jpg\" alt=\"\" class=\"wp-image-2802\" srcset=\"https:\/\/intuitivewisdom.ch\/wp-content\/uploads\/2024\/04\/15-576x1024.jpg 576w, https:\/\/intuitivewisdom.ch\/wp-content\/uploads\/2024\/04\/15-169x300.jpg 169w, https:\/\/intuitivewisdom.ch\/wp-content\/uploads\/2024\/04\/15-768x1365.jpg 768w, https:\/\/intuitivewisdom.ch\/wp-content\/uploads\/2024\/04\/15-864x1536.jpg 864w, https:\/\/intuitivewisdom.ch\/wp-content\/uploads\/2024\/04\/15-7x12.jpg 7w, https:\/\/intuitivewisdom.ch\/wp-content\/uploads\/2024\/04\/15.jpg 1080w\" sizes=\"auto, (max-width: 576px) 100vw, 576px\" \/><\/figure>\n<\/div>\n\n\n\n<div class=\"wp-block-column is-layout-flow wp-block-column-is-layout-flow\" style=\"flex-basis:66.66%\">\n<p><em><strong>Von der Ablehnung der eigenen Sexualit\u00e4t und Liebe \u2026<\/strong> dem Gef\u00fchl, dass unsere nat\u00fcrlichen, instinktiven und unschuldigen Impulse, uns zu anderen hingezogen zu f\u00fchlen, abgetan, ausgenutzt, bestraft, manipuliert, besch\u00e4mt oder mit Kontaktabbruch bestraft werden \u2026 wir haben gelernt, unsere unsicheren, offenen sexuellen Gef\u00fchle und Impulse zu kontrollieren, sie zu verleugnen und in unser Unterbewusstsein zu verbannen \u2026 wir kompensieren dies, indem wir unseren prim\u00e4ren Bezugspersonen gefallen, die unsere authentische Herangehensweise abgelehnt haben \u2026 wir gefallen durch totale Selbstbeherrschung und zwanghafte Perfektion, um alles zu erreichen, was uns Lob, Liebe und positive Aufmerksamkeit bringt \u2026 oder wir kompensieren die Aufmerksamkeit durch \u00dcberdramatisierung und hysterischen Gef\u00fchlsausdruck, um uns davon abzuhalten, die wahren, zugrunde liegenden Gef\u00fchle zu f\u00fchlen \u2026 wir zeigen Harmonie, Ordnung, Perfektion, Anmut, Athletik, Attraktivit\u00e4t, Symmetrie, angemessene Handlungen \u2026 Stolz und eine tiefe, nicht offenbarte innere Haltung der \u00dcberlegenheit gegen\u00fcber anderen \u2026 innerer Kampf mit uns selbst und nicht offenbarte st\u00e4ndige Konkurrenz gegen\u00fcber anderen \u2026 wir schaffen Konkurrenz zwischen unseren Liebhabern und Liebsten und unserer inneren Beziehung zu unseren prim\u00e4ren Bezugspersonen in der Kindheit (z.B. Liebhaber\/in muss sich gegen\u00fcber Mutter\/Vater behaupten) \u2026 <\/em><\/p>\n\n\n\n<p><em><strong>Zu einem freien Ausleben unserer Liebe und Sexualit\u00e4t \u2026<\/strong> unsere unschuldigen W\u00fcnsche und Impulse sp\u00fcren, die aus unserem offenen Herzen kommen und mit unserer Sexualit\u00e4t verbunden sind \u2026 den Unterschied zwischen unserer Liebe und Sexualit\u00e4t und der Liebe und Sexualit\u00e4t eines anderen sp\u00fcren \u2026 unsere Grenzen gegen\u00fcber anderen kennen, welche den Ausdruck von Liebe und sexuellen Impulsen nicht akzeptieren k\u00f6nnen und missbrauchen oder manipulieren \u2026 die Wunden heilen, die durch sexuelle Verleugnung und Zur\u00fcckweisung einer Herzensverbindung entstehen \u2026 Lernen, unser authentisches Selbst und unsere authentischen Gef\u00fchle in unvollkommener Vollkommenheit zu leben \u2026 echte Lebendigkeit leben.<\/em><\/p>\n<\/div>\n<\/div>\n\n\n\n<div class=\"wp-block-columns is-layout-flex wp-container-core-columns-is-layout-9d6595d7 wp-block-columns-is-layout-flex\">\n<div class=\"wp-block-column is-layout-flow wp-block-column-is-layout-flow\" style=\"flex-basis:33.33%\">\n<p><strong>7. Abend \u2013 'Das Tiefe Selbst'<\/strong><\/p>\n\n\n\n<figure class=\"wp-block-image size-large\"><img loading=\"lazy\" decoding=\"async\" width=\"576\" height=\"1024\" src=\"https:\/\/intuitivewisdom.ch\/wp-content\/uploads\/2024\/04\/Storys-576x1024.jpg\" alt=\"\" class=\"wp-image-2803\" srcset=\"https:\/\/intuitivewisdom.ch\/wp-content\/uploads\/2024\/04\/Storys-576x1024.jpg 576w, https:\/\/intuitivewisdom.ch\/wp-content\/uploads\/2024\/04\/Storys-169x300.jpg 169w, https:\/\/intuitivewisdom.ch\/wp-content\/uploads\/2024\/04\/Storys-768x1365.jpg 768w, https:\/\/intuitivewisdom.ch\/wp-content\/uploads\/2024\/04\/Storys-864x1536.jpg 864w, https:\/\/intuitivewisdom.ch\/wp-content\/uploads\/2024\/04\/Storys-7x12.jpg 7w, https:\/\/intuitivewisdom.ch\/wp-content\/uploads\/2024\/04\/Storys.jpg 1080w\" sizes=\"auto, (max-width: 576px) 100vw, 576px\" \/><\/figure>\n<\/div>\n\n\n\n<div class=\"wp-block-column is-layout-flow wp-block-column-is-layout-flow\" style=\"flex-basis:66.66%\">\n<p><em><strong>diese gesamte verk\u00f6rperte Forschungsreise in deinen Alltag \u2026<\/strong> the whole embodied research journey into everyday life &#8230;<\/em><\/p>\n\n\n\n<p><em>Wie lerne ich mich selbst kennen? Wie kann ich mir meiner selbst, meiner Muster und deren zugrunde liegenden Impulse bewusster werden?<\/em><\/p>\n\n\n\n<p><em>Wie kann ich meine Heilung kreativ kreieren und einladen? Was brauche ich wirklich, statt das zu tun, was meine unbewussten Muster, Pr\u00e4gungen und Strukturen durch die Vermeidung vergangener Verletzungen erreichen wollen?<\/em><\/p>\n\n\n\n<p><em>Wie erlebe ich mein Leben? Wenn ich mich \u2026<br>... SICHER, GEN\u00c4HRT, FREI AUSDR\u00dcCKEND, UNTERST\u00dcTZT UND LEBENDIG ... f\u00fchle.<\/em><\/p>\n<\/div>\n<\/div>\n\n\n\n<hr class=\"wp-block-separator has-alpha-channel-opacity\"\/>\n\n\n\n<div class=\"wp-block-buttons is-content-justification-center is-layout-flex wp-container-core-buttons-is-layout-16018d1d wp-block-buttons-is-layout-flex\">\n<div class=\"wp-block-button\"><a class=\"wp-block-button__link wp-element-button\" href=\"https:\/\/forms.gle\/T2k7hei8HVjZHmBa9\" target=\"_blank\" rel=\"noreferrer noopener\">REGISTRATIONFORM<\/a><\/div>\n<\/div>","protected":false},"excerpt":{"rendered":"<p>De-Armouring the Self7 Tuesday evenings6.30-10 pm Zurich,620 CHF 6 participantsHost: Mich\u00e8le Throughout the different phases of our childhood we reacted differently to a hostile environment, any unmet needs, unattunement of our primary caretakers and trauma. Those reactions did form a character structure, body posture and belief system that is still installed until today and makes [&hellip;]<\/p>\n","protected":false},"author":1,"featured_media":0,"parent":0,"menu_order":0,"comment_status":"closed","ping_status":"closed","template":"","meta":{"footnotes":""},"class_list":["post-2775","page","type-page","status-publish","hentry"],"_links":{"self":[{"href":"https:\/\/intuitivewisdom.ch\/de\/wp-json\/wp\/v2\/pages\/2775","targetHints":{"allow":["GET"]}}],"collection":[{"href":"https:\/\/intuitivewisdom.ch\/de\/wp-json\/wp\/v2\/pages"}],"about":[{"href":"https:\/\/intuitivewisdom.ch\/de\/wp-json\/wp\/v2\/types\/page"}],"author":[{"embeddable":true,"href":"https:\/\/intuitivewisdom.ch\/de\/wp-json\/wp\/v2\/users\/1"}],"replies":[{"embeddable":true,"href":"https:\/\/intuitivewisdom.ch\/de\/wp-json\/wp\/v2\/comments?post=2775"}],"version-history":[{"count":27,"href":"https:\/\/intuitivewisdom.ch\/de\/wp-json\/wp\/v2\/pages\/2775\/revisions"}],"predecessor-version":[{"id":4256,"href":"https:\/\/intuitivewisdom.ch\/de\/wp-json\/wp\/v2\/pages\/2775\/revisions\/4256"}],"wp:attachment":[{"href":"https:\/\/intuitivewisdom.ch\/de\/wp-json\/wp\/v2\/media?parent=2775"}],"curies":[{"name":"wp","href":"https:\/\/api.w.org\/{rel}","templated":true}]}}