{"id":2449,"date":"2024-01-30T08:57:23","date_gmt":"2024-01-30T08:57:23","guid":{"rendered":"https:\/\/intuitivewisdom.ch\/?page_id=2449"},"modified":"2024-06-23T09:57:20","modified_gmt":"2024-06-23T09:57:20","slug":"walk-in-healing","status":"publish","type":"page","link":"https:\/\/intuitivewisdom.ch\/de\/walk-in-healing\/","title":{"rendered":"WALK IN HEALING"},"content":{"rendered":"<p class=\"has-text-align-center\">Montag Nachmittags, 17.00 bis 21.00 Uhr<br>Heilraum: Marchwartstrasse 30, Z\u00dcRICH<br>Die n\u00e4chsten Daten werden hier bekannt gegeben: <a href=\"https:\/\/t.me\/+XCjSNH808Xc0ZTRk\" data-type=\"link\" data-id=\"https:\/\/t.me\/+XCjSNH808Xc0ZTRk\">Walk In Healing Telegram<\/a><br>Der Raum ist f\u00fcr dich ge\u00f6ffnet, du kannst jederzeit eintreten.<\/p>\n\n\n\n<figure class=\"wp-block-image size-large\"><img loading=\"lazy\" decoding=\"async\" width=\"1024\" height=\"273\" src=\"https:\/\/intuitivewisdom.ch\/wp-content\/uploads\/2024\/01\/Google-Forms-14-1024x273.jpg\" alt=\"\" class=\"wp-image-2458\" srcset=\"https:\/\/intuitivewisdom.ch\/wp-content\/uploads\/2024\/01\/Google-Forms-14-1024x273.jpg 1024w, https:\/\/intuitivewisdom.ch\/wp-content\/uploads\/2024\/01\/Google-Forms-14-300x80.jpg 300w, https:\/\/intuitivewisdom.ch\/wp-content\/uploads\/2024\/01\/Google-Forms-14-768x205.jpg 768w, https:\/\/intuitivewisdom.ch\/wp-content\/uploads\/2024\/01\/Google-Forms-14-18x5.jpg 18w, https:\/\/intuitivewisdom.ch\/wp-content\/uploads\/2024\/01\/Google-Forms-14.jpg 1500w\" sizes=\"auto, (max-width: 1024px) 100vw, 1024px\" \/><\/figure>\n\n\n\n<p class=\"has-text-align-center has-large-font-size\">DU BIST<\/p>\n\n\n\n<p class=\"has-text-align-center\">&#8230; an einem Ort, wo du in dir Stillstand sp\u00fcrst, sei es auf deinem spirituellen Weg oder in deiner eigenen pers\u00f6nlichen Entwicklung.<br>Da sind Wiederst\u00e4nde, Blockierungen und Glaubenss\u00e4tze, die immer noch zu viel Macht \u00fcber dich haben. Du in dir auch deine dunklen, schwierigen Seiten sp\u00fcrst und gerade deswegen umgehst du diese und stehst dir somit selber im Weg.<\/p>\n\n\n\n<p class=\"has-text-align-center has-large-font-size\">DU H\u00d6RST<\/p>\n\n\n\n<p class=\"has-text-align-center\">&#8230; in der Ferne den Ruf deines Sinns des Lebens, sp\u00fcrst was du in deinem Leben machen, gestalten und erf\u00fcllen m\u00f6chtest, nur ist dir der Weg dorthin unbekannt, ja vielleicht sogar gef\u00e4hrlich.<\/p>\n\n\n\n<p class=\"has-text-align-center\">Getraust du dich Spirituell und Verbunden zu sein mit allem?<br>Du sp\u00fcrst dich, f\u00fchlst deine Impulse, und&nbsp; doch finden sie ihre Wege nicht in die Welt?<\/p>\n\n\n\n<hr class=\"wp-block-separator has-alpha-channel-opacity\"\/>\n\n\n\n<p class=\"has-text-align-center has-large-font-size\">WAS HIER PASSIERT<\/p>\n\n\n\n<p class=\"has-text-align-center\">Wir h\u00f6ren einander im Kreis zu und geben Raum f\u00fcr deine Worte. Wir gehen mit deinen W\u00fcnschen und \u00c4ngsten, nehmen sie auf und suchen mit dir Wege der Integration, Transformation und Heilung. Wir lassen zusammen R\u00e4ume entstehen f\u00fcr dein Forschen und Entwickeln deines Seins und deiner Lebensgestaltung.<\/p>\n\n\n\n<p class=\"has-text-align-center\">Sei es das eintauchen in deine dunklen, versteckten und verdr\u00e4ngten Seiten in dir, wo du Begleitung w\u00fcnschst. Sei es um dir die Erlaubnis zu geben, auch deine hellen Seiten in dir zu besuchen und sie in die Welt zu ent-wickeln. Sei es, um endlich deine Emotionen oder deiner Leere zu begegnen, damit ihr euch kennen lernt und darin Umgang miteinander findet.<\/p>\n\n\n\n<p class=\"has-text-align-center\">Du bist auch eingeladen im Kreis mit uns zu sein um anderen nur durch dein Sein als Zeugen ihrer Entwicklung zu dienen. Und mit deiner Pr\u00e4senz alleine die Prozesse zu unterst\u00fctzen. So gewinnt der Kreis an Kraft und Energie. So sind einzelne nicht mehr allein.<\/p>\n\n\n\n<p class=\"has-text-align-center\">So geschieht Entwicklung und Heilung.<\/p>\n\n\n\n<hr class=\"wp-block-separator has-alpha-channel-opacity\"\/>\n\n\n\n<p class=\"has-text-align-center has-large-font-size\">WIR SIND<\/p>\n\n\n\n<div class=\"wp-block-columns is-layout-flex wp-container-core-columns-is-layout-9d6595d7 wp-block-columns-is-layout-flex\">\n<div class=\"wp-block-column is-layout-flow wp-block-column-is-layout-flow\" style=\"flex-basis:33.33%\">\n<figure class=\"wp-block-image size-large\"><img loading=\"lazy\" decoding=\"async\" width=\"1024\" height=\"1024\" src=\"https:\/\/intuitivewisdom.ch\/wp-content\/uploads\/2024\/01\/Heads-2-1024x1024.jpg\" alt=\"\" class=\"wp-image-2452\" srcset=\"https:\/\/intuitivewisdom.ch\/wp-content\/uploads\/2024\/01\/Heads-2-1024x1024.jpg 1024w, https:\/\/intuitivewisdom.ch\/wp-content\/uploads\/2024\/01\/Heads-2-300x300.jpg 300w, https:\/\/intuitivewisdom.ch\/wp-content\/uploads\/2024\/01\/Heads-2-150x150.jpg 150w, https:\/\/intuitivewisdom.ch\/wp-content\/uploads\/2024\/01\/Heads-2-768x768.jpg 768w, https:\/\/intuitivewisdom.ch\/wp-content\/uploads\/2024\/01\/Heads-2-12x12.jpg 12w, https:\/\/intuitivewisdom.ch\/wp-content\/uploads\/2024\/01\/Heads-2.jpg 1080w\" sizes=\"auto, (max-width: 1024px) 100vw, 1024px\" \/><\/figure>\n<\/div>\n\n\n\n<div class=\"wp-block-column is-layout-flow wp-block-column-is-layout-flow\" style=\"flex-basis:66.66%\">\n<p><a href=\"https:\/\/www.rogerspiess.ch\/%C3%BCber-mich\" data-type=\"link\" data-id=\"https:\/\/www.rogerspiess.ch\/%C3%BCber-mich\" target=\"_blank\" rel=\"noreferrer noopener\">Roger.<\/a> Schamanismus, Traumpfade, Sterbebegleitung, Trauma Arbeit  bei Dr. Carlo Zumstein. Sexualtherapie und Sexualp\u00e4dagogik am ISP Z\u00fcrich bei Ester Sch\u00fctz. Samma Karuna Tantra in Goa und Koh Phangan. Slow Sex Puja bei Diana Richardson. Tantra, Pers\u00f6nlichkeitsentwicklung, Paar-Training, angewandte Trauma- und K\u00f6rperarbeit am Shima Institut bei Daniele Kirchmair-Neuses. Wata (Water Healing) bei Arjana Brunschwiler. International Rainbow Gatherings.<\/p>\n<\/div>\n<\/div>\n\n\n\n<div class=\"wp-block-columns is-layout-flex wp-container-core-columns-is-layout-9d6595d7 wp-block-columns-is-layout-flex\">\n<div class=\"wp-block-column is-layout-flow wp-block-column-is-layout-flow\" style=\"flex-basis:66.66%\">\n<p><a href=\"http:\/\/intuitivewisdom.ch\/de\/michele-brand\/\" data-type=\"link\" data-id=\"intuitivewisdom.ch\/michele-brand\/\" target=\"_blank\" rel=\"noreferrer noopener\">Mich\u00e8le.<\/a> Facilitator Training bei Rachel Rickards. ThetaHealing bei Vianna Stibal. Sexual, schamanic, spiritual experience and initiation am ISTA. Div. Tantramassage Seminare. Freie Liebe und Sexualit\u00e4t in Tamera, Protugal. Integratives Traumatraining, Systemische Aufstellungsarbeit bei Johannes B. Schmidt. Feldenkrais K\u00f6rperarbeit bei Angelica Feldmann. Gemeinschaftsbildung im Gaia Education bei Jashana, Sonia-Vera, Elisabeth im Glarisegg.<\/p>\n<\/div>\n\n\n\n<div class=\"wp-block-column is-layout-flow wp-block-column-is-layout-flow\" style=\"flex-basis:33.33%\">\n<figure class=\"wp-block-image size-large\"><img loading=\"lazy\" decoding=\"async\" width=\"1024\" height=\"1024\" src=\"https:\/\/intuitivewisdom.ch\/wp-content\/uploads\/2023\/12\/Heads-4-1024x1024.png\" alt=\"\" class=\"wp-image-2265\" srcset=\"https:\/\/intuitivewisdom.ch\/wp-content\/uploads\/2023\/12\/Heads-4-1024x1024.png 1024w, https:\/\/intuitivewisdom.ch\/wp-content\/uploads\/2023\/12\/Heads-4-300x300.png 300w, https:\/\/intuitivewisdom.ch\/wp-content\/uploads\/2023\/12\/Heads-4-150x150.png 150w, https:\/\/intuitivewisdom.ch\/wp-content\/uploads\/2023\/12\/Heads-4-768x768.png 768w, https:\/\/intuitivewisdom.ch\/wp-content\/uploads\/2023\/12\/Heads-4-12x12.png 12w, https:\/\/intuitivewisdom.ch\/wp-content\/uploads\/2023\/12\/Heads-4.png 1080w\" sizes=\"auto, (max-width: 1024px) 100vw, 1024px\" \/><\/figure>\n<\/div>\n<\/div>\n\n\n\n<hr class=\"wp-block-separator has-alpha-channel-opacity\"\/>\n\n\n\n<p class=\"has-text-align-center has-large-font-size\">ENERGIEAUSGLEICH<\/p>\n\n\n\n<p class=\"has-text-align-center\">Es gibt einen Magicpot:<br>du gibst, was du kannst oder m\u00f6chtest.<br>Essen zum Teilen ist immer willkommen.<br>Komm mit deinem Sein und Wirken.<\/p>\n\n\n\n<p class=\"has-text-align-center\">FRAGEN<\/p>\n\n\n\n<p class=\"has-text-align-center\">Bitte kontaktiere uns:<br><a href=\"https:\/\/t.me\/+XCjSNH808Xc0ZTRk\" data-type=\"link\" data-id=\"https:\/\/t.me\/+XCjSNH808Xc0ZTRk\">Walk In Healing Telegram<\/a><\/p>\n\n\n\n<figure class=\"wp-block-image size-large\"><img loading=\"lazy\" decoding=\"async\" width=\"1024\" height=\"273\" src=\"https:\/\/intuitivewisdom.ch\/wp-content\/uploads\/2024\/01\/Google-Forms-15-1024x273.jpg\" alt=\"\" class=\"wp-image-2460\" srcset=\"https:\/\/intuitivewisdom.ch\/wp-content\/uploads\/2024\/01\/Google-Forms-15-1024x273.jpg 1024w, https:\/\/intuitivewisdom.ch\/wp-content\/uploads\/2024\/01\/Google-Forms-15-300x80.jpg 300w, https:\/\/intuitivewisdom.ch\/wp-content\/uploads\/2024\/01\/Google-Forms-15-768x205.jpg 768w, https:\/\/intuitivewisdom.ch\/wp-content\/uploads\/2024\/01\/Google-Forms-15-18x5.jpg 18w, https:\/\/intuitivewisdom.ch\/wp-content\/uploads\/2024\/01\/Google-Forms-15.jpg 1500w\" sizes=\"auto, (max-width: 1024px) 100vw, 1024px\" \/><\/figure>","protected":false},"excerpt":{"rendered":"<p>Montag Nachmittags, 17.00 bis 21.00 UhrHeilraum: Marchwartstrasse 30, Z\u00dcRICHDie n\u00e4chsten Daten werden hier bekannt gegeben: Walk In Healing TelegramDer Raum ist f\u00fcr dich ge\u00f6ffnet, du kannst jederzeit eintreten. DU BIST &#8230; an einem Ort, wo du in dir Stillstand sp\u00fcrst, sei es auf deinem spirituellen Weg oder in deiner eigenen pers\u00f6nlichen Entwicklung.Da sind Wiederst\u00e4nde, Blockierungen [&hellip;]<\/p>\n","protected":false},"author":1,"featured_media":0,"parent":0,"menu_order":0,"comment_status":"closed","ping_status":"closed","template":"","meta":{"footnotes":""},"class_list":["post-2449","page","type-page","status-publish","hentry"],"_links":{"self":[{"href":"https:\/\/intuitivewisdom.ch\/de\/wp-json\/wp\/v2\/pages\/2449","targetHints":{"allow":["GET"]}}],"collection":[{"href":"https:\/\/intuitivewisdom.ch\/de\/wp-json\/wp\/v2\/pages"}],"about":[{"href":"https:\/\/intuitivewisdom.ch\/de\/wp-json\/wp\/v2\/types\/page"}],"author":[{"embeddable":true,"href":"https:\/\/intuitivewisdom.ch\/de\/wp-json\/wp\/v2\/users\/1"}],"replies":[{"embeddable":true,"href":"https:\/\/intuitivewisdom.ch\/de\/wp-json\/wp\/v2\/comments?post=2449"}],"version-history":[{"count":8,"href":"https:\/\/intuitivewisdom.ch\/de\/wp-json\/wp\/v2\/pages\/2449\/revisions"}],"predecessor-version":[{"id":2941,"href":"https:\/\/intuitivewisdom.ch\/de\/wp-json\/wp\/v2\/pages\/2449\/revisions\/2941"}],"wp:attachment":[{"href":"https:\/\/intuitivewisdom.ch\/de\/wp-json\/wp\/v2\/media?parent=2449"}],"curies":[{"name":"wp","href":"https:\/\/api.w.org\/{rel}","templated":true}]}}