{"id":2080,"date":"2023-11-10T20:12:50","date_gmt":"2023-11-10T20:12:50","guid":{"rendered":"https:\/\/intuitivewisdom.ch\/?page_id=2080"},"modified":"2023-11-10T20:13:03","modified_gmt":"2023-11-10T20:13:03","slug":"allgemeine-geschaftsbedingungen-conscious-sexwork","status":"publish","type":"page","link":"https:\/\/intuitivewisdom.ch\/de\/allgemeine-geschaftsbedingungen-conscious-sexwork\/","title":{"rendered":"Allgemeine Gesch\u00e4ftsbedingungen  |  Conscious Sexwork, Mich\u00e8le Brand"},"content":{"rendered":"<p>Geltungsbereich<\/p>\n\n\n\n<p>Die AGB\u2019s umfassen s\u00e4mtliche Einzelsitzungen bei Mich\u00e8le Brand.<\/p>\n\n\n\n<p>Allgemeines<\/p>\n\n\n\n<p>Sobald die Buchung einer Dienstleistung best\u00e4tigt wurde, gelten die Allgemeinen Gesch\u00e4ftsbedingungen als rechtsverbindlich und der Klient\/ die Klientin erkl\u00e4ren sich mit diesen somit einverstanden.<\/p>\n\n\n\n<p>Bezahlung der Dienstleistung<\/p>\n\n\n\n<p>Die erste Sitzung, die gebucht wird, muss bis 7 Tage vor dem Termin vollumf\u00e4nglich \u00fcberwiesen werden. Die Rechnung wird mit der Best\u00e4tigung vonseiten von Mich\u00e8le Brand mitgeschickt. Erfolgt die Terminbuchung kurzfristig, so wird die \u00dcberweisung so rasch wie m\u00f6glich \u2013 auf jeden Fall vor dem Termin \u2013 get\u00e4tigt.<\/p>\n\n\n\n<p>Ab der zweiten Sitzung wird die Rechnung im Nachgang der Sitzung per Mail versendet. Eine Barzahlung vor Ort ist ab der zweiten Sitzung m\u00f6glich.<\/p>\n\n\n\n<p>Haftungsausschluss<\/p>\n\n\n\n<p>Alle Klienten\/ Klientinnen tragen die volle Selbstverantwortung f\u00fcr ihr Handeln. Es liegt bei ihnen zu entscheiden, welche Art von Einzelsitzungen Sie besuchen und wie Sie mit Ihren Erlebnissen umgehen. S\u00e4mtliche Versicherungen (Krankheit, Unfall, Haftpflicht, Annullation) sind Sache der Teilnehmerinnen. Jegliche Haftungsanspr\u00fcche gegen Mich\u00e8le Brand sind ausgeschlossen.<\/p>\n\n\n\n<p>Es werden von seitens von Mich\u00e8le Brand keinerlei Heilungsversprechen abgegeben und auch keine Haftung f\u00fcr die Ergebnisse allf\u00e4lliger Behandlungen sowie f\u00fcr Hinweise und Ratschl\u00e4ge, die TeilnehmerInnen w\u00e4hrend einer Sitzung erhalten, \u00fcbernommen.<\/p>\n\n\n\n<p>Annulation<\/p>\n\n\n\n<p>Kostenfreie Stornierung&nbsp;der Sitzungen ist&nbsp;bis 48h im Voraus m\u00f6glich.<\/p>\n\n\n\n<p>Annulationen werden ausschliesslich schriftlich akzeptiert<br>(Mail: michele.brand@hotmail.com)<\/p>\n\n\n\n<p>Bei sp\u00e4teren Annullierungen wird die reservierte Session vollumf\u00e4nglich verrechnet (auch bei Krankheit oder Unfall).<\/p>","protected":false},"excerpt":{"rendered":"<p>Geltungsbereich Die AGB\u2019s umfassen s\u00e4mtliche Einzelsitzungen bei Mich\u00e8le Brand. Allgemeines Sobald die Buchung einer Dienstleistung best\u00e4tigt wurde, gelten die Allgemeinen Gesch\u00e4ftsbedingungen als rechtsverbindlich und der Klient\/ die Klientin erkl\u00e4ren sich mit diesen somit einverstanden. Bezahlung der Dienstleistung Die erste Sitzung, die gebucht wird, muss bis 7 Tage vor dem Termin vollumf\u00e4nglich \u00fcberwiesen werden. Die Rechnung [&hellip;]<\/p>\n","protected":false},"author":1,"featured_media":0,"parent":0,"menu_order":0,"comment_status":"closed","ping_status":"closed","template":"","meta":{"footnotes":""},"class_list":["post-2080","page","type-page","status-publish","hentry"],"_links":{"self":[{"href":"https:\/\/intuitivewisdom.ch\/de\/wp-json\/wp\/v2\/pages\/2080","targetHints":{"allow":["GET"]}}],"collection":[{"href":"https:\/\/intuitivewisdom.ch\/de\/wp-json\/wp\/v2\/pages"}],"about":[{"href":"https:\/\/intuitivewisdom.ch\/de\/wp-json\/wp\/v2\/types\/page"}],"author":[{"embeddable":true,"href":"https:\/\/intuitivewisdom.ch\/de\/wp-json\/wp\/v2\/users\/1"}],"replies":[{"embeddable":true,"href":"https:\/\/intuitivewisdom.ch\/de\/wp-json\/wp\/v2\/comments?post=2080"}],"version-history":[{"count":2,"href":"https:\/\/intuitivewisdom.ch\/de\/wp-json\/wp\/v2\/pages\/2080\/revisions"}],"predecessor-version":[{"id":2082,"href":"https:\/\/intuitivewisdom.ch\/de\/wp-json\/wp\/v2\/pages\/2080\/revisions\/2082"}],"wp:attachment":[{"href":"https:\/\/intuitivewisdom.ch\/de\/wp-json\/wp\/v2\/media?parent=2080"}],"curies":[{"name":"wp","href":"https:\/\/api.w.org\/{rel}","templated":true}]}}