{"id":1895,"date":"2023-10-08T07:31:33","date_gmt":"2023-10-08T07:31:33","guid":{"rendered":"https:\/\/intuitivewisdom.ch\/?page_id=1895"},"modified":"2025-06-08T04:57:25","modified_gmt":"2025-06-08T04:57:25","slug":"conscious-sexwork","status":"publish","type":"page","link":"https:\/\/intuitivewisdom.ch\/de\/conscious-sexwork\/","title":{"rendered":"CONSCIOUS SEXWORK"},"content":{"rendered":"<p class=\"has-text-align-center\">Sexualit\u00e4t ist fliessende Lebenskraft,<br>verk\u00f6rperter Selbstausdruck<br>und lebendige Liebe.<\/p>\n\n\n\n<figure class=\"wp-block-image size-large\"><img loading=\"lazy\" decoding=\"async\" width=\"1024\" height=\"830\" src=\"https:\/\/intuitivewisdom.ch\/wp-content\/uploads\/2024\/11\/IMG_0235-1024x830.jpeg\" alt=\"\" class=\"wp-image-3447\" srcset=\"https:\/\/intuitivewisdom.ch\/wp-content\/uploads\/2024\/11\/IMG_0235-1024x830.jpeg 1024w, https:\/\/intuitivewisdom.ch\/wp-content\/uploads\/2024\/11\/IMG_0235-300x243.jpeg 300w, https:\/\/intuitivewisdom.ch\/wp-content\/uploads\/2024\/11\/IMG_0235-768x622.jpeg 768w, https:\/\/intuitivewisdom.ch\/wp-content\/uploads\/2024\/11\/IMG_0235-1536x1245.jpeg 1536w, https:\/\/intuitivewisdom.ch\/wp-content\/uploads\/2024\/11\/IMG_0235-2048x1660.jpeg 2048w, https:\/\/intuitivewisdom.ch\/wp-content\/uploads\/2024\/11\/IMG_0235-15x12.jpeg 15w\" sizes=\"auto, (max-width: 1024px) 100vw, 1024px\" \/><\/figure>\n\n\n\n<p class=\"has-text-align-center\"><a href=\"https:\/\/intuitivewisdom.ch\/de\/michele-brand\/\" data-type=\"link\" data-id=\"https:\/\/intuitivewisdom.ch\/michele-brand\/\" target=\"_blank\" rel=\"noreferrer noopener\">Mich\u00e8le Brand<\/a><br>Erotic Arts | Love in the Here and Now | Embodied Sexuality<br><strong>Z\u00fcrich &#8211; Switzerland<\/strong><\/p>\n\n\n\n<ul class=\"wp-block-social-links is-content-justification-center is-layout-flex wp-container-core-social-links-is-layout-16018d1d wp-block-social-links-is-layout-flex\"><li class=\"wp-social-link wp-social-link-facebook  wp-block-social-link\"><a href=\"https:\/\/www.facebook.com\/profile.php?id=61573484594013\" class=\"wp-block-social-link-anchor\"><svg width=\"24\" height=\"24\" viewbox=\"0 0 24 24\" version=\"1.1\" xmlns=\"http:\/\/www.w3.org\/2000\/svg\" aria-hidden=\"true\" focusable=\"false\"><path d=\"M12 2C6.5 2 2 6.5 2 12c0 5 3.7 9.1 8.4 9.9v-7H7.9V12h2.5V9.8c0-2.5 1.5-3.9 3.8-3.9 1.1 0 2.2.2 2.2.2v2.5h-1.3c-1.2 0-1.6.8-1.6 1.6V12h2.8l-.4 2.9h-2.3v7C18.3 21.1 22 17 22 12c0-5.5-4.5-10-10-10z\"><\/path><\/svg><span class=\"wp-block-social-link-label screen-reader-text\">Facebook<\/span><\/a><\/li>\n\n<li class=\"wp-social-link wp-social-link-instagram  wp-block-social-link\"><a href=\"https:\/\/www.instagram.com\/michele.brand.31\/profilecard\/?igsh=enJkdzA2cDFnZTho\" class=\"wp-block-social-link-anchor\"><svg width=\"24\" height=\"24\" viewbox=\"0 0 24 24\" version=\"1.1\" xmlns=\"http:\/\/www.w3.org\/2000\/svg\" aria-hidden=\"true\" focusable=\"false\"><path d=\"M12,4.622c2.403,0,2.688,0.009,3.637,0.052c0.877,0.04,1.354,0.187,1.671,0.31c0.42,0.163,0.72,0.358,1.035,0.673 c0.315,0.315,0.51,0.615,0.673,1.035c0.123,0.317,0.27,0.794,0.31,1.671c0.043,0.949,0.052,1.234,0.052,3.637 s-0.009,2.688-0.052,3.637c-0.04,0.877-0.187,1.354-0.31,1.671c-0.163,0.42-0.358,0.72-0.673,1.035 c-0.315,0.315-0.615,0.51-1.035,0.673c-0.317,0.123-0.794,0.27-1.671,0.31c-0.949,0.043-1.233,0.052-3.637,0.052 s-2.688-0.009-3.637-0.052c-0.877-0.04-1.354-0.187-1.671-0.31c-0.42-0.163-0.72-0.358-1.035-0.673 c-0.315-0.315-0.51-0.615-0.673-1.035c-0.123-0.317-0.27-0.794-0.31-1.671C4.631,14.688,4.622,14.403,4.622,12 s0.009-2.688,0.052-3.637c0.04-0.877,0.187-1.354,0.31-1.671c0.163-0.42,0.358-0.72,0.673-1.035 c0.315-0.315,0.615-0.51,1.035-0.673c0.317-0.123,0.794-0.27,1.671-0.31C9.312,4.631,9.597,4.622,12,4.622 M12,3 C9.556,3,9.249,3.01,8.289,3.054C7.331,3.098,6.677,3.25,6.105,3.472C5.513,3.702,5.011,4.01,4.511,4.511 c-0.5,0.5-0.808,1.002-1.038,1.594C3.25,6.677,3.098,7.331,3.054,8.289C3.01,9.249,3,9.556,3,12c0,2.444,0.01,2.751,0.054,3.711 c0.044,0.958,0.196,1.612,0.418,2.185c0.23,0.592,0.538,1.094,1.038,1.594c0.5,0.5,1.002,0.808,1.594,1.038 c0.572,0.222,1.227,0.375,2.185,0.418C9.249,20.99,9.556,21,12,21s2.751-0.01,3.711-0.054c0.958-0.044,1.612-0.196,2.185-0.418 c0.592-0.23,1.094-0.538,1.594-1.038c0.5-0.5,0.808-1.002,1.038-1.594c0.222-0.572,0.375-1.227,0.418-2.185 C20.99,14.751,21,14.444,21,12s-0.01-2.751-0.054-3.711c-0.044-0.958-0.196-1.612-0.418-2.185c-0.23-0.592-0.538-1.094-1.038-1.594 c-0.5-0.5-1.002-0.808-1.594-1.038c-0.572-0.222-1.227-0.375-2.185-0.418C14.751,3.01,14.444,3,12,3L12,3z M12,7.378 c-2.552,0-4.622,2.069-4.622,4.622S9.448,16.622,12,16.622s4.622-2.069,4.622-4.622S14.552,7.378,12,7.378z M12,15 c-1.657,0-3-1.343-3-3s1.343-3,3-3s3,1.343,3,3S13.657,15,12,15z M16.804,6.116c-0.596,0-1.08,0.484-1.08,1.08 s0.484,1.08,1.08,1.08c0.596,0,1.08-0.484,1.08-1.08S17.401,6.116,16.804,6.116z\"><\/path><\/svg><span class=\"wp-block-social-link-label screen-reader-text\">Instagram<\/span><\/a><\/li>\n\n<li class=\"wp-social-link wp-social-link-wordpress  wp-block-social-link\"><a href=\"https:\/\/michele-brand.ch\/\" class=\"wp-block-social-link-anchor\"><svg width=\"24\" height=\"24\" viewbox=\"0 0 24 24\" version=\"1.1\" xmlns=\"http:\/\/www.w3.org\/2000\/svg\" aria-hidden=\"true\" focusable=\"false\"><path d=\"M12.158,12.786L9.46,20.625c0.806,0.237,1.657,0.366,2.54,0.366c1.047,0,2.051-0.181,2.986-0.51 c-0.024-0.038-0.046-0.079-0.065-0.124L12.158,12.786z M3.009,12c0,3.559,2.068,6.634,5.067,8.092L3.788,8.341 C3.289,9.459,3.009,10.696,3.009,12z M18.069,11.546c0-1.112-0.399-1.881-0.741-2.48c-0.456-0.741-0.883-1.368-0.883-2.109 c0-0.826,0.627-1.596,1.51-1.596c0.04,0,0.078,0.005,0.116,0.007C16.472,3.904,14.34,3.009,12,3.009 c-3.141,0-5.904,1.612-7.512,4.052c0.211,0.007,0.41,0.011,0.579,0.011c0.94,0,2.396-0.114,2.396-0.114 C7.947,6.93,8.004,7.642,7.52,7.699c0,0-0.487,0.057-1.029,0.085l3.274,9.739l1.968-5.901l-1.401-3.838 C9.848,7.756,9.389,7.699,9.389,7.699C8.904,7.67,8.961,6.93,9.446,6.958c0,0,1.484,0.114,2.368,0.114 c0.94,0,2.397-0.114,2.397-0.114c0.485-0.028,0.542,0.684,0.057,0.741c0,0-0.488,0.057-1.029,0.085l3.249,9.665l0.897-2.996 C17.841,13.284,18.069,12.316,18.069,11.546z M19.889,7.686c0.039,0.286,0.06,0.593,0.06,0.924c0,0.912-0.171,1.938-0.684,3.22 l-2.746,7.94c2.673-1.558,4.47-4.454,4.47-7.771C20.991,10.436,20.591,8.967,19.889,7.686z M12,22C6.486,22,2,17.514,2,12 C2,6.486,6.486,2,12,2c5.514,0,10,4.486,10,10C22,17.514,17.514,22,12,22z\"><\/path><\/svg><span class=\"wp-block-social-link-label screen-reader-text\">WordPress<\/span><\/a><\/li><\/ul>\n\n\n\n<hr class=\"wp-block-separator has-alpha-channel-opacity\"\/>\n\n\n\n<p class=\"has-text-align-center has-large-font-size\"><strong>CONSCIOUS SEXWORK<\/strong><\/p>\n\n\n\n<p class=\"has-text-align-center\">Entspannte, verbundene und selbstbestimmte Sexualit\u00e4t erleben, erforschen und in dein Leben integrieren. Meine Angebote sind exquisite Forschungs-, Erlebnis-, Heilungs-, Transformations- und Transzendenzr\u00e4ume f\u00fcr Mann, Frau, Queer und Paare. Was ist dein Anliegen?<\/p>\n\n\n\n<p class=\"has-text-align-center has-small-font-size\"><em>Judgemental about sexwork? Listen to this <a href=\"https:\/\/youtu.be\/Dvn4UEf9uug?si=TmCFskavngvSr4gf\" data-type=\"link\" data-id=\"https:\/\/youtu.be\/Dvn4UEf9uug?si=TmCFskavngvSr4gf\" target=\"_blank\" rel=\"noreferrer noopener\">TEDx Talk<\/a> or this <a href=\"https:\/\/www125746052.marlen.me\/info\/2fq55z2z13tahz2x67qezz1zzqz3\" data-type=\"link\" data-id=\"https:\/\/www125746052.marlen.me\/info\/2fq55z2z13tahz2x67qezz1zzqz3\" target=\"_blank\" rel=\"noreferrer noopener\">Lecture<\/a>.<\/em><\/p>\n\n\n\n<figure class=\"wp-block-gallery has-nested-images columns-default is-cropped wp-block-gallery-1 is-layout-flex wp-block-gallery-is-layout-flex\">\n<figure class=\"wp-block-image size-large\"><img loading=\"lazy\" decoding=\"async\" width=\"683\" height=\"1024\" data-id=\"3436\" src=\"https:\/\/intuitivewisdom.ch\/wp-content\/uploads\/2024\/11\/IMG_0188-683x1024.jpeg\" alt=\"\" class=\"wp-image-3436\" srcset=\"https:\/\/intuitivewisdom.ch\/wp-content\/uploads\/2024\/11\/IMG_0188-683x1024.jpeg 683w, https:\/\/intuitivewisdom.ch\/wp-content\/uploads\/2024\/11\/IMG_0188-200x300.jpeg 200w, https:\/\/intuitivewisdom.ch\/wp-content\/uploads\/2024\/11\/IMG_0188-768x1152.jpeg 768w, https:\/\/intuitivewisdom.ch\/wp-content\/uploads\/2024\/11\/IMG_0188-1024x1536.jpeg 1024w, https:\/\/intuitivewisdom.ch\/wp-content\/uploads\/2024\/11\/IMG_0188-1366x2048.jpeg 1366w, https:\/\/intuitivewisdom.ch\/wp-content\/uploads\/2024\/11\/IMG_0188-8x12.jpeg 8w, https:\/\/intuitivewisdom.ch\/wp-content\/uploads\/2024\/11\/IMG_0188-scaled.jpeg 1707w\" sizes=\"auto, (max-width: 683px) 100vw, 683px\" \/><\/figure>\n\n\n\n<figure class=\"wp-block-image size-large\"><img loading=\"lazy\" decoding=\"async\" width=\"683\" height=\"1024\" data-id=\"3443\" src=\"https:\/\/intuitivewisdom.ch\/wp-content\/uploads\/2024\/11\/IMG_0178-683x1024.jpeg\" alt=\"\" class=\"wp-image-3443\" srcset=\"https:\/\/intuitivewisdom.ch\/wp-content\/uploads\/2024\/11\/IMG_0178-683x1024.jpeg 683w, https:\/\/intuitivewisdom.ch\/wp-content\/uploads\/2024\/11\/IMG_0178-200x300.jpeg 200w, https:\/\/intuitivewisdom.ch\/wp-content\/uploads\/2024\/11\/IMG_0178-768x1152.jpeg 768w, https:\/\/intuitivewisdom.ch\/wp-content\/uploads\/2024\/11\/IMG_0178-1024x1536.jpeg 1024w, https:\/\/intuitivewisdom.ch\/wp-content\/uploads\/2024\/11\/IMG_0178-1366x2048.jpeg 1366w, https:\/\/intuitivewisdom.ch\/wp-content\/uploads\/2024\/11\/IMG_0178-8x12.jpeg 8w, https:\/\/intuitivewisdom.ch\/wp-content\/uploads\/2024\/11\/IMG_0178-scaled.jpeg 1707w\" sizes=\"auto, (max-width: 683px) 100vw, 683px\" \/><\/figure>\n\n\n\n<figure class=\"wp-block-image size-large\"><img loading=\"lazy\" decoding=\"async\" width=\"683\" height=\"1024\" data-id=\"3442\" src=\"https:\/\/intuitivewisdom.ch\/wp-content\/uploads\/2024\/11\/IMG_0190-683x1024.jpeg\" alt=\"\" class=\"wp-image-3442\" srcset=\"https:\/\/intuitivewisdom.ch\/wp-content\/uploads\/2024\/11\/IMG_0190-683x1024.jpeg 683w, https:\/\/intuitivewisdom.ch\/wp-content\/uploads\/2024\/11\/IMG_0190-200x300.jpeg 200w, https:\/\/intuitivewisdom.ch\/wp-content\/uploads\/2024\/11\/IMG_0190-768x1152.jpeg 768w, https:\/\/intuitivewisdom.ch\/wp-content\/uploads\/2024\/11\/IMG_0190-1024x1536.jpeg 1024w, https:\/\/intuitivewisdom.ch\/wp-content\/uploads\/2024\/11\/IMG_0190-1366x2048.jpeg 1366w, https:\/\/intuitivewisdom.ch\/wp-content\/uploads\/2024\/11\/IMG_0190-8x12.jpeg 8w, https:\/\/intuitivewisdom.ch\/wp-content\/uploads\/2024\/11\/IMG_0190-scaled.jpeg 1707w\" sizes=\"auto, (max-width: 683px) 100vw, 683px\" \/><\/figure>\n<\/figure>\n\n\n\n<hr class=\"wp-block-separator has-alpha-channel-opacity\"\/>\n\n\n\n<h1 class=\"wp-block-heading has-text-align-center has-large-font-size\"><strong>NEW &#8211; NEW &#8211; NEW<\/strong><\/h1>\n\n\n\n<p class=\"has-text-align-center\">Ich war fleissig in meiner Zeit in Koh Phangan, Thailand und habe <strong>mein Angebot etwas erweitert<\/strong>, sowie gibt es ein paar Anpassungen zu meinen Preisen. Auch habe ich eine eigene Webseite aufgebaut: <a href=\"http:\/\/michele-brand.ch\" data-type=\"link\" data-id=\"michele-brand.ch\" target=\"_blank\" rel=\"noreferrer noopener\"><strong>michele-brand.ch<\/strong><\/a>. Sie ist noch etwas wackelig, aber aus meiner Sicht schon ziemlich geniessbar \ud83d\ude42 Die neuen Preise gelten ab jetzt f\u00fcr alle neuen <a href=\"https:\/\/michele-brand.ch\/11-sessions\/\" data-type=\"link\" data-id=\"https:\/\/michele-brand.ch\/11-sessions\/\">Buchungen<\/a>.<\/p>\n\n\n\n<hr class=\"wp-block-separator has-alpha-channel-opacity\"\/>\n\n\n\n<h1 class=\"wp-block-heading has-text-align-center has-large-font-size\"><strong>Die Angebote<\/strong><\/h1>\n\n\n\n<figure class=\"wp-block-image size-full\"><img loading=\"lazy\" decoding=\"async\" width=\"1640\" height=\"924\" src=\"https:\/\/intuitivewisdom.ch\/wp-content\/uploads\/2025\/06\/Zurich-Tribe-Gathering.png\" alt=\"\" class=\"wp-image-4304\" srcset=\"https:\/\/intuitivewisdom.ch\/wp-content\/uploads\/2025\/06\/Zurich-Tribe-Gathering.png 1640w, https:\/\/intuitivewisdom.ch\/wp-content\/uploads\/2025\/06\/Zurich-Tribe-Gathering-300x169.png 300w\" sizes=\"auto, (max-width: 1640px) 100vw, 1640px\" \/><\/figure>\n\n\n\n<p class=\"has-text-align-left has-medium-font-size\">* Sessions beinhalten zus\u00e4tzlich 20-30min Vorgespr\u00e4ch + 20min Ausklang. Schaue, dass du ca. 1 Stunde mehr einplanst f\u00fcr den Aufenthalt.<\/p>\n\n\n\n<p>PREISKATEGORIEN<\/p>\n\n\n\n<p>Kat I : regelm\u00e4ssige Sessions, um an einem Anliegen vertiefter zu arbeiten \u2013 mind. 3 Sessions innerhalb 6 Monaten.<\/p>\n\n\n\n<p>Kat II : Geniessen. Wellness. Oder einmalige Prozessbegleitung.<\/p>\n\n\n\n<p>Kat III : regelm\u00e4ssige Sessions (wie RateI) f\u00fcr Menschen mit sehr eingeschr\u00e4nkten finanziellen Ressourcen \u2013&nbsp;<a href=\"https:\/\/forms.gle\/DXwUSMHo8JeJuu8Z6\" target=\"_blank\" rel=\"noreferrer noopener\">Bewerbung<\/a>&nbsp;erforderlich.<\/p>\n\n\n\n<p class=\"has-text-align-left has-medium-font-size\">Bezahlung vor Beginn der Session \u2013 Bar vor Ort oder per Twint\/E-Banking \u2013 keine Kreditkartenzahlung m\u00f6glich. Annulation ist bis 24h vor Beginn der Session m\u00f6glich, danach wird der volle Betrag f\u00e4llig.<\/p>\n\n\n\n<h1 class=\"wp-block-heading has-text-align-center has-large-font-size\"><a href=\"https:\/\/michele-brand.ch\/11-sessions\/\" data-type=\"link\" data-id=\"https:\/\/michele-brand.ch\/11-sessions\/\"><strong>Weitere Infos &amp; Buchungen<\/strong><\/a><\/h1>\n\n\n\n<div class=\"wp-block-columns is-layout-flex wp-container-core-columns-is-layout-9d6595d7 wp-block-columns-is-layout-flex\">\n<div class=\"wp-block-column is-layout-flow wp-block-column-is-layout-flow\">\n<figure class=\"wp-block-gallery has-nested-images columns-default is-cropped wp-block-gallery-2 is-layout-flex wp-block-gallery-is-layout-flex\">\n<figure class=\"wp-block-image size-large\"><img loading=\"lazy\" decoding=\"async\" width=\"683\" height=\"1024\" data-id=\"3458\" src=\"https:\/\/intuitivewisdom.ch\/wp-content\/uploads\/2024\/11\/IMG_0238-1-683x1024.jpeg\" alt=\"\" class=\"wp-image-3458\" srcset=\"https:\/\/intuitivewisdom.ch\/wp-content\/uploads\/2024\/11\/IMG_0238-1-683x1024.jpeg 683w, https:\/\/intuitivewisdom.ch\/wp-content\/uploads\/2024\/11\/IMG_0238-1-200x300.jpeg 200w, https:\/\/intuitivewisdom.ch\/wp-content\/uploads\/2024\/11\/IMG_0238-1-768x1152.jpeg 768w, https:\/\/intuitivewisdom.ch\/wp-content\/uploads\/2024\/11\/IMG_0238-1-1024x1536.jpeg 1024w, https:\/\/intuitivewisdom.ch\/wp-content\/uploads\/2024\/11\/IMG_0238-1-1366x2048.jpeg 1366w, https:\/\/intuitivewisdom.ch\/wp-content\/uploads\/2024\/11\/IMG_0238-1-8x12.jpeg 8w, https:\/\/intuitivewisdom.ch\/wp-content\/uploads\/2024\/11\/IMG_0238-1-scaled.jpeg 1707w\" sizes=\"auto, (max-width: 683px) 100vw, 683px\" \/><\/figure>\n\n\n\n<figure class=\"wp-block-image size-large\"><img loading=\"lazy\" decoding=\"async\" width=\"683\" height=\"1024\" data-id=\"3459\" src=\"https:\/\/intuitivewisdom.ch\/wp-content\/uploads\/2024\/11\/IMG_0214-683x1024.jpeg\" alt=\"\" class=\"wp-image-3459\" srcset=\"https:\/\/intuitivewisdom.ch\/wp-content\/uploads\/2024\/11\/IMG_0214-683x1024.jpeg 683w, https:\/\/intuitivewisdom.ch\/wp-content\/uploads\/2024\/11\/IMG_0214-200x300.jpeg 200w, https:\/\/intuitivewisdom.ch\/wp-content\/uploads\/2024\/11\/IMG_0214-768x1152.jpeg 768w, https:\/\/intuitivewisdom.ch\/wp-content\/uploads\/2024\/11\/IMG_0214-1024x1536.jpeg 1024w, https:\/\/intuitivewisdom.ch\/wp-content\/uploads\/2024\/11\/IMG_0214-1366x2048.jpeg 1366w, https:\/\/intuitivewisdom.ch\/wp-content\/uploads\/2024\/11\/IMG_0214-8x12.jpeg 8w, https:\/\/intuitivewisdom.ch\/wp-content\/uploads\/2024\/11\/IMG_0214-scaled.jpeg 1707w\" sizes=\"auto, (max-width: 683px) 100vw, 683px\" \/><\/figure>\n\n\n\n<figure class=\"wp-block-image size-large\"><img loading=\"lazy\" decoding=\"async\" width=\"683\" height=\"1024\" data-id=\"3460\" src=\"https:\/\/intuitivewisdom.ch\/wp-content\/uploads\/2024\/11\/IMG_0216-683x1024.jpeg\" alt=\"\" class=\"wp-image-3460\" srcset=\"https:\/\/intuitivewisdom.ch\/wp-content\/uploads\/2024\/11\/IMG_0216-683x1024.jpeg 683w, https:\/\/intuitivewisdom.ch\/wp-content\/uploads\/2024\/11\/IMG_0216-200x300.jpeg 200w, https:\/\/intuitivewisdom.ch\/wp-content\/uploads\/2024\/11\/IMG_0216-768x1152.jpeg 768w, https:\/\/intuitivewisdom.ch\/wp-content\/uploads\/2024\/11\/IMG_0216-1024x1536.jpeg 1024w, https:\/\/intuitivewisdom.ch\/wp-content\/uploads\/2024\/11\/IMG_0216-1366x2048.jpeg 1366w, https:\/\/intuitivewisdom.ch\/wp-content\/uploads\/2024\/11\/IMG_0216-8x12.jpeg 8w, https:\/\/intuitivewisdom.ch\/wp-content\/uploads\/2024\/11\/IMG_0216-scaled.jpeg 1707w\" sizes=\"auto, (max-width: 683px) 100vw, 683px\" \/><\/figure>\n<\/figure>\n<\/div>\n<\/div>\n\n\n\n<figure class=\"wp-block-image size-large\"><img loading=\"lazy\" decoding=\"async\" width=\"1024\" height=\"273\" src=\"https:\/\/intuitivewisdom.ch\/wp-content\/uploads\/2023\/10\/15-1024x273.jpg\" alt=\"\" class=\"wp-image-1955\" srcset=\"https:\/\/intuitivewisdom.ch\/wp-content\/uploads\/2023\/10\/15-1024x273.jpg 1024w, https:\/\/intuitivewisdom.ch\/wp-content\/uploads\/2023\/10\/15-300x80.jpg 300w, https:\/\/intuitivewisdom.ch\/wp-content\/uploads\/2023\/10\/15-768x205.jpg 768w, https:\/\/intuitivewisdom.ch\/wp-content\/uploads\/2023\/10\/15-18x5.jpg 18w, https:\/\/intuitivewisdom.ch\/wp-content\/uploads\/2023\/10\/15.jpg 1500w\" sizes=\"auto, (max-width: 1024px) 100vw, 1024px\" \/><\/figure>","protected":false},"excerpt":{"rendered":"<p>Sexualit\u00e4t ist fliessende Lebenskraft,verk\u00f6rperter Selbstausdruckund lebendige Liebe. Mich\u00e8le BrandErotic Arts | Love in the Here and Now | Embodied SexualityZ\u00fcrich &#8211; Switzerland CONSCIOUS SEXWORK Entspannte, verbundene und selbstbestimmte Sexualit\u00e4t erleben, erforschen und in dein Leben integrieren. Meine Angebote sind exquisite Forschungs-, Erlebnis-, Heilungs-, Transformations- und Transzendenzr\u00e4ume f\u00fcr Mann, Frau, Queer und Paare. Was ist dein [&hellip;]<\/p>\n","protected":false},"author":1,"featured_media":0,"parent":0,"menu_order":0,"comment_status":"closed","ping_status":"closed","template":"","meta":{"footnotes":""},"class_list":["post-1895","page","type-page","status-publish","hentry"],"_links":{"self":[{"href":"https:\/\/intuitivewisdom.ch\/de\/wp-json\/wp\/v2\/pages\/1895","targetHints":{"allow":["GET"]}}],"collection":[{"href":"https:\/\/intuitivewisdom.ch\/de\/wp-json\/wp\/v2\/pages"}],"about":[{"href":"https:\/\/intuitivewisdom.ch\/de\/wp-json\/wp\/v2\/types\/page"}],"author":[{"embeddable":true,"href":"https:\/\/intuitivewisdom.ch\/de\/wp-json\/wp\/v2\/users\/1"}],"replies":[{"embeddable":true,"href":"https:\/\/intuitivewisdom.ch\/de\/wp-json\/wp\/v2\/comments?post=1895"}],"version-history":[{"count":156,"href":"https:\/\/intuitivewisdom.ch\/de\/wp-json\/wp\/v2\/pages\/1895\/revisions"}],"predecessor-version":[{"id":4323,"href":"https:\/\/intuitivewisdom.ch\/de\/wp-json\/wp\/v2\/pages\/1895\/revisions\/4323"}],"wp:attachment":[{"href":"https:\/\/intuitivewisdom.ch\/de\/wp-json\/wp\/v2\/media?parent=1895"}],"curies":[{"name":"wp","href":"https:\/\/api.w.org\/{rel}","templated":true}]}}