{"id":173,"date":"2022-02-03T07:08:09","date_gmt":"2022-02-03T07:08:09","guid":{"rendered":"https:\/\/intuitivewisdom.ch\/?page_id=173"},"modified":"2026-04-11T07:37:36","modified_gmt":"2026-04-11T07:37:36","slug":"about","status":"publish","type":"page","link":"https:\/\/intuitivewisdom.ch\/de\/","title":{"rendered":"\u2026 willkommen zur F\u00f6rderung einer GESUNDEN KULTUR rund um K\u00d6RPERWELT, GEMEINSCHAFT und SEXUALIT\u00c4T \u2013 mit uns!"},"content":{"rendered":"<p class=\"has-text-align-center\"><\/p>\n\n\n\n<div class=\"wp-block-cover\"><img loading=\"lazy\" decoding=\"async\" width=\"1080\" height=\"608\" class=\"wp-block-cover__image-background wp-image-3636\" alt=\"\" src=\"https:\/\/intuitivewisdom.ch\/wp-content\/uploads\/2025\/01\/Free-space-backgrounds-pictures-desktop-edited.jpeg\" data-object-fit=\"cover\" srcset=\"https:\/\/intuitivewisdom.ch\/wp-content\/uploads\/2025\/01\/Free-space-backgrounds-pictures-desktop-edited.jpeg 1080w, https:\/\/intuitivewisdom.ch\/wp-content\/uploads\/2025\/01\/Free-space-backgrounds-pictures-desktop-edited-300x169.jpeg 300w, https:\/\/intuitivewisdom.ch\/wp-content\/uploads\/2025\/01\/Free-space-backgrounds-pictures-desktop-edited-1024x576.jpeg 1024w, https:\/\/intuitivewisdom.ch\/wp-content\/uploads\/2025\/01\/Free-space-backgrounds-pictures-desktop-edited-768x432.jpeg 768w, https:\/\/intuitivewisdom.ch\/wp-content\/uploads\/2025\/01\/Free-space-backgrounds-pictures-desktop-edited-18x10.jpeg 18w\" sizes=\"auto, (max-width: 1080px) 100vw, 1080px\" \/><span aria-hidden=\"true\" class=\"wp-block-cover__background has-background-dim\"><\/span><div class=\"wp-block-cover__inner-container is-layout-flow wp-block-cover-is-layout-flow\">\n<p class=\"has-text-align-center has-large-font-size\"><mark style=\"background-color:rgba(0, 0, 0, 0)\" class=\"has-inline-color has-white-color\">\u201aBeyond the ideas of wrong and right, there is an open field.<br>Will I meet you there?<br>I will meet you there.\u2018<br><em>Rumi<\/em><\/mark><\/p>\n<\/div><\/div>\n\n\n\n<p class=\"has-text-align-center\">ZURICH &#8211; SWITZERLAND &#8211; ELSEWHERE<\/p>\n\n\n\n<hr class=\"wp-block-separator has-alpha-channel-opacity\"\/>\n\n\n\n<div class=\"wp-block-columns is-layout-flex wp-container-core-columns-is-layout-9d6595d7 wp-block-columns-is-layout-flex\">\n<div class=\"wp-block-column is-layout-flow wp-block-column-is-layout-flow\" style=\"flex-basis:33.33%\">\n<p>NEXT EVENTS:<br><\/p>\n<\/div>\n\n\n\n<div class=\"wp-block-column is-layout-flow wp-block-column-is-layout-flow\" style=\"flex-basis:66.66%\">\n<p>\ud83d\udd25&nbsp;<strong>APRIL<\/strong><br>\u2022 15.\u201319.04. |&nbsp;<strong><a href=\"https:\/\/intuitivewisdom.ch\/de\/naked-sexuality-in-and-or-community\/\" data-type=\"page\" data-id=\"3223\">NAKED<\/a><\/strong>&nbsp;| Schloss Glarisegg (Community &amp; Sexuality)<br>\u2022 25.04. |&nbsp;<strong><a href=\"https:\/\/intuitivewisdom.ch\/de\/temple-nights\/\" data-type=\"page\" data-id=\"776\">TEMPLE NIGHT<\/a><\/strong>&nbsp;| Steffisburg (Neugier &amp; Eros)<br>\u2022 28.04. |&nbsp;<strong><a href=\"https:\/\/michele-brand.ch\/connect\/\" data-type=\"link\" data-id=\"https:\/\/michele-brand.ch\/connect\/\" target=\"_blank\" rel=\"noreferrer noopener\">CONNECT<\/a><\/strong>&nbsp;| Z\u00fcrich (Abendworkshop)<\/p>\n\n\n\n<p>\ud83c\udf3f&nbsp;<strong>MAI<\/strong><br>\u2022 09.\u201310.05. |&nbsp;<strong><a href=\"https:\/\/intuitivewisdom.ch\/de\/somatic-intimacy-lab\/\" data-type=\"page\" data-id=\"4682\">SOMATIC INTIMACY LAB<\/a><\/strong>&nbsp;| Z\u00fcrich (Modul 1: Resonate + Regulate)<\/p>\n\n\n\n<p>\ud83c\udf38&nbsp;<strong>JUNI<\/strong><br>\u2022 06.06. |&nbsp;<a href=\"https:\/\/intuitivewisdom.ch\/de\/temple-nights\/\" data-type=\"page\" data-id=\"776\"><strong>TEMPLE NIGHT<\/strong>&nbsp;<\/a>| Steffisburg (Yoniverse)<br>\u2022 08.06. |&nbsp;<strong><a href=\"https:\/\/michele-brand.ch\/pussy-liberation\/\" data-type=\"link\" data-id=\"https:\/\/michele-brand.ch\/pussy-liberation\/\" target=\"_blank\" rel=\"noreferrer noopener\">PUSSY LIBERATION<\/a><\/strong>&nbsp;| Online (Start: 12-Wochen Selfpleasure Frauen-Training)<br>\u2022 23.06. |&nbsp;<strong><a href=\"https:\/\/michele-brand.ch\/connect\/\" data-type=\"link\" data-id=\"https:\/\/michele-brand.ch\/connect\/\" target=\"_blank\" rel=\"noreferrer noopener\">CONNECT<\/a><\/strong>&nbsp;| Z\u00fcrich (Abendworkshop)<\/p>\n\n\n\n<p>\u2600\ufe0f <strong>JULI<\/strong><\/p>\n\n\n\n<p>\ud83c\udf3b\u00a0<strong>AUGUST<\/strong><br>\u2022 11.08. |\u00a0<strong><a href=\"https:\/\/michele-brand.ch\/connect\/\" data-type=\"link\" data-id=\"https:\/\/michele-brand.ch\/connect\/\" target=\"_blank\" rel=\"noreferrer noopener\">CONNECT<\/a><\/strong>\u00a0| Z\u00fcrich<\/p>\n\n\n\n<p><strong>\ud83c\udf47 SEPTEMBER<\/strong><br>\u2022 12.09. |\u00a0<a href=\"https:\/\/intuitivewisdom.ch\/de\/temple-nights\/\" data-type=\"page\" data-id=\"776\"><strong>TEMPLE NIGHT<\/strong>\u00a0<\/a>| Steffisburg (Save the Date)<br>\u2022 12.\u201313.09. |\u00a0<strong><a href=\"https:\/\/intuitivewisdom.ch\/de\/somatic-intimacy-lab\/\" data-type=\"page\" data-id=\"4682\">SOMATIC INTIMACY LAB<\/a><\/strong>\u00a0| Z\u00fcrich (Modul 2: Relate + Repair)<\/p>\n\n\n\n<p><strong>\ud83c\udf42 OKTOBER<\/strong><br>\u2022 05.10. |\u00a0<strong><a href=\"https:\/\/michele-brand.ch\/cocks-for-future\/\" data-type=\"link\" data-id=\"https:\/\/michele-brand.ch\/cocks-for-future\/\">COCKS FOR FUTURE<\/a><\/strong>\u00a0| Online (Start: 12- Wochen Selfpleasure M\u00e4nner-Training)<br>\u2022 06.10. |\u00a0<strong><a href=\"https:\/\/michele-brand.ch\/connect\/\" data-type=\"link\" data-id=\"https:\/\/michele-brand.ch\/connect\/\" target=\"_blank\" rel=\"noreferrer noopener\">CONNECT<\/a><\/strong>\u00a0| Z\u00fcrich<br>\u2022 17.10. |\u00a0<a href=\"https:\/\/intuitivewisdom.ch\/de\/temple-nights\/\" data-type=\"page\" data-id=\"776\"><strong>TEMPLE NIGHT<\/strong>\u00a0<\/a>| Steffisburg (Save the Date)<\/p>\n\n\n\n<p>\ud83c\udf44<strong>NOVEMBER<\/strong><br>\u2022 17.11. |\u00a0<a href=\"https:\/\/intuitivewisdom.ch\/de\/temple-nights\/\" data-type=\"page\" data-id=\"776\"><strong>TEMPLE NIGHT<\/strong>\u00a0<\/a>| Steffisburg (Save the Date)<\/p>\n\n\n\n<p>\u2744\ufe0f\u00a0<strong>DEZEMBER<\/strong><br>\u2022 12.12. |\u00a0<a href=\"https:\/\/intuitivewisdom.ch\/de\/temple-nights\/\" data-type=\"page\" data-id=\"776\"><strong>TEMPLE NIGHT<\/strong>\u00a0<\/a>| Steffisburg (Save the Date)<\/p>\n\n\n\n<p><strong>2027<\/strong><\/p>\n\n\n\n<p>\ud83d\udd6f\ufe0f&nbsp;<strong>JANUAR<\/strong><br>\u2022 <a href=\"https:\/\/intuitivewisdom.ch\/de\/temple-basics-training\/\" data-type=\"link\" data-id=\"https:\/\/intuitivewisdom.ch\/temple-basics-training\/\"><strong>TEMPLE BASICS TRAINING<\/strong><\/a> \u2013 N\u00e4chster Start: Jan 2027, Malix Graub\u00fcnden<\/p>\n\n\n\n<p>\u2728&nbsp;<strong>FEBRUAR<\/strong><\/p>\n\n\n\n<p>\ud83c\udf31&nbsp;<strong>M\u00c4RZ<\/strong><\/p>\n\n\n\n<p>\ud83d\udd25&nbsp;<strong>APRIL<\/strong><\/p>\n<\/div>\n<\/div>\n\n\n\n<div class=\"wp-block-buttons is-content-justification-center is-layout-flex wp-container-core-buttons-is-layout-16018d1d wp-block-buttons-is-layout-flex\">\n<div class=\"wp-block-button is-style-outline is-style-outline--1\"><a class=\"wp-block-button__link wp-element-button\" href=\"https:\/\/linktr.ee\/intuitivewisdom.ch\" target=\"_blank\" rel=\"noreferrer noopener\">Linktree &#8211; Intuitive Wisdom<\/a><\/div>\n<\/div>\n\n\n\n<hr class=\"wp-block-separator has-alpha-channel-opacity\"\/>\n\n\n\n<p class=\"has-text-align-center has-large-font-size\"><strong>T H E   C O L L E C T I V E<\/strong><\/p>\n\n\n\n<div class=\"wp-block-columns is-layout-flex wp-container-core-columns-is-layout-9d6595d7 wp-block-columns-is-layout-flex\">\n<div class=\"wp-block-column is-layout-flow wp-block-column-is-layout-flow\" style=\"flex-basis:33.33%\">\n<p>Intuitive Wisdom ist ein Kollektiv von Facilitatoren, Coaches, K\u00f6rperarbeitern, Therapeuten und Kreativen \u2013 welches <strong>K\u00f6rperbewusstsein<\/strong>, <strong>Selbstliebe<\/strong>, <strong>authentische Beziehungen<\/strong>, <strong>Gemeinschaft<\/strong>, <strong>heilige Sexualit\u00e4t<\/strong>, und <strong>Seeleninitiation<\/strong> f\u00f6rdert, \u2013 um gemeinsam eine friedlichere Welt zu schaffen \u2013 eine Welt, die tats\u00e4chlich Spass macht zu leben.<\/p>\n<\/div>\n\n\n\n<div class=\"wp-block-column is-layout-flow wp-block-column-is-layout-flow\" style=\"flex-basis:66.66%\">\n<figure class=\"wp-block-gallery has-nested-images columns-default is-cropped wp-block-gallery-2 is-layout-flex wp-block-gallery-is-layout-flex\">\n<figure class=\"wp-block-image size-large\"><a href=\"https:\/\/intuitivewisdom.ch\/de\/ruben-plattner\/\"><img loading=\"lazy\" decoding=\"async\" width=\"1024\" height=\"1024\" data-id=\"879\" src=\"https:\/\/intuitivewisdom.ch\/wp-content\/uploads\/2022\/09\/2-1024x1024.png\" alt=\"\" class=\"wp-image-879\" srcset=\"https:\/\/intuitivewisdom.ch\/wp-content\/uploads\/2022\/09\/2-1024x1024.png 1024w, https:\/\/intuitivewisdom.ch\/wp-content\/uploads\/2022\/09\/2-300x300.png 300w, https:\/\/intuitivewisdom.ch\/wp-content\/uploads\/2022\/09\/2-150x150.png 150w, https:\/\/intuitivewisdom.ch\/wp-content\/uploads\/2022\/09\/2-768x768.png 768w, https:\/\/intuitivewisdom.ch\/wp-content\/uploads\/2022\/09\/2-12x12.png 12w, https:\/\/intuitivewisdom.ch\/wp-content\/uploads\/2022\/09\/2.png 1080w\" sizes=\"auto, (max-width: 1024px) 100vw, 1024px\" \/><\/a><figcaption class=\"wp-element-caption\"><a href=\"https:\/\/intuitivewisdom.ch\/de\/ruben-plattner\/\" data-type=\"page\" data-id=\"624\">Ruben<\/a><\/figcaption><\/figure>\n\n\n\n<figure class=\"wp-block-image size-large\"><a href=\"https:\/\/michele-brand.ch\/\" target=\"_blank\" rel=\" noreferrer noopener\"><img loading=\"lazy\" decoding=\"async\" width=\"1024\" height=\"1024\" data-id=\"4049\" src=\"https:\/\/intuitivewisdom.ch\/wp-content\/uploads\/2025\/04\/Heads.zip-2-1024x1024.png\" alt=\"\" class=\"wp-image-4049\" srcset=\"https:\/\/intuitivewisdom.ch\/wp-content\/uploads\/2025\/04\/Heads.zip-2-1024x1024.png 1024w, https:\/\/intuitivewisdom.ch\/wp-content\/uploads\/2025\/04\/Heads.zip-2-300x300.png 300w, https:\/\/intuitivewisdom.ch\/wp-content\/uploads\/2025\/04\/Heads.zip-2-150x150.png 150w, https:\/\/intuitivewisdom.ch\/wp-content\/uploads\/2025\/04\/Heads.zip-2-768x768.png 768w, https:\/\/intuitivewisdom.ch\/wp-content\/uploads\/2025\/04\/Heads.zip-2-12x12.png 12w, https:\/\/intuitivewisdom.ch\/wp-content\/uploads\/2025\/04\/Heads.zip-2.png 1080w\" sizes=\"auto, (max-width: 1024px) 100vw, 1024px\" \/><\/a><figcaption class=\"wp-element-caption\"><a href=\"https:\/\/michele-brand.ch\/\" data-type=\"link\" data-id=\"https:\/\/michele-brand.ch\/\">Michele<\/a><\/figcaption><\/figure>\n\n\n\n<figure class=\"wp-block-image size-large\"><a href=\"https:\/\/intuitivewisdom.ch\/de\/paya-patricia\/\"><img loading=\"lazy\" decoding=\"async\" width=\"684\" height=\"684\" data-id=\"3335\" src=\"https:\/\/intuitivewisdom.ch\/wp-content\/uploads\/2024\/10\/paya.png\" alt=\"\" class=\"wp-image-3335\" srcset=\"https:\/\/intuitivewisdom.ch\/wp-content\/uploads\/2024\/10\/paya.png 684w, https:\/\/intuitivewisdom.ch\/wp-content\/uploads\/2024\/10\/paya-300x300.png 300w, https:\/\/intuitivewisdom.ch\/wp-content\/uploads\/2024\/10\/paya-150x150.png 150w, https:\/\/intuitivewisdom.ch\/wp-content\/uploads\/2024\/10\/paya-12x12.png 12w\" sizes=\"auto, (max-width: 684px) 100vw, 684px\" \/><\/a><figcaption class=\"wp-element-caption\"><a href=\"https:\/\/intuitivewisdom.ch\/de\/paya-patricia\/\" data-type=\"link\" data-id=\"https:\/\/intuitivewisdom.ch\/paya-patricia\/\">Paya<\/a><\/figcaption><\/figure>\n\n\n\n<figure class=\"wp-block-image size-large\"><a href=\"\/de\/rogerspiess.ch\/\"><img loading=\"lazy\" decoding=\"async\" width=\"1024\" height=\"1024\" data-id=\"4050\" src=\"https:\/\/intuitivewisdom.ch\/wp-content\/uploads\/2025\/04\/Heads.zip-3-1024x1024.png\" alt=\"\" class=\"wp-image-4050\" srcset=\"https:\/\/intuitivewisdom.ch\/wp-content\/uploads\/2025\/04\/Heads.zip-3-1024x1024.png 1024w, https:\/\/intuitivewisdom.ch\/wp-content\/uploads\/2025\/04\/Heads.zip-3-300x300.png 300w, https:\/\/intuitivewisdom.ch\/wp-content\/uploads\/2025\/04\/Heads.zip-3-150x150.png 150w, https:\/\/intuitivewisdom.ch\/wp-content\/uploads\/2025\/04\/Heads.zip-3-768x768.png 768w, https:\/\/intuitivewisdom.ch\/wp-content\/uploads\/2025\/04\/Heads.zip-3-12x12.png 12w, https:\/\/intuitivewisdom.ch\/wp-content\/uploads\/2025\/04\/Heads.zip-3.png 1080w\" sizes=\"auto, (max-width: 1024px) 100vw, 1024px\" \/><\/a><figcaption class=\"wp-element-caption\"><a href=\"http:\/\/rogerspiess.ch\" data-type=\"link\" data-id=\"rogerspiess.ch\">Roger<\/a><\/figcaption><\/figure>\n\n\n\n<figure class=\"wp-block-image size-large\"><a href=\"https:\/\/www.ondamare-tantra.ch\/ueber-mich\"><img loading=\"lazy\" decoding=\"async\" width=\"1024\" height=\"1024\" data-id=\"3296\" src=\"https:\/\/intuitivewisdom.ch\/wp-content\/uploads\/2024\/09\/Heads-5-1024x1024.jpg\" alt=\"\" class=\"wp-image-3296\" srcset=\"https:\/\/intuitivewisdom.ch\/wp-content\/uploads\/2024\/09\/Heads-5-1024x1024.jpg 1024w, https:\/\/intuitivewisdom.ch\/wp-content\/uploads\/2024\/09\/Heads-5-300x300.jpg 300w, https:\/\/intuitivewisdom.ch\/wp-content\/uploads\/2024\/09\/Heads-5-150x150.jpg 150w, https:\/\/intuitivewisdom.ch\/wp-content\/uploads\/2024\/09\/Heads-5-768x768.jpg 768w, https:\/\/intuitivewisdom.ch\/wp-content\/uploads\/2024\/09\/Heads-5-12x12.jpg 12w, https:\/\/intuitivewisdom.ch\/wp-content\/uploads\/2024\/09\/Heads-5.jpg 1080w\" sizes=\"auto, (max-width: 1024px) 100vw, 1024px\" \/><\/a><figcaption class=\"wp-element-caption\"><a href=\"https:\/\/www.ondamare-tantra.ch\/ueber-mich\" data-type=\"link\" data-id=\"https:\/\/www.ondamare-tantra.ch\/ueber-mich\">Jasmin<\/a><\/figcaption><\/figure>\n\n\n\n<figure class=\"wp-block-image size-large\"><a href=\"https:\/\/intuitivewisdom.ch\/de\/tinka\/\"><img loading=\"lazy\" decoding=\"async\" width=\"1024\" height=\"1024\" data-id=\"2266\" src=\"https:\/\/intuitivewisdom.ch\/wp-content\/uploads\/2023\/12\/Heads-5-1024x1024.png\" alt=\"\" class=\"wp-image-2266\" srcset=\"https:\/\/intuitivewisdom.ch\/wp-content\/uploads\/2023\/12\/Heads-5-1024x1024.png 1024w, https:\/\/intuitivewisdom.ch\/wp-content\/uploads\/2023\/12\/Heads-5-300x300.png 300w, https:\/\/intuitivewisdom.ch\/wp-content\/uploads\/2023\/12\/Heads-5-150x150.png 150w, https:\/\/intuitivewisdom.ch\/wp-content\/uploads\/2023\/12\/Heads-5-768x768.png 768w, https:\/\/intuitivewisdom.ch\/wp-content\/uploads\/2023\/12\/Heads-5-12x12.png 12w, https:\/\/intuitivewisdom.ch\/wp-content\/uploads\/2023\/12\/Heads-5.png 1080w\" sizes=\"auto, (max-width: 1024px) 100vw, 1024px\" \/><\/a><figcaption class=\"wp-element-caption\"><a href=\"https:\/\/intuitivewisdom.ch\/de\/tinka\/\" data-type=\"page\" data-id=\"3376\">Tinka<\/a><\/figcaption><\/figure>\n<\/figure>\n<\/div>\n<\/div>\n\n\n\n<hr class=\"wp-block-separator has-alpha-channel-opacity\"\/>\n\n\n\n<p class=\"has-text-align-center has-large-font-size\"><strong>TEMPLE NIGHTS<\/strong><\/p>\n\n\n\n<p class=\"has-text-align-center\">Steffisburg BE &#8211; Chur GR<\/p>\n\n\n\n<div class=\"wp-block-media-text is-stacked-on-mobile\"><figure class=\"wp-block-media-text__media\"><a href=\"https:\/\/intuitivewisdom.ch\/de\/temple-nights\/\"><img loading=\"lazy\" decoding=\"async\" width=\"1024\" height=\"1024\" src=\"https:\/\/intuitivewisdom.ch\/wp-content\/uploads\/2023\/12\/2-1024x1024.jpg\" alt=\"\" class=\"wp-image-2282 size-full\" srcset=\"https:\/\/intuitivewisdom.ch\/wp-content\/uploads\/2023\/12\/2-1024x1024.jpg 1024w, https:\/\/intuitivewisdom.ch\/wp-content\/uploads\/2023\/12\/2-300x300.jpg 300w, https:\/\/intuitivewisdom.ch\/wp-content\/uploads\/2023\/12\/2-150x150.jpg 150w, https:\/\/intuitivewisdom.ch\/wp-content\/uploads\/2023\/12\/2-768x768.jpg 768w, https:\/\/intuitivewisdom.ch\/wp-content\/uploads\/2023\/12\/2-12x12.jpg 12w, https:\/\/intuitivewisdom.ch\/wp-content\/uploads\/2023\/12\/2.jpg 1080w\" sizes=\"auto, (max-width: 1024px) 100vw, 1024px\" \/><\/a><\/figure><div class=\"wp-block-media-text__content\">\n<p>Unsere regelm\u00e4ssigen&nbsp;<a href=\"https:\/\/intuitivewisdom.ch\/de\/temple-nights\/\">Temple Nights<\/a>&nbsp;Sie sind ein mutiger und sicherer Raum, um Deine Sexualit\u00e4t durch verschiedene \u00dcbungen und in Gruppensettings zu erleben, zu erkunden und zu erforschen. Hier kannst Du in Dein eigenes souver\u00e4nes, authentisches sexuelles Wesen eintauchen und daraus in der Lage sein, einvernehmlich mit anderen in Verbindung zu treten.<\/p>\n<\/div><\/div>\n\n\n\n<hr class=\"wp-block-separator has-alpha-channel-opacity\"\/>\n\n\n\n<p class=\"has-text-align-center has-large-font-size\"><strong>RETREATS &amp; TRAININGS<\/strong><\/p>\n\n\n\n<figure class=\"wp-block-gallery has-nested-images columns-default is-cropped wp-block-gallery-3 is-layout-flex wp-block-gallery-is-layout-flex\">\n<figure class=\"wp-block-image size-large\"><img loading=\"lazy\" decoding=\"async\" width=\"1024\" height=\"1024\" data-id=\"3541\" src=\"https:\/\/intuitivewisdom.ch\/wp-content\/uploads\/2024\/12\/IMG_0257-1024x1024.png\" alt=\"\" class=\"wp-image-3541\" srcset=\"https:\/\/intuitivewisdom.ch\/wp-content\/uploads\/2024\/12\/IMG_0257-1024x1024.png 1024w, https:\/\/intuitivewisdom.ch\/wp-content\/uploads\/2024\/12\/IMG_0257-300x300.png 300w, https:\/\/intuitivewisdom.ch\/wp-content\/uploads\/2024\/12\/IMG_0257-150x150.png 150w, https:\/\/intuitivewisdom.ch\/wp-content\/uploads\/2024\/12\/IMG_0257-768x768.png 768w, https:\/\/intuitivewisdom.ch\/wp-content\/uploads\/2024\/12\/IMG_0257-12x12.png 12w, https:\/\/intuitivewisdom.ch\/wp-content\/uploads\/2024\/12\/IMG_0257.png 1080w\" sizes=\"auto, (max-width: 1024px) 100vw, 1024px\" \/><figcaption class=\"wp-element-caption\">NAKED<\/figcaption><\/figure>\n\n\n\n<figure class=\"wp-block-image size-large\"><img loading=\"lazy\" decoding=\"async\" width=\"1024\" height=\"1024\" data-id=\"2587\" src=\"https:\/\/intuitivewisdom.ch\/wp-content\/uploads\/2024\/04\/SlowSexOrgy-Flyers-1024x1024.png\" alt=\"\" class=\"wp-image-2587\" srcset=\"https:\/\/intuitivewisdom.ch\/wp-content\/uploads\/2024\/04\/SlowSexOrgy-Flyers-1024x1024.png 1024w, https:\/\/intuitivewisdom.ch\/wp-content\/uploads\/2024\/04\/SlowSexOrgy-Flyers-300x300.png 300w, https:\/\/intuitivewisdom.ch\/wp-content\/uploads\/2024\/04\/SlowSexOrgy-Flyers-150x150.png 150w, https:\/\/intuitivewisdom.ch\/wp-content\/uploads\/2024\/04\/SlowSexOrgy-Flyers-768x768.png 768w, https:\/\/intuitivewisdom.ch\/wp-content\/uploads\/2024\/04\/SlowSexOrgy-Flyers-12x12.png 12w, https:\/\/intuitivewisdom.ch\/wp-content\/uploads\/2024\/04\/SlowSexOrgy-Flyers.png 1080w\" sizes=\"auto, (max-width: 1024px) 100vw, 1024px\" \/><figcaption class=\"wp-element-caption\"><a href=\"https:\/\/intuitivewisdom.ch\/de\/slow-sex-retreat-for-couples\/\" data-type=\"page\" data-id=\"2995\">SLOW SEX<\/a><\/figcaption><\/figure>\n\n\n\n<figure class=\"wp-block-image size-large\"><a href=\"https:\/\/intuitivewisdom.ch\/de\/temple-basics-training\/\"><img loading=\"lazy\" decoding=\"async\" width=\"1024\" height=\"1024\" data-id=\"3665\" src=\"https:\/\/intuitivewisdom.ch\/wp-content\/uploads\/2025\/01\/IMG_0351-1024x1024.png\" alt=\"\" class=\"wp-image-3665\" srcset=\"https:\/\/intuitivewisdom.ch\/wp-content\/uploads\/2025\/01\/IMG_0351-1024x1024.png 1024w, https:\/\/intuitivewisdom.ch\/wp-content\/uploads\/2025\/01\/IMG_0351-300x300.png 300w, https:\/\/intuitivewisdom.ch\/wp-content\/uploads\/2025\/01\/IMG_0351-150x150.png 150w, https:\/\/intuitivewisdom.ch\/wp-content\/uploads\/2025\/01\/IMG_0351-768x768.png 768w, https:\/\/intuitivewisdom.ch\/wp-content\/uploads\/2025\/01\/IMG_0351-12x12.png 12w, https:\/\/intuitivewisdom.ch\/wp-content\/uploads\/2025\/01\/IMG_0351.png 1080w\" sizes=\"auto, (max-width: 1024px) 100vw, 1024px\" \/><\/a><figcaption class=\"wp-element-caption\"><a href=\"https:\/\/intuitivewisdom.ch\/de\/temple-basics-training\/\" data-type=\"page\" data-id=\"2607\">TEMPLE TRAINING<\/a><\/figcaption><\/figure>\n<\/figure>\n\n\n\n<p>Do you want to go deeper and experience a longer container of learning, processing, researching and building new skills . In our different Trainings and Retreats you can explore your being within different focuses.<\/p>\n\n\n\n<hr class=\"wp-block-separator has-alpha-channel-opacity\"\/>\n\n\n\n<p class=\"has-text-align-center has-large-font-size\"><strong>ONLINE CONTENT<\/strong><\/p>\n\n\n\n<p>Der&nbsp;<a href=\"https:\/\/intuitivewisdom.ch\/de\/rbdsmaf-talk-for-conscious-relating\/\" target=\"_blank\" rel=\"noreferrer noopener\">RBDSMAF-Talk<\/a>ein Werkzeug vom&nbsp;<a href=\"https:\/\/ista.life\/\" target=\"_blank\" rel=\"noreferrer noopener\">ISTA<\/a>&nbsp;Training, is a powerful questionnaire to start a clear, consensual and respectful interaction or relationship.<\/p>\n\n\n\n<p>Our&nbsp;<a href=\"https:\/\/www.youtube.com\/playlist?list=PLN15d2boT001lyrdqb0esw7hPsLmu_nlc\" target=\"_blank\" rel=\"noreferrer noopener\">TEMPLE ARTS<\/a>&nbsp;interview serie on youtube gives you a deeper understanding of what Temples are about.<\/p>\n\n\n\n<p>Der&nbsp;<a href=\"https:\/\/bettymartin.org\/videos\/\" target=\"_blank\" rel=\"noreferrer noopener\">WHEEL OF CONSENT<\/a>&nbsp;from Betty Martin is a clear and holistic approach to defining a consensual interaction and giving easy steps to learn embodied consent in interaction, touch and play.<\/p>\n\n\n\n<p><a href=\"https:\/\/intuitivewisdom.ch\/de\/aspecting\/\" target=\"_blank\" rel=\"noreferrer noopener\">ASPECTING<\/a>&nbsp;is a shamanic ritual to process inner stuck-ness. The aim of the ritual exercises is to foster self-contact, activate your life force and expand your consciousness.<\/p>\n\n\n\n<p>Here we have a&nbsp;<a href=\"https:\/\/intuitivewisdom.ch\/de\/books-recommendation\/\" target=\"_blank\" rel=\"noreferrer noopener\">list of books<\/a>&nbsp;we recommend, around the topics of conscious sexuality, love and relationships, shamanism and spirituality.<\/p>\n\n\n\n<p>A University of Texas study published August 2007 displayes the \u2018<a href=\"https:\/\/intuitivewisdom.ch\/de\/237-reasons-to-have-sex\/\" target=\"_blank\" rel=\"noreferrer noopener\">237 Reasons to Have Sex<\/a>\u2018. Maybe this might support you in understanding your own desires and motives.<\/p>","protected":false},"excerpt":{"rendered":"<p>ZURICH &#8211; SWITZERLAND &#8211; ELSEWHERE NEXT EVENTS: \ud83d\udd25&nbsp;APRIL\u2022 15.\u201319.04. |&nbsp;NAKED&nbsp;| Schloss Glarisegg (Community &amp; Sexuality)\u2022 25.04. |&nbsp;TEMPLE NIGHT&nbsp;| Steffisburg (Neugier &amp; Eros)\u2022 28.04. |&nbsp;CONNECT&nbsp;| Z\u00fcrich (Abendworkshop) \ud83c\udf3f&nbsp;MAI\u2022 09.\u201310.05. |&nbsp;SOMATIC INTIMACY LAB&nbsp;| Z\u00fcrich (Modul 1: Resonate + Regulate) \ud83c\udf38&nbsp;JUNI\u2022 06.06. |&nbsp;TEMPLE NIGHT&nbsp;| Steffisburg (Yoniverse)\u2022 08.06. |&nbsp;PUSSY LIBERATION&nbsp;| Online (Start: 12-Wochen Selfpleasure Frauen-Training)\u2022 23.06. |&nbsp;CONNECT&nbsp;| Z\u00fcrich (Abendworkshop) [&hellip;]<\/p>\n","protected":false},"author":2,"featured_media":0,"parent":0,"menu_order":0,"comment_status":"closed","ping_status":"closed","template":"","meta":{"footnotes":""},"class_list":["post-173","page","type-page","status-publish","hentry"],"_links":{"self":[{"href":"https:\/\/intuitivewisdom.ch\/de\/wp-json\/wp\/v2\/pages\/173","targetHints":{"allow":["GET"]}}],"collection":[{"href":"https:\/\/intuitivewisdom.ch\/de\/wp-json\/wp\/v2\/pages"}],"about":[{"href":"https:\/\/intuitivewisdom.ch\/de\/wp-json\/wp\/v2\/types\/page"}],"author":[{"embeddable":true,"href":"https:\/\/intuitivewisdom.ch\/de\/wp-json\/wp\/v2\/users\/2"}],"replies":[{"embeddable":true,"href":"https:\/\/intuitivewisdom.ch\/de\/wp-json\/wp\/v2\/comments?post=173"}],"version-history":[{"count":85,"href":"https:\/\/intuitivewisdom.ch\/de\/wp-json\/wp\/v2\/pages\/173\/revisions"}],"predecessor-version":[{"id":4728,"href":"https:\/\/intuitivewisdom.ch\/de\/wp-json\/wp\/v2\/pages\/173\/revisions\/4728"}],"wp:attachment":[{"href":"https:\/\/intuitivewisdom.ch\/de\/wp-json\/wp\/v2\/media?parent=173"}],"curies":[{"name":"wp","href":"https:\/\/api.w.org\/{rel}","templated":true}]}}