{"id":1604,"date":"2023-07-12T10:48:08","date_gmt":"2023-07-12T10:48:08","guid":{"rendered":"https:\/\/intuitivewisdom.ch\/?page_id=1604"},"modified":"2024-01-06T08:58:31","modified_gmt":"2024-01-06T08:58:31","slug":"yoni-temples","status":"publish","type":"page","link":"https:\/\/intuitivewisdom.ch\/de\/yoni-temples\/","title":{"rendered":"YONI TEMPLES"},"content":{"rendered":"<figure class=\"wp-block-image size-large\"><img loading=\"lazy\" decoding=\"async\" width=\"1024\" height=\"576\" src=\"https:\/\/intuitivewisdom.ch\/wp-content\/uploads\/2023\/12\/YONI-TEMPLES-2-1024x576.jpg\" alt=\"\" class=\"wp-image-2199\" srcset=\"https:\/\/intuitivewisdom.ch\/wp-content\/uploads\/2023\/12\/YONI-TEMPLES-2-1024x576.jpg 1024w, https:\/\/intuitivewisdom.ch\/wp-content\/uploads\/2023\/12\/YONI-TEMPLES-2-300x169.jpg 300w, https:\/\/intuitivewisdom.ch\/wp-content\/uploads\/2023\/12\/YONI-TEMPLES-2-768x432.jpg 768w, https:\/\/intuitivewisdom.ch\/wp-content\/uploads\/2023\/12\/YONI-TEMPLES-2-1536x864.jpg 1536w, https:\/\/intuitivewisdom.ch\/wp-content\/uploads\/2023\/12\/YONI-TEMPLES-2-18x10.jpg 18w, https:\/\/intuitivewisdom.ch\/wp-content\/uploads\/2023\/12\/YONI-TEMPLES-2.jpg 1920w\" sizes=\"auto, (max-width: 1024px) 100vw, 1024px\" \/><\/figure>\n\n\n\n<p class=\"has-text-align-center\">Let&#8217;s celebrate<br>female sensuality and sexuality together!<\/p>\n\n\n\n<p class=\"has-text-align-left\">Tapping into the power of female vibrancy beyond collective misconceptions. <strong>Listening deeply to our elemental and diversely unique expression of the feminine.<\/strong> Its power to expand, contain pure aliveness and surrender. Provide eternal wisdom. Embody fierce destruction. Drop into gentle beauty. Celebrate emotional flow. Cyclically breath with the world. Hold space for the mystery.<\/p>\n\n\n\n<p class=\"has-text-align-center\">What is female embodiment for you?<\/p>\n\n\n\n<p>In our Yoni Temple we open a sacred space to deeply listening to yourself while encountering each other. <strong>Authentically. Sensually. Sexually.<\/strong> Gathering the wisdom and medicine of breath, touch, self-authority, safety, intimacy. In the knowing that within every encounter we have the possibility to land a new piece within our selfs.<\/p>\n\n\n\n<p class=\"has-text-align-center\">Gathering female soul wisdom, how do we vibrate together?<\/p>\n\n\n\n<figure class=\"wp-block-image size-large\"><img loading=\"lazy\" decoding=\"async\" width=\"920\" height=\"1024\" src=\"https:\/\/intuitivewisdom.ch\/wp-content\/uploads\/2023\/06\/Screen-Shot-2023-06-29-at-10.18.51-copy-920x1024.jpg\" alt=\"\" class=\"wp-image-1606\" srcset=\"https:\/\/intuitivewisdom.ch\/wp-content\/uploads\/2023\/06\/Screen-Shot-2023-06-29-at-10.18.51-copy-920x1024.jpg 920w, https:\/\/intuitivewisdom.ch\/wp-content\/uploads\/2023\/06\/Screen-Shot-2023-06-29-at-10.18.51-copy-270x300.jpg 270w, https:\/\/intuitivewisdom.ch\/wp-content\/uploads\/2023\/06\/Screen-Shot-2023-06-29-at-10.18.51-copy-768x855.jpg 768w, https:\/\/intuitivewisdom.ch\/wp-content\/uploads\/2023\/06\/Screen-Shot-2023-06-29-at-10.18.51-copy-1380x1536.jpg 1380w, https:\/\/intuitivewisdom.ch\/wp-content\/uploads\/2023\/06\/Screen-Shot-2023-06-29-at-10.18.51-copy-11x12.jpg 11w, https:\/\/intuitivewisdom.ch\/wp-content\/uploads\/2023\/06\/Screen-Shot-2023-06-29-at-10.18.51-copy.jpg 1614w\" sizes=\"auto, (max-width: 920px) 100vw, 920px\" \/><\/figure>\n\n\n\n<p class=\"has-text-align-center\"><em><strong>This is a female space only:<br><\/strong>for beings in biologically female or intersexual bodies,<br>or beings who generally identify or express themselves as women.<\/em><\/p>\n\n\n\n<hr class=\"wp-block-separator has-alpha-channel-opacity\"\/>\n\n\n\n<p>The TEMPLE is our shared space to free ourselves from fear, shame and loneliness, and to explore&nbsp;<strong>freie Begegnungen<\/strong>zu erkunden. Gemeinsam kreieren wir einen&nbsp;<strong>verbunden und co-kreativen Raum<\/strong>&nbsp;wo wir mitteilen k\u00f6nnen&nbsp;<strong>was wir wirklich wollen<\/strong>. Instead of hiding our real pleasures in our private spaces \u2013 or not living them at all \u2013 we dare to share these human needs with each other.<\/p>\n\n\n\n<p>Hier ist ein Raum f\u00fcr&nbsp;<strong>Lebendigkeit<\/strong>,&nbsp;<strong>Wohlbefinden<\/strong>,<strong>&nbsp;Spiel<\/strong>,&nbsp;<strong>VIELFALT<\/strong>&nbsp;und&nbsp;<strong>Neugier<\/strong>, wo du sein kannst, wie du sein m\u00f6chtest. Hier kannst du:<\/p>\n\n\n\n<ul class=\"wp-block-list\">\n<li>deinen schamlosen Impulsen folgen;<\/li>\n\n\n\n<li>wild, intensiv, oder radikal kinky sein;<\/li>\n\n\n\n<li>tiefenentspannt, kuschelig, oder in Stille sein;<\/li>\n\n\n\n<li>dein mysteri\u00f6ses, unkonventionelles Selbst enth\u00fcllen;<\/li>\n\n\n\n<li>tiefe emotionale Intimit\u00e4t ausdr\u00fccken;<\/li>\n\n\n\n<li>dich in langsamem, sinnlichen Erforschen aufl\u00f6sen.<\/li>\n<\/ul>\n\n\n\n<p>Wir ermutigen dich, dein ganzes authentisches, lebendiges Sein in unseren Tempel einzubringen. Erlebe die Freude, zu entdecken, dass alles von dir  Willkommen ist.<\/p>\n\n\n\n<p>Der Tempel basiert auf&nbsp;<strong>AUTHENTIZIT\u00c4T<\/strong>. Verlasse die Muster vom oberfl\u00e4chlichen Auftreten oder Verstecken, wer du wirklich bist, und tauche ein in authentisches Verbinden. Kommuniziere direkt, aus dem Kern des Herzens. Teile dich mit, mit all deinen Aspekten, die du magst, und auch denen, welche du vielleicht nicht magst (und die andere eventuell ber\u00fchrend finden).<\/p>\n\n\n\n<p>Was ist gerade jetzt lebendig in dir? Wie dr\u00fcckst du Verlangen aus? Was sind deine Grenzen?&nbsp;<strong>Wie genau m\u00f6chtest du Intimit\u00e4t erleben?<\/strong><\/p>\n\n\n\n<p>Wir feiern&nbsp;<strong>INTIMIT\u00c4T<\/strong>&nbsp;und&nbsp;<strong>VERBINDUNG<\/strong>. Verbunden sein mit dir selbst, und in Verbindung sein mit anderen. Intimit\u00e4t entsteht, wenn du dich echt zeigst, mit dem was in dir lebendig ist, und wenn du voll und authentisch&nbsp;<strong>pr\u00e4sent<\/strong>&nbsp;bist mit deinem Gegen\u00fcber. Verbindung entsteht, wenn du hinhorchst mit voller Aufmerksamkeit, echtes Mitgef\u00fchl zum Ausdruck bringst und dir selbst sowie deinem Gegen\u00fcber gleichwertig Raum gibst.<\/p>\n\n\n\n<p>Durch die Einladung zu authentischer Verbindung und Intimit\u00e4t erlernen wir Konzepte von&nbsp;<strong>KONSENS<\/strong>&nbsp;und&nbsp;<strong>K\u00d6RPERINTELLIGENZ<\/strong>. Wie kreieren wir Erlebnisse, in welchen alle Beteiligten ein&nbsp;<strong>volles Ja<\/strong>? And what does our body tell us about what we want: what kind of touch, what kind of exploration, what kind of connection? What do our different intelligence centres \u2013&nbsp;<strong>unser Verstand, Herz, Bauch, Geschlecht<\/strong>&nbsp;\u2013 say? How&nbsp;<strong>langsam<\/strong>&nbsp;d\u00fcrfen wir werden, damit in Verbindung bleiben und keine unserer Aspekte oder Stimmen \u00fcbergangen werden, von uns selbst oder unseren Gegen\u00fcbern.<\/p>\n\n\n\n<p>Die Grundlage unserer Tempelkultur ist der volle und uneingeschr\u00e4nkte Respekt vor pers\u00f6nlichen&nbsp;<strong>GRENZEN<\/strong>. Each of us has the unquestioned right \u2013 at any time and for any reason \u2013 to say&nbsp;<strong>Nein<\/strong>&nbsp;when something doesn\u2019t feel right, and to have our no respected:&nbsp;<strong>\u2018When I hear your no, I can trust your yes\u2019<\/strong>. Receiving a no and not taking it personally, but as a celebration of self responsibility and honesty that creates safety and builds trust: \u2018Thank you for your no; I appreciate your honesty and self care.\u2019<\/p>\n\n\n\n<p>Der Tempel ist wie das echte&nbsp;<strong>Leben.<\/strong>&nbsp;Es spiegelt die raue Komplexit\u00e4t menschlichen Begegnen wieder. Es gibt&nbsp;<strong>keine Garantie<\/strong>&nbsp;that you wouldn\u2019t have experiences where you\u2019d feel rejected or where somebody might overstep your boundaries.<\/p>\n\n\n\n<p>We provide a \u2018<strong>sicheren Raum<\/strong>\u2018 because we are invested in your learning to navigate your own insecurities and gain success \u2013 and for that, we provide a setting where&nbsp;<strong>Scheitern erlaubt ist<\/strong>. Quite certainly at some point the safety providing mechanisms inside you will get hurt. Let\u2019s grow beyond those mechanisms into your own true authentic intimacy. We do not try to eliminate potential dangers, but invite you to&nbsp;<strong>Drachen zu tanzen<\/strong>&nbsp;. Was brauchst du, um die Mauern zu durchbrechen, welche sonst unber\u00fchrt und stehen bleiben w\u00fcrden?<\/p>\n\n\n\n<p>Wir laden sich also ein zu einem&nbsp;<strong>MUTIGEN RAUM<\/strong>. Wir ermutigen dich, deine Komfort Zone zu verlassen und \u00fcber das hinaus zu gehen, was du bereits weisst.&nbsp;<strong>Probiere neues aus<\/strong>. Begebe dich in unsichere Gew\u00e4sser, wo du eventuell Ablehnung erfahren k\u00f6nntest, oder deinen Grenzen zus\u00e4tzlichen Nachdruck verleihen musst. Bewege dich ausserhalb deiner gewohnten Attraktionsmustern. Gehe vielleicht auf Menschen zu, welche in dir Unsicherheit oder Abneigung ausl\u00f6sen. Dr\u00fccke deine W\u00fcnsche aus, und wenn du dir Konsens abgeholt hast, bringe deine ungelebten Fantasien in Aktion, spiele mit Dominanz und Submission, tanze mit deinen inneren J\u00e4ger- und Beutequalit\u00e4ten. Verk\u00f6rpere unterschiedliche Archetypen oder erforsche Verhaltensweisen, mit welchen du dich bis jetzt noch nicht identifiziert hast. Experimentiere, sammle Daten aus deinen Erfahrungen<strong>,&nbsp;<\/strong>collect data from your experiences, stay open, learn.<\/p>\n\n\n\n<p>Und&nbsp;<strong>INTEGRIERE<\/strong>&nbsp;die Situationen, Emotionen, Empfindungen und Fragen, welche mit der Eroberung neuen Landes einhergehen. Bleibe pr\u00e4sent,&nbsp;<strong>ATME<\/strong>, f\u00fchle, kommuniziere. Wir werden w\u00e4hrend des Workshops, im Abschlusskreis und nach der Veranstaltung in unserem&nbsp;<strong>Integrations-Zoomcall<\/strong>, M\u00f6glichkeiten zum Verarbeiten haben. Au\u00dferdem wird es ein Team von&nbsp;<strong>Angels<\/strong>&nbsp;(Assistent*innen) geben, die dich in eventuellen Fragen und Unsicherheiten, Konsens Angelegenheiten, blockierten oder \u00fcberw\u00e4ltigenden Gef\u00fchlen unterst\u00fctzen.<\/p>\n\n\n\n<p>Es ist uns wichtig darauf hinzuweisen, dass obwohl der Tempel ein breites Spektrum an Magie und Heilung bietet, hier&nbsp;<strong>nicht ein Raum f\u00fcr Trauma Therapie<\/strong>ist. Wenn du mit einer Vorgeschichte sexueller oder intimer Traumata kommst, sei es als Opfer oder T\u00e4ter, ist es wichtig vor der Registrierung ein Gespr\u00e4ch mit uns f\u00fchren, um reinzuf\u00fchlen ob\/ wie  wir gemeinsam deine stimmige Teilnahme co-kreieren k\u00f6nnen. Sollte w\u00e4hrend der Veranstaltung ein unbekanntes Trauma ausgel\u00f6st werden, bitten wir dich auch nach dem Tempel  mit uns im Kontakt zu bleiben, damit wir gemeinsam eine geeignete therapeutische L\u00f6sung finden k\u00f6nnen.<\/p>\n\n\n\n<p><strong>F\u00fchlst du dein Ruf?<\/strong>&nbsp;In our regular \u201cTemple Nights\u201d in Winterthur ZH and Steffisburg BE you can experience, explore &amp; experiment your sexuality within our diverse group body.<\/p>\n\n\n\n<p><strong>DAS PROGRAMM<\/strong><\/p>\n\n\n\n<p><strong>14 Uhr Stilles Ankommen .<\/strong>&nbsp;We\u2019ll welcome your arrival with smudge and other surprises. You\u2019ll have a whole hour to arrive. Soft music will support you to feel yourself in our space. We\u2019ll speak only as necessary.<\/p>\n\n\n\n<p><strong>15 Uhr Workshop .<\/strong>&nbsp;We\u2019ll lead you into our common journey by offering exercises to activate your body, to connect and get to know each other, and develop trust in the whole group. Together we\u2019ll establish our culture of awareness and consensual interaction. Gather experiences around touch, boundaries and play. And review our agreements.<\/p>\n\n\n\n<p><strong>19 Uhr Dinner .<\/strong>&nbsp;With everyones contribution a variety of bodily nourishments will be provided. We heartily invite you to share our sensual, aphrodisiac buffet in a feeding way. Be creative \ud83d\ude09<\/p>\n\n\n\n<p><strong>20 Uhr Tempel .<\/strong>&nbsp;Now we are ready to enter into the temple, a room of following your pleasures and potentials. Through open-hearted connections with others, you may explore and nourish your essence. We\u2019ll have a variety of islands for nonsexual cuddling, sensual touch, erotic sexual, kinky play, quiet retreat, dance, doktor spiele, exploratory play around food, creativity, and other activities as we may create together. The islands are invitations to try out new activities, and they provide a common ground to more easily go into new connections. You are responsible to choose and navigate those connections and shared activities.<\/p>\n\n\n\n<p><strong>23 Uhr Free Flow .<\/strong>&nbsp;The facilitated temple ends with a sharing circle. You don\u2019t need to go home immediately afterwards though. In the free flow. you may continue with where you still have curiosity and energy. Find closure in your own time. The temple space is available until 1 am.<\/p>\n\n\n\n<p><strong>\u00dcbernachtung .<\/strong>&nbsp;Meisst besteht die M\u00f6glichkeit, am Veranstaltungsort zu \u00fcbernachten. Bei der Registration kannst du dich daf\u00fcr anmelden und wir informieren dich dar\u00fcber, ob das stattfinden wird.<\/p>\n\n\n\n<p><strong>Integrations Call .<\/strong>&nbsp;We will have an online integration call together. Save the date. We share our experiences,&nbsp;reflect on them and give room to receive each other. This space is highly recommended to integrate the depth of what happened, by giving it words and being witnessed with whatever we are holding. Come with your success storey as well as your heavy feelings. The Zoom link will be provided in an email after the event.<\/p>\n\n\n\n<p>Bitte beachte:<\/p>\n\n\n\n<ul class=\"wp-block-list\">\n<li>Bringe etwas sinnliches oder aphrodisierendes f\u00fcr unser Dinner Buffet.<\/li>\n\n\n\n<li>Nimm Kleider mit, in denen du dich sexy und wohl f\u00fchlst.<\/li>\n\n\n\n<li>Diese Veranstaltung wird in Deutsch moderiert, mit englischer \u00dcbersetzung falls erforderlich.<\/li>\n\n\n\n<li>Wir werden max. 40 Teilnehmende sein. (oft zwischen 20 und 30)<\/li>\n\n\n\n<li>Wir haben Angels (Assistent*innen), welche dich bei emotionalen Prozessen begleiten und mit dir Konsens Angelegenheiten kl\u00e4ren. Sie sprechen entweder Deutsch oder Englisch.<\/li>\n\n\n\n<li>F\u00fcr die Teilnahme am Tempel ist es essentiell, dass du unsere gemeinsamen Richtlinien verstehst und ihnen zustimmst (siehe Anmeldeformular).<\/li>\n<\/ul>\n\n\n\n<p>Here you can register for the Event:<\/p>\n\n\n\n<p><a href=\"https:\/\/forms.gle\/NdVsKZ8f3aSFj5vCA\" data-type=\"link\" data-id=\"https:\/\/forms.gle\/NdVsKZ8f3aSFj5vCA\">Sa 6. April 2024<\/a>\u00a0\u2013 open slots<\/p>","protected":false},"excerpt":{"rendered":"<p>Let&#8217;s celebratefemale sensuality and sexuality together! Tapping into the power of female vibrancy beyond collective misconceptions. Listening deeply to our elemental and diversely unique expression of the feminine. Its power to expand, contain pure aliveness and surrender. Provide eternal wisdom. Embody fierce destruction. Drop into gentle beauty. Celebrate emotional flow. Cyclically breath with the world. [&hellip;]<\/p>\n","protected":false},"author":1,"featured_media":0,"parent":0,"menu_order":0,"comment_status":"closed","ping_status":"closed","template":"","meta":{"footnotes":""},"class_list":["post-1604","page","type-page","status-publish","hentry"],"_links":{"self":[{"href":"https:\/\/intuitivewisdom.ch\/de\/wp-json\/wp\/v2\/pages\/1604","targetHints":{"allow":["GET"]}}],"collection":[{"href":"https:\/\/intuitivewisdom.ch\/de\/wp-json\/wp\/v2\/pages"}],"about":[{"href":"https:\/\/intuitivewisdom.ch\/de\/wp-json\/wp\/v2\/types\/page"}],"author":[{"embeddable":true,"href":"https:\/\/intuitivewisdom.ch\/de\/wp-json\/wp\/v2\/users\/1"}],"replies":[{"embeddable":true,"href":"https:\/\/intuitivewisdom.ch\/de\/wp-json\/wp\/v2\/comments?post=1604"}],"version-history":[{"count":9,"href":"https:\/\/intuitivewisdom.ch\/de\/wp-json\/wp\/v2\/pages\/1604\/revisions"}],"predecessor-version":[{"id":2416,"href":"https:\/\/intuitivewisdom.ch\/de\/wp-json\/wp\/v2\/pages\/1604\/revisions\/2416"}],"wp:attachment":[{"href":"https:\/\/intuitivewisdom.ch\/de\/wp-json\/wp\/v2\/media?parent=1604"}],"curies":[{"name":"wp","href":"https:\/\/api.w.org\/{rel}","templated":true}]}}