{"id":1452,"date":"2023-04-10T08:00:58","date_gmt":"2023-04-10T08:00:58","guid":{"rendered":"https:\/\/intuitivewisdom.ch\/?page_id=1452"},"modified":"2024-11-11T10:18:00","modified_gmt":"2024-11-11T10:18:00","slug":"community-temple","status":"publish","type":"page","link":"https:\/\/intuitivewisdom.ch\/de\/community-temple\/","title":{"rendered":"COMMUNITY TEMPLE"},"content":{"rendered":"<figure class=\"wp-block-image size-large\"><img loading=\"lazy\" decoding=\"async\" width=\"1024\" height=\"683\" src=\"https:\/\/intuitivewisdom.ch\/wp-content\/uploads\/2023\/04\/tim-marshall-cAtzHUz7Z8g-unsplash-1024x683.jpg\" alt=\"\" class=\"wp-image-1466\" srcset=\"https:\/\/intuitivewisdom.ch\/wp-content\/uploads\/2023\/04\/tim-marshall-cAtzHUz7Z8g-unsplash-1024x683.jpg 1024w, https:\/\/intuitivewisdom.ch\/wp-content\/uploads\/2023\/04\/tim-marshall-cAtzHUz7Z8g-unsplash-300x200.jpg 300w, https:\/\/intuitivewisdom.ch\/wp-content\/uploads\/2023\/04\/tim-marshall-cAtzHUz7Z8g-unsplash-768x512.jpg 768w, https:\/\/intuitivewisdom.ch\/wp-content\/uploads\/2023\/04\/tim-marshall-cAtzHUz7Z8g-unsplash-1536x1024.jpg 1536w, https:\/\/intuitivewisdom.ch\/wp-content\/uploads\/2023\/04\/tim-marshall-cAtzHUz7Z8g-unsplash-2048x1365.jpg 2048w, https:\/\/intuitivewisdom.ch\/wp-content\/uploads\/2023\/04\/tim-marshall-cAtzHUz7Z8g-unsplash-18x12.jpg 18w\" sizes=\"auto, (max-width: 1024px) 100vw, 1024px\" \/><\/figure>\n\n\n\n<div class=\"wp-block-columns is-layout-flex wp-container-core-columns-is-layout-9d6595d7 wp-block-columns-is-layout-flex\">\n<div class=\"wp-block-column is-layout-flow wp-block-column-is-layout-flow\" style=\"flex-basis:33.33%\">\n<p>Our next dates:<\/p>\n<\/div>\n\n\n\n<div class=\"wp-block-column is-layout-flow wp-block-column-is-layout-flow\" style=\"flex-basis:66.66%\">\n<div class=\"wp-block-buttons is-layout-flex wp-block-buttons-is-layout-flex\">\n<div class=\"wp-block-button is-style-outline is-style-outline--1\"><a class=\"wp-block-button__link wp-element-button\">to be announced &#8230;<\/a><\/div>\n<\/div>\n<\/div>\n<\/div>\n\n\n\n<p class=\"has-text-align-center\">This is a space to research and experience<br>COMMUNITY, SEXUALITY &amp; SHADOW WORK.<\/p>\n\n\n\n<p class=\"has-text-align-center\">WELCOME HOME<\/p>\n\n\n\n<p>In unserer Gesellschaft ist Liebe, K\u00f6rperlichkeit und Lust Privatsache und ein Tabu Thema &#8211; ein Ort an dem wir uns nicht in einer gemeinsam gehaltenen Kultur teilen, besprechen, verstehen und erleben.<\/p>\n\n\n\n<p>Die Community Temples sind ein Ort in welcher dieses Tabu wieder in einen kommunal gehaltenen Raum integriert werden kann. In welcher Intimit\u00e4t, N\u00e4he, K\u00f6rperlichkeit und Sexualit\u00e4t eine entspannte Nat\u00fcrlichkeit erhalten k\u00f6nnen. Hier k\u00f6nnen wir neue Beziehungsqualit\u00e4ten und gemeinschaftsbildende Begegnungsformen lernen und weiterentwickeln, welchen einen Boden f\u00fcr ein ganzheitlicheres Miteinander schaffen kann. In unserem Urgrund sind wir Gemeinschaftswesen. Und an diesem Ort, wo Gemeinschaft eigentlich f\u00fcr uns eine gute, n\u00e4hrende und tragende Erfahrung sein sollte, sind oft mehrere Schichten von Verletzungen in uns gespeichert. Liebe, Eros und auch spirituelle Themen, wie Tod, Gott, Mystik, etc, d\u00fcrfen in unserem inneren Erleben und als Gemeinschaftserfahrung wieder einen stimmigeren und heilen Platz erhalten.<\/p>\n\n\n\n<p>Hier in den Community Temples kannst du neue Erfahrungen zum Thema Communal Intimacy machen, dich tragen lassen von einem Feld von nat\u00fcrlich gehaltenen Begegnung, Sinnlichkeit und Sexualit\u00e4t. Und du bist aufgefordert, deine inneren Themen und Verletzungen zum Thema Gemeinschaft und Sexualit\u00e4t zu Begegnen und diese in diesem gehaltenen Rahmen zu bewegen, diese in deine Integration und Heilung zu bringen.<\/p>\n\n\n\n<hr class=\"wp-block-separator has-alpha-channel-opacity\"\/>\n\n\n\n<p class=\"has-text-align-center has-large-font-size\">THEMEN<\/p>\n\n\n\n<p>SELBSTKONTAKT, SELBSTLIEBE, SELF CARE. Die erste Begegnung, welche du im Tempel hast, die die mit dir selbst. Wir suchen oft Erf\u00fcllung und Befriedigung im Aussen, mit anderen, und vergessen dabei, dass wenn wir nicht gut mit uns selbst verbunden sind, uns wahrnehmen und emotional halten k\u00f6nnen mit unserer inneren Erfahrungswelt, und uns selbst auch Ber\u00fchrung, Liebe und kreative Erfahrungsr\u00e4ume schenken k\u00f6nnen &#8211; dass unsere Sehns\u00fcchte in Begegnung oft nicht in der eigenen Tiefe ankommen k\u00f6nnen, in welcher wir uns dies w\u00fcnschen. <\/p>\n\n\n\n<p>Wir starten mit einem SELF LOVE &amp; SELF CARE Ritual, in welchem du eingeladen bist, dir selbst zu begegnen, dir selbst zu horchen, dir ein offenes Ohr, Ber\u00fchrungen und Bewegungen zu schenken, so wie sie dir gerade gut tun, vielleicht innere R\u00e4ume in Fluss bringen, vielleicht innere \u00c4ngste und \u00dcberforderungen halten oder inneren Freuden mehr Raum f\u00fcr Ausdruck geben.<\/p>\n\n\n\n<hr class=\"wp-block-separator has-alpha-channel-opacity\"\/>\n\n\n\n<p>EIGENE GRENZEN UND BED\u00dcRFNISSE VERTIEFT KENNEN LERNEN UND VERK\u00d6RPERN. In jeder Begegnung (mit uns selbst oder mit anderen) k\u00f6nnen wir uns besser kennen lernen. Was mag ich? Was nicht? Was m\u00f6chte ich gerne erleben? Wie m\u00f6chte ich etwas gerne erleben? Was m\u00f6chte ich auf keinen Fall erleben? UND GANZ WICHTIG: Kann ich dar\u00fcber reden? Kann ich mich selbst genau sp\u00fcren, meine Grenzen und W\u00fcnsche? Getraue ich mich, diese zu kommunizieren?bUnd kann ich diese so formulieren, dass mein Gegen\u00fcber diese h\u00f6rt und versteht?<\/p>\n\n\n\n<p>In der Forschung der eigenen W\u00fcnsche und Grenzen, bez\u00fcglich K\u00f6rperlichkeit, Intimit\u00e4t und Kinky oder sexuellen Erfahrungsr\u00e4umen gibt es eine Vielzahl an spannenden Dynamiken, in welchen wir uns wiederfinden k\u00f6nnen. Oft haben Aussagen wie: \u201aIch habe keine Grenzen\u2018 oder \u201aIch habe keine W\u00fcnsche oder Erwartungen\u2019 damit zu tun, uns selbst als nicht ganz ernst oder wertvoll zu empfinden oder nicht abgelehnt werden zu wollen. Daher ist ein wichtiger Ort, den wir in uns und in Begegnung mit anderen zur\u00fcckerobern d\u00fcrfen \u201adas Genau sein\u2018. GENAU WAHRNEHMEN: Was m\u00f6chte ich wirklich erleben? MUTIG SEIN: Kann ich meine W\u00fcnsche und Sehns\u00fcchte in der Gruppe und im Kontakt mit Einzelnen formulieren, auch wenn diese eventuell nicht auf Resonanz stossen? SICHERHEIT SCHAFFEN: Welche Grenzen muss mein Gegen\u00fcber respektieren, damit ich mich sicher f\u00fchle oder die Erfahrung, welche ich haben m\u00f6chte funktioniert?<\/p>\n\n\n\n<p><em>Was m\u00f6chte ich erleben? Was sind meine W\u00fcnsche, Sehns\u00fcchte, Bed\u00fcrfnisse im Kontakt mit anderen\/ mit mir selbst? Was m\u00f6chte ich auf keinen Fall erleben? Welche Grenzen m\u00fcssen respektiert werden, damit ich mich sicher f\u00fchle? Wann kann ich meine Grenzen und Bed\u00fcrfnisse entspannt besprechen? Und unter welchen Umst\u00e4nden f\u00e4llt es mir schwer meine Grenzen und Bed\u00fcrfnisse wahrzunehmen oder klar zu formulieren?<\/em><\/p>\n\n\n\n<hr class=\"wp-block-separator has-alpha-channel-opacity\"\/>\n\n\n\n<p>W\u00dcNSCHE KLAR FORMULIEREN.<\/p>\n\n\n\n<hr class=\"wp-block-separator has-alpha-channel-opacity\"\/>\n\n\n\n<p>LANGSAMKEIT UND ATTUNEMENT. In der Langsamkeit k\u00f6nnen wir uns und unsere Gegen\u00fcber tiefer wahrnehmen. Inne halten, gemeinsam tief atmen, r\u00fcckfragen, innere Erfahrungsr\u00e4ume benennen, Unstimmigkeiten wahrnehmen, Pr\u00e4senz \u00fcben mit dem was gerade ist, Aktionsimpulse erstmal besprechen. Wir wollen hier Erfahrungsr\u00e4ume gestalten, in welchen wir immer wieder einchecken mit uns selbst: bin ich noch da? Ist diese Erfahrung noch stimmig f\u00fcr mich, so wie sie ist? Ist mein Gegen\u00fcber noch da? Findet die Interaktion, in welcher ich mich gerade befinde in einer echten Verbindung und im Konsens mit allen Beteiligten statt?<\/p>\n\n\n\n<hr class=\"wp-block-separator has-alpha-channel-opacity\"\/>\n\n\n\n<p>INNEREN VERLETZUNGEN UND VERLETZLICHKEITEN BEGEGNEN. <\/p>\n\n\n\n<hr class=\"wp-block-separator has-alpha-channel-opacity\"\/>\n\n\n\n<p>COMMUNAL INTIMACY. Wenn wir einen Raum mit Menschen betreten, entscheiden wir unbewusst innerhalb von ein paar Sekunden, wer in der Gruppe f\u00fcr uns \u201aFriend, Fuck or Foe\u2018 ist: wenn wir gut als Freund haben k\u00f6nnen, mit wem wir gut sexuell werden k\u00f6nnen oder wen wir auf Distanz halten werden. Diese unterbewussten Schubladisierungen sind Projektionen, welche wir aus fr\u00fcheren f\u00fcr uns guten und unguten Erfahrungen mitnehmen, und den gerade erst kennengelernten Menschen kategorisch zuschreiben. <em>\u2026 a Temple is like a Pilgrimage back to Love \u2026<\/em> Hier im Community Temple begegnen wir diesen inneren Automatismen und Projektionen auf andere, bef\u00fchlen und besp\u00fchren unsere inneren Welten in Begegnung mit den Menschen in der Gruppe und erforschen kreative Begegnungs- und Beziehungserfahrungen mit allen. <\/p>\n\n\n\n<p>VON SCHAM ZU VERBINDUNG. <\/p>\n\n\n\n<hr class=\"wp-block-separator has-alpha-channel-opacity\"\/>\n\n\n\n<p>RITUAL: INTENTION, ERFAHRUNG, INTEGRATION. <\/p>\n\n\n\n<p>KONDITIONIERUNGEN VERLASSEN. <\/p>\n\n\n\n<p>NACKT SEIN, KINK UND KREATIVE SEXUALIT\u00c4T. <\/p>\n\n\n\n<p class=\"has-text-align-center has-large-font-size\">ABLAUF \/ PROGRAMM<\/p>\n\n\n\n<div class=\"wp-block-columns is-layout-flex wp-container-core-columns-is-layout-9d6595d7 wp-block-columns-is-layout-flex\">\n<div class=\"wp-block-column is-layout-flow wp-block-column-is-layout-flow\">\n<p class=\"has-text-align-center\">JA, ICH BIN HIER RICHTIG!<\/p>\n\n\n\n<div class=\"wp-block-buttons is-content-justification-center is-layout-flex wp-container-core-buttons-is-layout-16018d1d wp-block-buttons-is-layout-flex\">\n<div class=\"wp-block-button\"><a class=\"wp-block-button__link wp-element-button\">ANMELDUNG<\/a><\/div>\n<\/div>\n<\/div>\n\n\n\n<div class=\"wp-block-column is-layout-flow wp-block-column-is-layout-flow\">\n<p>HMMM, ICH BIN MIR NICHT SICHER, OB DIES DER RICHTIGE KONTEXT IST F\u00dcR MICH &#8230;<\/p>\n\n\n\n<div class=\"wp-block-buttons is-content-justification-center is-layout-flex wp-container-core-buttons-is-layout-16018d1d wp-block-buttons-is-layout-flex\">\n<div class=\"wp-block-button\"><a class=\"wp-block-button__link wp-element-button\">GESPR\u00c4CH BUCHEN<\/a><\/div>\n<\/div>\n<\/div>\n<\/div>\n\n\n\n<p class=\"has-text-align-center\"><\/p>\n\n\n\n<div class=\"wp-block-columns is-layout-flex wp-container-core-columns-is-layout-9d6595d7 wp-block-columns-is-layout-flex\">\n<div class=\"wp-block-column is-layout-flow wp-block-column-is-layout-flow\">\n<figure class=\"wp-block-image size-large\"><img loading=\"lazy\" decoding=\"async\" width=\"1024\" height=\"1024\" src=\"https:\/\/intuitivewisdom.ch\/wp-content\/uploads\/2023\/12\/Heads-4-1024x1024.png\" alt=\"\" class=\"wp-image-2265\" srcset=\"https:\/\/intuitivewisdom.ch\/wp-content\/uploads\/2023\/12\/Heads-4-1024x1024.png 1024w, https:\/\/intuitivewisdom.ch\/wp-content\/uploads\/2023\/12\/Heads-4-300x300.png 300w, https:\/\/intuitivewisdom.ch\/wp-content\/uploads\/2023\/12\/Heads-4-150x150.png 150w, https:\/\/intuitivewisdom.ch\/wp-content\/uploads\/2023\/12\/Heads-4-768x768.png 768w, https:\/\/intuitivewisdom.ch\/wp-content\/uploads\/2023\/12\/Heads-4-12x12.png 12w, https:\/\/intuitivewisdom.ch\/wp-content\/uploads\/2023\/12\/Heads-4.png 1080w\" sizes=\"auto, (max-width: 1024px) 100vw, 1024px\" \/><figcaption class=\"wp-element-caption\">Mich\u00e8le<\/figcaption><\/figure>\n<\/div>\n\n\n\n<div class=\"wp-block-column is-layout-flow wp-block-column-is-layout-flow\"><\/div>\n<\/div>","protected":false},"excerpt":{"rendered":"<p>Our next dates: This is a space to research and experienceCOMMUNITY, SEXUALITY &amp; SHADOW WORK. WELCOME HOME In unserer Gesellschaft ist Liebe, K\u00f6rperlichkeit und Lust Privatsache und ein Tabu Thema &#8211; ein Ort an dem wir uns nicht in einer gemeinsam gehaltenen Kultur teilen, besprechen, verstehen und erleben. Die Community Temples sind ein Ort in [&hellip;]<\/p>\n","protected":false},"author":1,"featured_media":0,"parent":0,"menu_order":0,"comment_status":"closed","ping_status":"closed","template":"","meta":{"footnotes":""},"class_list":["post-1452","page","type-page","status-publish","hentry"],"_links":{"self":[{"href":"https:\/\/intuitivewisdom.ch\/de\/wp-json\/wp\/v2\/pages\/1452","targetHints":{"allow":["GET"]}}],"collection":[{"href":"https:\/\/intuitivewisdom.ch\/de\/wp-json\/wp\/v2\/pages"}],"about":[{"href":"https:\/\/intuitivewisdom.ch\/de\/wp-json\/wp\/v2\/types\/page"}],"author":[{"embeddable":true,"href":"https:\/\/intuitivewisdom.ch\/de\/wp-json\/wp\/v2\/users\/1"}],"replies":[{"embeddable":true,"href":"https:\/\/intuitivewisdom.ch\/de\/wp-json\/wp\/v2\/comments?post=1452"}],"version-history":[{"count":13,"href":"https:\/\/intuitivewisdom.ch\/de\/wp-json\/wp\/v2\/pages\/1452\/revisions"}],"predecessor-version":[{"id":3423,"href":"https:\/\/intuitivewisdom.ch\/de\/wp-json\/wp\/v2\/pages\/1452\/revisions\/3423"}],"wp:attachment":[{"href":"https:\/\/intuitivewisdom.ch\/de\/wp-json\/wp\/v2\/media?parent=1452"}],"curies":[{"name":"wp","href":"https:\/\/api.w.org\/{rel}","templated":true}]}}