{"id":103,"date":"2022-02-02T07:32:06","date_gmt":"2022-02-02T07:32:06","guid":{"rendered":"https:\/\/intuitivewisdom.ch\/?page_id=103"},"modified":"2026-03-31T05:46:02","modified_gmt":"2026-03-31T05:46:02","slug":"michele-brand","status":"publish","type":"page","link":"https:\/\/intuitivewisdom.ch\/de\/michele-brand\/","title":{"rendered":"Mich\u00e8le Brand"},"content":{"rendered":"<figure class=\"wp-block-gallery has-nested-images columns-default is-cropped wp-block-gallery-1 is-layout-flex wp-block-gallery-is-layout-flex\">\n<figure class=\"wp-block-image size-large\"><img loading=\"lazy\" decoding=\"async\" width=\"683\" height=\"1024\" data-id=\"3432\" src=\"https:\/\/intuitivewisdom.ch\/wp-content\/uploads\/2024\/11\/IMG_0205-683x1024.jpeg\" alt=\"\" class=\"wp-image-3432\" srcset=\"https:\/\/intuitivewisdom.ch\/wp-content\/uploads\/2024\/11\/IMG_0205-683x1024.jpeg 683w, https:\/\/intuitivewisdom.ch\/wp-content\/uploads\/2024\/11\/IMG_0205-200x300.jpeg 200w, https:\/\/intuitivewisdom.ch\/wp-content\/uploads\/2024\/11\/IMG_0205-768x1152.jpeg 768w, https:\/\/intuitivewisdom.ch\/wp-content\/uploads\/2024\/11\/IMG_0205-1024x1536.jpeg 1024w, https:\/\/intuitivewisdom.ch\/wp-content\/uploads\/2024\/11\/IMG_0205-1366x2048.jpeg 1366w, https:\/\/intuitivewisdom.ch\/wp-content\/uploads\/2024\/11\/IMG_0205-8x12.jpeg 8w, https:\/\/intuitivewisdom.ch\/wp-content\/uploads\/2024\/11\/IMG_0205-scaled.jpeg 1707w\" sizes=\"auto, (max-width: 683px) 100vw, 683px\" \/><\/figure>\n<\/figure>\n\n\n\n<p class=\"has-text-align-center\"><em>\u201cWe are only beginning to understand the immense power of love and aliveness we are able to embody.\u201d<\/em><\/p>\n\n\n\n<ul class=\"wp-block-social-links is-content-justification-center is-layout-flex wp-container-core-social-links-is-layout-16018d1d wp-block-social-links-is-layout-flex\"><li class=\"wp-social-link wp-social-link-facebook  wp-block-social-link\"><a rel=\"https:\/\/www.facebook.com\/profile.php?id=61573484594013\" href=\"https:\/\/www.facebook.com\/profile.php?id=61573484594013\" class=\"wp-block-social-link-anchor\"><svg width=\"24\" height=\"24\" viewbox=\"0 0 24 24\" version=\"1.1\" xmlns=\"http:\/\/www.w3.org\/2000\/svg\" aria-hidden=\"true\" focusable=\"false\"><path d=\"M12 2C6.5 2 2 6.5 2 12c0 5 3.7 9.1 8.4 9.9v-7H7.9V12h2.5V9.8c0-2.5 1.5-3.9 3.8-3.9 1.1 0 2.2.2 2.2.2v2.5h-1.3c-1.2 0-1.6.8-1.6 1.6V12h2.8l-.4 2.9h-2.3v7C18.3 21.1 22 17 22 12c0-5.5-4.5-10-10-10z\"><\/path><\/svg><span class=\"wp-block-social-link-label screen-reader-text\">Facebook<\/span><\/a><\/li>\n\n<li class=\"wp-social-link wp-social-link-instagram  wp-block-social-link\"><a href=\"https:\/\/www.instagram.com\/michele.brand.31\/profilecard\/?igsh=enJkdzA2cDFnZTho\" class=\"wp-block-social-link-anchor\"><svg width=\"24\" height=\"24\" viewbox=\"0 0 24 24\" version=\"1.1\" xmlns=\"http:\/\/www.w3.org\/2000\/svg\" aria-hidden=\"true\" focusable=\"false\"><path d=\"M12,4.622c2.403,0,2.688,0.009,3.637,0.052c0.877,0.04,1.354,0.187,1.671,0.31c0.42,0.163,0.72,0.358,1.035,0.673 c0.315,0.315,0.51,0.615,0.673,1.035c0.123,0.317,0.27,0.794,0.31,1.671c0.043,0.949,0.052,1.234,0.052,3.637 s-0.009,2.688-0.052,3.637c-0.04,0.877-0.187,1.354-0.31,1.671c-0.163,0.42-0.358,0.72-0.673,1.035 c-0.315,0.315-0.615,0.51-1.035,0.673c-0.317,0.123-0.794,0.27-1.671,0.31c-0.949,0.043-1.233,0.052-3.637,0.052 s-2.688-0.009-3.637-0.052c-0.877-0.04-1.354-0.187-1.671-0.31c-0.42-0.163-0.72-0.358-1.035-0.673 c-0.315-0.315-0.51-0.615-0.673-1.035c-0.123-0.317-0.27-0.794-0.31-1.671C4.631,14.688,4.622,14.403,4.622,12 s0.009-2.688,0.052-3.637c0.04-0.877,0.187-1.354,0.31-1.671c0.163-0.42,0.358-0.72,0.673-1.035 c0.315-0.315,0.615-0.51,1.035-0.673c0.317-0.123,0.794-0.27,1.671-0.31C9.312,4.631,9.597,4.622,12,4.622 M12,3 C9.556,3,9.249,3.01,8.289,3.054C7.331,3.098,6.677,3.25,6.105,3.472C5.513,3.702,5.011,4.01,4.511,4.511 c-0.5,0.5-0.808,1.002-1.038,1.594C3.25,6.677,3.098,7.331,3.054,8.289C3.01,9.249,3,9.556,3,12c0,2.444,0.01,2.751,0.054,3.711 c0.044,0.958,0.196,1.612,0.418,2.185c0.23,0.592,0.538,1.094,1.038,1.594c0.5,0.5,1.002,0.808,1.594,1.038 c0.572,0.222,1.227,0.375,2.185,0.418C9.249,20.99,9.556,21,12,21s2.751-0.01,3.711-0.054c0.958-0.044,1.612-0.196,2.185-0.418 c0.592-0.23,1.094-0.538,1.594-1.038c0.5-0.5,0.808-1.002,1.038-1.594c0.222-0.572,0.375-1.227,0.418-2.185 C20.99,14.751,21,14.444,21,12s-0.01-2.751-0.054-3.711c-0.044-0.958-0.196-1.612-0.418-2.185c-0.23-0.592-0.538-1.094-1.038-1.594 c-0.5-0.5-1.002-0.808-1.594-1.038c-0.572-0.222-1.227-0.375-2.185-0.418C14.751,3.01,14.444,3,12,3L12,3z M12,7.378 c-2.552,0-4.622,2.069-4.622,4.622S9.448,16.622,12,16.622s4.622-2.069,4.622-4.622S14.552,7.378,12,7.378z M12,15 c-1.657,0-3-1.343-3-3s1.343-3,3-3s3,1.343,3,3S13.657,15,12,15z M16.804,6.116c-0.596,0-1.08,0.484-1.08,1.08 s0.484,1.08,1.08,1.08c0.596,0,1.08-0.484,1.08-1.08S17.401,6.116,16.804,6.116z\"><\/path><\/svg><span class=\"wp-block-social-link-label screen-reader-text\">Instagram<\/span><\/a><\/li><\/ul>\n\n\n\n<p class=\"has-text-align-center\">** Meine neue Webseite **<br><a href=\"http:\/\/michele-brand.ch\" data-type=\"link\" data-id=\"michele-brand.ch\" target=\"_blank\" rel=\"noreferrer noopener\"><strong>www. <\/strong><\/a><strong><a href=\"http:\/\/michele-brand.ch\" data-type=\"link\" data-id=\"michele-brand.ch\" target=\"_blank\" rel=\"noreferrer noopener\">michele-brand.ch<\/a><\/strong><\/p>\n\n\n\n<div class=\"wp-block-columns is-layout-flex wp-container-core-columns-is-layout-9d6595d7 wp-block-columns-is-layout-flex\">\n<div class=\"wp-block-column is-layout-flow wp-block-column-is-layout-flow\" style=\"flex-basis:33.33%\">\n<p class=\"has-text-align-right\">Trauma-sensitiv<br>Somatisch<br>Konsens-basiert<\/p>\n<\/div>\n\n\n\n<div class=\"wp-block-column is-layout-flow wp-block-column-is-layout-flow\" style=\"flex-basis:66.66%\">\n<p>Ich bin fasziniert von der Kraft der Begegnung, Intimit\u00e4t und Sexualit\u00e4t und m\u00f6chte meine Energie in ein Neudenken, Neuf\u00fchlen und Neuhandeln stecken.<\/p>\n\n\n\n<p>Daf\u00fcr leite und begleite ich tiefgehende Transformationsreisen in&nbsp;<strong><a href=\"https:\/\/michele-brand.ch\/events-seminare\/\">Gruppenkontexten<\/a><\/strong>&nbsp;und in meinen&nbsp;<strong><a href=\"https:\/\/michele-brand.ch\/11-sessions\/\">1:1 Bodywork-Sessions<\/a><\/strong>. Mein Fokus liegt dabei darauf, die eigene Selbstliebe zu st\u00e4rken, gesunde Beziehungsstrukturen zu f\u00f6rdern und eine gemeinsam gelebte Kultur der lebendigen, verbundenen Sexualit\u00e4t mitzugestalten.<\/p>\n\n\n\n<p>In meinen Sessions schaffe ich einen sicheren, langsamen und doch mutigen Raum. Dabei nutze ich Methoden aus Tantra und Slow Sex, sowie Ans\u00e4tze aus der somatischen Traumaarbeit, und verschiedenen Konzepten zum Nachn\u00e4hren und Bewegen von&nbsp;<a href=\"https:\/\/michele-brand.ch\/fruhkindliche-erfahrungen-wie-nahe-gelernt-wird\/\">fr\u00fchen Entwicklungsstrukturen<\/a>. So k\u00f6nnen wir gemeinsam die <a href=\"https:\/\/michele-brand.ch\/die-welt-in-unserem-korper\/\" data-type=\"link\" data-id=\"https:\/\/michele-brand.ch\/die-welt-in-unserem-korper\/\">Tabus und Blockaden<\/a> rund um K\u00f6rper, Gef\u00fchle und Sexualit\u00e4t erforschen, um eine Kultur des Respekts und Friedens mitzugestalten.<\/p>\n\n\n\n<p>Meine Arbeit verstehe ich als einen pers\u00f6nlich <strong>aktivistischen Akt<\/strong>. Ich bin davon \u00fcberzeugt, dass unsere K\u00f6rper und Beziehungen ein direkter Spiegel der gesellschaftlichen Umst\u00e4nde sind, in denen wir leben.<\/p>\n<\/div>\n<\/div>\n\n\n\n<div class=\"wp-block-columns is-layout-flex wp-container-core-columns-is-layout-9d6595d7 wp-block-columns-is-layout-flex\">\n<div class=\"wp-block-column is-layout-flow wp-block-column-is-layout-flow\" style=\"flex-basis:33.33%\">\n<p><strong>Einzelsitzungen<\/strong><br>(Z\u00fcrich oder Online)<\/p>\n<\/div>\n\n\n\n<div class=\"wp-block-column is-layout-flow wp-block-column-is-layout-flow\" style=\"flex-basis:66.66%\">\n<p><a href=\"https:\/\/cal.meetergo.com\/michele-brand\/vorgesprach\" data-type=\"link\" data-id=\"https:\/\/cal.meetergo.com\/michele-brand\/vorgesprach\" target=\"_blank\" rel=\"noreferrer noopener\">Free <strong>Kostenloses Kennenlerngespr\u00e4ch<\/strong> Call<\/a> 20mins<\/p>\n\n\n\n<p><a href=\"https:\/\/michele-brand.ch\/11-sessions\/\" data-type=\"link\" data-id=\"https:\/\/michele-brand.ch\/11-sessions\/\" target=\"_blank\" rel=\"noreferrer noopener\"><strong>Sexual Healing Sessions<\/strong><\/a><br>Gespr\u00e4chssitzung, Kuscheln, Tantra Massage, Sexual Expansion, Slow Intimacy, Body De-Armoring<\/p>\n<\/div>\n<\/div>\n\n\n\n<hr class=\"wp-block-separator has-alpha-channel-opacity\"\/>\n\n\n\n<figure class=\"wp-block-gallery has-nested-images columns-default is-cropped wp-block-gallery-2 is-layout-flex wp-block-gallery-is-layout-flex\">\n<figure class=\"wp-block-image size-large\"><img loading=\"lazy\" decoding=\"async\" width=\"683\" height=\"1024\" data-id=\"3436\" src=\"https:\/\/intuitivewisdom.ch\/wp-content\/uploads\/2024\/11\/IMG_0188-683x1024.jpeg\" alt=\"\" class=\"wp-image-3436\" srcset=\"https:\/\/intuitivewisdom.ch\/wp-content\/uploads\/2024\/11\/IMG_0188-683x1024.jpeg 683w, https:\/\/intuitivewisdom.ch\/wp-content\/uploads\/2024\/11\/IMG_0188-200x300.jpeg 200w, https:\/\/intuitivewisdom.ch\/wp-content\/uploads\/2024\/11\/IMG_0188-768x1152.jpeg 768w, https:\/\/intuitivewisdom.ch\/wp-content\/uploads\/2024\/11\/IMG_0188-1024x1536.jpeg 1024w, https:\/\/intuitivewisdom.ch\/wp-content\/uploads\/2024\/11\/IMG_0188-1366x2048.jpeg 1366w, https:\/\/intuitivewisdom.ch\/wp-content\/uploads\/2024\/11\/IMG_0188-8x12.jpeg 8w, https:\/\/intuitivewisdom.ch\/wp-content\/uploads\/2024\/11\/IMG_0188-scaled.jpeg 1707w\" sizes=\"auto, (max-width: 683px) 100vw, 683px\" \/><\/figure>\n\n\n\n<figure class=\"wp-block-image size-large\"><img loading=\"lazy\" decoding=\"async\" width=\"683\" height=\"1024\" data-id=\"3443\" src=\"https:\/\/intuitivewisdom.ch\/wp-content\/uploads\/2024\/11\/IMG_0178-683x1024.jpeg\" alt=\"\" class=\"wp-image-3443\" srcset=\"https:\/\/intuitivewisdom.ch\/wp-content\/uploads\/2024\/11\/IMG_0178-683x1024.jpeg 683w, https:\/\/intuitivewisdom.ch\/wp-content\/uploads\/2024\/11\/IMG_0178-200x300.jpeg 200w, https:\/\/intuitivewisdom.ch\/wp-content\/uploads\/2024\/11\/IMG_0178-768x1152.jpeg 768w, https:\/\/intuitivewisdom.ch\/wp-content\/uploads\/2024\/11\/IMG_0178-1024x1536.jpeg 1024w, https:\/\/intuitivewisdom.ch\/wp-content\/uploads\/2024\/11\/IMG_0178-1366x2048.jpeg 1366w, https:\/\/intuitivewisdom.ch\/wp-content\/uploads\/2024\/11\/IMG_0178-8x12.jpeg 8w, https:\/\/intuitivewisdom.ch\/wp-content\/uploads\/2024\/11\/IMG_0178-scaled.jpeg 1707w\" sizes=\"auto, (max-width: 683px) 100vw, 683px\" \/><\/figure>\n\n\n\n<figure class=\"wp-block-image size-large\"><img loading=\"lazy\" decoding=\"async\" width=\"683\" height=\"1024\" data-id=\"3442\" src=\"https:\/\/intuitivewisdom.ch\/wp-content\/uploads\/2024\/11\/IMG_0190-683x1024.jpeg\" alt=\"\" class=\"wp-image-3442\" srcset=\"https:\/\/intuitivewisdom.ch\/wp-content\/uploads\/2024\/11\/IMG_0190-683x1024.jpeg 683w, https:\/\/intuitivewisdom.ch\/wp-content\/uploads\/2024\/11\/IMG_0190-200x300.jpeg 200w, https:\/\/intuitivewisdom.ch\/wp-content\/uploads\/2024\/11\/IMG_0190-768x1152.jpeg 768w, https:\/\/intuitivewisdom.ch\/wp-content\/uploads\/2024\/11\/IMG_0190-1024x1536.jpeg 1024w, https:\/\/intuitivewisdom.ch\/wp-content\/uploads\/2024\/11\/IMG_0190-1366x2048.jpeg 1366w, https:\/\/intuitivewisdom.ch\/wp-content\/uploads\/2024\/11\/IMG_0190-8x12.jpeg 8w, https:\/\/intuitivewisdom.ch\/wp-content\/uploads\/2024\/11\/IMG_0190-scaled.jpeg 1707w\" sizes=\"auto, (max-width: 683px) 100vw, 683px\" \/><\/figure>\n\n\n\n<figure class=\"wp-block-image size-large\"><img loading=\"lazy\" decoding=\"async\" width=\"1024\" height=\"683\" data-id=\"3437\" src=\"https:\/\/intuitivewisdom.ch\/wp-content\/uploads\/2024\/11\/IMG_0198-1024x683.jpeg\" alt=\"\" class=\"wp-image-3437\" srcset=\"https:\/\/intuitivewisdom.ch\/wp-content\/uploads\/2024\/11\/IMG_0198-1024x683.jpeg 1024w, https:\/\/intuitivewisdom.ch\/wp-content\/uploads\/2024\/11\/IMG_0198-300x200.jpeg 300w, https:\/\/intuitivewisdom.ch\/wp-content\/uploads\/2024\/11\/IMG_0198-768x512.jpeg 768w, https:\/\/intuitivewisdom.ch\/wp-content\/uploads\/2024\/11\/IMG_0198-1536x1024.jpeg 1536w, https:\/\/intuitivewisdom.ch\/wp-content\/uploads\/2024\/11\/IMG_0198-2048x1366.jpeg 2048w, https:\/\/intuitivewisdom.ch\/wp-content\/uploads\/2024\/11\/IMG_0198-18x12.jpeg 18w\" sizes=\"auto, (max-width: 1024px) 100vw, 1024px\" \/><\/figure>\n\n\n\n<figure class=\"wp-block-image size-large\"><img loading=\"lazy\" decoding=\"async\" width=\"1024\" height=\"683\" data-id=\"3438\" src=\"https:\/\/intuitivewisdom.ch\/wp-content\/uploads\/2024\/11\/IMG_0196-1024x683.jpeg\" alt=\"\" class=\"wp-image-3438\" srcset=\"https:\/\/intuitivewisdom.ch\/wp-content\/uploads\/2024\/11\/IMG_0196-1024x683.jpeg 1024w, https:\/\/intuitivewisdom.ch\/wp-content\/uploads\/2024\/11\/IMG_0196-300x200.jpeg 300w, https:\/\/intuitivewisdom.ch\/wp-content\/uploads\/2024\/11\/IMG_0196-768x512.jpeg 768w, https:\/\/intuitivewisdom.ch\/wp-content\/uploads\/2024\/11\/IMG_0196-1536x1024.jpeg 1536w, https:\/\/intuitivewisdom.ch\/wp-content\/uploads\/2024\/11\/IMG_0196-2048x1366.jpeg 2048w, https:\/\/intuitivewisdom.ch\/wp-content\/uploads\/2024\/11\/IMG_0196-18x12.jpeg 18w\" sizes=\"auto, (max-width: 1024px) 100vw, 1024px\" \/><\/figure>\n\n\n\n<figure class=\"wp-block-image size-large\"><img loading=\"lazy\" decoding=\"async\" width=\"1024\" height=\"683\" data-id=\"3439\" src=\"https:\/\/intuitivewisdom.ch\/wp-content\/uploads\/2024\/11\/IMG_0195-1024x683.jpeg\" alt=\"\" class=\"wp-image-3439\" srcset=\"https:\/\/intuitivewisdom.ch\/wp-content\/uploads\/2024\/11\/IMG_0195-1024x683.jpeg 1024w, https:\/\/intuitivewisdom.ch\/wp-content\/uploads\/2024\/11\/IMG_0195-300x200.jpeg 300w, https:\/\/intuitivewisdom.ch\/wp-content\/uploads\/2024\/11\/IMG_0195-768x512.jpeg 768w, https:\/\/intuitivewisdom.ch\/wp-content\/uploads\/2024\/11\/IMG_0195-1536x1024.jpeg 1536w, https:\/\/intuitivewisdom.ch\/wp-content\/uploads\/2024\/11\/IMG_0195-2048x1366.jpeg 2048w, https:\/\/intuitivewisdom.ch\/wp-content\/uploads\/2024\/11\/IMG_0195-18x12.jpeg 18w\" sizes=\"auto, (max-width: 1024px) 100vw, 1024px\" \/><\/figure>\n\n\n\n<figure class=\"wp-block-image size-large\"><img loading=\"lazy\" decoding=\"async\" width=\"683\" height=\"1024\" data-id=\"3440\" src=\"https:\/\/intuitivewisdom.ch\/wp-content\/uploads\/2024\/11\/IMG_0201-683x1024.jpeg\" alt=\"\" class=\"wp-image-3440\" srcset=\"https:\/\/intuitivewisdom.ch\/wp-content\/uploads\/2024\/11\/IMG_0201-683x1024.jpeg 683w, https:\/\/intuitivewisdom.ch\/wp-content\/uploads\/2024\/11\/IMG_0201-200x300.jpeg 200w, https:\/\/intuitivewisdom.ch\/wp-content\/uploads\/2024\/11\/IMG_0201-768x1152.jpeg 768w, https:\/\/intuitivewisdom.ch\/wp-content\/uploads\/2024\/11\/IMG_0201-1024x1536.jpeg 1024w, https:\/\/intuitivewisdom.ch\/wp-content\/uploads\/2024\/11\/IMG_0201-1366x2048.jpeg 1366w, https:\/\/intuitivewisdom.ch\/wp-content\/uploads\/2024\/11\/IMG_0201-8x12.jpeg 8w, https:\/\/intuitivewisdom.ch\/wp-content\/uploads\/2024\/11\/IMG_0201-scaled.jpeg 1707w\" sizes=\"auto, (max-width: 683px) 100vw, 683px\" \/><\/figure>\n\n\n\n<figure class=\"wp-block-image size-large\"><img loading=\"lazy\" decoding=\"async\" width=\"1024\" height=\"909\" data-id=\"3441\" src=\"https:\/\/intuitivewisdom.ch\/wp-content\/uploads\/2024\/11\/IMG_0212-1024x909.jpeg\" alt=\"\" class=\"wp-image-3441\" srcset=\"https:\/\/intuitivewisdom.ch\/wp-content\/uploads\/2024\/11\/IMG_0212-1024x909.jpeg 1024w, https:\/\/intuitivewisdom.ch\/wp-content\/uploads\/2024\/11\/IMG_0212-300x266.jpeg 300w, https:\/\/intuitivewisdom.ch\/wp-content\/uploads\/2024\/11\/IMG_0212-768x682.jpeg 768w, https:\/\/intuitivewisdom.ch\/wp-content\/uploads\/2024\/11\/IMG_0212-1536x1363.jpeg 1536w, https:\/\/intuitivewisdom.ch\/wp-content\/uploads\/2024\/11\/IMG_0212-2048x1818.jpeg 2048w, https:\/\/intuitivewisdom.ch\/wp-content\/uploads\/2024\/11\/IMG_0212-14x12.jpeg 14w\" sizes=\"auto, (max-width: 1024px) 100vw, 1024px\" \/><\/figure>\n<\/figure>\n\n\n\n<p><\/p>\n\n\n\n<div class=\"wp-block-buttons is-content-justification-center is-layout-flex wp-container-core-buttons-is-layout-16018d1d wp-block-buttons-is-layout-flex\">\n<div class=\"wp-block-button is-style-outline is-style-outline--3\"><a class=\"wp-block-button__link wp-element-button\" href=\"https:\/\/michele-brand.ch\/about\/\">michele-brand.ch<\/a><\/div>\n<\/div>\n\n\n\n<p><\/p>","protected":false},"excerpt":{"rendered":"<p>\u201cWe are only beginning to understand the immense power of love and aliveness we are able to embody.\u201d ** Meine neue Webseite **www. michele-brand.ch Trauma-sensitivSomatischKonsens-basiert Ich bin fasziniert von der Kraft der Begegnung, Intimit\u00e4t und Sexualit\u00e4t und m\u00f6chte meine Energie in ein Neudenken, Neuf\u00fchlen und Neuhandeln stecken. Daf\u00fcr leite und begleite ich tiefgehende Transformationsreisen in&nbsp;Gruppenkontexten&nbsp;und [&hellip;]<\/p>\n","protected":false},"author":1,"featured_media":0,"parent":0,"menu_order":0,"comment_status":"closed","ping_status":"closed","template":"","meta":{"footnotes":""},"class_list":["post-103","page","type-page","status-publish","hentry"],"_links":{"self":[{"href":"https:\/\/intuitivewisdom.ch\/de\/wp-json\/wp\/v2\/pages\/103","targetHints":{"allow":["GET"]}}],"collection":[{"href":"https:\/\/intuitivewisdom.ch\/de\/wp-json\/wp\/v2\/pages"}],"about":[{"href":"https:\/\/intuitivewisdom.ch\/de\/wp-json\/wp\/v2\/types\/page"}],"author":[{"embeddable":true,"href":"https:\/\/intuitivewisdom.ch\/de\/wp-json\/wp\/v2\/users\/1"}],"replies":[{"embeddable":true,"href":"https:\/\/intuitivewisdom.ch\/de\/wp-json\/wp\/v2\/comments?post=103"}],"version-history":[{"count":107,"href":"https:\/\/intuitivewisdom.ch\/de\/wp-json\/wp\/v2\/pages\/103\/revisions"}],"predecessor-version":[{"id":4709,"href":"https:\/\/intuitivewisdom.ch\/de\/wp-json\/wp\/v2\/pages\/103\/revisions\/4709"}],"wp:attachment":[{"href":"https:\/\/intuitivewisdom.ch\/de\/wp-json\/wp\/v2\/media?parent=103"}],"curies":[{"name":"wp","href":"https:\/\/api.w.org\/{rel}","templated":true}]}}