{"id":1015,"date":"2022-09-18T08:19:13","date_gmt":"2022-09-18T08:19:13","guid":{"rendered":"https:\/\/intuitivewisdom.ch\/?page_id=1015"},"modified":"2022-09-23T07:38:18","modified_gmt":"2022-09-23T07:38:18","slug":"thetahealing-krankheiten-beschwerden","status":"publish","type":"page","link":"https:\/\/intuitivewisdom.ch\/de\/thetahealing-krankheiten-beschwerden\/","title":{"rendered":"ThetaHealing Krankheiten &amp; Beschwerden"},"content":{"rendered":"<figure class=\"wp-block-image size-large\"><img loading=\"lazy\" decoding=\"async\" width=\"1024\" height=\"576\" src=\"https:\/\/intuitivewisdom.ch\/wp-content\/uploads\/2022\/09\/3-copy-3-1024x576.jpg\" alt=\"\" class=\"wp-image-1016\" srcset=\"https:\/\/intuitivewisdom.ch\/wp-content\/uploads\/2022\/09\/3-copy-3-1024x576.jpg 1024w, https:\/\/intuitivewisdom.ch\/wp-content\/uploads\/2022\/09\/3-copy-3-300x169.jpg 300w, https:\/\/intuitivewisdom.ch\/wp-content\/uploads\/2022\/09\/3-copy-3-768x432.jpg 768w, https:\/\/intuitivewisdom.ch\/wp-content\/uploads\/2022\/09\/3-copy-3-1536x864.jpg 1536w, https:\/\/intuitivewisdom.ch\/wp-content\/uploads\/2022\/09\/3-copy-3-18x10.jpg 18w, https:\/\/intuitivewisdom.ch\/wp-content\/uploads\/2022\/09\/3-copy-3.jpg 1920w\" sizes=\"auto, (max-width: 1024px) 100vw, 1024px\" \/><\/figure>\n\n\n\n<p>Dieses Seminar ist aufbauend auf den ThetaHealing\u00ae Basismodulen (Basis, Aufbau, GrabeTiefer) und dem ThetaHealing\u00ae Intuitive Anatomie Seminar.<\/p>\n\n\n\n<p>Das Buch ThetaHealing\u00ae Krankheiten und Beschwerden wurde 2007 f\u00fcr dieses Seminar mit Erkenntnissen von Vianna Stibal aus \u00fcber 40.000 Readings erstellt.<\/p>\n\n\n\n<p>10 Tage lang arbeitet wir jeden Tag an verschiedenen Limitationen und Blockaden gegen\u00fcber Krankheiten und das Heilen von Krankheiten. Wir besprechen eine breite Palette von Beschwerden, um Einblicke in die k\u00f6rperlichen, geistigen und emotionalen Zusammenh\u00e4nge von Krankheiten zu geben.<\/p>\n\n\n\n<p>Dieses Seminar erkl\u00e4rt ein tieferes Verst\u00e4ndnis der K\u00f6rpersysteme, \u00fcber 100 Krankheiten und Beschwerden, sowie verschiedene Kr\u00e4uter, Mineralien &amp; Theraphieformen. Wir erarbeiten ein tiefgreifendes Verst\u00e4ndnis von Krankheiten aus einer intuitiven Perspektive ergr\u00fcnden verborgene Glaubenssysteme, die wir gegen\u00fcber Krankheiten und das Heilen von Krankheiten haben.<\/p>\n\n\n\n<p>Dieses Seminar unterst\u00fctzt definitiv f\u00fcr den Berufsalltag f\u00fcr Schulmedizin und Alternativmedizin Praktizierende und verfeinert und vertieft das Arbeiten als ThetaHealing Praktizierende.<\/p>\n\n\n\n<div class=\"wp-block-columns is-layout-flex wp-container-core-columns-is-layout-9d6595d7 wp-block-columns-is-layout-flex\">\n<div class=\"wp-block-column is-layout-flow wp-block-column-is-layout-flow\" style=\"flex-basis:33.33%\">\n<p>Ort<\/p>\n<\/div>\n\n\n\n<div class=\"wp-block-column is-layout-flow wp-block-column-is-layout-flow\" style=\"flex-basis:66.66%\">\n<p>Raum f\u00fcr Sein und Werden, Oberwil BL, Schweiz<\/p>\n<\/div>\n<\/div>\n\n\n\n<div class=\"wp-block-columns is-layout-flex wp-container-core-columns-is-layout-9d6595d7 wp-block-columns-is-layout-flex\">\n<div class=\"wp-block-column is-layout-flow wp-block-column-is-layout-flow\" style=\"flex-basis:33.33%\">\n<p>Datum<\/p>\n<\/div>\n\n\n\n<div class=\"wp-block-column is-layout-flow wp-block-column-is-layout-flow\" style=\"flex-basis:66.66%\">\n<p>31. Okt &#8211; 4. Nov &amp; 5. &#8211; 10. Nov 2022<br>09.00 &#8211; 17.00, 1h Mittagspause<\/p>\n<\/div>\n<\/div>\n\n\n\n<div class=\"wp-block-columns is-layout-flex wp-container-core-columns-is-layout-9d6595d7 wp-block-columns-is-layout-flex\">\n<div class=\"wp-block-column is-layout-flow wp-block-column-is-layout-flow\" style=\"flex-basis:33.33%\">\n<p>Seminarkosten<\/p>\n<\/div>\n\n\n\n<div class=\"wp-block-column is-layout-flow wp-block-column-is-layout-flow\" style=\"flex-basis:66.66%\">\n<p>1&#8217;650 CHF inkl. Handbuch, Buch, Zertifikat, Pausensnacks<br>(1&#8217;210\u20ac all inkl. f\u00fcr Menschen, welche nicht in der Schweiz wohnen)<\/p>\n<\/div>\n<\/div>\n\n\n\n<div class=\"wp-block-columns is-layout-flex wp-container-core-columns-is-layout-9d6595d7 wp-block-columns-is-layout-flex\">\n<div class=\"wp-block-column is-layout-flow wp-block-column-is-layout-flow\" style=\"flex-basis:33.33%\">\n<p>Anmeldung<\/p>\n<\/div>\n\n\n\n<div class=\"wp-block-column is-layout-flow wp-block-column-is-layout-flow\" style=\"flex-basis:66.66%\">\n<p>michele.brand (\u00e4t) hotmail.com<\/p>\n<\/div>\n<\/div>\n\n\n\n<div class=\"wp-block-columns is-layout-flex wp-container-core-columns-is-layout-9d6595d7 wp-block-columns-is-layout-flex\">\n<div class=\"wp-block-column is-layout-flow wp-block-column-is-layout-flow\">\n<p>Seminarleitung<\/p>\n<\/div>\n\n\n\n<div class=\"wp-block-column is-layout-flow wp-block-column-is-layout-flow\">\n<figure class=\"wp-block-image size-large\"><a href=\"https:\/\/intuitivewisdom.ch\/de\/michele-brand\/\"><img loading=\"lazy\" decoding=\"async\" width=\"1024\" height=\"1024\" src=\"https:\/\/intuitivewisdom.ch\/wp-content\/uploads\/2022\/09\/1-1024x1024.png\" alt=\"\" class=\"wp-image-880\" srcset=\"https:\/\/intuitivewisdom.ch\/wp-content\/uploads\/2022\/09\/1-1024x1024.png 1024w, https:\/\/intuitivewisdom.ch\/wp-content\/uploads\/2022\/09\/1-300x300.png 300w, https:\/\/intuitivewisdom.ch\/wp-content\/uploads\/2022\/09\/1-150x150.png 150w, https:\/\/intuitivewisdom.ch\/wp-content\/uploads\/2022\/09\/1-768x768.png 768w, https:\/\/intuitivewisdom.ch\/wp-content\/uploads\/2022\/09\/1-12x12.png 12w, https:\/\/intuitivewisdom.ch\/wp-content\/uploads\/2022\/09\/1.png 1080w\" sizes=\"auto, (max-width: 1024px) 100vw, 1024px\" \/><\/a><figcaption><a href=\"https:\/\/intuitivewisdom.ch\/de\/michele-brand\/\" data-type=\"URL\" data-id=\"https:\/\/intuitivewisdom.ch\/michele-brand\/\">Mich\u00e8le Brand<\/a> | ThetaHealing Certificate of Science<\/figcaption><\/figure>\n<\/div>\n\n\n\n<div class=\"wp-block-column is-layout-flow wp-block-column-is-layout-flow\"><\/div>\n<\/div>","protected":false},"excerpt":{"rendered":"<p>Dieses Seminar ist aufbauend auf den ThetaHealing\u00ae Basismodulen (Basis, Aufbau, GrabeTiefer) und dem ThetaHealing\u00ae Intuitive Anatomie Seminar. Das Buch ThetaHealing\u00ae Krankheiten und Beschwerden wurde 2007 f\u00fcr dieses Seminar mit Erkenntnissen von Vianna Stibal aus \u00fcber 40.000 Readings erstellt. 10 Tage lang arbeitet wir jeden Tag an verschiedenen Limitationen und Blockaden gegen\u00fcber Krankheiten und das Heilen [&hellip;]<\/p>\n","protected":false},"author":2,"featured_media":0,"parent":0,"menu_order":0,"comment_status":"closed","ping_status":"closed","template":"","meta":{"footnotes":""},"class_list":["post-1015","page","type-page","status-publish","hentry"],"_links":{"self":[{"href":"https:\/\/intuitivewisdom.ch\/de\/wp-json\/wp\/v2\/pages\/1015","targetHints":{"allow":["GET"]}}],"collection":[{"href":"https:\/\/intuitivewisdom.ch\/de\/wp-json\/wp\/v2\/pages"}],"about":[{"href":"https:\/\/intuitivewisdom.ch\/de\/wp-json\/wp\/v2\/types\/page"}],"author":[{"embeddable":true,"href":"https:\/\/intuitivewisdom.ch\/de\/wp-json\/wp\/v2\/users\/2"}],"replies":[{"embeddable":true,"href":"https:\/\/intuitivewisdom.ch\/de\/wp-json\/wp\/v2\/comments?post=1015"}],"version-history":[{"count":5,"href":"https:\/\/intuitivewisdom.ch\/de\/wp-json\/wp\/v2\/pages\/1015\/revisions"}],"predecessor-version":[{"id":1046,"href":"https:\/\/intuitivewisdom.ch\/de\/wp-json\/wp\/v2\/pages\/1015\/revisions\/1046"}],"wp:attachment":[{"href":"https:\/\/intuitivewisdom.ch\/de\/wp-json\/wp\/v2\/media?parent=1015"}],"curies":[{"name":"wp","href":"https:\/\/api.w.org\/{rel}","templated":true}]}}